{"id":20338,"date":"2020-10-08T11:46:07","date_gmt":"2020-10-08T08:46:07","guid":{"rendered":"https:\/\/perfumessence.eu\/rejestracja-przebiegla-pomyslnie\/"},"modified":"2020-10-08T11:46:07","modified_gmt":"2020-10-08T08:46:07","slug":"rejestracja-przebiegla-pomyslnie","status":"publish","type":"page","link":"https:\/\/perfumessence.eu\/pl\/rejestracja-przebiegla-pomyslnie\/","title":{"rendered":"Rejestracja przebieg\u0142a pomy\u015blnie"},"content":{"rendered":"<p>&nbsp;<\/p>\n<p>Dzi\u0119kujemy za zarejestrowanie si\u0119 jako subskrybent.<\/p>\n<p>Tw\u00f3j adres e-mail. <strong>List potwierdzaj\u0105cy<\/strong> musi dotrze\u0107 do skrzynki pocztowej. Upewnij si\u0119, \u017ce aktywowa\u0142e\u015b link, aby doko\u0144czy\u0107 rejestracj\u0119.<\/p>\n<p>Po dokonaniu pe\u0142nej rejestracji otrzymasz wiadomo\u015b\u0107 e-mail. <strong>Kod rabatowy -15%<\/strong> zostanie dostarczony poczt\u0105. Je\u015bli nie znajdziesz go w g\u0142\u00f3wnej skrzynce odbiorczej, spr\u00f3buj sprawdzi\u0107 sekcj\u0119 &#8222;Reklamy&#8221; lub inne sekcje wiadomo\u015bci e-mail. poczta.<\/p>\n<p>Z powa\u017caniem,<\/p>\n<p>Podawanie esencji perfumeryjnych<\/p>\n","protected":false},"excerpt":{"rendered":"<p>&nbsp; Dzi\u0119kujemy za zarejestrowanie si\u0119 jako subskrybent. Tw\u00f3j adres e-mail. List potwierdzaj\u0105cy musi dotrze\u0107 do skrzynki pocztowej. Upewnij si\u0119, \u017ce [&hellip;]<\/p>\n","protected":false},"author":1,"featured_media":0,"parent":0,"menu_order":0,"comment_status":"closed","ping_status":"closed","template":"","meta":{"site-sidebar-layout":"default","site-content-layout":"default","ast-site-content-layout":"","site-content-style":"default","site-sidebar-style":"default","ast-global-header-display":"","ast-banner-title-visibility":"","ast-main-header-display":"","ast-hfb-above-header-display":"","ast-hfb-below-header-display":"","ast-hfb-mobile-header-display":"","site-post-title":"","ast-breadcrumbs-content":"","ast-featured-img":"","footer-sml-layout":"","theme-transparent-header-meta":"default","adv-header-id-meta":"","stick-header-meta":"default","header-above-stick-meta":"","header-main-stick-meta":"","header-below-stick-meta":"","astra-migrate-meta-layouts":"default","ast-page-background-enabled":"default","ast-page-background-meta":{"desktop":{"background-color":"var(--ast-global-color-4)","background-image":"","background-repeat":"repeat","background-position":"center center","background-size":"auto","background-attachment":"scroll","background-type":"","background-media":"","overlay-type":"","overlay-color":"","overlay-gradient":""},"tablet":{"background-color":"","background-image":"","background-repeat":"repeat","background-position":"center center","background-size":"auto","background-attachment":"scroll","background-type":"","background-media":"","overlay-type":"","overlay-color":"","overlay-gradient":""},"mobile":{"background-color":"","background-image":"","background-repeat":"repeat","background-position":"center center","background-size":"auto","background-attachment":"scroll","background-type":"","background-media":"","overlay-type":"","overlay-color":"","overlay-gradient":""}},"ast-content-background-meta":{"desktop":{"background-color":"var(--ast-global-color-5)","background-image":"","background-repeat":"repeat","background-position":"center center","background-size":"auto","background-attachment":"scroll","background-type":"","background-media":"","overlay-type":"","overlay-color":"","overlay-gradient":""},"tablet":{"background-color":"var(--ast-global-color-5)","background-image":"","background-repeat":"repeat","background-position":"center center","background-size":"auto","background-attachment":"scroll","background-type":"","background-media":"","overlay-type":"","overlay-color":"","overlay-gradient":""},"mobile":{"background-color":"var(--ast-global-color-5)","background-image":"","background-repeat":"repeat","background-position":"center center","background-size":"auto","background-attachment":"scroll","background-type":"","background-media":"","overlay-type":"","overlay-color":"","overlay-gradient":""}},"footnotes":""},"acf":[],"yoast_head":"<!-- This site is optimized with the Yoast SEO plugin v21.7 - https:\/\/yoast.com\/wordpress\/plugins\/seo\/ -->\n<title>Rejestracja przebieg\u0142a pomy\u015blnie - Perfumessence<\/title>\n<meta name=\"robots\" content=\"noindex, follow\" \/>\n<meta property=\"og:locale\" content=\"pl_PL\" \/>\n<meta property=\"og:type\" content=\"article\" \/>\n<meta property=\"og:title\" content=\"Rejestracja przebieg\u0142a pomy\u015blnie - Perfumessence\" \/>\n<meta property=\"og:description\" content=\"&nbsp; Dzi\u0119kujemy za zarejestrowanie si\u0119 jako subskrybent. Tw\u00f3j adres e-mail. List potwierdzaj\u0105cy musi dotrze\u0107 do skrzynki pocztowej. Upewnij si\u0119, \u017ce [&hellip;]\" \/>\n<meta property=\"og:url\" content=\"https:\/\/perfumessence.eu\/pl\/rejestracja-przebiegla-pomyslnie\/\" \/>\n<meta property=\"og:site_name\" content=\"Perfumessence\" \/>\n<meta property=\"article:publisher\" content=\"https:\/\/www.facebook.com\/Parfumerin%c4%97-esencija-424160218027238\/\" \/>\n<meta name=\"twitter:card\" content=\"summary_large_image\" \/>\n<script type=\"application\/ld+json\" class=\"yoast-schema-graph\">{\"@context\":\"https:\/\/schema.org\",\"@graph\":[{\"@type\":\"WebPage\",\"@id\":\"https:\/\/perfumessence.eu\/pl\/rejestracja-przebiegla-pomyslnie\/\",\"url\":\"https:\/\/perfumessence.eu\/pl\/rejestracja-przebiegla-pomyslnie\/\",\"name\":\"Rejestracja przebieg\u0142a pomy\u015blnie - Perfumessence\",\"isPartOf\":{\"@id\":\"https:\/\/perfumessence.eu\/pl\/#website\"},\"datePublished\":\"2020-10-08T08:46:07+00:00\",\"dateModified\":\"2020-10-08T08:46:07+00:00\",\"breadcrumb\":{\"@id\":\"https:\/\/perfumessence.eu\/pl\/rejestracja-przebiegla-pomyslnie\/#breadcrumb\"},\"inLanguage\":\"pl-PL\",\"potentialAction\":[{\"@type\":\"ReadAction\",\"target\":[\"https:\/\/perfumessence.eu\/pl\/rejestracja-przebiegla-pomyslnie\/\"]}]},{\"@type\":\"BreadcrumbList\",\"@id\":\"https:\/\/perfumessence.eu\/pl\/rejestracja-przebiegla-pomyslnie\/#breadcrumb\",\"itemListElement\":[{\"@type\":\"ListItem\",\"position\":1,\"name\":\"Pagrindinis\",\"item\":\"https:\/\/perfumessence.eu\/pl\/\"},{\"@type\":\"ListItem\",\"position\":2,\"name\":\"Rejestracja przebieg\u0142a pomy\u015blnie\"}]},{\"@type\":\"WebSite\",\"@id\":\"https:\/\/perfumessence.eu\/pl\/#website\",\"url\":\"https:\/\/perfumessence.eu\/pl\/\",\"name\":\"Parfumerin\u0117 esencija\",\"description\":\"Perfume Oils and Sprays\",\"publisher\":{\"@id\":\"https:\/\/perfumessence.eu\/pl\/#organization\"},\"potentialAction\":[{\"@type\":\"SearchAction\",\"target\":{\"@type\":\"EntryPoint\",\"urlTemplate\":\"https:\/\/perfumessence.eu\/pl\/?s={search_term_string}\"},\"query-input\":\"required name=search_term_string\"}],\"inLanguage\":\"pl-PL\"},{\"@type\":\"Organization\",\"@id\":\"https:\/\/perfumessence.eu\/pl\/#organization\",\"name\":\"Parfumerin\u0117 esencija\",\"url\":\"https:\/\/perfumessence.eu\/pl\/\",\"logo\":{\"@type\":\"ImageObject\",\"inLanguage\":\"pl-PL\",\"@id\":\"https:\/\/perfumessence.eu\/pl\/#\/schema\/logo\/image\/\",\"url\":\"\",\"contentUrl\":\"\",\"caption\":\"Parfumerin\u0117 esencija\"},\"image\":{\"@id\":\"https:\/\/perfumessence.eu\/pl\/#\/schema\/logo\/image\/\"},\"sameAs\":[\"https:\/\/www.facebook.com\/Parfumerin\u0117-esencija-424160218027238\/\",\"https:\/\/www.youtube.com\/channel\/UC0RI-RLwg1UQwDbAF-7a-MA\"]}]}<\/script>\n<!-- \/ Yoast SEO plugin. -->","yoast_head_json":{"title":"Rejestracja przebieg\u0142a pomy\u015blnie - Perfumessence","robots":{"index":"noindex","follow":"follow"},"og_locale":"pl_PL","og_type":"article","og_title":"Rejestracja przebieg\u0142a pomy\u015blnie - Perfumessence","og_description":"&nbsp; Dzi\u0119kujemy za zarejestrowanie si\u0119 jako subskrybent. Tw\u00f3j adres e-mail. List potwierdzaj\u0105cy musi dotrze\u0107 do skrzynki pocztowej. Upewnij si\u0119, \u017ce [&hellip;]","og_url":"https:\/\/perfumessence.eu\/pl\/rejestracja-przebiegla-pomyslnie\/","og_site_name":"Perfumessence","article_publisher":"https:\/\/www.facebook.com\/Parfumerin%c4%97-esencija-424160218027238\/","twitter_card":"summary_large_image","schema":{"@context":"https:\/\/schema.org","@graph":[{"@type":"WebPage","@id":"https:\/\/perfumessence.eu\/pl\/rejestracja-przebiegla-pomyslnie\/","url":"https:\/\/perfumessence.eu\/pl\/rejestracja-przebiegla-pomyslnie\/","name":"Rejestracja przebieg\u0142a pomy\u015blnie - Perfumessence","isPartOf":{"@id":"https:\/\/perfumessence.eu\/pl\/#website"},"datePublished":"2020-10-08T08:46:07+00:00","dateModified":"2020-10-08T08:46:07+00:00","breadcrumb":{"@id":"https:\/\/perfumessence.eu\/pl\/rejestracja-przebiegla-pomyslnie\/#breadcrumb"},"inLanguage":"pl-PL","potentialAction":[{"@type":"ReadAction","target":["https:\/\/perfumessence.eu\/pl\/rejestracja-przebiegla-pomyslnie\/"]}]},{"@type":"BreadcrumbList","@id":"https:\/\/perfumessence.eu\/pl\/rejestracja-przebiegla-pomyslnie\/#breadcrumb","itemListElement":[{"@type":"ListItem","position":1,"name":"Pagrindinis","item":"https:\/\/perfumessence.eu\/pl\/"},{"@type":"ListItem","position":2,"name":"Rejestracja przebieg\u0142a pomy\u015blnie"}]},{"@type":"WebSite","@id":"https:\/\/perfumessence.eu\/pl\/#website","url":"https:\/\/perfumessence.eu\/pl\/","name":"Parfumerin\u0117 esencija","description":"Perfume Oils and Sprays","publisher":{"@id":"https:\/\/perfumessence.eu\/pl\/#organization"},"potentialAction":[{"@type":"SearchAction","target":{"@type":"EntryPoint","urlTemplate":"https:\/\/perfumessence.eu\/pl\/?s={search_term_string}"},"query-input":"required name=search_term_string"}],"inLanguage":"pl-PL"},{"@type":"Organization","@id":"https:\/\/perfumessence.eu\/pl\/#organization","name":"Parfumerin\u0117 esencija","url":"https:\/\/perfumessence.eu\/pl\/","logo":{"@type":"ImageObject","inLanguage":"pl-PL","@id":"https:\/\/perfumessence.eu\/pl\/#\/schema\/logo\/image\/","url":"","contentUrl":"","caption":"Parfumerin\u0117 esencija"},"image":{"@id":"https:\/\/perfumessence.eu\/pl\/#\/schema\/logo\/image\/"},"sameAs":["https:\/\/www.facebook.com\/Parfumerin\u0117-esencija-424160218027238\/","https:\/\/www.youtube.com\/channel\/UC0RI-RLwg1UQwDbAF-7a-MA"]}]}},"_links":{"self":[{"href":"https:\/\/perfumessence.eu\/pl\/wp-json\/wp\/v2\/pages\/20338"}],"collection":[{"href":"https:\/\/perfumessence.eu\/pl\/wp-json\/wp\/v2\/pages"}],"about":[{"href":"https:\/\/perfumessence.eu\/pl\/wp-json\/wp\/v2\/types\/page"}],"author":[{"embeddable":true,"href":"https:\/\/perfumessence.eu\/pl\/wp-json\/wp\/v2\/users\/1"}],"replies":[{"embeddable":true,"href":"https:\/\/perfumessence.eu\/pl\/wp-json\/wp\/v2\/comments?post=20338"}],"version-history":[{"count":0,"href":"https:\/\/perfumessence.eu\/pl\/wp-json\/wp\/v2\/pages\/20338\/revisions"}],"wp:attachment":[{"href":"https:\/\/perfumessence.eu\/pl\/wp-json\/wp\/v2\/media?parent=20338"}],"curies":[{"name":"wp","href":"https:\/\/api.w.org\/{rel}","templated":true}]}}