{"id":20509,"date":"2018-05-14T08:55:48","date_gmt":"2018-05-14T05:55:48","guid":{"rendered":"https:\/\/perfumessence.eu\/procedura-zwrotu-kosztow\/"},"modified":"2024-02-22T12:16:05","modified_gmt":"2024-02-22T09:16:05","slug":"procedura-zwrotu-kosztow","status":"publish","type":"page","link":"https:\/\/perfumessence.eu\/pl\/procedura-zwrotu-kosztow\/","title":{"rendered":"Procedura zwrotu koszt\u00f3w"},"content":{"rendered":"\t\t<div data-elementor-type=\"wp-page\" data-elementor-id=\"20509\" class=\"elementor elementor-20509 elementor-19458\" data-elementor-post-type=\"page\">\n\t\t\t\t\t\t\t\t\t<section class=\"elementor-section elementor-top-section elementor-element elementor-element-552c7bae elementor-section-content-middle elementor-section-boxed elementor-section-height-default elementor-section-height-default\" data-id=\"552c7bae\" data-element_type=\"section\" data-settings=\"{&quot;background_background&quot;:&quot;gradient&quot;}\">\n\t\t\t\t\t\t\t<div class=\"elementor-background-overlay\"><\/div>\n\t\t\t\t\t\t\t<div class=\"elementor-container elementor-column-gap-default\">\n\t\t\t\t\t<div class=\"elementor-column elementor-col-100 elementor-top-column elementor-element elementor-element-75989ab5\" data-id=\"75989ab5\" data-element_type=\"column\">\n\t\t\t<div class=\"elementor-widget-wrap elementor-element-populated\">\n\t\t\t\t\t\t\t\t<div class=\"elementor-element elementor-element-64a561dc elementor-widget elementor-widget-heading\" data-id=\"64a561dc\" data-element_type=\"widget\" data-widget_type=\"heading.default\">\n\t\t\t\t<div class=\"elementor-widget-container\">\n\t\t\t<h1 class=\"elementor-heading-title elementor-size-default\">Informacje<\/h1>\t\t<\/div>\n\t\t\t\t<\/div>\n\t\t\t\t<div class=\"elementor-element elementor-element-7c2706cf elementor-widget elementor-widget-heading\" data-id=\"7c2706cf\" data-element_type=\"widget\" data-widget_type=\"heading.default\">\n\t\t\t\t<div class=\"elementor-widget-container\">\n\t\t\t<h1 class=\"elementor-heading-title elementor-size-default\">Procedura zwrotu koszt\u00f3w<\/h1>\t\t<\/div>\n\t\t\t\t<\/div>\n\t\t\t\t\t<\/div>\n\t\t<\/div>\n\t\t\t\t\t\t\t<\/div>\n\t\t<\/section>\n\t\t\t\t<section class=\"elementor-section elementor-top-section elementor-element elementor-element-3335a7f elementor-section-boxed elementor-section-height-default elementor-section-height-default\" data-id=\"3335a7f\" data-element_type=\"section\">\n\t\t\t\t\t\t<div class=\"elementor-container elementor-column-gap-default\">\n\t\t\t\t\t<div class=\"elementor-column elementor-col-100 elementor-top-column elementor-element elementor-element-2a95c027\" data-id=\"2a95c027\" data-element_type=\"column\">\n\t\t\t<div class=\"elementor-widget-wrap elementor-element-populated\">\n\t\t\t\t\t\t\t\t<section class=\"elementor-section elementor-inner-section elementor-element elementor-element-39630d2d elementor-section-boxed elementor-section-height-default elementor-section-height-default\" data-id=\"39630d2d\" data-element_type=\"section\">\n\t\t\t\t\t\t<div class=\"elementor-container elementor-column-gap-default\">\n\t\t\t\t\t<div class=\"elementor-column elementor-col-100 elementor-inner-column elementor-element elementor-element-7aa06c25\" data-id=\"7aa06c25\" data-element_type=\"column\">\n\t\t\t<div class=\"elementor-widget-wrap elementor-element-populated\">\n\t\t\t\t\t\t\t\t<div class=\"elementor-element elementor-element-43ed05bb elementor-widget elementor-widget-text-editor\" data-id=\"43ed05bb\" data-element_type=\"widget\" data-widget_type=\"text-editor.default\">\n\t\t\t\t<div class=\"elementor-widget-container\">\n\t\t\t\t\t\t\t<div class=\"elementor-element elementor-element-ba19dd2 elementor-position-left elementor-vertical-align-middle elementor-view-default elementor-widget elementor-widget-icon-box\" data-id=\"ba19dd2\" data-element_type=\"widget\" data-widget_type=\"icon-box.default\">\n<div class=\"elementor-widget-container\">\n<div class=\"elementor-icon-box-wrapper\">\n<div class=\"elementor-icon-box-content\">\n<p class=\"elementor-icon-box-description\"><strong>Ka\u017cdy produkt zakupiony w naszym sklepie internetowym obj\u0119ty jest 14-dniow\u0105 gwarancj\u0105 zwrotu.<\/strong><\/p>\n<\/div>\n<\/div>\n<\/div>\n<\/div>\n<div class=\"elementor-element elementor-element-280e3d1e elementor-widget elementor-widget-text-editor\" data-id=\"280e3d1e\" data-element_type=\"widget\" data-widget_type=\"text-editor.default\">\n<div class=\"elementor-widget-container\">\n<div class=\"elementor-text-editor elementor-clearfix\">\n<h4>Zwrot towar\u00f3w:<\/h4>\n<ul>\n<li>Zwrotu mo\u017cna dokona\u0107 w ci\u0105gu 14 dni kalendarzowych od daty zakupu.<\/li>\n<li>Zwracany produkt musi znajdowa\u0107 si\u0119 w oryginalnym opakowaniu, by\u0107 nieu\u017cywany i zawiera\u0107 wszystkie akcesoria (instrukcje itp.) oraz ewentualne prezenty. Towary nie b\u0119d\u0105 przyjmowane do zwrotu, wymiany lub refundacji, je\u015bli: (a) zosta\u0142y zu\u017cyte (otwarcie opakowania, butelki itp.); (b) zosta\u0142y uszkodzone; (c) ich w\u0142a\u015bciwo\u015bci u\u017cytkowe nie zosta\u0142y zachowane; (d) utraci\u0142 sw\u00f3j wygl\u0105d nadaj\u0105cy si\u0119 do sprzeda\u017cy; (e) oryginalne etykiety zosta\u0142y usuni\u0119te.<\/li>\n<li>Sprzedawca musi zosta\u0107 powiadomiony o odst\u0105pieniu od umowy poczt\u0105 elektroniczn\u0105. poczt\u0105 elektroniczn\u0105 na adres pardavimai@perfumessence.eu lub pisemnie na adres Naujakuri\u0173 g. 7, Marijampol\u0117 68263, Litwa.<\/li>\n<li>Powiadomienia nale\u017cy dokona\u0107 w wyznaczonym terminie (czternastu dni kalendarzowych).<\/li>\n<li>Produkt nale\u017cy zwr\u00f3ci\u0107, wysy\u0142aj\u0105c go na adres Naujakuri\u0173 g. 7, Marijampol\u0117 68263, Litwa. Kupuj\u0105cy musi przes\u0142a\u0107 wraz ze zwracanym towarem pismo informacyjne ( <a href=\"https:\/\/perfumessence.eu\/wp-content\/uploads\/2020\/02\/Prekes_grazinimo_aktas.docx.pdf\">ustawa o zwrocie towar\u00f3w<\/a>), zawieraj\u0105ce: imi\u0119 i nazwisko kupuj\u0105cego oraz numer konta bankowego i nazw\u0119 banku (opcjonalnie: pow\u00f3d zwrotu). W\u0142a\u015bciciel konta musi by\u0107 taki sam jak kupuj\u0105cy. Nadawca (kupuj\u0105cy) jest odpowiedzialny za wszystkie koszty zwi\u0105zane z wysy\u0142k\u0105 towar\u00f3w.<\/li>\n<li>Pieni\u0105dze zostan\u0105 zwr\u00f3cone po zaksi\u0119gowaniu ich na koncie bankowym wskazanym przez klienta. Pieni\u0105dze zostan\u0105 zwr\u00f3cone przelewem bankowym w ci\u0105gu 3 (trzech) dni roboczych od zwrotu towaru.<\/li>\n<li>Opr\u00f3cz powy\u017cszych warunk\u00f3w, zwrot towar\u00f3w podlega <a href=\"https:\/\/perfumessence.eu\/en\/terms-of-service\/\" target=\"_blank\" rel=\"noopener\">Warunkom \u015bwiadczenia us\u0142ug<\/a> (VI. ZWROT TOWAR\u00d3W) i innym przepisom obowi\u0105zuj\u0105cym w Republice Litewskiej.<\/li>\n<\/ul>\n<\/div>\n<\/div>\n<\/div>\n\t\t\t\t\t\t<\/div>\n\t\t\t\t<\/div>\n\t\t\t\t<div class=\"elementor-element elementor-element-777ebf9 elementor-widget-divider--view-line elementor-widget elementor-widget-divider\" data-id=\"777ebf9\" data-element_type=\"widget\" data-widget_type=\"divider.default\">\n\t\t\t\t<div class=\"elementor-widget-container\">\n\t\t\t\t\t<div class=\"elementor-divider\">\n\t\t\t<span class=\"elementor-divider-separator\">\n\t\t\t\t\t\t<\/span>\n\t\t<\/div>\n\t\t\t\t<\/div>\n\t\t\t\t<\/div>\n\t\t\t\t<div class=\"elementor-element elementor-element-f32775f elementor-widget elementor-widget-text-editor\" data-id=\"f32775f\" data-element_type=\"widget\" data-widget_type=\"text-editor.default\">\n\t\t\t\t<div class=\"elementor-widget-container\">\n\t\t\t\t\t\t\t<p><em>Ostatnia aktualizacja w 2023 r. 1 pa\u017adziernika<\/em><\/p>\n\t\t\t\t\t\t<\/div>\n\t\t\t\t<\/div>\n\t\t\t\t\t<\/div>\n\t\t<\/div>\n\t\t\t\t\t\t\t<\/div>\n\t\t<\/section>\n\t\t\t\t\t<\/div>\n\t\t<\/div>\n\t\t\t\t\t\t\t<\/div>\n\t\t<\/section>\n\t\t\t\t\t\t\t<\/div>\n\t\t","protected":false},"excerpt":{"rendered":"<p>Informacje Procedura zwrotu koszt\u00f3w Ka\u017cdy produkt zakupiony w naszym sklepie internetowym obj\u0119ty jest 14-dniow\u0105 gwarancj\u0105 zwrotu. Zwrot towar\u00f3w: Zwrotu mo\u017cna [&hellip;]<\/p>\n","protected":false},"author":1,"featured_media":0,"parent":0,"menu_order":0,"comment_status":"closed","ping_status":"closed","template":"elementor_header_footer","meta":{"site-sidebar-layout":"default","site-content-layout":"page-builder","ast-site-content-layout":"","site-content-style":"default","site-sidebar-style":"default","ast-global-header-display":"","ast-banner-title-visibility":"","ast-main-header-display":"","ast-hfb-above-header-display":"","ast-hfb-below-header-display":"","ast-hfb-mobile-header-display":"","site-post-title":"","ast-breadcrumbs-content":"","ast-featured-img":"","footer-sml-layout":"","theme-transparent-header-meta":"default","adv-header-id-meta":"","stick-header-meta":"default","header-above-stick-meta":"","header-main-stick-meta":"","header-below-stick-meta":"","astra-migrate-meta-layouts":"default","ast-page-background-enabled":"default","ast-page-background-meta":{"desktop":{"background-color":"var(--ast-global-color-4)","background-image":"","background-repeat":"repeat","background-position":"center center","background-size":"auto","background-attachment":"scroll","background-type":"","background-media":"","overlay-type":"","overlay-color":"","overlay-gradient":""},"tablet":{"background-color":"","background-image":"","background-repeat":"repeat","background-position":"center center","background-size":"auto","background-attachment":"scroll","background-type":"","background-media":"","overlay-type":"","overlay-color":"","overlay-gradient":""},"mobile":{"background-color":"","background-image":"","background-repeat":"repeat","background-position":"center center","background-size":"auto","background-attachment":"scroll","background-type":"","background-media":"","overlay-type":"","overlay-color":"","overlay-gradient":""}},"ast-content-background-meta":{"desktop":{"background-color":"var(--ast-global-color-5)","background-image":"","background-repeat":"repeat","background-position":"center center","background-size":"auto","background-attachment":"scroll","background-type":"","background-media":"","overlay-type":"","overlay-color":"","overlay-gradient":""},"tablet":{"background-color":"var(--ast-global-color-5)","background-image":"","background-repeat":"repeat","background-position":"center center","background-size":"auto","background-attachment":"scroll","background-type":"","background-media":"","overlay-type":"","overlay-color":"","overlay-gradient":""},"mobile":{"background-color":"var(--ast-global-color-5)","background-image":"","background-repeat":"repeat","background-position":"center center","background-size":"auto","background-attachment":"scroll","background-type":"","background-media":"","overlay-type":"","overlay-color":"","overlay-gradient":""}},"footnotes":""},"acf":[],"yoast_head":"<!-- This site is optimized with the Yoast SEO plugin v21.7 - https:\/\/yoast.com\/wordpress\/plugins\/seo\/ -->\n<title>Perfumowana esencja - Polityka zwrot\u00f3w<\/title>\n<meta name=\"description\" content=\"Jeste\u015bmy dystrybutorem jednej z najwi\u0119kszych szwajcarskich perfumerii w krajach ba\u0142tyckich i oferujemy naszym klientom wysokiej jako\u015bci esencje zapachowe. Ka\u017cdy przedmiot zakupiony na www.parfumesencija.lt obj\u0119ty jest 14-dniow\u0105 gwarancj\u0105 zwrotu.\" \/>\n<meta name=\"robots\" content=\"index, follow, max-snippet:-1, max-image-preview:large, max-video-preview:-1\" \/>\n<link rel=\"canonical\" href=\"https:\/\/perfumessence.eu\/pl\/procedura-zwrotu-kosztow\/\" \/>\n<meta property=\"og:locale\" content=\"pl_PL\" \/>\n<meta property=\"og:type\" content=\"article\" \/>\n<meta property=\"og:title\" content=\"Perfumowana esencja - Polityka zwrot\u00f3w\" \/>\n<meta property=\"og:description\" content=\"Jeste\u015bmy dystrybutorem jednej z najwi\u0119kszych szwajcarskich perfumerii w krajach ba\u0142tyckich i oferujemy naszym klientom wysokiej jako\u015bci esencje zapachowe. Ka\u017cdy przedmiot zakupiony na www.parfumesencija.lt obj\u0119ty jest 14-dniow\u0105 gwarancj\u0105 zwrotu.\" \/>\n<meta property=\"og:url\" content=\"https:\/\/perfumessence.eu\/pl\/procedura-zwrotu-kosztow\/\" \/>\n<meta property=\"og:site_name\" content=\"Perfumessence\" \/>\n<meta property=\"article:publisher\" content=\"https:\/\/www.facebook.com\/Parfumerin%c4%97-esencija-424160218027238\/\" \/>\n<meta property=\"article:modified_time\" content=\"2024-02-22T09:16:05+00:00\" \/>\n<meta name=\"twitter:card\" content=\"summary_large_image\" \/>\n<meta name=\"twitter:label1\" content=\"Szacowany czas czytania\" \/>\n\t<meta name=\"twitter:data1\" content=\"1 minuta\" \/>\n<script type=\"application\/ld+json\" class=\"yoast-schema-graph\">{\"@context\":\"https:\/\/schema.org\",\"@graph\":[{\"@type\":\"WebPage\",\"@id\":\"https:\/\/perfumessence.eu\/pl\/procedura-zwrotu-kosztow\/\",\"url\":\"https:\/\/perfumessence.eu\/pl\/procedura-zwrotu-kosztow\/\",\"name\":\"Perfumowana esencja - Polityka zwrot\u00f3w\",\"isPartOf\":{\"@id\":\"https:\/\/perfumessence.eu\/pl\/#website\"},\"datePublished\":\"2018-05-14T05:55:48+00:00\",\"dateModified\":\"2024-02-22T09:16:05+00:00\",\"description\":\"Jeste\u015bmy dystrybutorem jednej z najwi\u0119kszych szwajcarskich perfumerii w krajach ba\u0142tyckich i oferujemy naszym klientom wysokiej jako\u015bci esencje zapachowe. Ka\u017cdy przedmiot zakupiony na www.parfumesencija.lt obj\u0119ty jest 14-dniow\u0105 gwarancj\u0105 zwrotu.\",\"breadcrumb\":{\"@id\":\"https:\/\/perfumessence.eu\/pl\/procedura-zwrotu-kosztow\/#breadcrumb\"},\"inLanguage\":\"pl-PL\",\"potentialAction\":[{\"@type\":\"ReadAction\",\"target\":[\"https:\/\/perfumessence.eu\/pl\/procedura-zwrotu-kosztow\/\"]}]},{\"@type\":\"BreadcrumbList\",\"@id\":\"https:\/\/perfumessence.eu\/pl\/procedura-zwrotu-kosztow\/#breadcrumb\",\"itemListElement\":[{\"@type\":\"ListItem\",\"position\":1,\"name\":\"Pagrindinis\",\"item\":\"https:\/\/perfumessence.eu\/pl\/\"},{\"@type\":\"ListItem\",\"position\":2,\"name\":\"Procedura zwrotu koszt\u00f3w\"}]},{\"@type\":\"WebSite\",\"@id\":\"https:\/\/perfumessence.eu\/pl\/#website\",\"url\":\"https:\/\/perfumessence.eu\/pl\/\",\"name\":\"Parfumerin\u0117 esencija\",\"description\":\"Perfume Oils and Sprays\",\"publisher\":{\"@id\":\"https:\/\/perfumessence.eu\/pl\/#organization\"},\"potentialAction\":[{\"@type\":\"SearchAction\",\"target\":{\"@type\":\"EntryPoint\",\"urlTemplate\":\"https:\/\/perfumessence.eu\/pl\/?s={search_term_string}\"},\"query-input\":\"required name=search_term_string\"}],\"inLanguage\":\"pl-PL\"},{\"@type\":\"Organization\",\"@id\":\"https:\/\/perfumessence.eu\/pl\/#organization\",\"name\":\"Parfumerin\u0117 esencija\",\"url\":\"https:\/\/perfumessence.eu\/pl\/\",\"logo\":{\"@type\":\"ImageObject\",\"inLanguage\":\"pl-PL\",\"@id\":\"https:\/\/perfumessence.eu\/pl\/#\/schema\/logo\/image\/\",\"url\":\"\",\"contentUrl\":\"\",\"caption\":\"Parfumerin\u0117 esencija\"},\"image\":{\"@id\":\"https:\/\/perfumessence.eu\/pl\/#\/schema\/logo\/image\/\"},\"sameAs\":[\"https:\/\/www.facebook.com\/Parfumerin\u0117-esencija-424160218027238\/\",\"https:\/\/www.youtube.com\/channel\/UC0RI-RLwg1UQwDbAF-7a-MA\"]}]}<\/script>\n<!-- \/ Yoast SEO plugin. -->","yoast_head_json":{"title":"Perfumowana esencja - Polityka zwrot\u00f3w","description":"Jeste\u015bmy dystrybutorem jednej z najwi\u0119kszych szwajcarskich perfumerii w krajach ba\u0142tyckich i oferujemy naszym klientom wysokiej jako\u015bci esencje zapachowe. Ka\u017cdy przedmiot zakupiony na www.parfumesencija.lt obj\u0119ty jest 14-dniow\u0105 gwarancj\u0105 zwrotu.","robots":{"index":"index","follow":"follow","max-snippet":"max-snippet:-1","max-image-preview":"max-image-preview:large","max-video-preview":"max-video-preview:-1"},"canonical":"https:\/\/perfumessence.eu\/pl\/procedura-zwrotu-kosztow\/","og_locale":"pl_PL","og_type":"article","og_title":"Perfumowana esencja - Polityka zwrot\u00f3w","og_description":"Jeste\u015bmy dystrybutorem jednej z najwi\u0119kszych szwajcarskich perfumerii w krajach ba\u0142tyckich i oferujemy naszym klientom wysokiej jako\u015bci esencje zapachowe. Ka\u017cdy przedmiot zakupiony na www.parfumesencija.lt obj\u0119ty jest 14-dniow\u0105 gwarancj\u0105 zwrotu.","og_url":"https:\/\/perfumessence.eu\/pl\/procedura-zwrotu-kosztow\/","og_site_name":"Perfumessence","article_publisher":"https:\/\/www.facebook.com\/Parfumerin%c4%97-esencija-424160218027238\/","article_modified_time":"2024-02-22T09:16:05+00:00","twitter_card":"summary_large_image","twitter_misc":{"Szacowany czas czytania":"1 minuta"},"schema":{"@context":"https:\/\/schema.org","@graph":[{"@type":"WebPage","@id":"https:\/\/perfumessence.eu\/pl\/procedura-zwrotu-kosztow\/","url":"https:\/\/perfumessence.eu\/pl\/procedura-zwrotu-kosztow\/","name":"Perfumowana esencja - Polityka zwrot\u00f3w","isPartOf":{"@id":"https:\/\/perfumessence.eu\/pl\/#website"},"datePublished":"2018-05-14T05:55:48+00:00","dateModified":"2024-02-22T09:16:05+00:00","description":"Jeste\u015bmy dystrybutorem jednej z najwi\u0119kszych szwajcarskich perfumerii w krajach ba\u0142tyckich i oferujemy naszym klientom wysokiej jako\u015bci esencje zapachowe. Ka\u017cdy przedmiot zakupiony na www.parfumesencija.lt obj\u0119ty jest 14-dniow\u0105 gwarancj\u0105 zwrotu.","breadcrumb":{"@id":"https:\/\/perfumessence.eu\/pl\/procedura-zwrotu-kosztow\/#breadcrumb"},"inLanguage":"pl-PL","potentialAction":[{"@type":"ReadAction","target":["https:\/\/perfumessence.eu\/pl\/procedura-zwrotu-kosztow\/"]}]},{"@type":"BreadcrumbList","@id":"https:\/\/perfumessence.eu\/pl\/procedura-zwrotu-kosztow\/#breadcrumb","itemListElement":[{"@type":"ListItem","position":1,"name":"Pagrindinis","item":"https:\/\/perfumessence.eu\/pl\/"},{"@type":"ListItem","position":2,"name":"Procedura zwrotu koszt\u00f3w"}]},{"@type":"WebSite","@id":"https:\/\/perfumessence.eu\/pl\/#website","url":"https:\/\/perfumessence.eu\/pl\/","name":"Parfumerin\u0117 esencija","description":"Perfume Oils and Sprays","publisher":{"@id":"https:\/\/perfumessence.eu\/pl\/#organization"},"potentialAction":[{"@type":"SearchAction","target":{"@type":"EntryPoint","urlTemplate":"https:\/\/perfumessence.eu\/pl\/?s={search_term_string}"},"query-input":"required name=search_term_string"}],"inLanguage":"pl-PL"},{"@type":"Organization","@id":"https:\/\/perfumessence.eu\/pl\/#organization","name":"Parfumerin\u0117 esencija","url":"https:\/\/perfumessence.eu\/pl\/","logo":{"@type":"ImageObject","inLanguage":"pl-PL","@id":"https:\/\/perfumessence.eu\/pl\/#\/schema\/logo\/image\/","url":"","contentUrl":"","caption":"Parfumerin\u0117 esencija"},"image":{"@id":"https:\/\/perfumessence.eu\/pl\/#\/schema\/logo\/image\/"},"sameAs":["https:\/\/www.facebook.com\/Parfumerin\u0117-esencija-424160218027238\/","https:\/\/www.youtube.com\/channel\/UC0RI-RLwg1UQwDbAF-7a-MA"]}]}},"_links":{"self":[{"href":"https:\/\/perfumessence.eu\/pl\/wp-json\/wp\/v2\/pages\/20509"}],"collection":[{"href":"https:\/\/perfumessence.eu\/pl\/wp-json\/wp\/v2\/pages"}],"about":[{"href":"https:\/\/perfumessence.eu\/pl\/wp-json\/wp\/v2\/types\/page"}],"author":[{"embeddable":true,"href":"https:\/\/perfumessence.eu\/pl\/wp-json\/wp\/v2\/users\/1"}],"replies":[{"embeddable":true,"href":"https:\/\/perfumessence.eu\/pl\/wp-json\/wp\/v2\/comments?post=20509"}],"version-history":[{"count":1,"href":"https:\/\/perfumessence.eu\/pl\/wp-json\/wp\/v2\/pages\/20509\/revisions"}],"predecessor-version":[{"id":20511,"href":"https:\/\/perfumessence.eu\/pl\/wp-json\/wp\/v2\/pages\/20509\/revisions\/20511"}],"wp:attachment":[{"href":"https:\/\/perfumessence.eu\/pl\/wp-json\/wp\/v2\/media?parent=20509"}],"curies":[{"name":"wp","href":"https:\/\/api.w.org\/{rel}","templated":true}]}}