{"id":18902,"date":"2022-04-01T15:53:46","date_gmt":"2022-04-01T12:53:46","guid":{"rendered":"https:\/\/perfumessence.eu\/product\/ik-85-aluminium\/"},"modified":"2025-09-17T19:13:21","modified_gmt":"2025-09-17T16:13:21","slug":"ik-85-aluminium","status":"publish","type":"product","link":"https:\/\/perfumessence.eu\/pl\/product\/ik-85-aluminium\/","title":{"rendered":"IK-85. Aluminium"},"content":{"rendered":"<p>A perfume that speaks of love restored, of soothing tenderness and of the joyous eve before the world&#8217;s greatest celebration: the celebration of life. The extract is for those who like to stand out with a clear style that is unique but elegant, powerful but not egocentric. A perfume that opens with the richest citrus harmonies from the sunniest Italian gardens. Mandarin and bergamot blend with Sicilian oranges to give a subtle freshness to timeless elegance. Because beauty comes not from fashion, but from style. Citrus notes lay on top of sweet fruits such as pineapple and sweet-smelling flowers such as jasmine, violet and rose. The unique power of amber brings it all together. The stylistic construction of this fragrance is based on graceful woods such as sandalwood and white agarwood. The depth of the fragrance is accentuated by a musky note.<\/p>\n<p align=\"justify\"><span lang=\"lt-LT\"><strong>SOURCES<\/strong>: pineapple, orange, bergamot, tangerine.<\/span><\/p>\n<p align=\"justify\"><span lang=\"lt-LT\"><strong>MEDITERRANEAN NATAS:<\/strong> jasmine, rose, oxygen, violets, amber.<\/span><\/p>\n<p align=\"justify\"><span lang=\"lt-LT\"><strong>BASIC NATAS:<\/strong> agarwood, tree bark, sandalwood, musk.<\/span><\/p>\n<p><strong>Delivery:<\/strong><\/p>\n<p>&#8211; Lithuania (Venipak courier or Omniva post office): within 1-3 days d.;<\/p>\n<p>&#8211; other countries (Lithuanian Post): within 5-14 days d.;<\/p>\n<p>&#8211; pick-up in our shop (Ba\u017eny\u010dios g. 38, Marijampol\u0117 68309 (inside the MAXIMA supermarket)): on the day of purchase.<\/p>\n<p><strong>Payment for goods:<\/strong><\/p>\n<p>&#8211; using the bank&#8217;s online banking systems;<\/p>\n<p>&#8211; credit and debit cards;<\/p>\n<p>&#8211; by advance bank transfer;<\/p>\n<p>&#8211; in cash at our shop (Ba\u017eny\u010dios g. 38, Marijampol\u0117 68309 (inside the MAXIMA shopping centre)).<\/p>\n<p><strong>Our products:<\/strong><\/p>\n<p>The fragrances we sell are 99% similar to, but should not be confused with, the original brand fragrances.<\/p>\n<p>All names used are the copyright of the manufacturers or designers.<\/p>\n<p>Questions? Call +370 645 17041, or email: pardavimai@perfumessence.eu<\/p>\n<p>If you can&#8217;t find the information you&#8217;re looking for on the website, or if you&#8217;re interested in a customised order, you can ask us any questions you may have, and we&#8217;ll do our best to answer them as soon as possible.<\/p>\n","protected":false},"excerpt":{"rendered":"<p>An <strong>essence<\/strong> is the aromatic fragrance part of a spray fragrance &#8211; the concentrate. These are applied, oil-based perfumes.<\/p>\n<p>An <strong>atomiser<\/strong> is a spray bottle that contains a fortified perfume.<\/p>\n","protected":false},"featured_media":19541,"comment_status":"open","ping_status":"closed","template":"","meta":{"site-sidebar-layout":"default","site-content-layout":"default","ast-site-content-layout":"","site-content-style":"default","site-sidebar-style":"default","ast-global-header-display":"","ast-banner-title-visibility":"","ast-main-header-display":"","ast-hfb-above-header-display":"","ast-hfb-below-header-display":"","ast-hfb-mobile-header-display":"","site-post-title":"","ast-breadcrumbs-content":"","ast-featured-img":"","footer-sml-layout":"","theme-transparent-header-meta":"default","adv-header-id-meta":"","stick-header-meta":"default","header-above-stick-meta":"","header-main-stick-meta":"","header-below-stick-meta":"","astra-migrate-meta-layouts":"default","ast-page-background-enabled":"default","ast-page-background-meta":{"desktop":{"background-color":"var(--ast-global-color-4)","background-image":"","background-repeat":"repeat","background-position":"center center","background-size":"auto","background-attachment":"scroll","background-type":"","background-media":"","overlay-type":"","overlay-color":"","overlay-gradient":""},"tablet":{"background-color":"","background-image":"","background-repeat":"repeat","background-position":"center center","background-size":"auto","background-attachment":"scroll","background-type":"","background-media":"","overlay-type":"","overlay-color":"","overlay-gradient":""},"mobile":{"background-color":"","background-image":"","background-repeat":"repeat","background-position":"center center","background-size":"auto","background-attachment":"scroll","background-type":"","background-media":"","overlay-type":"","overlay-color":"","overlay-gradient":""}},"ast-content-background-meta":{"desktop":{"background-color":"var(--ast-global-color-5)","background-image":"","background-repeat":"repeat","background-position":"center center","background-size":"auto","background-attachment":"scroll","background-type":"","background-media":"","overlay-type":"","overlay-color":"","overlay-gradient":""},"tablet":{"background-color":"var(--ast-global-color-5)","background-image":"","background-repeat":"repeat","background-position":"center center","background-size":"auto","background-attachment":"scroll","background-type":"","background-media":"","overlay-type":"","overlay-color":"","overlay-gradient":""},"mobile":{"background-color":"var(--ast-global-color-5)","background-image":"","background-repeat":"repeat","background-position":"center center","background-size":"auto","background-attachment":"scroll","background-type":"","background-media":"","overlay-type":"","overlay-color":"","overlay-gradient":""}}},"product_cat":[301,312],"product_tag":[302],"natos":[],"acf":[],"yoast_head":"<!-- This site is optimized with the Yoast SEO plugin v21.7 - https:\/\/yoast.com\/wordpress\/plugins\/seo\/ -->\n<title>IK-85. Aluminium - Perfumessence<\/title>\n<meta name=\"description\" content=\"Bamboo reveals the different sides of the Gucci woman&#039;s personality: femininity, self-confidence, poise and strength.\" \/>\n<meta name=\"robots\" content=\"index, follow, max-snippet:-1, max-image-preview:large, max-video-preview:-1\" \/>\n<link rel=\"canonical\" href=\"https:\/\/perfumessence.eu\/pl\/product\/ik-85-aluminium\/\" \/>\n<meta property=\"og:locale\" content=\"pl_PL\" \/>\n<meta property=\"og:type\" content=\"article\" \/>\n<meta property=\"og:title\" content=\"IK-85. Aluminium - Perfumessence\" \/>\n<meta property=\"og:description\" content=\"Bamboo reveals the different sides of the Gucci woman&#039;s personality: femininity, self-confidence, poise and strength.\" \/>\n<meta property=\"og:url\" content=\"https:\/\/perfumessence.eu\/pl\/product\/ik-85-aluminium\/\" \/>\n<meta property=\"og:site_name\" content=\"Perfumessence\" \/>\n<meta property=\"article:publisher\" content=\"https:\/\/www.facebook.com\/Parfumerin%c4%97-esencija-424160218027238\/\" \/>\n<meta property=\"article:modified_time\" content=\"2025-09-17T16:13:21+00:00\" \/>\n<meta property=\"og:image\" content=\"https:\/\/perfumessence.eu\/wp-content\/uploads\/2020\/08\/mot_template_esencij_mtmzm.jpg\" \/>\n\t<meta property=\"og:image:width\" content=\"600\" \/>\n\t<meta property=\"og:image:height\" content=\"600\" \/>\n\t<meta property=\"og:image:type\" content=\"image\/jpeg\" \/>\n<meta name=\"twitter:card\" content=\"summary_large_image\" \/>\n<meta name=\"twitter:label1\" content=\"Szacowany czas czytania\" \/>\n\t<meta name=\"twitter:data1\" content=\"2 minuty\" \/>\n<script type=\"application\/ld+json\" class=\"yoast-schema-graph\">{\"@context\":\"https:\/\/schema.org\",\"@graph\":[{\"@type\":\"WebPage\",\"@id\":\"https:\/\/perfumessence.eu\/pl\/product\/ik-85-aluminium\/\",\"url\":\"https:\/\/perfumessence.eu\/pl\/product\/ik-85-aluminium\/\",\"name\":\"IK-85. Aluminium - Perfumessence\",\"isPartOf\":{\"@id\":\"https:\/\/perfumessence.eu\/pl\/#website\"},\"datePublished\":\"2022-04-01T12:53:46+00:00\",\"dateModified\":\"2025-09-17T16:13:21+00:00\",\"description\":\"Bamboo reveals the different sides of the Gucci woman's personality: femininity, self-confidence, poise and strength.\",\"breadcrumb\":{\"@id\":\"https:\/\/perfumessence.eu\/pl\/product\/ik-85-aluminium\/#breadcrumb\"},\"inLanguage\":\"pl-PL\",\"potentialAction\":[{\"@type\":\"ReadAction\",\"target\":[\"https:\/\/perfumessence.eu\/pl\/product\/ik-85-aluminium\/\"]}]},{\"@type\":\"BreadcrumbList\",\"@id\":\"https:\/\/perfumessence.eu\/pl\/product\/ik-85-aluminium\/#breadcrumb\",\"itemListElement\":[{\"@type\":\"ListItem\",\"position\":1,\"name\":\"Pagrindinis\",\"item\":\"https:\/\/perfumessence.eu\/pl\/\"},{\"@type\":\"ListItem\",\"position\":2,\"name\":\"Sklep\",\"item\":\"https:\/\/perfumessence.eu\/pl\/sklep\/\"},{\"@type\":\"ListItem\",\"position\":3,\"name\":\"IK-85. Aluminium\"}]},{\"@type\":\"WebSite\",\"@id\":\"https:\/\/perfumessence.eu\/pl\/#website\",\"url\":\"https:\/\/perfumessence.eu\/pl\/\",\"name\":\"Parfumerin\u0117 esencija\",\"description\":\"Perfume Oils and Sprays\",\"publisher\":{\"@id\":\"https:\/\/perfumessence.eu\/pl\/#organization\"},\"potentialAction\":[{\"@type\":\"SearchAction\",\"target\":{\"@type\":\"EntryPoint\",\"urlTemplate\":\"https:\/\/perfumessence.eu\/pl\/?s={search_term_string}\"},\"query-input\":\"required name=search_term_string\"}],\"inLanguage\":\"pl-PL\"},{\"@type\":\"Organization\",\"@id\":\"https:\/\/perfumessence.eu\/pl\/#organization\",\"name\":\"Parfumerin\u0117 esencija\",\"url\":\"https:\/\/perfumessence.eu\/pl\/\",\"logo\":{\"@type\":\"ImageObject\",\"inLanguage\":\"pl-PL\",\"@id\":\"https:\/\/perfumessence.eu\/pl\/#\/schema\/logo\/image\/\",\"url\":\"\",\"contentUrl\":\"\",\"caption\":\"Parfumerin\u0117 esencija\"},\"image\":{\"@id\":\"https:\/\/perfumessence.eu\/pl\/#\/schema\/logo\/image\/\"},\"sameAs\":[\"https:\/\/www.facebook.com\/Parfumerin\u0117-esencija-424160218027238\/\",\"https:\/\/www.youtube.com\/channel\/UC0RI-RLwg1UQwDbAF-7a-MA\"]}]}<\/script>\n<!-- \/ Yoast SEO plugin. -->","yoast_head_json":{"title":"IK-85. Aluminium - Perfumessence","description":"Bamboo reveals the different sides of the Gucci woman's personality: femininity, self-confidence, poise and strength.","robots":{"index":"index","follow":"follow","max-snippet":"max-snippet:-1","max-image-preview":"max-image-preview:large","max-video-preview":"max-video-preview:-1"},"canonical":"https:\/\/perfumessence.eu\/pl\/product\/ik-85-aluminium\/","og_locale":"pl_PL","og_type":"article","og_title":"IK-85. Aluminium - Perfumessence","og_description":"Bamboo reveals the different sides of the Gucci woman's personality: femininity, self-confidence, poise and strength.","og_url":"https:\/\/perfumessence.eu\/pl\/product\/ik-85-aluminium\/","og_site_name":"Perfumessence","article_publisher":"https:\/\/www.facebook.com\/Parfumerin%c4%97-esencija-424160218027238\/","article_modified_time":"2025-09-17T16:13:21+00:00","og_image":[{"width":600,"height":600,"url":"https:\/\/perfumessence.eu\/wp-content\/uploads\/2020\/08\/mot_template_esencij_mtmzm.jpg","type":"image\/jpeg"}],"twitter_card":"summary_large_image","twitter_misc":{"Szacowany czas czytania":"2 minuty"},"schema":{"@context":"https:\/\/schema.org","@graph":[{"@type":"WebPage","@id":"https:\/\/perfumessence.eu\/pl\/product\/ik-85-aluminium\/","url":"https:\/\/perfumessence.eu\/pl\/product\/ik-85-aluminium\/","name":"IK-85. Aluminium - Perfumessence","isPartOf":{"@id":"https:\/\/perfumessence.eu\/pl\/#website"},"datePublished":"2022-04-01T12:53:46+00:00","dateModified":"2025-09-17T16:13:21+00:00","description":"Bamboo reveals the different sides of the Gucci woman's personality: femininity, self-confidence, poise and strength.","breadcrumb":{"@id":"https:\/\/perfumessence.eu\/pl\/product\/ik-85-aluminium\/#breadcrumb"},"inLanguage":"pl-PL","potentialAction":[{"@type":"ReadAction","target":["https:\/\/perfumessence.eu\/pl\/product\/ik-85-aluminium\/"]}]},{"@type":"BreadcrumbList","@id":"https:\/\/perfumessence.eu\/pl\/product\/ik-85-aluminium\/#breadcrumb","itemListElement":[{"@type":"ListItem","position":1,"name":"Pagrindinis","item":"https:\/\/perfumessence.eu\/pl\/"},{"@type":"ListItem","position":2,"name":"Sklep","item":"https:\/\/perfumessence.eu\/pl\/sklep\/"},{"@type":"ListItem","position":3,"name":"IK-85. Aluminium"}]},{"@type":"WebSite","@id":"https:\/\/perfumessence.eu\/pl\/#website","url":"https:\/\/perfumessence.eu\/pl\/","name":"Parfumerin\u0117 esencija","description":"Perfume Oils and Sprays","publisher":{"@id":"https:\/\/perfumessence.eu\/pl\/#organization"},"potentialAction":[{"@type":"SearchAction","target":{"@type":"EntryPoint","urlTemplate":"https:\/\/perfumessence.eu\/pl\/?s={search_term_string}"},"query-input":"required name=search_term_string"}],"inLanguage":"pl-PL"},{"@type":"Organization","@id":"https:\/\/perfumessence.eu\/pl\/#organization","name":"Parfumerin\u0117 esencija","url":"https:\/\/perfumessence.eu\/pl\/","logo":{"@type":"ImageObject","inLanguage":"pl-PL","@id":"https:\/\/perfumessence.eu\/pl\/#\/schema\/logo\/image\/","url":"","contentUrl":"","caption":"Parfumerin\u0117 esencija"},"image":{"@id":"https:\/\/perfumessence.eu\/pl\/#\/schema\/logo\/image\/"},"sameAs":["https:\/\/www.facebook.com\/Parfumerin\u0117-esencija-424160218027238\/","https:\/\/www.youtube.com\/channel\/UC0RI-RLwg1UQwDbAF-7a-MA"]}]}},"_links":{"self":[{"href":"https:\/\/perfumessence.eu\/pl\/wp-json\/wp\/v2\/product\/18902"}],"collection":[{"href":"https:\/\/perfumessence.eu\/pl\/wp-json\/wp\/v2\/product"}],"about":[{"href":"https:\/\/perfumessence.eu\/pl\/wp-json\/wp\/v2\/types\/product"}],"replies":[{"embeddable":true,"href":"https:\/\/perfumessence.eu\/pl\/wp-json\/wp\/v2\/comments?post=18902"}],"wp:featuredmedia":[{"embeddable":true,"href":"https:\/\/perfumessence.eu\/pl\/wp-json\/wp\/v2\/media\/19541"}],"wp:attachment":[{"href":"https:\/\/perfumessence.eu\/pl\/wp-json\/wp\/v2\/media?parent=18902"}],"wp:term":[{"taxonomy":"product_cat","embeddable":true,"href":"https:\/\/perfumessence.eu\/pl\/wp-json\/wp\/v2\/product_cat?post=18902"},{"taxonomy":"product_tag","embeddable":true,"href":"https:\/\/perfumessence.eu\/pl\/wp-json\/wp\/v2\/product_tag?post=18902"},{"taxonomy":"natos","embeddable":true,"href":"https:\/\/perfumessence.eu\/pl\/wp-json\/wp\/v2\/natos?post=18902"}],"curies":[{"name":"wp","href":"https:\/\/api.w.org\/{rel}","templated":true}]}}