{"id":19687,"date":"2022-06-02T20:31:41","date_gmt":"2022-06-02T17:31:41","guid":{"rendered":"https:\/\/perfumessence.eu\/product\/ik-46-tester-samsara\/"},"modified":"2022-06-02T20:31:41","modified_gmt":"2022-06-02T17:31:41","slug":"ik-46-tester-samsara","status":"publish","type":"product","link":"https:\/\/perfumessence.eu\/pl\/produkt\/ik-46-tester-samsara\/","title":{"rendered":"IK-46. Tester Samsara"},"content":{"rendered":"<p><strong>Klasycznie wyrafinowany i wzbudzaj\u0105cy po\u017c\u0105danie zapach nadaje si\u0119 zar\u00f3wno na romantyczne okazje, jak i do codziennego u\u017cytku. Zapach jest jak zaproszenie do do\u015bwiadczenia spokoju i harmonii z samym sob\u0105 i \u015bwiatem. To jak podr\u00f3\u017c, kt\u00f3ra \u0142\u0105czy \u015bwiat Wschodu i Zachodu. Jasny zapach ja\u015bminu, czaruj\u0105cy aromat r\u00f3\u017cy, narcyza i ylang-ylang zmieszany z ciep\u0142em bogatego drzewa sanda\u0142owego i pi\u0119kn\u0105 kompozycj\u0105 irysa, tongapple i wanilii, kt\u00f3re kulminuj\u0105 w pi\u0119knym zapachu, wywo\u0142uj\u0105 po\u017c\u0105danie i uwodzenie oraz tworz\u0105 wizerunek promiennej, uduchowionej i harmonijnej osoby.<\/strong><\/p>\n<p>&nbsp;<\/p>\n<h6><strong>Nuty g\u0142owy:<\/strong><\/h6>\n<figure id=\"attachment_18504\" aria-describedby=\"caption-attachment-18504\" style=\"width: 80px\" class=\"wp-caption alignleft\"><a href=\"https:\/\/perfumessence.eu\/natos\/ylang-ylang\/\"><img decoding=\"async\" class=\"wp-image-15068\" src=\"https:\/\/perfumessence.eu\/wp-content\/uploads\/2023\/03\/ylang-ylan.webp\" alt=\"\" width=\"80\" height=\"80\" srcset=\"https:\/\/perfumessence.eu\/wp-content\/uploads\/2023\/03\/ylang-ylan.webp 120w, https:\/\/perfumessence.eu\/wp-content\/uploads\/2023\/03\/ylang-ylan-100x100.webp 100w, https:\/\/perfumessence.eu\/wp-content\/uploads\/2023\/03\/ylang-ylan-64x64.webp 64w\" sizes=\"(max-width: 80px) 100vw, 80px\" \/><\/a><figcaption id=\"caption-attachment-18504\" class=\"wp-caption-text\">Ylang-Ylang<\/figcaption><\/figure>\n<figure id=\"attachment_18526\" aria-describedby=\"caption-attachment-18526\" style=\"width: 80px\" class=\"wp-caption alignleft\"><a href=\"https:\/\/perfumessence.eu\/natos\/persikas\/\"><img decoding=\"async\" class=\"wp-image-15140\" src=\"https:\/\/perfumessence.eu\/wp-content\/uploads\/2023\/03\/persikas.webp\" alt=\"\" width=\"80\" height=\"80\" srcset=\"https:\/\/perfumessence.eu\/wp-content\/uploads\/2023\/03\/persikas.webp 120w, https:\/\/perfumessence.eu\/wp-content\/uploads\/2023\/03\/persikas-100x100.webp 100w, https:\/\/perfumessence.eu\/wp-content\/uploads\/2023\/03\/persikas-64x64.webp 64w\" sizes=\"(max-width: 80px) 100vw, 80px\" \/><\/a><figcaption id=\"caption-attachment-18526\" class=\"wp-caption-text\">Brzoskwinia<\/figcaption><\/figure>\n<figure id=\"attachment_18491\" aria-describedby=\"caption-attachment-18491\" style=\"width: 80px\" class=\"wp-caption alignleft\"><a href=\"https:\/\/perfumessence.eu\/natos\/citrina\/\"><img decoding=\"async\" class=\"wp-image-14964\" src=\"https:\/\/perfumessence.eu\/wp-content\/uploads\/2023\/02\/Citrina.webp\" alt=\"\" width=\"80\" height=\"80\" srcset=\"https:\/\/perfumessence.eu\/wp-content\/uploads\/2023\/02\/Citrina.webp 120w, https:\/\/perfumessence.eu\/wp-content\/uploads\/2023\/02\/Citrina-100x100.webp 100w, https:\/\/perfumessence.eu\/wp-content\/uploads\/2023\/02\/Citrina-64x64.webp 64w\" sizes=\"(max-width: 80px) 100vw, 80px\" \/><\/a><figcaption id=\"caption-attachment-18491\" class=\"wp-caption-text\">Cytryna<\/figcaption><\/figure>\n<figure id=\"attachment_18508\" aria-describedby=\"caption-attachment-18508\" style=\"width: 80px\" class=\"wp-caption alignleft\"><a href=\"https:\/\/perfumessence.eu\/natos\/bergamote\/\"><img loading=\"lazy\" decoding=\"async\" class=\"wp-image-15072\" src=\"https:\/\/perfumessence.eu\/wp-content\/uploads\/2023\/03\/bergamote.webp\" alt=\"\" width=\"80\" height=\"80\" srcset=\"https:\/\/perfumessence.eu\/wp-content\/uploads\/2023\/03\/bergamote.webp 120w, https:\/\/perfumessence.eu\/wp-content\/uploads\/2023\/03\/bergamote-100x100.webp 100w, https:\/\/perfumessence.eu\/wp-content\/uploads\/2023\/03\/bergamote-64x64.webp 64w\" sizes=\"(max-width: 80px) 100vw, 80px\" \/><\/a><figcaption id=\"caption-attachment-18508\" class=\"wp-caption-text\">Bergamotka<\/figcaption><\/figure>\n<h6><strong>Nuty \u015brodkowe:<\/strong><\/h6>\n<figure id=\"attachment_18591\" aria-describedby=\"caption-attachment-18591\" style=\"width: 80px\" class=\"wp-caption alignleft\"><a href=\"https:\/\/perfumessence.eu\/natos\/rozes\/\"><img loading=\"lazy\" decoding=\"async\" class=\"wp-image-15507\" src=\"https:\/\/perfumessence.eu\/wp-content\/uploads\/2022\/09\/roze-t.105.jpg\" alt=\"\" width=\"80\" height=\"80\" srcset=\"https:\/\/perfumessence.eu\/wp-content\/uploads\/2022\/09\/roze-t.105.jpg 120w, https:\/\/perfumessence.eu\/wp-content\/uploads\/2022\/09\/roze-t.105-100x100.jpg 100w, https:\/\/perfumessence.eu\/wp-content\/uploads\/2022\/09\/roze-t.105-64x64.jpg 64w\" sizes=\"(max-width: 80px) 100vw, 80px\" \/><\/a><figcaption id=\"caption-attachment-18591\" class=\"wp-caption-text\">R\u00f3\u017ca<\/figcaption><\/figure>\n<figure id=\"attachment_18502\" aria-describedby=\"caption-attachment-18502\" style=\"width: 80px\" class=\"wp-caption alignleft\"><a href=\"https:\/\/perfumessence.eu\/natos\/iriso-aromatas\/\"><img loading=\"lazy\" decoding=\"async\" class=\"wp-image-15066\" src=\"https:\/\/perfumessence.eu\/wp-content\/uploads\/2023\/03\/irisas.webp\" alt=\"\" width=\"80\" height=\"80\" srcset=\"https:\/\/perfumessence.eu\/wp-content\/uploads\/2023\/03\/irisas.webp 120w, https:\/\/perfumessence.eu\/wp-content\/uploads\/2023\/03\/irisas-100x100.webp 100w, https:\/\/perfumessence.eu\/wp-content\/uploads\/2023\/03\/irisas-64x64.webp 64w\" sizes=\"(max-width: 80px) 100vw, 80px\" \/><\/a><figcaption id=\"caption-attachment-18502\" class=\"wp-caption-text\">Iris<\/figcaption><\/figure>\n<figure id=\"attachment_18697\" aria-describedby=\"caption-attachment-18697\" style=\"width: 80px\" class=\"wp-caption alignleft\"><a href=\"https:\/\/perfumessence.eu\/natos\/narcizas\/\"><img loading=\"lazy\" decoding=\"async\" class=\"wp-image-15806\" src=\"https:\/\/perfumessence.eu\/wp-content\/uploads\/2023\/05\/Narcizas-t.webp\" alt=\"\" width=\"80\" height=\"80\" srcset=\"https:\/\/perfumessence.eu\/wp-content\/uploads\/2023\/05\/Narcizas-t.webp 120w, https:\/\/perfumessence.eu\/wp-content\/uploads\/2023\/05\/Narcizas-t-100x100.webp 100w, https:\/\/perfumessence.eu\/wp-content\/uploads\/2023\/05\/Narcizas-t-64x64.webp 64w\" sizes=\"(max-width: 80px) 100vw, 80px\" \/><\/a><figcaption id=\"caption-attachment-18697\" class=\"wp-caption-text\">\u017bonkil<\/figcaption><\/figure>\n<figure id=\"attachment_18452\" aria-describedby=\"caption-attachment-18452\" style=\"width: 80px\" class=\"wp-caption alignleft\"><a href=\"https:\/\/perfumessence.eu\/natos\/jazminai\/\"><img loading=\"lazy\" decoding=\"async\" class=\"wp-image-14853\" src=\"https:\/\/perfumessence.eu\/wp-content\/uploads\/2023\/02\/Jazminai.jpg\" alt=\"\" width=\"80\" height=\"80\" srcset=\"https:\/\/perfumessence.eu\/wp-content\/uploads\/2023\/02\/Jazminai.jpg 120w, https:\/\/perfumessence.eu\/wp-content\/uploads\/2023\/02\/Jazminai-100x100.jpg 100w, https:\/\/perfumessence.eu\/wp-content\/uploads\/2023\/02\/Jazminai-64x64.jpg 64w\" sizes=\"(max-width: 80px) 100vw, 80px\" \/><\/a><figcaption id=\"caption-attachment-18452\" class=\"wp-caption-text\">Jasmine<\/figcaption><\/figure>\n<figure id=\"attachment_18565\" aria-describedby=\"caption-attachment-18565\" style=\"width: 80px\" class=\"wp-caption alignleft\"><a href=\"https:\/\/perfumessence.eu\/natos\/zibuokles\/\"><img loading=\"lazy\" decoding=\"async\" class=\"wp-image-15478\" src=\"https:\/\/perfumessence.eu\/wp-content\/uploads\/2023\/04\/zibuoklest.webp\" alt=\"\" width=\"80\" height=\"80\" srcset=\"https:\/\/perfumessence.eu\/wp-content\/uploads\/2023\/04\/zibuoklest.webp 120w, https:\/\/perfumessence.eu\/wp-content\/uploads\/2023\/04\/zibuoklest-100x100.webp 100w, https:\/\/perfumessence.eu\/wp-content\/uploads\/2023\/04\/zibuoklest-64x64.webp 64w\" sizes=\"(max-width: 80px) 100vw, 80px\" \/><\/a><figcaption id=\"caption-attachment-18565\" class=\"wp-caption-text\">Fio\u0142ki<\/figcaption><\/figure>\n<figure id=\"attachment_18501\" aria-describedby=\"caption-attachment-18501\" style=\"width: 80px\" class=\"wp-caption alignleft\"><a href=\"https:\/\/perfumessence.eu\/natos\/orris-root\/\"><img loading=\"lazy\" decoding=\"async\" class=\"wp-image-15065\" src=\"https:\/\/perfumessence.eu\/wp-content\/uploads\/2023\/03\/orris-root.webp\" alt=\"\" width=\"80\" height=\"80\" srcset=\"https:\/\/perfumessence.eu\/wp-content\/uploads\/2023\/03\/orris-root.webp 120w, https:\/\/perfumessence.eu\/wp-content\/uploads\/2023\/03\/orris-root-100x100.webp 100w, https:\/\/perfumessence.eu\/wp-content\/uploads\/2023\/03\/orris-root-64x64.webp 64w\" sizes=\"(max-width: 80px) 100vw, 80px\" \/><\/a><figcaption id=\"caption-attachment-18501\" class=\"wp-caption-text\">Orris<\/figcaption><\/figure>\n<h6><strong>Nuty bazy:<\/strong><\/h6>\n<figure id=\"attachment_18502\" aria-describedby=\"caption-attachment-18502\" style=\"width: 80px\" class=\"wp-caption alignleft\"><a href=\"https:\/\/perfumessence.eu\/natos\/iriso-aromatas\/\"><img loading=\"lazy\" decoding=\"async\" class=\"wp-image-15066\" src=\"https:\/\/perfumessence.eu\/wp-content\/uploads\/2023\/03\/irisas.webp\" alt=\"\" width=\"80\" height=\"80\" srcset=\"https:\/\/perfumessence.eu\/wp-content\/uploads\/2023\/03\/irisas.webp 120w, https:\/\/perfumessence.eu\/wp-content\/uploads\/2023\/03\/irisas-100x100.webp 100w, https:\/\/perfumessence.eu\/wp-content\/uploads\/2023\/03\/irisas-64x64.webp 64w\" sizes=\"(max-width: 80px) 100vw, 80px\" \/><\/a><figcaption id=\"caption-attachment-18502\" class=\"wp-caption-text\">Iris<\/figcaption><\/figure>\n<figure id=\"attachment_18518\" aria-describedby=\"caption-attachment-18518\" style=\"width: 80px\" class=\"wp-caption alignleft\"><a href=\"https:\/\/perfumessence.eu\/natos\/vanile\/\"><img loading=\"lazy\" decoding=\"async\" class=\"wp-image-15084\" src=\"https:\/\/perfumessence.eu\/wp-content\/uploads\/2023\/03\/vaniles-nata.webp\" alt=\"\" width=\"80\" height=\"80\" srcset=\"https:\/\/perfumessence.eu\/wp-content\/uploads\/2023\/03\/vaniles-nata.webp 120w, https:\/\/perfumessence.eu\/wp-content\/uploads\/2023\/03\/vaniles-nata-100x100.webp 100w, https:\/\/perfumessence.eu\/wp-content\/uploads\/2023\/03\/vaniles-nata-64x64.webp 64w\" sizes=\"(max-width: 80px) 100vw, 80px\" \/><\/a><figcaption id=\"caption-attachment-18518\" class=\"wp-caption-text\">Wanilia<\/figcaption><\/figure>\n<figure id=\"attachment_18478\" aria-describedby=\"caption-attachment-18478\" style=\"width: 80px\" class=\"wp-caption alignleft\"><a href=\"https:\/\/perfumessence.eu\/natos\/muskusas\/\"><img loading=\"lazy\" decoding=\"async\" class=\"wp-image-14941\" src=\"https:\/\/perfumessence.eu\/wp-content\/uploads\/2023\/02\/muskusas.jpg\" alt=\"\" width=\"80\" height=\"80\" srcset=\"https:\/\/perfumessence.eu\/wp-content\/uploads\/2023\/02\/muskusas.jpg 120w, https:\/\/perfumessence.eu\/wp-content\/uploads\/2023\/02\/muskusas-100x100.jpg 100w, https:\/\/perfumessence.eu\/wp-content\/uploads\/2023\/02\/muskusas-64x64.jpg 64w\" sizes=\"(max-width: 80px) 100vw, 80px\" \/><\/a><figcaption id=\"caption-attachment-18478\" class=\"wp-caption-text\">Pi\u017cmo<\/figcaption><\/figure>\n<figure id=\"attachment_18483\" aria-describedby=\"caption-attachment-18483\" style=\"width: 80px\" class=\"wp-caption alignleft\"><a href=\"https:\/\/perfumessence.eu\/natos\/gintaro-nata\/\"><img loading=\"lazy\" decoding=\"async\" class=\"wp-image-14946\" src=\"https:\/\/perfumessence.eu\/wp-content\/uploads\/2023\/02\/Gintaras.webp\" alt=\"\" width=\"80\" height=\"80\" srcset=\"https:\/\/perfumessence.eu\/wp-content\/uploads\/2023\/02\/Gintaras.webp 120w, https:\/\/perfumessence.eu\/wp-content\/uploads\/2023\/02\/Gintaras-100x100.webp 100w, https:\/\/perfumessence.eu\/wp-content\/uploads\/2023\/02\/Gintaras-64x64.webp 64w\" sizes=\"(max-width: 80px) 100vw, 80px\" \/><\/a><figcaption id=\"caption-attachment-18483\" class=\"wp-caption-text\">Bursztyn<\/figcaption><\/figure>\n<figure id=\"attachment_18477\" aria-describedby=\"caption-attachment-18477\" style=\"width: 80px\" class=\"wp-caption alignleft\"><a href=\"https:\/\/perfumessence.eu\/natos\/sandalmedis\/\"><img loading=\"lazy\" decoding=\"async\" class=\"wp-image-14940\" src=\"https:\/\/perfumessence.eu\/wp-content\/uploads\/2023\/02\/sandalmedis.jpg\" alt=\"\" width=\"80\" height=\"80\" srcset=\"https:\/\/perfumessence.eu\/wp-content\/uploads\/2023\/02\/sandalmedis.jpg 120w, https:\/\/perfumessence.eu\/wp-content\/uploads\/2023\/02\/sandalmedis-100x100.jpg 100w, https:\/\/perfumessence.eu\/wp-content\/uploads\/2023\/02\/sandalmedis-64x64.jpg 64w\" sizes=\"(max-width: 80px) 100vw, 80px\" \/><\/a><figcaption id=\"caption-attachment-18477\" class=\"wp-caption-text\">Drzewo sanda\u0142owe<\/figcaption><\/figure>\n<figure id=\"attachment_18499\" aria-describedby=\"caption-attachment-18499\" style=\"width: 80px\" class=\"wp-caption alignleft\"><a href=\"https:\/\/perfumessence.eu\/natos\/tonka-pupeles\/\"><img loading=\"lazy\" decoding=\"async\" class=\"wp-image-14973\" src=\"https:\/\/perfumessence.eu\/wp-content\/uploads\/2023\/02\/tonka-pupeles.webp\" alt=\"\" width=\"80\" height=\"80\" srcset=\"https:\/\/perfumessence.eu\/wp-content\/uploads\/2023\/02\/tonka-pupeles.webp 120w, https:\/\/perfumessence.eu\/wp-content\/uploads\/2023\/02\/tonka-pupeles-100x100.webp 100w, https:\/\/perfumessence.eu\/wp-content\/uploads\/2023\/02\/tonka-pupeles-64x64.webp 64w\" sizes=\"(max-width: 80px) 100vw, 80px\" \/><\/a><figcaption id=\"caption-attachment-18499\" class=\"wp-caption-text\">Fasola tonka<\/figcaption><\/figure>\n<h6><strong>Dostawa:<\/strong><\/h6>\n<p>&#8211; Na Litwie (kurier Venipak): w ci\u0105gu 1-3 dni d.;<\/p>\n<p>&#8211; inne kraje (Poczta Litewska): w ci\u0105gu 5-14 dni d.;<\/p>\n<p>&#8211; odbi\u00f3r w naszym sklepie (Ba\u017eny\u010dios g. 38, Marijampol\u0117 68309 (wewn\u0105trz supermarketu MAXIMA)): w dniu zakupu.<\/p>\n<h6><strong>P\u0142atno\u015b\u0107 za towary:<\/strong><\/h6>\n<p>&#8211; za pomoc\u0105 system\u00f3w bankowo\u015bci internetowej banku;<\/p>\n<p>&#8211; karty kredytowe i debetowe;<\/p>\n<p>&#8211; przelewem bankowym z g\u00f3ry;<\/p>\n<p>&#8211; got\u00f3wk\u0105 w naszym sklepie (Ba\u017eny\u010dios g. 38, Marijampol\u0117 68309 (wewn\u0105trz centrum handlowego MAXIMA).<\/p>\n<h6><strong>Nasze produkty:<\/strong><\/h6>\n<p>Sprzedawane przez nas zapachy s\u0105 w 99% podobne do oryginalnych zapach\u00f3w marki, ale nie powinny by\u0107 z nimi mylone.<\/p>\n<p>Wszystkie u\u017cyte nazwy s\u0105 chronione prawami autorskimi producent\u00f3w lub projektant\u00f3w.<\/p>\n<p>Pytania? Zadzwo\u0144 pod numer +370 645 17041 lub wy\u015blij wiadomo\u015b\u0107 e-mail na adres pardavimai@perfumessence.eu.<\/p>\n<p>Je\u015bli nie mo\u017cesz znale\u017a\u0107 informacji, kt\u00f3rych szukasz na stronie internetowej lub je\u015bli jeste\u015b zainteresowany niestandardowym zam\u00f3wieniem, mo\u017cesz zada\u0107 nam wszelkie pytania, a my do\u0142o\u017cymy wszelkich stara\u0144, aby odpowiedzie\u0107 na nie tak szybko, jak to mo\u017cliwe.<\/p>\n","protected":false},"excerpt":{"rendered":"<p><em><strong>Tajemniczy, czaruj\u0105cy i urzekaj\u0105cy, pomaga stworzy\u0107 wizerunek promiennej, uduchowionej i harmonijnej kobiety.<\/strong><\/em><\/p>\n<p>Pr\u00f3bka zapachu o pojemno\u015bci 1 <strong>,2<\/strong> ml s\u0142u\u017cy do zapoznania si\u0119 z zapachem Samsara.<\/p>\n","protected":false},"featured_media":19688,"comment_status":"open","ping_status":"closed","template":"","meta":{"site-sidebar-layout":"default","site-content-layout":"default","ast-site-content-layout":"","site-content-style":"default","site-sidebar-style":"default","ast-global-header-display":"","ast-banner-title-visibility":"","ast-main-header-display":"","ast-hfb-above-header-display":"","ast-hfb-below-header-display":"","ast-hfb-mobile-header-display":"","site-post-title":"","ast-breadcrumbs-content":"","ast-featured-img":"","footer-sml-layout":"","theme-transparent-header-meta":"default","adv-header-id-meta":"","stick-header-meta":"default","header-above-stick-meta":"","header-main-stick-meta":"","header-below-stick-meta":"","astra-migrate-meta-layouts":"default","ast-page-background-enabled":"default","ast-page-background-meta":{"desktop":{"background-color":"var(--ast-global-color-4)","background-image":"","background-repeat":"repeat","background-position":"center center","background-size":"auto","background-attachment":"scroll","background-type":"","background-media":"","overlay-type":"","overlay-color":"","overlay-gradient":""},"tablet":{"background-color":"","background-image":"","background-repeat":"repeat","background-position":"center center","background-size":"auto","background-attachment":"scroll","background-type":"","background-media":"","overlay-type":"","overlay-color":"","overlay-gradient":""},"mobile":{"background-color":"","background-image":"","background-repeat":"repeat","background-position":"center center","background-size":"auto","background-attachment":"scroll","background-type":"","background-media":"","overlay-type":"","overlay-color":"","overlay-gradient":""}},"ast-content-background-meta":{"desktop":{"background-color":"var(--ast-global-color-5)","background-image":"","background-repeat":"repeat","background-position":"center center","background-size":"auto","background-attachment":"scroll","background-type":"","background-media":"","overlay-type":"","overlay-color":"","overlay-gradient":""},"tablet":{"background-color":"var(--ast-global-color-5)","background-image":"","background-repeat":"repeat","background-position":"center center","background-size":"auto","background-attachment":"scroll","background-type":"","background-media":"","overlay-type":"","overlay-color":"","overlay-gradient":""},"mobile":{"background-color":"var(--ast-global-color-5)","background-image":"","background-repeat":"repeat","background-position":"center center","background-size":"auto","background-attachment":"scroll","background-type":"","background-media":"","overlay-type":"","overlay-color":"","overlay-gradient":""}}},"product_cat":[497],"product_tag":[498,495,496],"natos":[508,507,511,503,504,501,505,513,499,502,514,509,500,510,506],"acf":[],"yoast_head":"<!-- This site is optimized with the Yoast SEO plugin v21.7 - https:\/\/yoast.com\/wordpress\/plugins\/seo\/ -->\n<title>IK-46. Tester Samsara - Perfumessence<\/title>\n<meta name=\"description\" content=\"Klasyczny, wyrafinowany i wzbudzaj\u0105cy po\u017c\u0105danie zapach tych perfum jest odpowiedni na romantyczne okazje i do codziennego u\u017cytku.Pr\u00f3bka 1,2 ml.\" \/>\n<meta name=\"robots\" content=\"index, follow, max-snippet:-1, max-image-preview:large, max-video-preview:-1\" \/>\n<link rel=\"canonical\" href=\"https:\/\/perfumessence.eu\/pl\/produkt\/ik-46-tester-samsara\/\" \/>\n<meta property=\"og:locale\" content=\"pl_PL\" \/>\n<meta property=\"og:type\" content=\"article\" \/>\n<meta property=\"og:title\" content=\"IK-46. Tester Samsara - Perfumessence\" \/>\n<meta property=\"og:description\" content=\"Klasyczny, wyrafinowany i wzbudzaj\u0105cy po\u017c\u0105danie zapach tych perfum jest odpowiedni na romantyczne okazje i do codziennego u\u017cytku.Pr\u00f3bka 1,2 ml.\" \/>\n<meta property=\"og:url\" content=\"https:\/\/perfumessence.eu\/pl\/produkt\/ik-46-tester-samsara\/\" \/>\n<meta property=\"og:site_name\" content=\"Perfumessence\" \/>\n<meta property=\"article:publisher\" content=\"https:\/\/www.facebook.com\/Parfumerin%c4%97-esencija-424160218027238\/\" \/>\n<meta property=\"og:image\" content=\"https:\/\/perfumessence.eu\/wp-content\/uploads\/2024\/01\/tester-1.jpg\" \/>\n\t<meta property=\"og:image:width\" content=\"2480\" \/>\n\t<meta property=\"og:image:height\" content=\"2480\" \/>\n\t<meta property=\"og:image:type\" content=\"image\/jpeg\" \/>\n<meta name=\"twitter:card\" content=\"summary_large_image\" \/>\n<meta name=\"twitter:label1\" content=\"Szacowany czas czytania\" \/>\n\t<meta name=\"twitter:data1\" content=\"2 minuty\" \/>\n<script type=\"application\/ld+json\" class=\"yoast-schema-graph\">{\"@context\":\"https:\/\/schema.org\",\"@graph\":[{\"@type\":\"WebPage\",\"@id\":\"https:\/\/perfumessence.eu\/pl\/produkt\/ik-46-tester-samsara\/\",\"url\":\"https:\/\/perfumessence.eu\/pl\/produkt\/ik-46-tester-samsara\/\",\"name\":\"IK-46. Tester Samsara - Perfumessence\",\"isPartOf\":{\"@id\":\"https:\/\/perfumessence.eu\/pl\/#website\"},\"datePublished\":\"2022-06-02T17:31:41+00:00\",\"dateModified\":\"2022-06-02T17:31:41+00:00\",\"description\":\"Klasyczny, wyrafinowany i wzbudzaj\u0105cy po\u017c\u0105danie zapach tych perfum jest odpowiedni na romantyczne okazje i do codziennego u\u017cytku.Pr\u00f3bka 1,2 ml.\",\"breadcrumb\":{\"@id\":\"https:\/\/perfumessence.eu\/pl\/produkt\/ik-46-tester-samsara\/#breadcrumb\"},\"inLanguage\":\"pl-PL\",\"potentialAction\":[{\"@type\":\"ReadAction\",\"target\":[\"https:\/\/perfumessence.eu\/pl\/produkt\/ik-46-tester-samsara\/\"]}]},{\"@type\":\"BreadcrumbList\",\"@id\":\"https:\/\/perfumessence.eu\/pl\/produkt\/ik-46-tester-samsara\/#breadcrumb\",\"itemListElement\":[{\"@type\":\"ListItem\",\"position\":1,\"name\":\"Pagrindinis\",\"item\":\"https:\/\/perfumessence.eu\/pl\/\"},{\"@type\":\"ListItem\",\"position\":2,\"name\":\"Sklep\",\"item\":\"https:\/\/perfumessence.eu\/pl\/sklep\/\"},{\"@type\":\"ListItem\",\"position\":3,\"name\":\"IK-46. Tester Samsara\"}]},{\"@type\":\"WebSite\",\"@id\":\"https:\/\/perfumessence.eu\/pl\/#website\",\"url\":\"https:\/\/perfumessence.eu\/pl\/\",\"name\":\"Parfumerin\u0117 esencija\",\"description\":\"Perfume Oils and Sprays\",\"publisher\":{\"@id\":\"https:\/\/perfumessence.eu\/pl\/#organization\"},\"potentialAction\":[{\"@type\":\"SearchAction\",\"target\":{\"@type\":\"EntryPoint\",\"urlTemplate\":\"https:\/\/perfumessence.eu\/pl\/?s={search_term_string}\"},\"query-input\":\"required name=search_term_string\"}],\"inLanguage\":\"pl-PL\"},{\"@type\":\"Organization\",\"@id\":\"https:\/\/perfumessence.eu\/pl\/#organization\",\"name\":\"Parfumerin\u0117 esencija\",\"url\":\"https:\/\/perfumessence.eu\/pl\/\",\"logo\":{\"@type\":\"ImageObject\",\"inLanguage\":\"pl-PL\",\"@id\":\"https:\/\/perfumessence.eu\/pl\/#\/schema\/logo\/image\/\",\"url\":\"\",\"contentUrl\":\"\",\"caption\":\"Parfumerin\u0117 esencija\"},\"image\":{\"@id\":\"https:\/\/perfumessence.eu\/pl\/#\/schema\/logo\/image\/\"},\"sameAs\":[\"https:\/\/www.facebook.com\/Parfumerin\u0117-esencija-424160218027238\/\",\"https:\/\/www.youtube.com\/channel\/UC0RI-RLwg1UQwDbAF-7a-MA\"]}]}<\/script>\n<!-- \/ Yoast SEO plugin. -->","yoast_head_json":{"title":"IK-46. Tester Samsara - Perfumessence","description":"Klasyczny, wyrafinowany i wzbudzaj\u0105cy po\u017c\u0105danie zapach tych perfum jest odpowiedni na romantyczne okazje i do codziennego u\u017cytku.Pr\u00f3bka 1,2 ml.","robots":{"index":"index","follow":"follow","max-snippet":"max-snippet:-1","max-image-preview":"max-image-preview:large","max-video-preview":"max-video-preview:-1"},"canonical":"https:\/\/perfumessence.eu\/pl\/produkt\/ik-46-tester-samsara\/","og_locale":"pl_PL","og_type":"article","og_title":"IK-46. Tester Samsara - Perfumessence","og_description":"Klasyczny, wyrafinowany i wzbudzaj\u0105cy po\u017c\u0105danie zapach tych perfum jest odpowiedni na romantyczne okazje i do codziennego u\u017cytku.Pr\u00f3bka 1,2 ml.","og_url":"https:\/\/perfumessence.eu\/pl\/produkt\/ik-46-tester-samsara\/","og_site_name":"Perfumessence","article_publisher":"https:\/\/www.facebook.com\/Parfumerin%c4%97-esencija-424160218027238\/","og_image":[{"width":2480,"height":2480,"url":"https:\/\/perfumessence.eu\/wp-content\/uploads\/2024\/01\/tester-1.jpg","type":"image\/jpeg"}],"twitter_card":"summary_large_image","twitter_misc":{"Szacowany czas czytania":"2 minuty"},"schema":{"@context":"https:\/\/schema.org","@graph":[{"@type":"WebPage","@id":"https:\/\/perfumessence.eu\/pl\/produkt\/ik-46-tester-samsara\/","url":"https:\/\/perfumessence.eu\/pl\/produkt\/ik-46-tester-samsara\/","name":"IK-46. Tester Samsara - Perfumessence","isPartOf":{"@id":"https:\/\/perfumessence.eu\/pl\/#website"},"datePublished":"2022-06-02T17:31:41+00:00","dateModified":"2022-06-02T17:31:41+00:00","description":"Klasyczny, wyrafinowany i wzbudzaj\u0105cy po\u017c\u0105danie zapach tych perfum jest odpowiedni na romantyczne okazje i do codziennego u\u017cytku.Pr\u00f3bka 1,2 ml.","breadcrumb":{"@id":"https:\/\/perfumessence.eu\/pl\/produkt\/ik-46-tester-samsara\/#breadcrumb"},"inLanguage":"pl-PL","potentialAction":[{"@type":"ReadAction","target":["https:\/\/perfumessence.eu\/pl\/produkt\/ik-46-tester-samsara\/"]}]},{"@type":"BreadcrumbList","@id":"https:\/\/perfumessence.eu\/pl\/produkt\/ik-46-tester-samsara\/#breadcrumb","itemListElement":[{"@type":"ListItem","position":1,"name":"Pagrindinis","item":"https:\/\/perfumessence.eu\/pl\/"},{"@type":"ListItem","position":2,"name":"Sklep","item":"https:\/\/perfumessence.eu\/pl\/sklep\/"},{"@type":"ListItem","position":3,"name":"IK-46. Tester Samsara"}]},{"@type":"WebSite","@id":"https:\/\/perfumessence.eu\/pl\/#website","url":"https:\/\/perfumessence.eu\/pl\/","name":"Parfumerin\u0117 esencija","description":"Perfume Oils and Sprays","publisher":{"@id":"https:\/\/perfumessence.eu\/pl\/#organization"},"potentialAction":[{"@type":"SearchAction","target":{"@type":"EntryPoint","urlTemplate":"https:\/\/perfumessence.eu\/pl\/?s={search_term_string}"},"query-input":"required name=search_term_string"}],"inLanguage":"pl-PL"},{"@type":"Organization","@id":"https:\/\/perfumessence.eu\/pl\/#organization","name":"Parfumerin\u0117 esencija","url":"https:\/\/perfumessence.eu\/pl\/","logo":{"@type":"ImageObject","inLanguage":"pl-PL","@id":"https:\/\/perfumessence.eu\/pl\/#\/schema\/logo\/image\/","url":"","contentUrl":"","caption":"Parfumerin\u0117 esencija"},"image":{"@id":"https:\/\/perfumessence.eu\/pl\/#\/schema\/logo\/image\/"},"sameAs":["https:\/\/www.facebook.com\/Parfumerin\u0117-esencija-424160218027238\/","https:\/\/www.youtube.com\/channel\/UC0RI-RLwg1UQwDbAF-7a-MA"]}]}},"_links":{"self":[{"href":"https:\/\/perfumessence.eu\/pl\/wp-json\/wp\/v2\/product\/19687"}],"collection":[{"href":"https:\/\/perfumessence.eu\/pl\/wp-json\/wp\/v2\/product"}],"about":[{"href":"https:\/\/perfumessence.eu\/pl\/wp-json\/wp\/v2\/types\/product"}],"replies":[{"embeddable":true,"href":"https:\/\/perfumessence.eu\/pl\/wp-json\/wp\/v2\/comments?post=19687"}],"wp:featuredmedia":[{"embeddable":true,"href":"https:\/\/perfumessence.eu\/pl\/wp-json\/wp\/v2\/media\/19688"}],"wp:attachment":[{"href":"https:\/\/perfumessence.eu\/pl\/wp-json\/wp\/v2\/media?parent=19687"}],"wp:term":[{"taxonomy":"product_cat","embeddable":true,"href":"https:\/\/perfumessence.eu\/pl\/wp-json\/wp\/v2\/product_cat?post=19687"},{"taxonomy":"product_tag","embeddable":true,"href":"https:\/\/perfumessence.eu\/pl\/wp-json\/wp\/v2\/product_tag?post=19687"},{"taxonomy":"natos","embeddable":true,"href":"https:\/\/perfumessence.eu\/pl\/wp-json\/wp\/v2\/natos?post=19687"}],"curies":[{"name":"wp","href":"https:\/\/api.w.org\/{rel}","templated":true}]}}