{"id":19690,"date":"2022-06-02T20:43:48","date_gmt":"2022-06-02T17:43:48","guid":{"rendered":"https:\/\/perfumessence.eu\/product\/ik-74-seksowny-tester-graffiti\/"},"modified":"2022-06-02T20:43:48","modified_gmt":"2022-06-02T17:43:48","slug":"ik-74-seksowny-tester-graffiti","status":"publish","type":"product","link":"https:\/\/perfumessence.eu\/pl\/produkt\/ik-74-seksowny-tester-graffiti\/","title":{"rendered":"IK-74. Seksowny tester graffiti"},"content":{"rendered":"<p><strong>To kobiecy zapach, kt\u00f3ry uwodzi pi\u0119knymi, s\u0142odkimi nutami. Grejpfrut, truskawka, malina, konwalia, piwonia, kaszmir i wanilia daj\u0105 bardzo m\u0142odzie\u0144czy i s\u0142odko \u015bwie\u017cy kwiatowo-owocowy zapach. Zapach jest przeznaczony do codziennego u\u017cytku. Szczeg\u00f3lnie odpowiedni dla kobiet i dziewcz\u0105t o jasnej pigmentacji sk\u00f3ry.<\/strong><\/p>\n<h6><strong>Nuty g\u0142owy:<\/strong><\/h6>\n<figure id=\"attachment_18467\" aria-describedby=\"caption-attachment-18467\" style=\"width: 80px\" class=\"wp-caption alignleft\"><a href=\"https:\/\/perfumessence.eu\/natos\/avietes\/\"><img decoding=\"async\" class=\"wp-image-14886\" src=\"https:\/\/perfumessence.eu\/wp-content\/uploads\/2023\/02\/Avietes-vaisinis-aromatas.jpg\" alt=\"\" width=\"80\" height=\"80\" srcset=\"https:\/\/perfumessence.eu\/wp-content\/uploads\/2023\/02\/Avietes-vaisinis-aromatas.jpg 120w, https:\/\/perfumessence.eu\/wp-content\/uploads\/2023\/02\/Avietes-vaisinis-aromatas-100x100.jpg 100w, https:\/\/perfumessence.eu\/wp-content\/uploads\/2023\/02\/Avietes-vaisinis-aromatas-64x64.jpg 64w\" sizes=\"(max-width: 80px) 100vw, 80px\" \/><\/a><figcaption id=\"caption-attachment-18467\" class=\"wp-caption-text\">Aviet\u0117<\/figcaption><\/figure>\n<figure id=\"attachment_18695\" aria-describedby=\"caption-attachment-18695\" style=\"width: 80px\" class=\"wp-caption alignleft\"><a href=\"https:\/\/perfumessence.eu\/natos\/braskes\/\"><img decoding=\"async\" class=\"wp-image-15796\" src=\"https:\/\/perfumessence.eu\/wp-content\/uploads\/2023\/05\/braskes-t.webp\" alt=\"\" width=\"80\" height=\"80\" srcset=\"https:\/\/perfumessence.eu\/wp-content\/uploads\/2023\/05\/braskes-t.webp 120w, https:\/\/perfumessence.eu\/wp-content\/uploads\/2023\/05\/braskes-t-100x100.webp 100w, https:\/\/perfumessence.eu\/wp-content\/uploads\/2023\/05\/braskes-t-64x64.webp 64w\" sizes=\"(max-width: 80px) 100vw, 80px\" \/><\/a><figcaption id=\"caption-attachment-18695\" class=\"wp-caption-text\">Truskawka<\/figcaption><\/figure>\n<figure id=\"attachment_18693\" aria-describedby=\"caption-attachment-18693\" style=\"width: 80px\" class=\"wp-caption alignleft\"><a href=\"https:\/\/perfumessence.eu\/natos\/greipfurtas\/\"><img decoding=\"async\" class=\"wp-image-15793\" src=\"https:\/\/perfumessence.eu\/wp-content\/uploads\/2023\/05\/greipfurtas-t.webp\" alt=\"\" width=\"80\" height=\"80\" srcset=\"https:\/\/perfumessence.eu\/wp-content\/uploads\/2023\/05\/greipfurtas-t.webp 120w, https:\/\/perfumessence.eu\/wp-content\/uploads\/2023\/05\/greipfurtas-t-100x100.webp 100w, https:\/\/perfumessence.eu\/wp-content\/uploads\/2023\/05\/greipfurtas-t-64x64.webp 64w\" sizes=\"(max-width: 80px) 100vw, 80px\" \/><\/a><figcaption id=\"caption-attachment-18693\" class=\"wp-caption-text\">Greipfurt<\/figcaption><\/figure>\n<figure id=\"attachment_18469\" aria-describedby=\"caption-attachment-18469\" style=\"width: 80px\" class=\"wp-caption alignleft\"><a href=\"https:\/\/perfumessence.eu\/natos\/juodieji-serbentai\/\"><img loading=\"lazy\" decoding=\"async\" class=\"wp-image-14888\" src=\"https:\/\/perfumessence.eu\/wp-content\/uploads\/2023\/02\/Juodieji-serbentai.webp\" alt=\"\" width=\"80\" height=\"80\" srcset=\"https:\/\/perfumessence.eu\/wp-content\/uploads\/2023\/02\/Juodieji-serbentai.webp 120w, https:\/\/perfumessence.eu\/wp-content\/uploads\/2023\/02\/Juodieji-serbentai-100x100.webp 100w, https:\/\/perfumessence.eu\/wp-content\/uploads\/2023\/02\/Juodieji-serbentai-64x64.webp 64w\" sizes=\"(max-width: 80px) 100vw, 80px\" \/><\/a><figcaption id=\"caption-attachment-18469\" class=\"wp-caption-text\">Czarne porzeczki<\/figcaption><\/figure>\n<figure id=\"attachment_18614\" aria-describedby=\"caption-attachment-18614\" style=\"width: 80px\" class=\"wp-caption alignleft\"><a href=\"https:\/\/perfumessence.eu\/natos\/serbentu-lapai\/\"><img loading=\"lazy\" decoding=\"async\" class=\"wp-image-15591\" src=\"https:\/\/perfumessence.eu\/wp-content\/uploads\/2023\/04\/Serbentu-lapai-t.webp\" alt=\"\" width=\"80\" height=\"80\" srcset=\"https:\/\/perfumessence.eu\/wp-content\/uploads\/2023\/04\/Serbentu-lapai-t.webp 120w, https:\/\/perfumessence.eu\/wp-content\/uploads\/2023\/04\/Serbentu-lapai-t-100x100.webp 100w, https:\/\/perfumessence.eu\/wp-content\/uploads\/2023\/04\/Serbentu-lapai-t-64x64.webp 64w\" sizes=\"(max-width: 80px) 100vw, 80px\" \/><\/a><figcaption id=\"caption-attachment-18614\" class=\"wp-caption-text\">Li\u015bcie porzeczki<\/figcaption><\/figure>\n<h6><strong>Nuty \u015brodkowe:<\/strong><\/h6>\n<figure id=\"attachment_18565\" aria-describedby=\"caption-attachment-18565\" style=\"width: 80px\" class=\"wp-caption alignleft\"><a href=\"https:\/\/perfumessence.eu\/natos\/zibuokles\/\"><img loading=\"lazy\" decoding=\"async\" class=\"wp-image-15478\" src=\"https:\/\/perfumessence.eu\/wp-content\/uploads\/2023\/04\/zibuoklest.webp\" alt=\"\" width=\"80\" height=\"80\" srcset=\"https:\/\/perfumessence.eu\/wp-content\/uploads\/2023\/04\/zibuoklest.webp 120w, https:\/\/perfumessence.eu\/wp-content\/uploads\/2023\/04\/zibuoklest-100x100.webp 100w, https:\/\/perfumessence.eu\/wp-content\/uploads\/2023\/04\/zibuoklest-64x64.webp 64w\" sizes=\"(max-width: 80px) 100vw, 80px\" \/><\/a><figcaption id=\"caption-attachment-18565\" class=\"wp-caption-text\">Fio\u0142ki<\/figcaption><\/figure>\n<figure id=\"attachment_18567\" aria-describedby=\"caption-attachment-18567\" style=\"width: 80px\" class=\"wp-caption alignleft\"><a href=\"https:\/\/perfumessence.eu\/natos\/bijunai\/\"><img loading=\"lazy\" decoding=\"async\" class=\"wp-image-15480\" src=\"https:\/\/perfumessence.eu\/wp-content\/uploads\/2023\/04\/bijunu-aromatas-t.webp\" alt=\"\" width=\"80\" height=\"80\" srcset=\"https:\/\/perfumessence.eu\/wp-content\/uploads\/2023\/04\/bijunu-aromatas-t.webp 120w, https:\/\/perfumessence.eu\/wp-content\/uploads\/2023\/04\/bijunu-aromatas-t-100x100.webp 100w, https:\/\/perfumessence.eu\/wp-content\/uploads\/2023\/04\/bijunu-aromatas-t-64x64.webp 64w\" sizes=\"(max-width: 80px) 100vw, 80px\" \/><\/a><figcaption id=\"caption-attachment-18567\" class=\"wp-caption-text\">Piwonie<\/figcaption><\/figure>\n<figure id=\"attachment_18628\" aria-describedby=\"caption-attachment-18628\" style=\"width: 80px\" class=\"wp-caption alignleft\"><a href=\"https:\/\/perfumessence.eu\/natos\/lelija\/\"><img loading=\"lazy\" decoding=\"async\" class=\"wp-image-15633\" src=\"https:\/\/perfumessence.eu\/wp-content\/uploads\/2023\/04\/lelija-t.webp\" alt=\"\" width=\"80\" height=\"80\" srcset=\"https:\/\/perfumessence.eu\/wp-content\/uploads\/2023\/04\/lelija-t.webp 120w, https:\/\/perfumessence.eu\/wp-content\/uploads\/2023\/04\/lelija-t-100x100.webp 100w, https:\/\/perfumessence.eu\/wp-content\/uploads\/2023\/04\/lelija-t-64x64.webp 64w\" sizes=\"(max-width: 80px) 100vw, 80px\" \/><\/a><figcaption id=\"caption-attachment-18628\" class=\"wp-caption-text\">Lily<\/figcaption><\/figure>\n<figure id=\"attachment_18497\" aria-describedby=\"caption-attachment-18497\" style=\"width: 80px\" class=\"wp-caption alignleft\"><a href=\"https:\/\/perfumessence.eu\/natos\/pakalnutes\/\"><img loading=\"lazy\" decoding=\"async\" class=\"wp-image-14971\" src=\"https:\/\/perfumessence.eu\/wp-content\/uploads\/2023\/02\/Pakalnute.webp\" alt=\"\" width=\"80\" height=\"80\" srcset=\"https:\/\/perfumessence.eu\/wp-content\/uploads\/2023\/02\/Pakalnute.webp 120w, https:\/\/perfumessence.eu\/wp-content\/uploads\/2023\/02\/Pakalnute-100x100.webp 100w, https:\/\/perfumessence.eu\/wp-content\/uploads\/2023\/02\/Pakalnute-64x64.webp 64w\" sizes=\"(max-width: 80px) 100vw, 80px\" \/><\/a><figcaption id=\"caption-attachment-18497\" class=\"wp-caption-text\">Konwalia<\/figcaption><\/figure>\n<h6><strong>Nuty bazy:<\/strong><\/h6>\n<figure id=\"attachment_18518\" aria-describedby=\"caption-attachment-18518\" style=\"width: 80px\" class=\"wp-caption alignleft\"><a href=\"https:\/\/perfumessence.eu\/natos\/vanile\/\"><img loading=\"lazy\" decoding=\"async\" class=\"wp-image-15084\" src=\"https:\/\/perfumessence.eu\/wp-content\/uploads\/2023\/03\/vaniles-nata.webp\" alt=\"\" width=\"80\" height=\"80\" srcset=\"https:\/\/perfumessence.eu\/wp-content\/uploads\/2023\/03\/vaniles-nata.webp 120w, https:\/\/perfumessence.eu\/wp-content\/uploads\/2023\/03\/vaniles-nata-100x100.webp 100w, https:\/\/perfumessence.eu\/wp-content\/uploads\/2023\/03\/vaniles-nata-64x64.webp 64w\" sizes=\"(max-width: 80px) 100vw, 80px\" \/><\/a><figcaption id=\"caption-attachment-18518\" class=\"wp-caption-text\">Wanilia<\/figcaption><\/figure>\n<figure id=\"attachment_18478\" aria-describedby=\"caption-attachment-18478\" style=\"width: 80px\" class=\"wp-caption alignleft\"><a href=\"https:\/\/perfumessence.eu\/natos\/muskusas\/\"><img loading=\"lazy\" decoding=\"async\" class=\"wp-image-14941\" src=\"https:\/\/perfumessence.eu\/wp-content\/uploads\/2023\/02\/muskusas.jpg\" alt=\"\" width=\"80\" height=\"80\" srcset=\"https:\/\/perfumessence.eu\/wp-content\/uploads\/2023\/02\/muskusas.jpg 120w, https:\/\/perfumessence.eu\/wp-content\/uploads\/2023\/02\/muskusas-100x100.jpg 100w, https:\/\/perfumessence.eu\/wp-content\/uploads\/2023\/02\/muskusas-64x64.jpg 64w\" sizes=\"(max-width: 80px) 100vw, 80px\" \/><\/a><figcaption id=\"caption-attachment-18478\" class=\"wp-caption-text\">Pi\u017cmo<\/figcaption><\/figure>\n<figure id=\"attachment_18534\" aria-describedby=\"caption-attachment-18534\" style=\"width: 80px\" class=\"wp-caption alignleft\"><a href=\"https:\/\/perfumessence.eu\/natos\/kasmyras\/\"><img loading=\"lazy\" decoding=\"async\" class=\"wp-image-15148\" src=\"https:\/\/perfumessence.eu\/wp-content\/uploads\/2023\/03\/Kasmyras.jpg\" alt=\"\" width=\"80\" height=\"80\" srcset=\"https:\/\/perfumessence.eu\/wp-content\/uploads\/2023\/03\/Kasmyras.jpg 120w, https:\/\/perfumessence.eu\/wp-content\/uploads\/2023\/03\/Kasmyras-100x100.jpg 100w, https:\/\/perfumessence.eu\/wp-content\/uploads\/2023\/03\/Kasmyras-64x64.jpg 64w\" sizes=\"(max-width: 80px) 100vw, 80px\" \/><\/a><figcaption id=\"caption-attachment-18534\" class=\"wp-caption-text\">Kaszmir<\/figcaption><\/figure>\n<h6><strong>Dostawa:<\/strong><\/h6>\n<p>&#8211; Na Litwie (kurier Venipak): w ci\u0105gu 1-3 dni d.;<\/p>\n<p>&#8211; inne kraje (Poczta Litewska): w ci\u0105gu 5-14 dni d.;<\/p>\n<p>&#8211; odbi\u00f3r w naszym sklepie (Ba\u017eny\u010dios g. 38, Marijampol\u0117 68309 (wewn\u0105trz supermarketu MAXIMA)): w dniu zakupu.<\/p>\n<h6><strong>P\u0142atno\u015b\u0107 za towary:<\/strong><\/h6>\n<p>&#8211; za pomoc\u0105 system\u00f3w bankowo\u015bci internetowej banku;<\/p>\n<p>&#8211; karty kredytowe i debetowe;<\/p>\n<p>&#8211; przelewem bankowym z g\u00f3ry;<\/p>\n<p>&#8211; got\u00f3wk\u0105 w naszym sklepie (Ba\u017eny\u010dios g. 38, Marijampol\u0117 68309 (wewn\u0105trz centrum handlowego MAXIMA).<\/p>\n<h6><strong>Nasze produkty:<\/strong><\/h6>\n<p>Sprzedawane przez nas zapachy s\u0105 w 99% podobne do oryginalnych zapach\u00f3w marki, ale nie powinny by\u0107 z nimi mylone.<\/p>\n<p>Wszystkie u\u017cyte nazwy s\u0105 chronione prawami autorskimi producent\u00f3w lub projektant\u00f3w.<\/p>\n<p>Pytania? Zadzwo\u0144 pod numer +370 645 17041 lub wy\u015blij wiadomo\u015b\u0107 e-mail na adres pardavimai@perfumessence.eu.<\/p>\n<p>Je\u015bli nie mo\u017cesz znale\u017a\u0107 informacji, kt\u00f3rych szukasz na stronie internetowej lub je\u015bli jeste\u015b zainteresowany niestandardowym zam\u00f3wieniem, mo\u017cesz zada\u0107 nam wszelkie pytania, a my do\u0142o\u017cymy wszelkich stara\u0144, aby odpowiedzie\u0107 na nie tak szybko, jak to mo\u017cliwe.<\/p>\n","protected":false},"excerpt":{"rendered":"<p><strong><em>Zapach dla kobiet, kt\u00f3re kochaj\u0105 s\u0142odkie zapachy.  <\/em><\/strong><\/p>\n<p>Pr\u00f3bka zapachu o pojemno\u015bci 1 <strong>,2<\/strong> ml s\u0142u\u017cy do zapoznania si\u0119 z zapachem Sexy Graffiti.<\/p>\n","protected":false},"featured_media":19688,"comment_status":"open","ping_status":"closed","template":"","meta":{"site-sidebar-layout":"default","site-content-layout":"default","ast-site-content-layout":"","site-content-style":"default","site-sidebar-style":"default","ast-global-header-display":"","ast-banner-title-visibility":"","ast-main-header-display":"","ast-hfb-above-header-display":"","ast-hfb-below-header-display":"","ast-hfb-mobile-header-display":"","site-post-title":"","ast-breadcrumbs-content":"","ast-featured-img":"","footer-sml-layout":"","theme-transparent-header-meta":"default","adv-header-id-meta":"","stick-header-meta":"default","header-above-stick-meta":"","header-main-stick-meta":"","header-below-stick-meta":"","astra-migrate-meta-layouts":"default","ast-page-background-enabled":"default","ast-page-background-meta":{"desktop":{"background-color":"var(--ast-global-color-4)","background-image":"","background-repeat":"repeat","background-position":"center center","background-size":"auto","background-attachment":"scroll","background-type":"","background-media":"","overlay-type":"","overlay-color":"","overlay-gradient":""},"tablet":{"background-color":"","background-image":"","background-repeat":"repeat","background-position":"center center","background-size":"auto","background-attachment":"scroll","background-type":"","background-media":"","overlay-type":"","overlay-color":"","overlay-gradient":""},"mobile":{"background-color":"","background-image":"","background-repeat":"repeat","background-position":"center center","background-size":"auto","background-attachment":"scroll","background-type":"","background-media":"","overlay-type":"","overlay-color":"","overlay-gradient":""}},"ast-content-background-meta":{"desktop":{"background-color":"var(--ast-global-color-5)","background-image":"","background-repeat":"repeat","background-position":"center center","background-size":"auto","background-attachment":"scroll","background-type":"","background-media":"","overlay-type":"","overlay-color":"","overlay-gradient":""},"tablet":{"background-color":"var(--ast-global-color-5)","background-image":"","background-repeat":"repeat","background-position":"center center","background-size":"auto","background-attachment":"scroll","background-type":"","background-media":"","overlay-type":"","overlay-color":"","overlay-gradient":""},"mobile":{"background-color":"var(--ast-global-color-5)","background-image":"","background-repeat":"repeat","background-position":"center center","background-size":"auto","background-attachment":"scroll","background-type":"","background-media":"","overlay-type":"","overlay-color":"","overlay-gradient":""}}},"product_cat":[497],"product_tag":[498,521,520],"natos":[523,513,529,526,528,524,522,502,525,527,530,510],"acf":[],"yoast_head":"<!-- This site is optimized with the Yoast SEO plugin v21.7 - https:\/\/yoast.com\/wordpress\/plugins\/seo\/ -->\n<title>IK-74. Seksowny tester graffiti - Perfumessence<\/title>\n<meta name=\"description\" content=\"Sexy Graffiti - zapach do codziennego u\u017cytku. Szczeg\u00f3lnie odpowiedni dla kobiet i dziewcz\u0105t o jasnej pigmentacji sk\u00f3ry.\" \/>\n<meta name=\"robots\" content=\"index, follow, max-snippet:-1, max-image-preview:large, max-video-preview:-1\" \/>\n<link rel=\"canonical\" href=\"https:\/\/perfumessence.eu\/pl\/produkt\/ik-74-seksowny-tester-graffiti\/\" \/>\n<meta property=\"og:locale\" content=\"pl_PL\" \/>\n<meta property=\"og:type\" content=\"article\" \/>\n<meta property=\"og:title\" content=\"IK-74. Seksowny tester graffiti - Perfumessence\" \/>\n<meta property=\"og:description\" content=\"Sexy Graffiti - zapach do codziennego u\u017cytku. Szczeg\u00f3lnie odpowiedni dla kobiet i dziewcz\u0105t o jasnej pigmentacji sk\u00f3ry.\" \/>\n<meta property=\"og:url\" content=\"https:\/\/perfumessence.eu\/pl\/produkt\/ik-74-seksowny-tester-graffiti\/\" \/>\n<meta property=\"og:site_name\" content=\"Perfumessence\" \/>\n<meta property=\"article:publisher\" content=\"https:\/\/www.facebook.com\/Parfumerin%c4%97-esencija-424160218027238\/\" \/>\n<meta property=\"og:image\" content=\"https:\/\/perfumessence.eu\/wp-content\/uploads\/2024\/01\/tester-1.jpg\" \/>\n\t<meta property=\"og:image:width\" content=\"2480\" \/>\n\t<meta property=\"og:image:height\" content=\"2480\" \/>\n\t<meta property=\"og:image:type\" content=\"image\/jpeg\" \/>\n<meta name=\"twitter:card\" content=\"summary_large_image\" \/>\n<meta name=\"twitter:label1\" content=\"Szacowany czas czytania\" \/>\n\t<meta name=\"twitter:data1\" content=\"2 minuty\" \/>\n<script type=\"application\/ld+json\" class=\"yoast-schema-graph\">{\"@context\":\"https:\/\/schema.org\",\"@graph\":[{\"@type\":\"WebPage\",\"@id\":\"https:\/\/perfumessence.eu\/pl\/produkt\/ik-74-seksowny-tester-graffiti\/\",\"url\":\"https:\/\/perfumessence.eu\/pl\/produkt\/ik-74-seksowny-tester-graffiti\/\",\"name\":\"IK-74. Seksowny tester graffiti - Perfumessence\",\"isPartOf\":{\"@id\":\"https:\/\/perfumessence.eu\/pl\/#website\"},\"datePublished\":\"2022-06-02T17:43:48+00:00\",\"dateModified\":\"2022-06-02T17:43:48+00:00\",\"description\":\"Sexy Graffiti - zapach do codziennego u\u017cytku. Szczeg\u00f3lnie odpowiedni dla kobiet i dziewcz\u0105t o jasnej pigmentacji sk\u00f3ry.\",\"breadcrumb\":{\"@id\":\"https:\/\/perfumessence.eu\/pl\/produkt\/ik-74-seksowny-tester-graffiti\/#breadcrumb\"},\"inLanguage\":\"pl-PL\",\"potentialAction\":[{\"@type\":\"ReadAction\",\"target\":[\"https:\/\/perfumessence.eu\/pl\/produkt\/ik-74-seksowny-tester-graffiti\/\"]}]},{\"@type\":\"BreadcrumbList\",\"@id\":\"https:\/\/perfumessence.eu\/pl\/produkt\/ik-74-seksowny-tester-graffiti\/#breadcrumb\",\"itemListElement\":[{\"@type\":\"ListItem\",\"position\":1,\"name\":\"Pagrindinis\",\"item\":\"https:\/\/perfumessence.eu\/pl\/\"},{\"@type\":\"ListItem\",\"position\":2,\"name\":\"Sklep\",\"item\":\"https:\/\/perfumessence.eu\/pl\/sklep\/\"},{\"@type\":\"ListItem\",\"position\":3,\"name\":\"IK-74. Seksowny tester graffiti\"}]},{\"@type\":\"WebSite\",\"@id\":\"https:\/\/perfumessence.eu\/pl\/#website\",\"url\":\"https:\/\/perfumessence.eu\/pl\/\",\"name\":\"Parfumerin\u0117 esencija\",\"description\":\"Perfume Oils and Sprays\",\"publisher\":{\"@id\":\"https:\/\/perfumessence.eu\/pl\/#organization\"},\"potentialAction\":[{\"@type\":\"SearchAction\",\"target\":{\"@type\":\"EntryPoint\",\"urlTemplate\":\"https:\/\/perfumessence.eu\/pl\/?s={search_term_string}\"},\"query-input\":\"required name=search_term_string\"}],\"inLanguage\":\"pl-PL\"},{\"@type\":\"Organization\",\"@id\":\"https:\/\/perfumessence.eu\/pl\/#organization\",\"name\":\"Parfumerin\u0117 esencija\",\"url\":\"https:\/\/perfumessence.eu\/pl\/\",\"logo\":{\"@type\":\"ImageObject\",\"inLanguage\":\"pl-PL\",\"@id\":\"https:\/\/perfumessence.eu\/pl\/#\/schema\/logo\/image\/\",\"url\":\"\",\"contentUrl\":\"\",\"caption\":\"Parfumerin\u0117 esencija\"},\"image\":{\"@id\":\"https:\/\/perfumessence.eu\/pl\/#\/schema\/logo\/image\/\"},\"sameAs\":[\"https:\/\/www.facebook.com\/Parfumerin\u0117-esencija-424160218027238\/\",\"https:\/\/www.youtube.com\/channel\/UC0RI-RLwg1UQwDbAF-7a-MA\"]}]}<\/script>\n<!-- \/ Yoast SEO plugin. -->","yoast_head_json":{"title":"IK-74. Seksowny tester graffiti - Perfumessence","description":"Sexy Graffiti - zapach do codziennego u\u017cytku. Szczeg\u00f3lnie odpowiedni dla kobiet i dziewcz\u0105t o jasnej pigmentacji sk\u00f3ry.","robots":{"index":"index","follow":"follow","max-snippet":"max-snippet:-1","max-image-preview":"max-image-preview:large","max-video-preview":"max-video-preview:-1"},"canonical":"https:\/\/perfumessence.eu\/pl\/produkt\/ik-74-seksowny-tester-graffiti\/","og_locale":"pl_PL","og_type":"article","og_title":"IK-74. Seksowny tester graffiti - Perfumessence","og_description":"Sexy Graffiti - zapach do codziennego u\u017cytku. Szczeg\u00f3lnie odpowiedni dla kobiet i dziewcz\u0105t o jasnej pigmentacji sk\u00f3ry.","og_url":"https:\/\/perfumessence.eu\/pl\/produkt\/ik-74-seksowny-tester-graffiti\/","og_site_name":"Perfumessence","article_publisher":"https:\/\/www.facebook.com\/Parfumerin%c4%97-esencija-424160218027238\/","og_image":[{"width":2480,"height":2480,"url":"https:\/\/perfumessence.eu\/wp-content\/uploads\/2024\/01\/tester-1.jpg","type":"image\/jpeg"}],"twitter_card":"summary_large_image","twitter_misc":{"Szacowany czas czytania":"2 minuty"},"schema":{"@context":"https:\/\/schema.org","@graph":[{"@type":"WebPage","@id":"https:\/\/perfumessence.eu\/pl\/produkt\/ik-74-seksowny-tester-graffiti\/","url":"https:\/\/perfumessence.eu\/pl\/produkt\/ik-74-seksowny-tester-graffiti\/","name":"IK-74. Seksowny tester graffiti - Perfumessence","isPartOf":{"@id":"https:\/\/perfumessence.eu\/pl\/#website"},"datePublished":"2022-06-02T17:43:48+00:00","dateModified":"2022-06-02T17:43:48+00:00","description":"Sexy Graffiti - zapach do codziennego u\u017cytku. Szczeg\u00f3lnie odpowiedni dla kobiet i dziewcz\u0105t o jasnej pigmentacji sk\u00f3ry.","breadcrumb":{"@id":"https:\/\/perfumessence.eu\/pl\/produkt\/ik-74-seksowny-tester-graffiti\/#breadcrumb"},"inLanguage":"pl-PL","potentialAction":[{"@type":"ReadAction","target":["https:\/\/perfumessence.eu\/pl\/produkt\/ik-74-seksowny-tester-graffiti\/"]}]},{"@type":"BreadcrumbList","@id":"https:\/\/perfumessence.eu\/pl\/produkt\/ik-74-seksowny-tester-graffiti\/#breadcrumb","itemListElement":[{"@type":"ListItem","position":1,"name":"Pagrindinis","item":"https:\/\/perfumessence.eu\/pl\/"},{"@type":"ListItem","position":2,"name":"Sklep","item":"https:\/\/perfumessence.eu\/pl\/sklep\/"},{"@type":"ListItem","position":3,"name":"IK-74. Seksowny tester graffiti"}]},{"@type":"WebSite","@id":"https:\/\/perfumessence.eu\/pl\/#website","url":"https:\/\/perfumessence.eu\/pl\/","name":"Parfumerin\u0117 esencija","description":"Perfume Oils and Sprays","publisher":{"@id":"https:\/\/perfumessence.eu\/pl\/#organization"},"potentialAction":[{"@type":"SearchAction","target":{"@type":"EntryPoint","urlTemplate":"https:\/\/perfumessence.eu\/pl\/?s={search_term_string}"},"query-input":"required name=search_term_string"}],"inLanguage":"pl-PL"},{"@type":"Organization","@id":"https:\/\/perfumessence.eu\/pl\/#organization","name":"Parfumerin\u0117 esencija","url":"https:\/\/perfumessence.eu\/pl\/","logo":{"@type":"ImageObject","inLanguage":"pl-PL","@id":"https:\/\/perfumessence.eu\/pl\/#\/schema\/logo\/image\/","url":"","contentUrl":"","caption":"Parfumerin\u0117 esencija"},"image":{"@id":"https:\/\/perfumessence.eu\/pl\/#\/schema\/logo\/image\/"},"sameAs":["https:\/\/www.facebook.com\/Parfumerin\u0117-esencija-424160218027238\/","https:\/\/www.youtube.com\/channel\/UC0RI-RLwg1UQwDbAF-7a-MA"]}]}},"_links":{"self":[{"href":"https:\/\/perfumessence.eu\/pl\/wp-json\/wp\/v2\/product\/19690"}],"collection":[{"href":"https:\/\/perfumessence.eu\/pl\/wp-json\/wp\/v2\/product"}],"about":[{"href":"https:\/\/perfumessence.eu\/pl\/wp-json\/wp\/v2\/types\/product"}],"replies":[{"embeddable":true,"href":"https:\/\/perfumessence.eu\/pl\/wp-json\/wp\/v2\/comments?post=19690"}],"wp:featuredmedia":[{"embeddable":true,"href":"https:\/\/perfumessence.eu\/pl\/wp-json\/wp\/v2\/media\/19688"}],"wp:attachment":[{"href":"https:\/\/perfumessence.eu\/pl\/wp-json\/wp\/v2\/media?parent=19690"}],"wp:term":[{"taxonomy":"product_cat","embeddable":true,"href":"https:\/\/perfumessence.eu\/pl\/wp-json\/wp\/v2\/product_cat?post=19690"},{"taxonomy":"product_tag","embeddable":true,"href":"https:\/\/perfumessence.eu\/pl\/wp-json\/wp\/v2\/product_tag?post=19690"},{"taxonomy":"natos","embeddable":true,"href":"https:\/\/perfumessence.eu\/pl\/wp-json\/wp\/v2\/natos?post=19690"}],"curies":[{"name":"wp","href":"https:\/\/api.w.org\/{rel}","templated":true}]}}