{"id":19714,"date":"2018-05-19T11:16:33","date_gmt":"2018-05-19T08:16:33","guid":{"rendered":"https:\/\/perfumessence.eu\/product\/ik-77-allure-sport\/"},"modified":"2024-01-23T16:34:45","modified_gmt":"2024-01-23T13:34:45","slug":"ik-77-allure-sport","status":"publish","type":"product","link":"https:\/\/perfumessence.eu\/pl\/produkt\/ik-77-allure-sport\/","title":{"rendered":"IK-77. Allure Sport"},"content":{"rendered":"<p><strong>&#8222;Allure Sport to \u015bwie\u017cy, po\u017c\u0105dliwy, jasny i mocny zapach! To orze\u017awiaj\u0105cy, a jednocze\u015bnie zmys\u0142owo ciep\u0142y m\u0119ski koktajl. Pomagaj\u0105 w tym sza\u0142wia, mandarynka, mi\u0119ta, cyprys, czarny pieprz, pi\u017cmo, drzewo sanda\u0142owe, drzewo cedrowe i tongapupi.<\/strong><\/p>\n<h6><strong>Nuty g\u0142owy:<\/strong><\/h6>\n<figure id=\"attachment_19721\" aria-describedby=\"caption-attachment-19721\" style=\"width: 80px\" class=\"wp-caption alignleft\"><a href=\"https:\/\/perfumessence.eu\/natos\/meta\/\"><img decoding=\"async\" class=\"wp-image-15891\" src=\"https:\/\/perfumessence.eu\/wp-content\/uploads\/2023\/05\/Meta-t.160.jpg\" alt=\"\" width=\"80\" height=\"80\" srcset=\"https:\/\/perfumessence.eu\/wp-content\/uploads\/2023\/05\/Meta-t.160.jpg 120w, https:\/\/perfumessence.eu\/wp-content\/uploads\/2023\/05\/Meta-t.160-100x100.jpg 100w, https:\/\/perfumessence.eu\/wp-content\/uploads\/2023\/05\/Meta-t.160-64x64.jpg 64w\" sizes=\"(max-width: 80px) 100vw, 80px\" \/><\/a><figcaption id=\"caption-attachment-19721\" class=\"wp-caption-text\">Mi\u0119ta<\/figcaption><\/figure>\n<figure id=\"attachment_18719\" aria-describedby=\"caption-attachment-18719\" style=\"width: 80px\" class=\"wp-caption alignleft\"><a href=\"https:\/\/perfumessence.eu\/natos\/salavijas\/\"><img decoding=\"async\" class=\"wp-image-15837\" src=\"https:\/\/perfumessence.eu\/wp-content\/uploads\/2023\/05\/Salavijas-t.webp\" alt=\"\" width=\"80\" height=\"80\" srcset=\"https:\/\/perfumessence.eu\/wp-content\/uploads\/2023\/05\/Salavijas-t.webp 120w, https:\/\/perfumessence.eu\/wp-content\/uploads\/2023\/05\/Salavijas-t-100x100.webp 100w, https:\/\/perfumessence.eu\/wp-content\/uploads\/2023\/05\/Salavijas-t-64x64.webp 64w\" sizes=\"(max-width: 80px) 100vw, 80px\" \/><\/a><figcaption id=\"caption-attachment-18719\" class=\"wp-caption-text\">M\u0119drzec<\/figcaption><\/figure>\n<figure id=\"attachment_18635\" aria-describedby=\"caption-attachment-18635\" style=\"width: 80px\" class=\"wp-caption alignleft\"><a href=\"https:\/\/perfumessence.eu\/natos\/mandarinai\/\"><img decoding=\"async\" class=\"wp-image-15651\" src=\"https:\/\/perfumessence.eu\/wp-content\/uploads\/2023\/04\/mandarinai-t.82.jpg\" alt=\"\" width=\"80\" height=\"80\" srcset=\"https:\/\/perfumessence.eu\/wp-content\/uploads\/2023\/04\/mandarinai-t.82.jpg 120w, https:\/\/perfumessence.eu\/wp-content\/uploads\/2023\/04\/mandarinai-t.82-100x100.jpg 100w, https:\/\/perfumessence.eu\/wp-content\/uploads\/2023\/04\/mandarinai-t.82-64x64.jpg 64w\" sizes=\"(max-width: 80px) 100vw, 80px\" \/><\/a><figcaption id=\"caption-attachment-18635\" class=\"wp-caption-text\">Mandarynki<\/figcaption><\/figure>\n<h6><strong>Nuty \u015brodkowe:<\/strong><\/h6>\n<figure id=\"attachment_19722\" aria-describedby=\"caption-attachment-19722\" style=\"width: 80px\" class=\"wp-caption alignleft\"><a href=\"https:\/\/perfumessence.eu\/natos\/kiparisas\/\"><img loading=\"lazy\" decoding=\"async\" class=\"wp-image-15893\" src=\"https:\/\/perfumessence.eu\/wp-content\/uploads\/2023\/05\/kiparisas-t.webp\" alt=\"\" width=\"80\" height=\"80\" srcset=\"https:\/\/perfumessence.eu\/wp-content\/uploads\/2023\/05\/kiparisas-t.webp 120w, https:\/\/perfumessence.eu\/wp-content\/uploads\/2023\/05\/kiparisas-t-100x100.webp 100w, https:\/\/perfumessence.eu\/wp-content\/uploads\/2023\/05\/kiparisas-t-64x64.webp 64w\" sizes=\"(max-width: 80px) 100vw, 80px\" \/><\/a><figcaption id=\"caption-attachment-19722\" class=\"wp-caption-text\">Cyprys<\/figcaption><\/figure>\n<figure id=\"attachment_18478\" aria-describedby=\"caption-attachment-18478\" style=\"width: 80px\" class=\"wp-caption alignleft\"><a href=\"https:\/\/perfumessence.eu\/natos\/muskusas\/\"><img loading=\"lazy\" decoding=\"async\" class=\"wp-image-14941\" src=\"https:\/\/perfumessence.eu\/wp-content\/uploads\/2023\/02\/muskusas.jpg\" alt=\"\" width=\"80\" height=\"80\" srcset=\"https:\/\/perfumessence.eu\/wp-content\/uploads\/2023\/02\/muskusas.jpg 120w, https:\/\/perfumessence.eu\/wp-content\/uploads\/2023\/02\/muskusas-100x100.jpg 100w, https:\/\/perfumessence.eu\/wp-content\/uploads\/2023\/02\/muskusas-64x64.jpg 64w\" sizes=\"(max-width: 80px) 100vw, 80px\" \/><\/a><figcaption id=\"caption-attachment-18478\" class=\"wp-caption-text\">Pi\u017cmo<\/figcaption><\/figure>\n<figure id=\"attachment_19720\" aria-describedby=\"caption-attachment-19720\" style=\"width: 80px\" class=\"wp-caption alignleft\"><a href=\"https:\/\/perfumessence.eu\/natos\/juodieji-pipirai\/\"><img loading=\"lazy\" decoding=\"async\" class=\"wp-image-15889\" src=\"https:\/\/perfumessence.eu\/wp-content\/uploads\/2023\/05\/Juodieji-pipirai-t.webp\" alt=\"\" width=\"80\" height=\"80\" srcset=\"https:\/\/perfumessence.eu\/wp-content\/uploads\/2023\/05\/Juodieji-pipirai-t.webp 120w, https:\/\/perfumessence.eu\/wp-content\/uploads\/2023\/05\/Juodieji-pipirai-t-100x100.webp 100w, https:\/\/perfumessence.eu\/wp-content\/uploads\/2023\/05\/Juodieji-pipirai-t-64x64.webp 64w\" sizes=\"(max-width: 80px) 100vw, 80px\" \/><\/a><figcaption id=\"caption-attachment-19720\" class=\"wp-caption-text\">Czarny pieprz<\/figcaption><\/figure>\n<h6><strong>Nuty bazy:<\/strong><\/h6>\n<figure id=\"attachment_18460\" aria-describedby=\"caption-attachment-18460\" style=\"width: 80px\" class=\"wp-caption alignleft\"><a href=\"https:\/\/perfumessence.eu\/natos\/kedras\/\"><img loading=\"lazy\" decoding=\"async\" class=\"wp-image-14877\" src=\"https:\/\/perfumessence.eu\/wp-content\/uploads\/2023\/02\/kedro-aromatas.webp\" alt=\"\" width=\"80\" height=\"80\" srcset=\"https:\/\/perfumessence.eu\/wp-content\/uploads\/2023\/02\/kedro-aromatas.webp 120w, https:\/\/perfumessence.eu\/wp-content\/uploads\/2023\/02\/kedro-aromatas-100x100.webp 100w, https:\/\/perfumessence.eu\/wp-content\/uploads\/2023\/02\/kedro-aromatas-64x64.webp 64w\" sizes=\"(max-width: 80px) 100vw, 80px\" \/><\/a><figcaption id=\"caption-attachment-18460\" class=\"wp-caption-text\">Cedr<\/figcaption><\/figure>\n<figure id=\"attachment_18477\" aria-describedby=\"caption-attachment-18477\" style=\"width: 80px\" class=\"wp-caption alignleft\"><a href=\"https:\/\/perfumessence.eu\/natos\/sandalmedis\/\"><img loading=\"lazy\" decoding=\"async\" class=\"wp-image-14940\" src=\"https:\/\/perfumessence.eu\/wp-content\/uploads\/2023\/02\/sandalmedis.jpg\" alt=\"\" width=\"80\" height=\"80\" srcset=\"https:\/\/perfumessence.eu\/wp-content\/uploads\/2023\/02\/sandalmedis.jpg 120w, https:\/\/perfumessence.eu\/wp-content\/uploads\/2023\/02\/sandalmedis-100x100.jpg 100w, https:\/\/perfumessence.eu\/wp-content\/uploads\/2023\/02\/sandalmedis-64x64.jpg 64w\" sizes=\"(max-width: 80px) 100vw, 80px\" \/><\/a><figcaption id=\"caption-attachment-18477\" class=\"wp-caption-text\">Drzewo sanda\u0142owe<\/figcaption><\/figure>\n<figure id=\"attachment_18499\" aria-describedby=\"caption-attachment-18499\" style=\"width: 80px\" class=\"wp-caption alignleft\"><a href=\"https:\/\/perfumessence.eu\/natos\/tonka-pupeles\/\"><img loading=\"lazy\" decoding=\"async\" class=\"wp-image-14973\" src=\"https:\/\/perfumessence.eu\/wp-content\/uploads\/2023\/02\/tonka-pupeles.webp\" alt=\"\" width=\"80\" height=\"80\" srcset=\"https:\/\/perfumessence.eu\/wp-content\/uploads\/2023\/02\/tonka-pupeles.webp 120w, https:\/\/perfumessence.eu\/wp-content\/uploads\/2023\/02\/tonka-pupeles-100x100.webp 100w, https:\/\/perfumessence.eu\/wp-content\/uploads\/2023\/02\/tonka-pupeles-64x64.webp 64w\" sizes=\"(max-width: 80px) 100vw, 80px\" \/><\/a><figcaption id=\"caption-attachment-18499\" class=\"wp-caption-text\">Fasola tonka<\/figcaption><\/figure>\n<h6><strong>Dostawa:<\/strong><\/h6>\n","protected":false},"excerpt":{"rendered":"<p><strong><em>To m\u0119ski koktajl pe\u0142en przypraw i aromatycznej \u015bwie\u017co\u015bci.<\/em><\/strong><\/p>\n<p><strong>Esencja<\/strong> to aromatyczna cz\u0119\u015b\u0107 zapachu w sprayu &#8211; koncentrat.<\/p>\n<p><strong>Atomizer<\/strong> to butelka z rozpylaczem zawieraj\u0105ca wzmocnione perfumy.<\/p>\n","protected":false},"featured_media":19702,"comment_status":"open","ping_status":"closed","template":"","meta":{"site-sidebar-layout":"default","site-content-layout":"default","ast-site-content-layout":"","site-content-style":"default","site-sidebar-style":"default","ast-global-header-display":"","ast-banner-title-visibility":"","ast-main-header-display":"","ast-hfb-above-header-display":"","ast-hfb-below-header-display":"","ast-hfb-mobile-header-display":"","site-post-title":"","ast-breadcrumbs-content":"","ast-featured-img":"","footer-sml-layout":"","theme-transparent-header-meta":"default","adv-header-id-meta":"","stick-header-meta":"default","header-above-stick-meta":"","header-main-stick-meta":"","header-below-stick-meta":"","astra-migrate-meta-layouts":"default","ast-page-background-enabled":"default","ast-page-background-meta":{"desktop":{"background-color":"var(--ast-global-color-4)","background-image":"","background-repeat":"repeat","background-position":"center center","background-size":"auto","background-attachment":"scroll","background-type":"","background-media":"","overlay-type":"","overlay-color":"","overlay-gradient":""},"tablet":{"background-color":"","background-image":"","background-repeat":"repeat","background-position":"center center","background-size":"auto","background-attachment":"scroll","background-type":"","background-media":"","overlay-type":"","overlay-color":"","overlay-gradient":""},"mobile":{"background-color":"","background-image":"","background-repeat":"repeat","background-position":"center center","background-size":"auto","background-attachment":"scroll","background-type":"","background-media":"","overlay-type":"","overlay-color":"","overlay-gradient":""}},"ast-content-background-meta":{"desktop":{"background-color":"var(--ast-global-color-5)","background-image":"","background-repeat":"repeat","background-position":"center center","background-size":"auto","background-attachment":"scroll","background-type":"","background-media":"","overlay-type":"","overlay-color":"","overlay-gradient":""},"tablet":{"background-color":"var(--ast-global-color-5)","background-image":"","background-repeat":"repeat","background-position":"center center","background-size":"auto","background-attachment":"scroll","background-type":"","background-media":"","overlay-type":"","overlay-color":"","overlay-gradient":""},"mobile":{"background-color":"var(--ast-global-color-5)","background-image":"","background-repeat":"repeat","background-position":"center center","background-size":"auto","background-attachment":"scroll","background-type":"","background-media":"","overlay-type":"","overlay-color":"","overlay-gradient":""}}},"product_cat":[547,556],"product_tag":[532,544],"natos":[534,560,558,501,505,517,557,559,502],"acf":[],"yoast_head":"<!-- This site is optimized with the Yoast SEO plugin v21.7 - https:\/\/yoast.com\/wordpress\/plugins\/seo\/ -->\n<title>IK-77. Allure Sport - Perfumessence<\/title>\n<meta name=\"description\" content=\"Allure Sport - \u015bwie\u017cy, po\u017c\u0105dliwy, jasny i mocny zapach! To orze\u017awiaj\u0105cy, a jednocze\u015bnie zmys\u0142owo ciep\u0142y m\u0119ski koktajl.\" \/>\n<meta name=\"robots\" content=\"index, follow, max-snippet:-1, max-image-preview:large, max-video-preview:-1\" \/>\n<link rel=\"canonical\" href=\"https:\/\/perfumessence.eu\/pl\/produkt\/ik-77-allure-sport\/\" \/>\n<meta property=\"og:locale\" content=\"pl_PL\" \/>\n<meta property=\"og:type\" content=\"article\" \/>\n<meta property=\"og:title\" content=\"IK-77. Allure Sport - Perfumessence\" \/>\n<meta property=\"og:description\" content=\"Allure Sport - \u015bwie\u017cy, po\u017c\u0105dliwy, jasny i mocny zapach! To orze\u017awiaj\u0105cy, a jednocze\u015bnie zmys\u0142owo ciep\u0142y m\u0119ski koktajl.\" \/>\n<meta property=\"og:url\" content=\"https:\/\/perfumessence.eu\/pl\/produkt\/ik-77-allure-sport\/\" \/>\n<meta property=\"og:site_name\" content=\"Perfumessence\" \/>\n<meta property=\"article:publisher\" content=\"https:\/\/www.facebook.com\/Parfumerin%c4%97-esencija-424160218027238\/\" \/>\n<meta property=\"article:modified_time\" content=\"2024-01-23T13:34:45+00:00\" \/>\n<meta property=\"og:image\" content=\"https:\/\/perfumessence.eu\/wp-content\/uploads\/2024\/01\/template-12ml-oil-perfume-scaled.jpg\" \/>\n\t<meta property=\"og:image:width\" content=\"2560\" \/>\n\t<meta property=\"og:image:height\" content=\"2560\" \/>\n\t<meta property=\"og:image:type\" content=\"image\/jpeg\" \/>\n<meta name=\"twitter:card\" content=\"summary_large_image\" \/>\n<meta name=\"twitter:label1\" content=\"Szacowany czas czytania\" \/>\n\t<meta name=\"twitter:data1\" content=\"1 minuta\" \/>\n<script type=\"application\/ld+json\" class=\"yoast-schema-graph\">{\"@context\":\"https:\/\/schema.org\",\"@graph\":[{\"@type\":\"WebPage\",\"@id\":\"https:\/\/perfumessence.eu\/pl\/produkt\/ik-77-allure-sport\/\",\"url\":\"https:\/\/perfumessence.eu\/pl\/produkt\/ik-77-allure-sport\/\",\"name\":\"IK-77. Allure Sport - Perfumessence\",\"isPartOf\":{\"@id\":\"https:\/\/perfumessence.eu\/pl\/#website\"},\"datePublished\":\"2018-05-19T08:16:33+00:00\",\"dateModified\":\"2024-01-23T13:34:45+00:00\",\"description\":\"Allure Sport - \u015bwie\u017cy, po\u017c\u0105dliwy, jasny i mocny zapach! To orze\u017awiaj\u0105cy, a jednocze\u015bnie zmys\u0142owo ciep\u0142y m\u0119ski koktajl.\",\"breadcrumb\":{\"@id\":\"https:\/\/perfumessence.eu\/pl\/produkt\/ik-77-allure-sport\/#breadcrumb\"},\"inLanguage\":\"pl-PL\",\"potentialAction\":[{\"@type\":\"ReadAction\",\"target\":[\"https:\/\/perfumessence.eu\/pl\/produkt\/ik-77-allure-sport\/\"]}]},{\"@type\":\"BreadcrumbList\",\"@id\":\"https:\/\/perfumessence.eu\/pl\/produkt\/ik-77-allure-sport\/#breadcrumb\",\"itemListElement\":[{\"@type\":\"ListItem\",\"position\":1,\"name\":\"Pagrindinis\",\"item\":\"https:\/\/perfumessence.eu\/pl\/\"},{\"@type\":\"ListItem\",\"position\":2,\"name\":\"Sklep\",\"item\":\"https:\/\/perfumessence.eu\/pl\/sklep\/\"},{\"@type\":\"ListItem\",\"position\":3,\"name\":\"IK-77. Allure Sport\"}]},{\"@type\":\"WebSite\",\"@id\":\"https:\/\/perfumessence.eu\/pl\/#website\",\"url\":\"https:\/\/perfumessence.eu\/pl\/\",\"name\":\"Parfumerin\u0117 esencija\",\"description\":\"Perfume Oils and Sprays\",\"publisher\":{\"@id\":\"https:\/\/perfumessence.eu\/pl\/#organization\"},\"potentialAction\":[{\"@type\":\"SearchAction\",\"target\":{\"@type\":\"EntryPoint\",\"urlTemplate\":\"https:\/\/perfumessence.eu\/pl\/?s={search_term_string}\"},\"query-input\":\"required name=search_term_string\"}],\"inLanguage\":\"pl-PL\"},{\"@type\":\"Organization\",\"@id\":\"https:\/\/perfumessence.eu\/pl\/#organization\",\"name\":\"Parfumerin\u0117 esencija\",\"url\":\"https:\/\/perfumessence.eu\/pl\/\",\"logo\":{\"@type\":\"ImageObject\",\"inLanguage\":\"pl-PL\",\"@id\":\"https:\/\/perfumessence.eu\/pl\/#\/schema\/logo\/image\/\",\"url\":\"\",\"contentUrl\":\"\",\"caption\":\"Parfumerin\u0117 esencija\"},\"image\":{\"@id\":\"https:\/\/perfumessence.eu\/pl\/#\/schema\/logo\/image\/\"},\"sameAs\":[\"https:\/\/www.facebook.com\/Parfumerin\u0117-esencija-424160218027238\/\",\"https:\/\/www.youtube.com\/channel\/UC0RI-RLwg1UQwDbAF-7a-MA\"]}]}<\/script>\n<!-- \/ Yoast SEO plugin. -->","yoast_head_json":{"title":"IK-77. Allure Sport - Perfumessence","description":"Allure Sport - \u015bwie\u017cy, po\u017c\u0105dliwy, jasny i mocny zapach! To orze\u017awiaj\u0105cy, a jednocze\u015bnie zmys\u0142owo ciep\u0142y m\u0119ski koktajl.","robots":{"index":"index","follow":"follow","max-snippet":"max-snippet:-1","max-image-preview":"max-image-preview:large","max-video-preview":"max-video-preview:-1"},"canonical":"https:\/\/perfumessence.eu\/pl\/produkt\/ik-77-allure-sport\/","og_locale":"pl_PL","og_type":"article","og_title":"IK-77. Allure Sport - Perfumessence","og_description":"Allure Sport - \u015bwie\u017cy, po\u017c\u0105dliwy, jasny i mocny zapach! To orze\u017awiaj\u0105cy, a jednocze\u015bnie zmys\u0142owo ciep\u0142y m\u0119ski koktajl.","og_url":"https:\/\/perfumessence.eu\/pl\/produkt\/ik-77-allure-sport\/","og_site_name":"Perfumessence","article_publisher":"https:\/\/www.facebook.com\/Parfumerin%c4%97-esencija-424160218027238\/","article_modified_time":"2024-01-23T13:34:45+00:00","og_image":[{"width":2560,"height":2560,"url":"https:\/\/perfumessence.eu\/wp-content\/uploads\/2024\/01\/template-12ml-oil-perfume-scaled.jpg","type":"image\/jpeg"}],"twitter_card":"summary_large_image","twitter_misc":{"Szacowany czas czytania":"1 minuta"},"schema":{"@context":"https:\/\/schema.org","@graph":[{"@type":"WebPage","@id":"https:\/\/perfumessence.eu\/pl\/produkt\/ik-77-allure-sport\/","url":"https:\/\/perfumessence.eu\/pl\/produkt\/ik-77-allure-sport\/","name":"IK-77. Allure Sport - Perfumessence","isPartOf":{"@id":"https:\/\/perfumessence.eu\/pl\/#website"},"datePublished":"2018-05-19T08:16:33+00:00","dateModified":"2024-01-23T13:34:45+00:00","description":"Allure Sport - \u015bwie\u017cy, po\u017c\u0105dliwy, jasny i mocny zapach! To orze\u017awiaj\u0105cy, a jednocze\u015bnie zmys\u0142owo ciep\u0142y m\u0119ski koktajl.","breadcrumb":{"@id":"https:\/\/perfumessence.eu\/pl\/produkt\/ik-77-allure-sport\/#breadcrumb"},"inLanguage":"pl-PL","potentialAction":[{"@type":"ReadAction","target":["https:\/\/perfumessence.eu\/pl\/produkt\/ik-77-allure-sport\/"]}]},{"@type":"BreadcrumbList","@id":"https:\/\/perfumessence.eu\/pl\/produkt\/ik-77-allure-sport\/#breadcrumb","itemListElement":[{"@type":"ListItem","position":1,"name":"Pagrindinis","item":"https:\/\/perfumessence.eu\/pl\/"},{"@type":"ListItem","position":2,"name":"Sklep","item":"https:\/\/perfumessence.eu\/pl\/sklep\/"},{"@type":"ListItem","position":3,"name":"IK-77. Allure Sport"}]},{"@type":"WebSite","@id":"https:\/\/perfumessence.eu\/pl\/#website","url":"https:\/\/perfumessence.eu\/pl\/","name":"Parfumerin\u0117 esencija","description":"Perfume Oils and Sprays","publisher":{"@id":"https:\/\/perfumessence.eu\/pl\/#organization"},"potentialAction":[{"@type":"SearchAction","target":{"@type":"EntryPoint","urlTemplate":"https:\/\/perfumessence.eu\/pl\/?s={search_term_string}"},"query-input":"required name=search_term_string"}],"inLanguage":"pl-PL"},{"@type":"Organization","@id":"https:\/\/perfumessence.eu\/pl\/#organization","name":"Parfumerin\u0117 esencija","url":"https:\/\/perfumessence.eu\/pl\/","logo":{"@type":"ImageObject","inLanguage":"pl-PL","@id":"https:\/\/perfumessence.eu\/pl\/#\/schema\/logo\/image\/","url":"","contentUrl":"","caption":"Parfumerin\u0117 esencija"},"image":{"@id":"https:\/\/perfumessence.eu\/pl\/#\/schema\/logo\/image\/"},"sameAs":["https:\/\/www.facebook.com\/Parfumerin\u0117-esencija-424160218027238\/","https:\/\/www.youtube.com\/channel\/UC0RI-RLwg1UQwDbAF-7a-MA"]}]}},"_links":{"self":[{"href":"https:\/\/perfumessence.eu\/pl\/wp-json\/wp\/v2\/product\/19714"}],"collection":[{"href":"https:\/\/perfumessence.eu\/pl\/wp-json\/wp\/v2\/product"}],"about":[{"href":"https:\/\/perfumessence.eu\/pl\/wp-json\/wp\/v2\/types\/product"}],"replies":[{"embeddable":true,"href":"https:\/\/perfumessence.eu\/pl\/wp-json\/wp\/v2\/comments?post=19714"}],"wp:featuredmedia":[{"embeddable":true,"href":"https:\/\/perfumessence.eu\/pl\/wp-json\/wp\/v2\/media\/19702"}],"wp:attachment":[{"href":"https:\/\/perfumessence.eu\/pl\/wp-json\/wp\/v2\/media?parent=19714"}],"wp:term":[{"taxonomy":"product_cat","embeddable":true,"href":"https:\/\/perfumessence.eu\/pl\/wp-json\/wp\/v2\/product_cat?post=19714"},{"taxonomy":"product_tag","embeddable":true,"href":"https:\/\/perfumessence.eu\/pl\/wp-json\/wp\/v2\/product_tag?post=19714"},{"taxonomy":"natos","embeddable":true,"href":"https:\/\/perfumessence.eu\/pl\/wp-json\/wp\/v2\/natos?post=19714"}],"curies":[{"name":"wp","href":"https:\/\/api.w.org\/{rel}","templated":true}]}}