{"id":19752,"date":"2018-05-19T16:14:17","date_gmt":"2018-05-19T13:14:17","guid":{"rendered":"https:\/\/perfumessence.eu\/product\/ik-75-1000-miglia\/"},"modified":"2024-01-23T16:40:56","modified_gmt":"2024-01-23T13:40:56","slug":"ik-75-1000-miglia","status":"publish","type":"product","link":"https:\/\/perfumessence.eu\/pl\/produkt\/ik-75-1000-miglia\/","title":{"rendered":"IK-75. 1000 Miglia"},"content":{"rendered":"<p><strong>Zapach dla wysportowanego i pewnego siebie m\u0119\u017cczyzny. Silna p\u0142e\u0107 nosz\u0105ca te perfumy charakteryzuje si\u0119 wewn\u0119trznym spokojem i zdolno\u015bci\u0105 do koncentracji, gdy tego potrzebuj\u0105. Lawenda zmieszana z jagodami ja\u0142owca i bergamotk\u0105 doskonale \u0142\u0105czy si\u0119 z aromatycznymi nutami bratka, asfaltu i sk\u00f3ry, ambry, drewna i kawy.  <\/strong><\/p>\n<h6><strong>Nuty g\u0142owy:<\/strong><\/h6>\n<figure id=\"attachment_18521\" aria-describedby=\"caption-attachment-18521\" style=\"width: 80px\" class=\"wp-caption alignleft\"><a href=\"https:\/\/perfumessence.eu\/natos\/levanda\/\"><img decoding=\"async\" class=\"wp-image-15135\" src=\"https:\/\/perfumessence.eu\/wp-content\/uploads\/2023\/03\/levanda.webp\" alt=\"\" width=\"80\" height=\"80\" srcset=\"https:\/\/perfumessence.eu\/wp-content\/uploads\/2023\/03\/levanda.webp 120w, https:\/\/perfumessence.eu\/wp-content\/uploads\/2023\/03\/levanda-100x100.webp 100w, https:\/\/perfumessence.eu\/wp-content\/uploads\/2023\/03\/levanda-64x64.webp 64w\" sizes=\"(max-width: 80px) 100vw, 80px\" \/><\/a><figcaption id=\"caption-attachment-18521\" class=\"wp-caption-text\">Lawenda<\/figcaption><\/figure>\n<figure id=\"attachment_18508\" aria-describedby=\"caption-attachment-18508\" style=\"width: 80px\" class=\"wp-caption alignleft\"><a href=\"https:\/\/perfumessence.eu\/natos\/bergamote\/\"><img decoding=\"async\" class=\"wp-image-15072\" src=\"https:\/\/perfumessence.eu\/wp-content\/uploads\/2023\/03\/bergamote.webp\" alt=\"\" width=\"80\" height=\"80\" srcset=\"https:\/\/perfumessence.eu\/wp-content\/uploads\/2023\/03\/bergamote.webp 120w, https:\/\/perfumessence.eu\/wp-content\/uploads\/2023\/03\/bergamote-100x100.webp 100w, https:\/\/perfumessence.eu\/wp-content\/uploads\/2023\/03\/bergamote-64x64.webp 64w\" sizes=\"(max-width: 80px) 100vw, 80px\" \/><\/a><figcaption id=\"caption-attachment-18508\" class=\"wp-caption-text\">Bergamotka<\/figcaption><\/figure>\n<figure id=\"attachment_18711\" aria-describedby=\"caption-attachment-18711\" style=\"width: 80px\" class=\"wp-caption alignleft\"><a href=\"https:\/\/perfumessence.eu\/natos\/kadagio-uogos\/\"><img decoding=\"async\" class=\"wp-image-15827\" src=\"https:\/\/perfumessence.eu\/wp-content\/uploads\/2023\/05\/kadagio-uogos-t.webp\" alt=\"\" width=\"80\" height=\"80\" srcset=\"https:\/\/perfumessence.eu\/wp-content\/uploads\/2023\/05\/kadagio-uogos-t.webp 120w, https:\/\/perfumessence.eu\/wp-content\/uploads\/2023\/05\/kadagio-uogos-t-100x100.webp 100w, https:\/\/perfumessence.eu\/wp-content\/uploads\/2023\/05\/kadagio-uogos-t-64x64.webp 64w\" sizes=\"(max-width: 80px) 100vw, 80px\" \/><\/a><figcaption id=\"caption-attachment-18711\" class=\"wp-caption-text\">Jagody ja\u0142owca<\/figcaption><\/figure>\n<h6><strong>Nuty \u015brodkowe:<\/strong><\/h6>\n<figure id=\"attachment_18626\" aria-describedby=\"caption-attachment-18626\" style=\"width: 80px\" class=\"wp-caption alignleft\"><a href=\"https:\/\/perfumessence.eu\/natos\/oda\/\"><img loading=\"lazy\" decoding=\"async\" class=\"wp-image-15629\" src=\"https:\/\/perfumessence.eu\/wp-content\/uploads\/2023\/04\/oda-t.webp\" alt=\"\" width=\"80\" height=\"80\" srcset=\"https:\/\/perfumessence.eu\/wp-content\/uploads\/2023\/04\/oda-t.webp 120w, https:\/\/perfumessence.eu\/wp-content\/uploads\/2023\/04\/oda-t-100x100.webp 100w, https:\/\/perfumessence.eu\/wp-content\/uploads\/2023\/04\/oda-t-64x64.webp 64w\" sizes=\"(max-width: 80px) 100vw, 80px\" \/><\/a><figcaption id=\"caption-attachment-18626\" class=\"wp-caption-text\">Sk\u00f3ra<\/figcaption><\/figure>\n<figure id=\"attachment_18523\" aria-describedby=\"caption-attachment-18523\" style=\"width: 80px\" class=\"wp-caption alignleft\"><a href=\"https:\/\/perfumessence.eu\/natos\/zole\/\"><img loading=\"lazy\" decoding=\"async\" class=\"wp-image-15137\" src=\"https:\/\/perfumessence.eu\/wp-content\/uploads\/2023\/03\/zoles-nata.jpg\" alt=\"\" width=\"80\" height=\"80\" srcset=\"https:\/\/perfumessence.eu\/wp-content\/uploads\/2023\/03\/zoles-nata.jpg 120w, https:\/\/perfumessence.eu\/wp-content\/uploads\/2023\/03\/zoles-nata-100x100.jpg 100w, https:\/\/perfumessence.eu\/wp-content\/uploads\/2023\/03\/zoles-nata-64x64.jpg 64w\" sizes=\"(max-width: 80px) 100vw, 80px\" \/><\/a><figcaption id=\"caption-attachment-18523\" class=\"wp-caption-text\">Trawa<\/figcaption><\/figure>\n<figure id=\"attachment_18565\" aria-describedby=\"caption-attachment-18565\" style=\"width: 80px\" class=\"wp-caption alignleft\"><a href=\"https:\/\/perfumessence.eu\/natos\/zibuokles\/\"><img loading=\"lazy\" decoding=\"async\" class=\"wp-image-15478\" src=\"https:\/\/perfumessence.eu\/wp-content\/uploads\/2023\/04\/zibuoklest.webp\" alt=\"\" width=\"80\" height=\"80\" srcset=\"https:\/\/perfumessence.eu\/wp-content\/uploads\/2023\/04\/zibuoklest.webp 120w, https:\/\/perfumessence.eu\/wp-content\/uploads\/2023\/04\/zibuoklest-100x100.webp 100w, https:\/\/perfumessence.eu\/wp-content\/uploads\/2023\/04\/zibuoklest-64x64.webp 64w\" sizes=\"(max-width: 80px) 100vw, 80px\" \/><\/a><figcaption id=\"caption-attachment-18565\" class=\"wp-caption-text\">Fio\u0142ki<\/figcaption><\/figure>\n<figure id=\"attachment_18713\" aria-describedby=\"caption-attachment-18713\" style=\"width: 80px\" class=\"wp-caption alignleft\"><a href=\"https:\/\/perfumessence.eu\/natos\/asfaltas\/\"><img loading=\"lazy\" decoding=\"async\" class=\"wp-image-15829\" src=\"https:\/\/perfumessence.eu\/wp-content\/uploads\/2023\/05\/asfaltas-t.webp\" alt=\"\" width=\"80\" height=\"80\" srcset=\"https:\/\/perfumessence.eu\/wp-content\/uploads\/2023\/05\/asfaltas-t.webp 120w, https:\/\/perfumessence.eu\/wp-content\/uploads\/2023\/05\/asfaltas-t-100x100.webp 100w, https:\/\/perfumessence.eu\/wp-content\/uploads\/2023\/05\/asfaltas-t-64x64.webp 64w\" sizes=\"(max-width: 80px) 100vw, 80px\" \/><\/a><figcaption id=\"caption-attachment-18713\" class=\"wp-caption-text\">Asfalt<\/figcaption><\/figure>\n<h6><strong>Nuty bazy:<\/strong><\/h6>\n<figure id=\"attachment_18583\" aria-describedby=\"caption-attachment-18583\" style=\"width: 80px\" class=\"wp-caption alignleft\"><a href=\"https:\/\/perfumessence.eu\/natos\/kava\/\"><img loading=\"lazy\" decoding=\"async\" class=\"wp-image-15496\" src=\"https:\/\/perfumessence.eu\/wp-content\/uploads\/2023\/04\/kava-t.webp\" alt=\"\" width=\"80\" height=\"80\" srcset=\"https:\/\/perfumessence.eu\/wp-content\/uploads\/2023\/04\/kava-t.webp 120w, https:\/\/perfumessence.eu\/wp-content\/uploads\/2023\/04\/kava-t-100x100.webp 100w, https:\/\/perfumessence.eu\/wp-content\/uploads\/2023\/04\/kava-t-64x64.webp 64w\" sizes=\"(max-width: 80px) 100vw, 80px\" \/><\/a><figcaption id=\"caption-attachment-18583\" class=\"wp-caption-text\">Kawa<\/figcaption><\/figure>\n<figure id=\"attachment_18483\" aria-describedby=\"caption-attachment-18483\" style=\"width: 80px\" class=\"wp-caption alignleft\"><a href=\"https:\/\/perfumessence.eu\/natos\/gintaro-nata\/\"><img loading=\"lazy\" decoding=\"async\" class=\"wp-image-14946\" src=\"https:\/\/perfumessence.eu\/wp-content\/uploads\/2023\/02\/Gintaras.webp\" alt=\"\" width=\"80\" height=\"80\" srcset=\"https:\/\/perfumessence.eu\/wp-content\/uploads\/2023\/02\/Gintaras.webp 120w, https:\/\/perfumessence.eu\/wp-content\/uploads\/2023\/02\/Gintaras-100x100.webp 100w, https:\/\/perfumessence.eu\/wp-content\/uploads\/2023\/02\/Gintaras-64x64.webp 64w\" sizes=\"(max-width: 80px) 100vw, 80px\" \/><\/a><figcaption id=\"caption-attachment-18483\" class=\"wp-caption-text\">Bursztyn<\/figcaption><\/figure>\n<figure id=\"attachment_18612\" aria-describedby=\"caption-attachment-18612\" style=\"width: 80px\" class=\"wp-caption alignleft\"><a href=\"https:\/\/perfumessence.eu\/natos\/medienos-nata\/\"><img loading=\"lazy\" decoding=\"async\" class=\"wp-image-15589\" src=\"https:\/\/perfumessence.eu\/wp-content\/uploads\/2023\/04\/medienos-natos-t.webp\" alt=\"\" width=\"80\" height=\"80\" srcset=\"https:\/\/perfumessence.eu\/wp-content\/uploads\/2023\/04\/medienos-natos-t.webp 120w, https:\/\/perfumessence.eu\/wp-content\/uploads\/2023\/04\/medienos-natos-t-100x100.webp 100w, https:\/\/perfumessence.eu\/wp-content\/uploads\/2023\/04\/medienos-natos-t-64x64.webp 64w\" sizes=\"(max-width: 80px) 100vw, 80px\" \/><\/a><figcaption id=\"caption-attachment-18612\" class=\"wp-caption-text\">Drewno<\/figcaption><\/figure>\n<h6><strong>Dostawa:<\/strong><\/h6>\n","protected":false},"excerpt":{"rendered":"<p><strong><em>Silna p\u0142e\u0107 nosz\u0105ca te perfumy charakteryzuje si\u0119 zachowaniem wewn\u0119trznego spokoju.<\/em><\/strong><\/p>\n<p><strong>Esencja<\/strong> to aromatyczny sk\u0142adnik perfum &#8211; koncentrat. Na bazie oleju.<\/p>\n<p><strong>Atomizer<\/strong> to butelka z rozpylaczem zawieraj\u0105ca wzmocnione perfumy.<\/p>\n","protected":false},"featured_media":19702,"comment_status":"open","ping_status":"closed","template":"","meta":{"site-sidebar-layout":"default","site-content-layout":"default","ast-site-content-layout":"","site-content-style":"default","site-sidebar-style":"default","ast-global-header-display":"","ast-banner-title-visibility":"","ast-main-header-display":"","ast-hfb-above-header-display":"","ast-hfb-below-header-display":"","ast-hfb-mobile-header-display":"","site-post-title":"","ast-breadcrumbs-content":"","ast-featured-img":"","footer-sml-layout":"","theme-transparent-header-meta":"default","adv-header-id-meta":"","stick-header-meta":"default","header-above-stick-meta":"","header-main-stick-meta":"","header-below-stick-meta":"","astra-migrate-meta-layouts":"default","ast-page-background-enabled":"default","ast-page-background-meta":{"desktop":{"background-color":"var(--ast-global-color-4)","background-image":"","background-repeat":"repeat","background-position":"center center","background-size":"auto","background-attachment":"scroll","background-type":"","background-media":"","overlay-type":"","overlay-color":"","overlay-gradient":""},"tablet":{"background-color":"","background-image":"","background-repeat":"repeat","background-position":"center center","background-size":"auto","background-attachment":"scroll","background-type":"","background-media":"","overlay-type":"","overlay-color":"","overlay-gradient":""},"mobile":{"background-color":"","background-image":"","background-repeat":"repeat","background-position":"center center","background-size":"auto","background-attachment":"scroll","background-type":"","background-media":"","overlay-type":"","overlay-color":"","overlay-gradient":""}},"ast-content-background-meta":{"desktop":{"background-color":"var(--ast-global-color-5)","background-image":"","background-repeat":"repeat","background-position":"center center","background-size":"auto","background-attachment":"scroll","background-type":"","background-media":"","overlay-type":"","overlay-color":"","overlay-gradient":""},"tablet":{"background-color":"var(--ast-global-color-5)","background-image":"","background-repeat":"repeat","background-position":"center center","background-size":"auto","background-attachment":"scroll","background-type":"","background-media":"","overlay-type":"","overlay-color":"","overlay-gradient":""},"mobile":{"background-color":"var(--ast-global-color-5)","background-image":"","background-repeat":"repeat","background-position":"center center","background-size":"auto","background-attachment":"scroll","background-type":"","background-media":"","overlay-type":"","overlay-color":"","overlay-gradient":""}}},"product_cat":[547],"product_tag":[496],"natos":[572,507,548,513,543,571,537,539,570,545],"acf":[],"yoast_head":"<!-- This site is optimized with the Yoast SEO plugin v21.7 - https:\/\/yoast.com\/wordpress\/plugins\/seo\/ -->\n<title>IK-75. 1000 Miglia - Perfumessence<\/title>\n<meta name=\"description\" content=\"Zapach dla wysportowanego i pewnego siebie m\u0119\u017cczyzny. Silna p\u0142e\u0107 nosz\u0105ca te perfumy charakteryzuje si\u0119 zachowaniem wewn\u0119trznego spokoju.\" \/>\n<meta name=\"robots\" content=\"index, follow, max-snippet:-1, max-image-preview:large, max-video-preview:-1\" \/>\n<link rel=\"canonical\" href=\"https:\/\/perfumessence.eu\/pl\/produkt\/ik-75-1000-miglia\/\" \/>\n<meta property=\"og:locale\" content=\"pl_PL\" \/>\n<meta property=\"og:type\" content=\"article\" \/>\n<meta property=\"og:title\" content=\"IK-75. 1000 Miglia - Perfumessence\" \/>\n<meta property=\"og:description\" content=\"Zapach dla wysportowanego i pewnego siebie m\u0119\u017cczyzny. Silna p\u0142e\u0107 nosz\u0105ca te perfumy charakteryzuje si\u0119 zachowaniem wewn\u0119trznego spokoju.\" \/>\n<meta property=\"og:url\" content=\"https:\/\/perfumessence.eu\/pl\/produkt\/ik-75-1000-miglia\/\" \/>\n<meta property=\"og:site_name\" content=\"Perfumessence\" \/>\n<meta property=\"article:publisher\" content=\"https:\/\/www.facebook.com\/Parfumerin%c4%97-esencija-424160218027238\/\" \/>\n<meta property=\"article:modified_time\" content=\"2024-01-23T13:40:56+00:00\" \/>\n<meta property=\"og:image\" content=\"https:\/\/perfumessence.eu\/wp-content\/uploads\/2024\/01\/template-12ml-oil-perfume-scaled.jpg\" \/>\n\t<meta property=\"og:image:width\" content=\"2560\" \/>\n\t<meta property=\"og:image:height\" content=\"2560\" \/>\n\t<meta property=\"og:image:type\" content=\"image\/jpeg\" \/>\n<meta name=\"twitter:card\" content=\"summary_large_image\" \/>\n<meta name=\"twitter:label1\" content=\"Szacowany czas czytania\" \/>\n\t<meta name=\"twitter:data1\" content=\"1 minuta\" \/>\n<script type=\"application\/ld+json\" class=\"yoast-schema-graph\">{\"@context\":\"https:\/\/schema.org\",\"@graph\":[{\"@type\":\"WebPage\",\"@id\":\"https:\/\/perfumessence.eu\/pl\/produkt\/ik-75-1000-miglia\/\",\"url\":\"https:\/\/perfumessence.eu\/pl\/produkt\/ik-75-1000-miglia\/\",\"name\":\"IK-75. 1000 Miglia - Perfumessence\",\"isPartOf\":{\"@id\":\"https:\/\/perfumessence.eu\/pl\/#website\"},\"datePublished\":\"2018-05-19T13:14:17+00:00\",\"dateModified\":\"2024-01-23T13:40:56+00:00\",\"description\":\"Zapach dla wysportowanego i pewnego siebie m\u0119\u017cczyzny. Silna p\u0142e\u0107 nosz\u0105ca te perfumy charakteryzuje si\u0119 zachowaniem wewn\u0119trznego spokoju.\",\"breadcrumb\":{\"@id\":\"https:\/\/perfumessence.eu\/pl\/produkt\/ik-75-1000-miglia\/#breadcrumb\"},\"inLanguage\":\"pl-PL\",\"potentialAction\":[{\"@type\":\"ReadAction\",\"target\":[\"https:\/\/perfumessence.eu\/pl\/produkt\/ik-75-1000-miglia\/\"]}]},{\"@type\":\"BreadcrumbList\",\"@id\":\"https:\/\/perfumessence.eu\/pl\/produkt\/ik-75-1000-miglia\/#breadcrumb\",\"itemListElement\":[{\"@type\":\"ListItem\",\"position\":1,\"name\":\"Pagrindinis\",\"item\":\"https:\/\/perfumessence.eu\/pl\/\"},{\"@type\":\"ListItem\",\"position\":2,\"name\":\"Sklep\",\"item\":\"https:\/\/perfumessence.eu\/pl\/sklep\/\"},{\"@type\":\"ListItem\",\"position\":3,\"name\":\"IK-75. 1000 Miglia\"}]},{\"@type\":\"WebSite\",\"@id\":\"https:\/\/perfumessence.eu\/pl\/#website\",\"url\":\"https:\/\/perfumessence.eu\/pl\/\",\"name\":\"Parfumerin\u0117 esencija\",\"description\":\"Perfume Oils and Sprays\",\"publisher\":{\"@id\":\"https:\/\/perfumessence.eu\/pl\/#organization\"},\"potentialAction\":[{\"@type\":\"SearchAction\",\"target\":{\"@type\":\"EntryPoint\",\"urlTemplate\":\"https:\/\/perfumessence.eu\/pl\/?s={search_term_string}\"},\"query-input\":\"required name=search_term_string\"}],\"inLanguage\":\"pl-PL\"},{\"@type\":\"Organization\",\"@id\":\"https:\/\/perfumessence.eu\/pl\/#organization\",\"name\":\"Parfumerin\u0117 esencija\",\"url\":\"https:\/\/perfumessence.eu\/pl\/\",\"logo\":{\"@type\":\"ImageObject\",\"inLanguage\":\"pl-PL\",\"@id\":\"https:\/\/perfumessence.eu\/pl\/#\/schema\/logo\/image\/\",\"url\":\"\",\"contentUrl\":\"\",\"caption\":\"Parfumerin\u0117 esencija\"},\"image\":{\"@id\":\"https:\/\/perfumessence.eu\/pl\/#\/schema\/logo\/image\/\"},\"sameAs\":[\"https:\/\/www.facebook.com\/Parfumerin\u0117-esencija-424160218027238\/\",\"https:\/\/www.youtube.com\/channel\/UC0RI-RLwg1UQwDbAF-7a-MA\"]}]}<\/script>\n<!-- \/ Yoast SEO plugin. -->","yoast_head_json":{"title":"IK-75. 1000 Miglia - Perfumessence","description":"Zapach dla wysportowanego i pewnego siebie m\u0119\u017cczyzny. Silna p\u0142e\u0107 nosz\u0105ca te perfumy charakteryzuje si\u0119 zachowaniem wewn\u0119trznego spokoju.","robots":{"index":"index","follow":"follow","max-snippet":"max-snippet:-1","max-image-preview":"max-image-preview:large","max-video-preview":"max-video-preview:-1"},"canonical":"https:\/\/perfumessence.eu\/pl\/produkt\/ik-75-1000-miglia\/","og_locale":"pl_PL","og_type":"article","og_title":"IK-75. 1000 Miglia - Perfumessence","og_description":"Zapach dla wysportowanego i pewnego siebie m\u0119\u017cczyzny. Silna p\u0142e\u0107 nosz\u0105ca te perfumy charakteryzuje si\u0119 zachowaniem wewn\u0119trznego spokoju.","og_url":"https:\/\/perfumessence.eu\/pl\/produkt\/ik-75-1000-miglia\/","og_site_name":"Perfumessence","article_publisher":"https:\/\/www.facebook.com\/Parfumerin%c4%97-esencija-424160218027238\/","article_modified_time":"2024-01-23T13:40:56+00:00","og_image":[{"width":2560,"height":2560,"url":"https:\/\/perfumessence.eu\/wp-content\/uploads\/2024\/01\/template-12ml-oil-perfume-scaled.jpg","type":"image\/jpeg"}],"twitter_card":"summary_large_image","twitter_misc":{"Szacowany czas czytania":"1 minuta"},"schema":{"@context":"https:\/\/schema.org","@graph":[{"@type":"WebPage","@id":"https:\/\/perfumessence.eu\/pl\/produkt\/ik-75-1000-miglia\/","url":"https:\/\/perfumessence.eu\/pl\/produkt\/ik-75-1000-miglia\/","name":"IK-75. 1000 Miglia - Perfumessence","isPartOf":{"@id":"https:\/\/perfumessence.eu\/pl\/#website"},"datePublished":"2018-05-19T13:14:17+00:00","dateModified":"2024-01-23T13:40:56+00:00","description":"Zapach dla wysportowanego i pewnego siebie m\u0119\u017cczyzny. Silna p\u0142e\u0107 nosz\u0105ca te perfumy charakteryzuje si\u0119 zachowaniem wewn\u0119trznego spokoju.","breadcrumb":{"@id":"https:\/\/perfumessence.eu\/pl\/produkt\/ik-75-1000-miglia\/#breadcrumb"},"inLanguage":"pl-PL","potentialAction":[{"@type":"ReadAction","target":["https:\/\/perfumessence.eu\/pl\/produkt\/ik-75-1000-miglia\/"]}]},{"@type":"BreadcrumbList","@id":"https:\/\/perfumessence.eu\/pl\/produkt\/ik-75-1000-miglia\/#breadcrumb","itemListElement":[{"@type":"ListItem","position":1,"name":"Pagrindinis","item":"https:\/\/perfumessence.eu\/pl\/"},{"@type":"ListItem","position":2,"name":"Sklep","item":"https:\/\/perfumessence.eu\/pl\/sklep\/"},{"@type":"ListItem","position":3,"name":"IK-75. 1000 Miglia"}]},{"@type":"WebSite","@id":"https:\/\/perfumessence.eu\/pl\/#website","url":"https:\/\/perfumessence.eu\/pl\/","name":"Parfumerin\u0117 esencija","description":"Perfume Oils and Sprays","publisher":{"@id":"https:\/\/perfumessence.eu\/pl\/#organization"},"potentialAction":[{"@type":"SearchAction","target":{"@type":"EntryPoint","urlTemplate":"https:\/\/perfumessence.eu\/pl\/?s={search_term_string}"},"query-input":"required name=search_term_string"}],"inLanguage":"pl-PL"},{"@type":"Organization","@id":"https:\/\/perfumessence.eu\/pl\/#organization","name":"Parfumerin\u0117 esencija","url":"https:\/\/perfumessence.eu\/pl\/","logo":{"@type":"ImageObject","inLanguage":"pl-PL","@id":"https:\/\/perfumessence.eu\/pl\/#\/schema\/logo\/image\/","url":"","contentUrl":"","caption":"Parfumerin\u0117 esencija"},"image":{"@id":"https:\/\/perfumessence.eu\/pl\/#\/schema\/logo\/image\/"},"sameAs":["https:\/\/www.facebook.com\/Parfumerin\u0117-esencija-424160218027238\/","https:\/\/www.youtube.com\/channel\/UC0RI-RLwg1UQwDbAF-7a-MA"]}]}},"_links":{"self":[{"href":"https:\/\/perfumessence.eu\/pl\/wp-json\/wp\/v2\/product\/19752"}],"collection":[{"href":"https:\/\/perfumessence.eu\/pl\/wp-json\/wp\/v2\/product"}],"about":[{"href":"https:\/\/perfumessence.eu\/pl\/wp-json\/wp\/v2\/types\/product"}],"replies":[{"embeddable":true,"href":"https:\/\/perfumessence.eu\/pl\/wp-json\/wp\/v2\/comments?post=19752"}],"wp:featuredmedia":[{"embeddable":true,"href":"https:\/\/perfumessence.eu\/pl\/wp-json\/wp\/v2\/media\/19702"}],"wp:attachment":[{"href":"https:\/\/perfumessence.eu\/pl\/wp-json\/wp\/v2\/media?parent=19752"}],"wp:term":[{"taxonomy":"product_cat","embeddable":true,"href":"https:\/\/perfumessence.eu\/pl\/wp-json\/wp\/v2\/product_cat?post=19752"},{"taxonomy":"product_tag","embeddable":true,"href":"https:\/\/perfumessence.eu\/pl\/wp-json\/wp\/v2\/product_tag?post=19752"},{"taxonomy":"natos","embeddable":true,"href":"https:\/\/perfumessence.eu\/pl\/wp-json\/wp\/v2\/natos?post=19752"}],"curies":[{"name":"wp","href":"https:\/\/api.w.org\/{rel}","templated":true}]}}