{"id":19817,"date":"2018-07-29T20:56:49","date_gmt":"2018-07-29T17:56:49","guid":{"rendered":"https:\/\/perfumessence.eu\/product\/ik-45-mandarino-di-amalfi\/"},"modified":"2024-01-23T16:47:44","modified_gmt":"2024-01-23T13:47:44","slug":"ik-45-mandarino-di-amalfi","status":"publish","type":"product","link":"https:\/\/perfumessence.eu\/pl\/produkt\/ik-45-mandarino-di-amalfi\/","title":{"rendered":"IK-45. Mandarino DI Amalfi"},"content":{"rendered":"<p><strong>Cytrusowo-aromatyczny zapach dla kobiet i m\u0119\u017cczyzn.<\/strong><\/p>\n<p><strong>Owocowo-cytrusowy aromat \u0142\u0105czy si\u0119 z bobem tonka, nadaj\u0105c zapachowi ciep\u0142y powiew. W po\u0142\u0105czeniu z nocnymi kwiatami powietrze staje si\u0119 nasycone pasj\u0105 mi\u0119ty, sza\u0142wii i dzikich kwiat\u00f3w.<\/strong><\/p>\n<h6><strong>Nuty g\u0142owy:<\/strong><\/h6>\n<figure id=\"attachment_19721\" aria-describedby=\"caption-attachment-19721\" style=\"width: 80px\" class=\"wp-caption alignleft\"><a href=\"https:\/\/perfumessence.eu\/natos\/meta\/\"><img decoding=\"async\" class=\"wp-image-15891\" src=\"https:\/\/perfumessence.eu\/wp-content\/uploads\/2023\/05\/Meta-t.160.jpg\" alt=\"\" width=\"80\" height=\"80\" srcset=\"https:\/\/perfumessence.eu\/wp-content\/uploads\/2023\/05\/Meta-t.160.jpg 120w, https:\/\/perfumessence.eu\/wp-content\/uploads\/2023\/05\/Meta-t.160-100x100.jpg 100w, https:\/\/perfumessence.eu\/wp-content\/uploads\/2023\/05\/Meta-t.160-64x64.jpg 64w\" sizes=\"(max-width: 80px) 100vw, 80px\" \/><\/a><figcaption id=\"caption-attachment-19721\" class=\"wp-caption-text\">Mi\u0119ta<\/figcaption><\/figure>\n<figure id=\"attachment_18491\" aria-describedby=\"caption-attachment-18491\" style=\"width: 80px\" class=\"wp-caption alignleft\"><a href=\"https:\/\/perfumessence.eu\/natos\/citrina\/\"><img decoding=\"async\" class=\"wp-image-14964\" src=\"https:\/\/perfumessence.eu\/wp-content\/uploads\/2023\/02\/Citrina.webp\" alt=\"\" width=\"80\" height=\"80\" srcset=\"https:\/\/perfumessence.eu\/wp-content\/uploads\/2023\/02\/Citrina.webp 120w, https:\/\/perfumessence.eu\/wp-content\/uploads\/2023\/02\/Citrina-100x100.webp 100w, https:\/\/perfumessence.eu\/wp-content\/uploads\/2023\/02\/Citrina-64x64.webp 64w\" sizes=\"(max-width: 80px) 100vw, 80px\" \/><\/a><figcaption id=\"caption-attachment-18491\" class=\"wp-caption-text\">Cytryna<\/figcaption><\/figure>\n<figure id=\"attachment_19729\" aria-describedby=\"caption-attachment-19729\" style=\"width: 80px\" class=\"wp-caption alignleft\"><a href=\"https:\/\/perfumessence.eu\/natos\/peletrunas\/\"><img decoding=\"async\" class=\"wp-image-15835\" src=\"https:\/\/perfumessence.eu\/wp-content\/uploads\/2023\/05\/peletrunas-t.webp\" alt=\"\" width=\"80\" height=\"80\" srcset=\"https:\/\/perfumessence.eu\/wp-content\/uploads\/2023\/05\/peletrunas-t.webp 120w, https:\/\/perfumessence.eu\/wp-content\/uploads\/2023\/05\/peletrunas-t-100x100.webp 100w, https:\/\/perfumessence.eu\/wp-content\/uploads\/2023\/05\/peletrunas-t-64x64.webp 64w\" sizes=\"(max-width: 80px) 100vw, 80px\" \/><\/a><figcaption id=\"caption-attachment-19729\" class=\"wp-caption-text\">Peletrun<\/figcaption><\/figure>\n<figure id=\"attachment_18693\" aria-describedby=\"caption-attachment-18693\" style=\"width: 80px\" class=\"wp-caption alignleft\"><a href=\"https:\/\/perfumessence.eu\/natos\/greipfurtas\/\"><img loading=\"lazy\" decoding=\"async\" class=\"wp-image-15793\" src=\"https:\/\/perfumessence.eu\/wp-content\/uploads\/2023\/05\/greipfurtas-t.webp\" alt=\"\" width=\"80\" height=\"80\" srcset=\"https:\/\/perfumessence.eu\/wp-content\/uploads\/2023\/05\/greipfurtas-t.webp 120w, https:\/\/perfumessence.eu\/wp-content\/uploads\/2023\/05\/greipfurtas-t-100x100.webp 100w, https:\/\/perfumessence.eu\/wp-content\/uploads\/2023\/05\/greipfurtas-t-64x64.webp 64w\" sizes=\"(max-width: 80px) 100vw, 80px\" \/><\/a><figcaption id=\"caption-attachment-18693\" class=\"wp-caption-text\">Greipfurt<\/figcaption><\/figure>\n<figure id=\"attachment_18469\" aria-describedby=\"caption-attachment-18469\" style=\"width: 80px\" class=\"wp-caption alignleft\"><a href=\"https:\/\/perfumessence.eu\/natos\/juodieji-serbentai\/\"><img loading=\"lazy\" decoding=\"async\" class=\"wp-image-14888\" src=\"https:\/\/perfumessence.eu\/wp-content\/uploads\/2023\/02\/Juodieji-serbentai.webp\" alt=\"\" width=\"80\" height=\"80\" srcset=\"https:\/\/perfumessence.eu\/wp-content\/uploads\/2023\/02\/Juodieji-serbentai.webp 120w, https:\/\/perfumessence.eu\/wp-content\/uploads\/2023\/02\/Juodieji-serbentai-100x100.webp 100w, https:\/\/perfumessence.eu\/wp-content\/uploads\/2023\/02\/Juodieji-serbentai-64x64.webp 64w\" sizes=\"(max-width: 80px) 100vw, 80px\" \/><\/a><figcaption id=\"caption-attachment-18469\" class=\"wp-caption-text\">Czarne porzeczki<\/figcaption><\/figure>\n<h6><strong>Nuty \u015brodkowe:<\/strong><\/h6>\n<figure id=\"attachment_18452\" aria-describedby=\"caption-attachment-18452\" style=\"width: 80px\" class=\"wp-caption alignleft\"><a href=\"https:\/\/perfumessence.eu\/natos\/jazminai\/\"><img loading=\"lazy\" decoding=\"async\" class=\"wp-image-14853\" src=\"https:\/\/perfumessence.eu\/wp-content\/uploads\/2023\/02\/Jazminai.jpg\" alt=\"\" width=\"80\" height=\"80\" srcset=\"https:\/\/perfumessence.eu\/wp-content\/uploads\/2023\/02\/Jazminai.jpg 120w, https:\/\/perfumessence.eu\/wp-content\/uploads\/2023\/02\/Jazminai-100x100.jpg 100w, https:\/\/perfumessence.eu\/wp-content\/uploads\/2023\/02\/Jazminai-64x64.jpg 64w\" sizes=\"(max-width: 80px) 100vw, 80px\" \/><\/a><figcaption id=\"caption-attachment-18452\" class=\"wp-caption-text\">Jasmine<\/figcaption><\/figure>\n<figure id=\"attachment_19730\" aria-describedby=\"caption-attachment-19730\" style=\"width: 80px\" class=\"wp-caption alignleft\"><a href=\"https:\/\/perfumessence.eu\/natos\/salavijas\/\"><img loading=\"lazy\" decoding=\"async\" class=\"wp-image-15837\" src=\"https:\/\/perfumessence.eu\/wp-content\/uploads\/2023\/05\/Salavijas-t.webp\" alt=\"\" width=\"80\" height=\"80\" srcset=\"https:\/\/perfumessence.eu\/wp-content\/uploads\/2023\/05\/Salavijas-t.webp 120w, https:\/\/perfumessence.eu\/wp-content\/uploads\/2023\/05\/Salavijas-t-100x100.webp 100w, https:\/\/perfumessence.eu\/wp-content\/uploads\/2023\/05\/Salavijas-t-64x64.webp 64w\" sizes=\"(max-width: 80px) 100vw, 80px\" \/><\/a><figcaption id=\"caption-attachment-19730\" class=\"wp-caption-text\">M\u0119drzec<\/figcaption><\/figure>\n<figure id=\"attachment_18561\" aria-describedby=\"caption-attachment-18561\" style=\"width: 80px\" class=\"wp-caption alignleft\"><a href=\"https:\/\/perfumessence.eu\/natos\/apelsinu-ziedai\/\"><img loading=\"lazy\" decoding=\"async\" class=\"wp-image-15474\" src=\"https:\/\/perfumessence.eu\/wp-content\/uploads\/2023\/04\/apelsinu-ziedai-t.16.jpg\" alt=\"\" width=\"80\" height=\"80\" srcset=\"https:\/\/perfumessence.eu\/wp-content\/uploads\/2023\/04\/apelsinu-ziedai-t.16.jpg 120w, https:\/\/perfumessence.eu\/wp-content\/uploads\/2023\/04\/apelsinu-ziedai-t.16-100x100.jpg 100w, https:\/\/perfumessence.eu\/wp-content\/uploads\/2023\/04\/apelsinu-ziedai-t.16-64x64.jpg 64w\" sizes=\"(max-width: 80px) 100vw, 80px\" \/><\/a><figcaption id=\"caption-attachment-18561\" class=\"wp-caption-text\">Kwiaty pomara\u0144czy<\/figcaption><\/figure>\n<figure id=\"attachment_19720\" aria-describedby=\"caption-attachment-19720\" style=\"width: 80px\" class=\"wp-caption alignleft\"><a href=\"https:\/\/perfumessence.eu\/natos\/juodieji-pipirai\/\"><img loading=\"lazy\" decoding=\"async\" class=\"wp-image-15889\" src=\"https:\/\/perfumessence.eu\/wp-content\/uploads\/2023\/05\/Juodieji-pipirai-t.webp\" alt=\"\" width=\"80\" height=\"80\" srcset=\"https:\/\/perfumessence.eu\/wp-content\/uploads\/2023\/05\/Juodieji-pipirai-t.webp 120w, https:\/\/perfumessence.eu\/wp-content\/uploads\/2023\/05\/Juodieji-pipirai-t-100x100.webp 100w, https:\/\/perfumessence.eu\/wp-content\/uploads\/2023\/05\/Juodieji-pipirai-t-64x64.webp 64w\" sizes=\"(max-width: 80px) 100vw, 80px\" \/><\/a><figcaption id=\"caption-attachment-19720\" class=\"wp-caption-text\">Czarny pieprz<\/figcaption><\/figure>\n<h6><strong>Nuty bazy:<\/strong><\/h6>\n<figure id=\"attachment_18500\" aria-describedby=\"caption-attachment-18500\" style=\"width: 80px\" class=\"wp-caption alignleft\"><a href=\"https:\/\/perfumessence.eu\/natos\/civet\/\"><img loading=\"lazy\" decoding=\"async\" class=\"wp-image-15064\" src=\"https:\/\/perfumessence.eu\/wp-content\/uploads\/2023\/03\/civet.webp\" alt=\"\" width=\"80\" height=\"80\" srcset=\"https:\/\/perfumessence.eu\/wp-content\/uploads\/2023\/03\/civet.webp 120w, https:\/\/perfumessence.eu\/wp-content\/uploads\/2023\/03\/civet-100x100.webp 100w, https:\/\/perfumessence.eu\/wp-content\/uploads\/2023\/03\/civet-64x64.webp 64w\" sizes=\"(max-width: 80px) 100vw, 80px\" \/><\/a><figcaption id=\"caption-attachment-18500\" class=\"wp-caption-text\">Cyweta<\/figcaption><\/figure>\n<figure id=\"attachment_18478\" aria-describedby=\"caption-attachment-18478\" style=\"width: 80px\" class=\"wp-caption alignleft\"><a href=\"https:\/\/perfumessence.eu\/natos\/muskusas\/\"><img loading=\"lazy\" decoding=\"async\" class=\"wp-image-14941\" src=\"https:\/\/perfumessence.eu\/wp-content\/uploads\/2023\/02\/muskusas.jpg\" alt=\"\" width=\"80\" height=\"80\" srcset=\"https:\/\/perfumessence.eu\/wp-content\/uploads\/2023\/02\/muskusas.jpg 120w, https:\/\/perfumessence.eu\/wp-content\/uploads\/2023\/02\/muskusas-100x100.jpg 100w, https:\/\/perfumessence.eu\/wp-content\/uploads\/2023\/02\/muskusas-64x64.jpg 64w\" sizes=\"(max-width: 80px) 100vw, 80px\" \/><\/a><figcaption id=\"caption-attachment-18478\" class=\"wp-caption-text\">Pi\u017cmo<\/figcaption><\/figure>\n<figure id=\"attachment_18516\" aria-describedby=\"caption-attachment-18516\" style=\"width: 80px\" class=\"wp-caption alignleft\"><a href=\"https:\/\/perfumessence.eu\/natos\/vetiverijos\/\"><img loading=\"lazy\" decoding=\"async\" class=\"wp-image-15080\" src=\"https:\/\/perfumessence.eu\/wp-content\/uploads\/2023\/03\/vetiverijos-nato.webp\" alt=\"\" width=\"80\" height=\"80\" srcset=\"https:\/\/perfumessence.eu\/wp-content\/uploads\/2023\/03\/vetiverijos-nato.webp 120w, https:\/\/perfumessence.eu\/wp-content\/uploads\/2023\/03\/vetiverijos-nato-100x100.webp 100w, https:\/\/perfumessence.eu\/wp-content\/uploads\/2023\/03\/vetiverijos-nato-64x64.webp 64w\" sizes=\"(max-width: 80px) 100vw, 80px\" \/><\/a><figcaption id=\"caption-attachment-18516\" class=\"wp-caption-text\">Wetiwer<\/figcaption><\/figure>\n<figure id=\"attachment_19816\" aria-describedby=\"caption-attachment-19816\" style=\"width: 80px\" class=\"wp-caption alignleft\"><a href=\"https:\/\/perfumessence.eu\/natos\/labdanumas\/\"><img loading=\"lazy\" decoding=\"async\" class=\"wp-image-15684\" src=\"https:\/\/perfumessence.eu\/wp-content\/uploads\/2023\/04\/labdanumas-t.15.jpg\" alt=\"\" width=\"80\" height=\"80\" srcset=\"https:\/\/perfumessence.eu\/wp-content\/uploads\/2023\/04\/labdanumas-t.15.jpg 120w, https:\/\/perfumessence.eu\/wp-content\/uploads\/2023\/04\/labdanumas-t.15-100x100.jpg 100w, https:\/\/perfumessence.eu\/wp-content\/uploads\/2023\/04\/labdanumas-t.15-64x64.jpg 64w\" sizes=\"(max-width: 80px) 100vw, 80px\" \/><\/a><figcaption id=\"caption-attachment-19816\" class=\"wp-caption-text\">Dzi\u0119ki uprzejmo\u015bci<\/figcaption><\/figure>\n<figure id=\"attachment_18499\" aria-describedby=\"caption-attachment-18499\" style=\"width: 80px\" class=\"wp-caption alignleft\"><a href=\"https:\/\/perfumessence.eu\/natos\/tonka-pupeles\/\"><img loading=\"lazy\" decoding=\"async\" class=\"wp-image-14973\" src=\"https:\/\/perfumessence.eu\/wp-content\/uploads\/2023\/02\/tonka-pupeles.webp\" alt=\"\" width=\"80\" height=\"80\" srcset=\"https:\/\/perfumessence.eu\/wp-content\/uploads\/2023\/02\/tonka-pupeles.webp 120w, https:\/\/perfumessence.eu\/wp-content\/uploads\/2023\/02\/tonka-pupeles-100x100.webp 100w, https:\/\/perfumessence.eu\/wp-content\/uploads\/2023\/02\/tonka-pupeles-64x64.webp 64w\" sizes=\"(max-width: 80px) 100vw, 80px\" \/><\/a><figcaption id=\"caption-attachment-18499\" class=\"wp-caption-text\">Fasola tonka<\/figcaption><\/figure>\n<h6><strong>Dostawa:<\/strong><\/h6>\n","protected":false},"excerpt":{"rendered":"<p><strong>Esencja<\/strong> to aromatyczna cz\u0119\u015b\u0107 zapachu w sprayu &#8211; koncentrat.<\/p>\n<p><strong>Atomizer<\/strong> to butelka z rozpylaczem zawieraj\u0105ca wzmocnione perfumy.<\/p>\n","protected":false},"featured_media":19702,"comment_status":"open","ping_status":"closed","template":"","meta":{"site-sidebar-layout":"default","site-content-layout":"default","ast-site-content-layout":"","site-content-style":"default","site-sidebar-style":"default","ast-global-header-display":"","ast-banner-title-visibility":"","ast-main-header-display":"","ast-hfb-above-header-display":"","ast-hfb-below-header-display":"","ast-hfb-mobile-header-display":"","site-post-title":"","ast-breadcrumbs-content":"","ast-featured-img":"","footer-sml-layout":"","theme-transparent-header-meta":"default","adv-header-id-meta":"","stick-header-meta":"default","header-above-stick-meta":"","header-main-stick-meta":"","header-below-stick-meta":"","astra-migrate-meta-layouts":"default","ast-page-background-enabled":"default","ast-page-background-meta":{"desktop":{"background-color":"var(--ast-global-color-4)","background-image":"","background-repeat":"repeat","background-position":"center center","background-size":"auto","background-attachment":"scroll","background-type":"","background-media":"","overlay-type":"","overlay-color":"","overlay-gradient":""},"tablet":{"background-color":"","background-image":"","background-repeat":"repeat","background-position":"center center","background-size":"auto","background-attachment":"scroll","background-type":"","background-media":"","overlay-type":"","overlay-color":"","overlay-gradient":""},"mobile":{"background-color":"","background-image":"","background-repeat":"repeat","background-position":"center center","background-size":"auto","background-attachment":"scroll","background-type":"","background-media":"","overlay-type":"","overlay-color":"","overlay-gradient":""}},"ast-content-background-meta":{"desktop":{"background-color":"var(--ast-global-color-5)","background-image":"","background-repeat":"repeat","background-position":"center center","background-size":"auto","background-attachment":"scroll","background-type":"","background-media":"","overlay-type":"","overlay-color":"","overlay-gradient":""},"tablet":{"background-color":"var(--ast-global-color-5)","background-image":"","background-repeat":"repeat","background-position":"center center","background-size":"auto","background-attachment":"scroll","background-type":"","background-media":"","overlay-type":"","overlay-color":"","overlay-gradient":""},"mobile":{"background-color":"var(--ast-global-color-5)","background-image":"","background-repeat":"repeat","background-position":"center center","background-size":"auto","background-attachment":"scroll","background-type":"","background-media":"","overlay-type":"","overlay-color":"","overlay-gradient":""}}},"product_cat":[567,547,573],"product_tag":[532,515],"natos":[504,576,523,558,565,505,529,499,516,549,557,559,502,577],"acf":[],"yoast_head":"<!-- This site is optimized with the Yoast SEO plugin v21.7 - https:\/\/yoast.com\/wordpress\/plugins\/seo\/ -->\n<title>IK-45. Mandarino DI Amalfi - Perfumessence<\/title>\n<meta name=\"description\" content=\"Cytrusowo-aromatyczny zapach dla kobiet i m\u0119\u017cczyzn. Owocowo-cytrusowy aromat \u0142\u0105czy si\u0119 z bobem tonka, nadaj\u0105c zapachowi ciep\u0142y powiew.\" \/>\n<meta name=\"robots\" content=\"index, follow, max-snippet:-1, max-image-preview:large, max-video-preview:-1\" \/>\n<link rel=\"canonical\" href=\"https:\/\/perfumessence.eu\/pl\/produkt\/ik-45-mandarino-di-amalfi\/\" \/>\n<meta property=\"og:locale\" content=\"pl_PL\" \/>\n<meta property=\"og:type\" content=\"article\" \/>\n<meta property=\"og:title\" content=\"IK-45. Mandarino DI Amalfi - Perfumessence\" \/>\n<meta property=\"og:description\" content=\"Cytrusowo-aromatyczny zapach dla kobiet i m\u0119\u017cczyzn. Owocowo-cytrusowy aromat \u0142\u0105czy si\u0119 z bobem tonka, nadaj\u0105c zapachowi ciep\u0142y powiew.\" \/>\n<meta property=\"og:url\" content=\"https:\/\/perfumessence.eu\/pl\/produkt\/ik-45-mandarino-di-amalfi\/\" \/>\n<meta property=\"og:site_name\" content=\"Perfumessence\" \/>\n<meta property=\"article:publisher\" content=\"https:\/\/www.facebook.com\/Parfumerin%c4%97-esencija-424160218027238\/\" \/>\n<meta property=\"article:modified_time\" content=\"2024-01-23T13:47:44+00:00\" \/>\n<meta property=\"og:image\" content=\"https:\/\/perfumessence.eu\/wp-content\/uploads\/2024\/01\/template-12ml-oil-perfume-scaled.jpg\" \/>\n\t<meta property=\"og:image:width\" content=\"2560\" \/>\n\t<meta property=\"og:image:height\" content=\"2560\" \/>\n\t<meta property=\"og:image:type\" content=\"image\/jpeg\" \/>\n<meta name=\"twitter:card\" content=\"summary_large_image\" \/>\n<meta name=\"twitter:label1\" content=\"Szacowany czas czytania\" \/>\n\t<meta name=\"twitter:data1\" content=\"1 minuta\" \/>\n<script type=\"application\/ld+json\" class=\"yoast-schema-graph\">{\"@context\":\"https:\/\/schema.org\",\"@graph\":[{\"@type\":\"WebPage\",\"@id\":\"https:\/\/perfumessence.eu\/pl\/produkt\/ik-45-mandarino-di-amalfi\/\",\"url\":\"https:\/\/perfumessence.eu\/pl\/produkt\/ik-45-mandarino-di-amalfi\/\",\"name\":\"IK-45. Mandarino DI Amalfi - Perfumessence\",\"isPartOf\":{\"@id\":\"https:\/\/perfumessence.eu\/pl\/#website\"},\"datePublished\":\"2018-07-29T17:56:49+00:00\",\"dateModified\":\"2024-01-23T13:47:44+00:00\",\"description\":\"Cytrusowo-aromatyczny zapach dla kobiet i m\u0119\u017cczyzn. Owocowo-cytrusowy aromat \u0142\u0105czy si\u0119 z bobem tonka, nadaj\u0105c zapachowi ciep\u0142y powiew.\",\"breadcrumb\":{\"@id\":\"https:\/\/perfumessence.eu\/pl\/produkt\/ik-45-mandarino-di-amalfi\/#breadcrumb\"},\"inLanguage\":\"pl-PL\",\"potentialAction\":[{\"@type\":\"ReadAction\",\"target\":[\"https:\/\/perfumessence.eu\/pl\/produkt\/ik-45-mandarino-di-amalfi\/\"]}]},{\"@type\":\"BreadcrumbList\",\"@id\":\"https:\/\/perfumessence.eu\/pl\/produkt\/ik-45-mandarino-di-amalfi\/#breadcrumb\",\"itemListElement\":[{\"@type\":\"ListItem\",\"position\":1,\"name\":\"Pagrindinis\",\"item\":\"https:\/\/perfumessence.eu\/pl\/\"},{\"@type\":\"ListItem\",\"position\":2,\"name\":\"Sklep\",\"item\":\"https:\/\/perfumessence.eu\/pl\/sklep\/\"},{\"@type\":\"ListItem\",\"position\":3,\"name\":\"IK-45. Mandarino DI Amalfi\"}]},{\"@type\":\"WebSite\",\"@id\":\"https:\/\/perfumessence.eu\/pl\/#website\",\"url\":\"https:\/\/perfumessence.eu\/pl\/\",\"name\":\"Parfumerin\u0117 esencija\",\"description\":\"Perfume Oils and Sprays\",\"publisher\":{\"@id\":\"https:\/\/perfumessence.eu\/pl\/#organization\"},\"potentialAction\":[{\"@type\":\"SearchAction\",\"target\":{\"@type\":\"EntryPoint\",\"urlTemplate\":\"https:\/\/perfumessence.eu\/pl\/?s={search_term_string}\"},\"query-input\":\"required name=search_term_string\"}],\"inLanguage\":\"pl-PL\"},{\"@type\":\"Organization\",\"@id\":\"https:\/\/perfumessence.eu\/pl\/#organization\",\"name\":\"Parfumerin\u0117 esencija\",\"url\":\"https:\/\/perfumessence.eu\/pl\/\",\"logo\":{\"@type\":\"ImageObject\",\"inLanguage\":\"pl-PL\",\"@id\":\"https:\/\/perfumessence.eu\/pl\/#\/schema\/logo\/image\/\",\"url\":\"\",\"contentUrl\":\"\",\"caption\":\"Parfumerin\u0117 esencija\"},\"image\":{\"@id\":\"https:\/\/perfumessence.eu\/pl\/#\/schema\/logo\/image\/\"},\"sameAs\":[\"https:\/\/www.facebook.com\/Parfumerin\u0117-esencija-424160218027238\/\",\"https:\/\/www.youtube.com\/channel\/UC0RI-RLwg1UQwDbAF-7a-MA\"]}]}<\/script>\n<!-- \/ Yoast SEO plugin. -->","yoast_head_json":{"title":"IK-45. Mandarino DI Amalfi - Perfumessence","description":"Cytrusowo-aromatyczny zapach dla kobiet i m\u0119\u017cczyzn. Owocowo-cytrusowy aromat \u0142\u0105czy si\u0119 z bobem tonka, nadaj\u0105c zapachowi ciep\u0142y powiew.","robots":{"index":"index","follow":"follow","max-snippet":"max-snippet:-1","max-image-preview":"max-image-preview:large","max-video-preview":"max-video-preview:-1"},"canonical":"https:\/\/perfumessence.eu\/pl\/produkt\/ik-45-mandarino-di-amalfi\/","og_locale":"pl_PL","og_type":"article","og_title":"IK-45. Mandarino DI Amalfi - Perfumessence","og_description":"Cytrusowo-aromatyczny zapach dla kobiet i m\u0119\u017cczyzn. Owocowo-cytrusowy aromat \u0142\u0105czy si\u0119 z bobem tonka, nadaj\u0105c zapachowi ciep\u0142y powiew.","og_url":"https:\/\/perfumessence.eu\/pl\/produkt\/ik-45-mandarino-di-amalfi\/","og_site_name":"Perfumessence","article_publisher":"https:\/\/www.facebook.com\/Parfumerin%c4%97-esencija-424160218027238\/","article_modified_time":"2024-01-23T13:47:44+00:00","og_image":[{"width":2560,"height":2560,"url":"https:\/\/perfumessence.eu\/wp-content\/uploads\/2024\/01\/template-12ml-oil-perfume-scaled.jpg","type":"image\/jpeg"}],"twitter_card":"summary_large_image","twitter_misc":{"Szacowany czas czytania":"1 minuta"},"schema":{"@context":"https:\/\/schema.org","@graph":[{"@type":"WebPage","@id":"https:\/\/perfumessence.eu\/pl\/produkt\/ik-45-mandarino-di-amalfi\/","url":"https:\/\/perfumessence.eu\/pl\/produkt\/ik-45-mandarino-di-amalfi\/","name":"IK-45. Mandarino DI Amalfi - Perfumessence","isPartOf":{"@id":"https:\/\/perfumessence.eu\/pl\/#website"},"datePublished":"2018-07-29T17:56:49+00:00","dateModified":"2024-01-23T13:47:44+00:00","description":"Cytrusowo-aromatyczny zapach dla kobiet i m\u0119\u017cczyzn. Owocowo-cytrusowy aromat \u0142\u0105czy si\u0119 z bobem tonka, nadaj\u0105c zapachowi ciep\u0142y powiew.","breadcrumb":{"@id":"https:\/\/perfumessence.eu\/pl\/produkt\/ik-45-mandarino-di-amalfi\/#breadcrumb"},"inLanguage":"pl-PL","potentialAction":[{"@type":"ReadAction","target":["https:\/\/perfumessence.eu\/pl\/produkt\/ik-45-mandarino-di-amalfi\/"]}]},{"@type":"BreadcrumbList","@id":"https:\/\/perfumessence.eu\/pl\/produkt\/ik-45-mandarino-di-amalfi\/#breadcrumb","itemListElement":[{"@type":"ListItem","position":1,"name":"Pagrindinis","item":"https:\/\/perfumessence.eu\/pl\/"},{"@type":"ListItem","position":2,"name":"Sklep","item":"https:\/\/perfumessence.eu\/pl\/sklep\/"},{"@type":"ListItem","position":3,"name":"IK-45. Mandarino DI Amalfi"}]},{"@type":"WebSite","@id":"https:\/\/perfumessence.eu\/pl\/#website","url":"https:\/\/perfumessence.eu\/pl\/","name":"Parfumerin\u0117 esencija","description":"Perfume Oils and Sprays","publisher":{"@id":"https:\/\/perfumessence.eu\/pl\/#organization"},"potentialAction":[{"@type":"SearchAction","target":{"@type":"EntryPoint","urlTemplate":"https:\/\/perfumessence.eu\/pl\/?s={search_term_string}"},"query-input":"required name=search_term_string"}],"inLanguage":"pl-PL"},{"@type":"Organization","@id":"https:\/\/perfumessence.eu\/pl\/#organization","name":"Parfumerin\u0117 esencija","url":"https:\/\/perfumessence.eu\/pl\/","logo":{"@type":"ImageObject","inLanguage":"pl-PL","@id":"https:\/\/perfumessence.eu\/pl\/#\/schema\/logo\/image\/","url":"","contentUrl":"","caption":"Parfumerin\u0117 esencija"},"image":{"@id":"https:\/\/perfumessence.eu\/pl\/#\/schema\/logo\/image\/"},"sameAs":["https:\/\/www.facebook.com\/Parfumerin\u0117-esencija-424160218027238\/","https:\/\/www.youtube.com\/channel\/UC0RI-RLwg1UQwDbAF-7a-MA"]}]}},"_links":{"self":[{"href":"https:\/\/perfumessence.eu\/pl\/wp-json\/wp\/v2\/product\/19817"}],"collection":[{"href":"https:\/\/perfumessence.eu\/pl\/wp-json\/wp\/v2\/product"}],"about":[{"href":"https:\/\/perfumessence.eu\/pl\/wp-json\/wp\/v2\/types\/product"}],"replies":[{"embeddable":true,"href":"https:\/\/perfumessence.eu\/pl\/wp-json\/wp\/v2\/comments?post=19817"}],"wp:featuredmedia":[{"embeddable":true,"href":"https:\/\/perfumessence.eu\/pl\/wp-json\/wp\/v2\/media\/19702"}],"wp:attachment":[{"href":"https:\/\/perfumessence.eu\/pl\/wp-json\/wp\/v2\/media?parent=19817"}],"wp:term":[{"taxonomy":"product_cat","embeddable":true,"href":"https:\/\/perfumessence.eu\/pl\/wp-json\/wp\/v2\/product_cat?post=19817"},{"taxonomy":"product_tag","embeddable":true,"href":"https:\/\/perfumessence.eu\/pl\/wp-json\/wp\/v2\/product_tag?post=19817"},{"taxonomy":"natos","embeddable":true,"href":"https:\/\/perfumessence.eu\/pl\/wp-json\/wp\/v2\/natos?post=19817"}],"curies":[{"name":"wp","href":"https:\/\/api.w.org\/{rel}","templated":true}]}}