{"id":19851,"date":"2018-10-24T21:27:59","date_gmt":"2018-10-24T18:27:59","guid":{"rendered":"https:\/\/perfumessence.eu\/product\/ik-39-baccarat-rouge\/"},"modified":"2024-01-23T16:51:46","modified_gmt":"2024-01-23T13:51:46","slug":"ik-39-baccarat-rouge","status":"publish","type":"product","link":"https:\/\/perfumessence.eu\/pl\/produkt\/ik-39-baccarat-rouge\/","title":{"rendered":"IK-39. Baccarat Rouge"},"content":{"rendered":"<h6><strong>Nuty g\u0142owy:<\/strong><\/h6>\n<figure id=\"attachment_19857\" aria-describedby=\"caption-attachment-19857\" style=\"width: 75px\" class=\"wp-caption alignleft\"><a href=\"https:\/\/perfumessence.eu\/natos\/safranas\/\"><img decoding=\"async\" class=\"wp-image-14848\" src=\"https:\/\/perfumessence.eu\/wp-content\/uploads\/2023\/02\/safranas.webp\" alt=\"\" width=\"75\" height=\"75\" srcset=\"https:\/\/perfumessence.eu\/wp-content\/uploads\/2023\/02\/safranas.webp 120w, https:\/\/perfumessence.eu\/wp-content\/uploads\/2023\/02\/safranas-100x100.webp 100w, https:\/\/perfumessence.eu\/wp-content\/uploads\/2023\/02\/safranas-64x64.webp 64w\" sizes=\"(max-width: 75px) 100vw, 75px\" \/><\/a><figcaption id=\"caption-attachment-19857\" class=\"wp-caption-text\">Szafran<\/figcaption><\/figure>\n<figure id=\"attachment_19858\" aria-describedby=\"caption-attachment-19858\" style=\"width: 75px\" class=\"wp-caption alignleft\"><a href=\"https:\/\/perfumessence.eu\/natos\/jazminai\/\"><img decoding=\"async\" class=\"wp-image-14853\" src=\"https:\/\/perfumessence.eu\/wp-content\/uploads\/2023\/02\/Jazminai.jpg\" alt=\"\" width=\"75\" height=\"75\" srcset=\"https:\/\/perfumessence.eu\/wp-content\/uploads\/2023\/02\/Jazminai.jpg 120w, https:\/\/perfumessence.eu\/wp-content\/uploads\/2023\/02\/Jazminai-100x100.jpg 100w, https:\/\/perfumessence.eu\/wp-content\/uploads\/2023\/02\/Jazminai-64x64.jpg 64w\" sizes=\"(max-width: 75px) 100vw, 75px\" \/><\/a><figcaption id=\"caption-attachment-19858\" class=\"wp-caption-text\">Jasmine<\/figcaption><\/figure>\n<h6><strong>Nuty \u015brodkowe:<\/strong><\/h6>\n<figure id=\"attachment_18456\" aria-describedby=\"caption-attachment-18456\" style=\"width: 75px\" class=\"wp-caption alignleft\"><a href=\"https:\/\/perfumessence.eu\/natos\/gintaras\/\"><img decoding=\"async\" class=\"wp-image-14873\" src=\"https:\/\/perfumessence.eu\/wp-content\/uploads\/2023\/02\/Gintaro-kvapas.webp\" alt=\"\" width=\"75\" height=\"75\" srcset=\"https:\/\/perfumessence.eu\/wp-content\/uploads\/2023\/02\/Gintaro-kvapas.webp 120w, https:\/\/perfumessence.eu\/wp-content\/uploads\/2023\/02\/Gintaro-kvapas-100x100.webp 100w, https:\/\/perfumessence.eu\/wp-content\/uploads\/2023\/02\/Gintaro-kvapas-64x64.webp 64w\" sizes=\"(max-width: 75px) 100vw, 75px\" \/><\/a><figcaption id=\"caption-attachment-18456\" class=\"wp-caption-text\">Bursztyn<\/figcaption><\/figure>\n<figure id=\"attachment_18453\" aria-describedby=\"caption-attachment-18453\" style=\"width: 75px\" class=\"wp-caption alignleft\"><a href=\"https:\/\/perfumessence.eu\/natos\/ambra\/\"><img loading=\"lazy\" decoding=\"async\" class=\"wp-image-14870\" src=\"https:\/\/perfumessence.eu\/wp-content\/uploads\/2023\/02\/Ambra.webp\" alt=\"\" width=\"75\" height=\"75\" srcset=\"https:\/\/perfumessence.eu\/wp-content\/uploads\/2023\/02\/Ambra.webp 120w, https:\/\/perfumessence.eu\/wp-content\/uploads\/2023\/02\/Ambra-100x100.webp 100w, https:\/\/perfumessence.eu\/wp-content\/uploads\/2023\/02\/Ambra-64x64.webp 64w\" sizes=\"(max-width: 75px) 100vw, 75px\" \/><\/a><figcaption id=\"caption-attachment-18453\" class=\"wp-caption-text\">Ambra<\/figcaption><\/figure>\n<h6><strong>Nuty bazy:<\/strong><\/h6>\n<figure id=\"attachment_19860\" aria-describedby=\"caption-attachment-19860\" style=\"width: 75px\" class=\"wp-caption alignleft\"><a href=\"https:\/\/perfumessence.eu\/natos\/kedras\/\"><img loading=\"lazy\" decoding=\"async\" class=\"wp-image-14877\" src=\"https:\/\/perfumessence.eu\/wp-content\/uploads\/2023\/02\/kedro-aromatas.webp\" alt=\"\" width=\"75\" height=\"75\" srcset=\"https:\/\/perfumessence.eu\/wp-content\/uploads\/2023\/02\/kedro-aromatas.webp 120w, https:\/\/perfumessence.eu\/wp-content\/uploads\/2023\/02\/kedro-aromatas-100x100.webp 100w, https:\/\/perfumessence.eu\/wp-content\/uploads\/2023\/02\/kedro-aromatas-64x64.webp 64w\" sizes=\"(max-width: 75px) 100vw, 75px\" \/><\/a><figcaption id=\"caption-attachment-19860\" class=\"wp-caption-text\">Cedr<\/figcaption><\/figure>\n<figure id=\"attachment_19859\" aria-describedby=\"caption-attachment-19859\" style=\"width: 75px\" class=\"wp-caption alignleft\"><a href=\"https:\/\/perfumessence.eu\/natos\/egles-derva\/\"><img loading=\"lazy\" decoding=\"async\" class=\"wp-image-14876\" src=\"https:\/\/perfumessence.eu\/wp-content\/uploads\/2023\/02\/Fir-resin.webp\" alt=\"\" width=\"75\" height=\"75\" srcset=\"https:\/\/perfumessence.eu\/wp-content\/uploads\/2023\/02\/Fir-resin.webp 120w, https:\/\/perfumessence.eu\/wp-content\/uploads\/2023\/02\/Fir-resin-100x100.webp 100w, https:\/\/perfumessence.eu\/wp-content\/uploads\/2023\/02\/Fir-resin-64x64.webp 64w\" sizes=\"(max-width: 75px) 100vw, 75px\" \/><\/a><figcaption id=\"caption-attachment-19859\" class=\"wp-caption-text\">\u017bywica \u015bwierkowa<\/figcaption><\/figure>\n<h6><strong>Dostawa:<\/strong><\/h6>\n","protected":false},"excerpt":{"rendered":"<p>Nasze najlepiej sprzedaj\u0105ce si\u0119 zapachy w latach 2021-2023, dotrzymuj\u0105ce kroku wielkim markom.<\/p>\n<p>Jeden spray zachwyci\u0142 ju\u017c tysi\u0105ce os\u00f3b. Czy b\u0119dziesz jednym z nich?<\/p>\n<p><strong>Esencja<\/strong> to aromatyczna cz\u0119\u015b\u0107 zapachu w sprayu &#8211; koncentrat. Wersja olejowa z dozownikiem kulek.<\/p>\n<p><strong>Atomizer<\/strong> to butelka z rozpylaczem zawieraj\u0105ca wzmocnione perfumy.<\/p>\n","protected":false},"featured_media":19702,"comment_status":"open","ping_status":"closed","template":"","meta":{"site-sidebar-layout":"default","site-content-layout":"default","ast-site-content-layout":"","site-content-style":"default","site-sidebar-style":"default","ast-global-header-display":"","ast-banner-title-visibility":"","ast-main-header-display":"","ast-hfb-above-header-display":"","ast-hfb-below-header-display":"","ast-hfb-mobile-header-display":"","site-post-title":"","ast-breadcrumbs-content":"","ast-featured-img":"","footer-sml-layout":"","theme-transparent-header-meta":"default","adv-header-id-meta":"","stick-header-meta":"default","header-above-stick-meta":"","header-main-stick-meta":"","header-below-stick-meta":"","astra-migrate-meta-layouts":"default","ast-page-background-enabled":"default","ast-page-background-meta":{"desktop":{"background-color":"var(--ast-global-color-4)","background-image":"","background-repeat":"repeat","background-position":"center center","background-size":"auto","background-attachment":"scroll","background-type":"","background-media":"","overlay-type":"","overlay-color":"","overlay-gradient":""},"tablet":{"background-color":"","background-image":"","background-repeat":"repeat","background-position":"center center","background-size":"auto","background-attachment":"scroll","background-type":"","background-media":"","overlay-type":"","overlay-color":"","overlay-gradient":""},"mobile":{"background-color":"","background-image":"","background-repeat":"repeat","background-position":"center center","background-size":"auto","background-attachment":"scroll","background-type":"","background-media":"","overlay-type":"","overlay-color":"","overlay-gradient":""}},"ast-content-background-meta":{"desktop":{"background-color":"var(--ast-global-color-5)","background-image":"","background-repeat":"repeat","background-position":"center center","background-size":"auto","background-attachment":"scroll","background-type":"","background-media":"","overlay-type":"","overlay-color":"","overlay-gradient":""},"tablet":{"background-color":"var(--ast-global-color-5)","background-image":"","background-repeat":"repeat","background-position":"center center","background-size":"auto","background-attachment":"scroll","background-type":"","background-media":"","overlay-type":"","overlay-color":"","overlay-gradient":""},"mobile":{"background-color":"var(--ast-global-color-5)","background-image":"","background-repeat":"repeat","background-position":"center center","background-size":"auto","background-attachment":"scroll","background-type":"","background-media":"","overlay-type":"","overlay-color":"","overlay-gradient":""}}},"product_cat":[574,567,547,573],"product_tag":[495,496],"natos":[562,548,534,499,561,582],"acf":[],"yoast_head":"<!-- This site is optimized with the Yoast SEO plugin v21.7 - https:\/\/yoast.com\/wordpress\/plugins\/seo\/ -->\n<title>Perfumy Baccarat Rouge - Perfumessence<\/title>\n<meta name=\"description\" content=\"IK- 39. Perfumy Baccarat Rouge to najpopularniejszy niszowy zapach, kt\u00f3ry podbi\u0142 serca milion\u00f3w. Dla m\u0119\u017cczyzn i kobiet.\" \/>\n<meta name=\"robots\" content=\"index, follow, max-snippet:-1, max-image-preview:large, max-video-preview:-1\" \/>\n<link rel=\"canonical\" href=\"https:\/\/perfumessence.eu\/pl\/produkt\/ik-39-baccarat-rouge\/\" \/>\n<meta property=\"og:locale\" content=\"pl_PL\" \/>\n<meta property=\"og:type\" content=\"article\" \/>\n<meta property=\"og:title\" content=\"Perfumy Baccarat Rouge - Perfumessence\" \/>\n<meta property=\"og:description\" content=\"IK- 39. Perfumy Baccarat Rouge to najpopularniejszy niszowy zapach, kt\u00f3ry podbi\u0142 serca milion\u00f3w. Dla m\u0119\u017cczyzn i kobiet.\" \/>\n<meta property=\"og:url\" content=\"https:\/\/perfumessence.eu\/pl\/produkt\/ik-39-baccarat-rouge\/\" \/>\n<meta property=\"og:site_name\" content=\"Perfumessence\" \/>\n<meta property=\"article:publisher\" content=\"https:\/\/www.facebook.com\/Parfumerin%c4%97-esencija-424160218027238\/\" \/>\n<meta property=\"article:modified_time\" content=\"2024-01-23T13:51:46+00:00\" \/>\n<meta property=\"og:image\" content=\"https:\/\/perfumessence.eu\/wp-content\/uploads\/2024\/01\/template-12ml-oil-perfume-scaled.jpg\" \/>\n\t<meta property=\"og:image:width\" content=\"2560\" \/>\n\t<meta property=\"og:image:height\" content=\"2560\" \/>\n\t<meta property=\"og:image:type\" content=\"image\/jpeg\" \/>\n<meta name=\"twitter:card\" content=\"summary_large_image\" \/>\n<script type=\"application\/ld+json\" class=\"yoast-schema-graph\">{\"@context\":\"https:\/\/schema.org\",\"@graph\":[{\"@type\":\"WebPage\",\"@id\":\"https:\/\/perfumessence.eu\/pl\/produkt\/ik-39-baccarat-rouge\/\",\"url\":\"https:\/\/perfumessence.eu\/pl\/produkt\/ik-39-baccarat-rouge\/\",\"name\":\"Perfumy Baccarat Rouge - Perfumessence\",\"isPartOf\":{\"@id\":\"https:\/\/perfumessence.eu\/pl\/#website\"},\"datePublished\":\"2018-10-24T18:27:59+00:00\",\"dateModified\":\"2024-01-23T13:51:46+00:00\",\"description\":\"IK- 39. Perfumy Baccarat Rouge to najpopularniejszy niszowy zapach, kt\u00f3ry podbi\u0142 serca milion\u00f3w. Dla m\u0119\u017cczyzn i kobiet.\",\"breadcrumb\":{\"@id\":\"https:\/\/perfumessence.eu\/pl\/produkt\/ik-39-baccarat-rouge\/#breadcrumb\"},\"inLanguage\":\"pl-PL\",\"potentialAction\":[{\"@type\":\"ReadAction\",\"target\":[\"https:\/\/perfumessence.eu\/pl\/produkt\/ik-39-baccarat-rouge\/\"]}]},{\"@type\":\"BreadcrumbList\",\"@id\":\"https:\/\/perfumessence.eu\/pl\/produkt\/ik-39-baccarat-rouge\/#breadcrumb\",\"itemListElement\":[{\"@type\":\"ListItem\",\"position\":1,\"name\":\"Pagrindinis\",\"item\":\"https:\/\/perfumessence.eu\/pl\/\"},{\"@type\":\"ListItem\",\"position\":2,\"name\":\"Sklep\",\"item\":\"https:\/\/perfumessence.eu\/pl\/sklep\/\"},{\"@type\":\"ListItem\",\"position\":3,\"name\":\"IK-39. Baccarat Rouge\"}]},{\"@type\":\"WebSite\",\"@id\":\"https:\/\/perfumessence.eu\/pl\/#website\",\"url\":\"https:\/\/perfumessence.eu\/pl\/\",\"name\":\"Parfumerin\u0117 esencija\",\"description\":\"Perfume Oils and Sprays\",\"publisher\":{\"@id\":\"https:\/\/perfumessence.eu\/pl\/#organization\"},\"potentialAction\":[{\"@type\":\"SearchAction\",\"target\":{\"@type\":\"EntryPoint\",\"urlTemplate\":\"https:\/\/perfumessence.eu\/pl\/?s={search_term_string}\"},\"query-input\":\"required name=search_term_string\"}],\"inLanguage\":\"pl-PL\"},{\"@type\":\"Organization\",\"@id\":\"https:\/\/perfumessence.eu\/pl\/#organization\",\"name\":\"Parfumerin\u0117 esencija\",\"url\":\"https:\/\/perfumessence.eu\/pl\/\",\"logo\":{\"@type\":\"ImageObject\",\"inLanguage\":\"pl-PL\",\"@id\":\"https:\/\/perfumessence.eu\/pl\/#\/schema\/logo\/image\/\",\"url\":\"\",\"contentUrl\":\"\",\"caption\":\"Parfumerin\u0117 esencija\"},\"image\":{\"@id\":\"https:\/\/perfumessence.eu\/pl\/#\/schema\/logo\/image\/\"},\"sameAs\":[\"https:\/\/www.facebook.com\/Parfumerin\u0117-esencija-424160218027238\/\",\"https:\/\/www.youtube.com\/channel\/UC0RI-RLwg1UQwDbAF-7a-MA\"]}]}<\/script>\n<!-- \/ Yoast SEO plugin. -->","yoast_head_json":{"title":"Perfumy Baccarat Rouge - Perfumessence","description":"IK- 39. Perfumy Baccarat Rouge to najpopularniejszy niszowy zapach, kt\u00f3ry podbi\u0142 serca milion\u00f3w. Dla m\u0119\u017cczyzn i kobiet.","robots":{"index":"index","follow":"follow","max-snippet":"max-snippet:-1","max-image-preview":"max-image-preview:large","max-video-preview":"max-video-preview:-1"},"canonical":"https:\/\/perfumessence.eu\/pl\/produkt\/ik-39-baccarat-rouge\/","og_locale":"pl_PL","og_type":"article","og_title":"Perfumy Baccarat Rouge - Perfumessence","og_description":"IK- 39. Perfumy Baccarat Rouge to najpopularniejszy niszowy zapach, kt\u00f3ry podbi\u0142 serca milion\u00f3w. Dla m\u0119\u017cczyzn i kobiet.","og_url":"https:\/\/perfumessence.eu\/pl\/produkt\/ik-39-baccarat-rouge\/","og_site_name":"Perfumessence","article_publisher":"https:\/\/www.facebook.com\/Parfumerin%c4%97-esencija-424160218027238\/","article_modified_time":"2024-01-23T13:51:46+00:00","og_image":[{"width":2560,"height":2560,"url":"https:\/\/perfumessence.eu\/wp-content\/uploads\/2024\/01\/template-12ml-oil-perfume-scaled.jpg","type":"image\/jpeg"}],"twitter_card":"summary_large_image","schema":{"@context":"https:\/\/schema.org","@graph":[{"@type":"WebPage","@id":"https:\/\/perfumessence.eu\/pl\/produkt\/ik-39-baccarat-rouge\/","url":"https:\/\/perfumessence.eu\/pl\/produkt\/ik-39-baccarat-rouge\/","name":"Perfumy Baccarat Rouge - Perfumessence","isPartOf":{"@id":"https:\/\/perfumessence.eu\/pl\/#website"},"datePublished":"2018-10-24T18:27:59+00:00","dateModified":"2024-01-23T13:51:46+00:00","description":"IK- 39. Perfumy Baccarat Rouge to najpopularniejszy niszowy zapach, kt\u00f3ry podbi\u0142 serca milion\u00f3w. Dla m\u0119\u017cczyzn i kobiet.","breadcrumb":{"@id":"https:\/\/perfumessence.eu\/pl\/produkt\/ik-39-baccarat-rouge\/#breadcrumb"},"inLanguage":"pl-PL","potentialAction":[{"@type":"ReadAction","target":["https:\/\/perfumessence.eu\/pl\/produkt\/ik-39-baccarat-rouge\/"]}]},{"@type":"BreadcrumbList","@id":"https:\/\/perfumessence.eu\/pl\/produkt\/ik-39-baccarat-rouge\/#breadcrumb","itemListElement":[{"@type":"ListItem","position":1,"name":"Pagrindinis","item":"https:\/\/perfumessence.eu\/pl\/"},{"@type":"ListItem","position":2,"name":"Sklep","item":"https:\/\/perfumessence.eu\/pl\/sklep\/"},{"@type":"ListItem","position":3,"name":"IK-39. Baccarat Rouge"}]},{"@type":"WebSite","@id":"https:\/\/perfumessence.eu\/pl\/#website","url":"https:\/\/perfumessence.eu\/pl\/","name":"Parfumerin\u0117 esencija","description":"Perfume Oils and Sprays","publisher":{"@id":"https:\/\/perfumessence.eu\/pl\/#organization"},"potentialAction":[{"@type":"SearchAction","target":{"@type":"EntryPoint","urlTemplate":"https:\/\/perfumessence.eu\/pl\/?s={search_term_string}"},"query-input":"required name=search_term_string"}],"inLanguage":"pl-PL"},{"@type":"Organization","@id":"https:\/\/perfumessence.eu\/pl\/#organization","name":"Parfumerin\u0117 esencija","url":"https:\/\/perfumessence.eu\/pl\/","logo":{"@type":"ImageObject","inLanguage":"pl-PL","@id":"https:\/\/perfumessence.eu\/pl\/#\/schema\/logo\/image\/","url":"","contentUrl":"","caption":"Parfumerin\u0117 esencija"},"image":{"@id":"https:\/\/perfumessence.eu\/pl\/#\/schema\/logo\/image\/"},"sameAs":["https:\/\/www.facebook.com\/Parfumerin\u0117-esencija-424160218027238\/","https:\/\/www.youtube.com\/channel\/UC0RI-RLwg1UQwDbAF-7a-MA"]}]}},"_links":{"self":[{"href":"https:\/\/perfumessence.eu\/pl\/wp-json\/wp\/v2\/product\/19851"}],"collection":[{"href":"https:\/\/perfumessence.eu\/pl\/wp-json\/wp\/v2\/product"}],"about":[{"href":"https:\/\/perfumessence.eu\/pl\/wp-json\/wp\/v2\/types\/product"}],"replies":[{"embeddable":true,"href":"https:\/\/perfumessence.eu\/pl\/wp-json\/wp\/v2\/comments?post=19851"}],"wp:featuredmedia":[{"embeddable":true,"href":"https:\/\/perfumessence.eu\/pl\/wp-json\/wp\/v2\/media\/19702"}],"wp:attachment":[{"href":"https:\/\/perfumessence.eu\/pl\/wp-json\/wp\/v2\/media?parent=19851"}],"wp:term":[{"taxonomy":"product_cat","embeddable":true,"href":"https:\/\/perfumessence.eu\/pl\/wp-json\/wp\/v2\/product_cat?post=19851"},{"taxonomy":"product_tag","embeddable":true,"href":"https:\/\/perfumessence.eu\/pl\/wp-json\/wp\/v2\/product_tag?post=19851"},{"taxonomy":"natos","embeddable":true,"href":"https:\/\/perfumessence.eu\/pl\/wp-json\/wp\/v2\/natos?post=19851"}],"curies":[{"name":"wp","href":"https:\/\/api.w.org\/{rel}","templated":true}]}}