{"id":19945,"date":"2019-09-03T18:47:18","date_gmt":"2019-09-03T15:47:18","guid":{"rendered":"https:\/\/perfumessence.eu\/product\/ik-30-naxos\/"},"modified":"2024-01-23T17:16:44","modified_gmt":"2024-01-23T14:16:44","slug":"ik-30-naxos","status":"publish","type":"product","link":"https:\/\/perfumessence.eu\/pl\/produkt\/ik-30-naxos\/","title":{"rendered":"IK-30. Naxos"},"content":{"rendered":"<p>Przepe\u0142niony \u015br\u00f3dziemnomorsk\u0105 pasj\u0105 Naxos tryska radosn\u0105 energi\u0105 cytrus\u00f3w przeplataj\u0105cych si\u0119 z bogatym akordem kwiatowym, rozja\u015bnionym odwa\u017cn\u0105 i mocn\u0105 kompozycj\u0105 specjalnych przypraw. Zapach uosabia bogaty charakter wyj\u0105tkowego zak\u0105tka \u015bwiata, a jego aromat odzwierciedla tysi\u0105cletnie dziedzictwo triumfu i pot\u0119gi oraz wyj\u0105tkowy kunszt.<\/p>\n<p>&#8222;Naxos po mistrzowsku oddaje klasyczne lekkie i owocowe nuty cytrusowe, o\u017cywione egzotycznym cynamonem oraz s\u0142odkimi akcentami wanilii i miodu. Baza zapachu sk\u0142ada si\u0119 z czystego bia\u0142ego kwiatu i ja\u015bminu, pozostawiaj\u0105c romantyczny welon i \u0142\u0105cz\u0105c si\u0119 z m\u0119skimi g\u00f3rnymi nutami bobu tonka i tytoniu.<\/p>\n<h6><strong>Nuty g\u0142owy:<\/strong><\/h6>\n<figure id=\"attachment_19815\" aria-describedby=\"caption-attachment-19815\" style=\"width: 80px\" class=\"wp-caption alignleft\"><a href=\"https:\/\/perfumessence.eu\/natos\/levanda\/\"><img decoding=\"async\" class=\"wp-image-15135\" src=\"https:\/\/perfumessence.eu\/wp-content\/uploads\/2023\/03\/levanda.webp\" alt=\"\" width=\"80\" height=\"80\" srcset=\"https:\/\/perfumessence.eu\/wp-content\/uploads\/2023\/03\/levanda.webp 120w, https:\/\/perfumessence.eu\/wp-content\/uploads\/2023\/03\/levanda-100x100.webp 100w, https:\/\/perfumessence.eu\/wp-content\/uploads\/2023\/03\/levanda-64x64.webp 64w\" sizes=\"(max-width: 80px) 100vw, 80px\" \/><\/a><figcaption id=\"caption-attachment-19815\" class=\"wp-caption-text\">Lawenda<\/figcaption><\/figure>\n<figure id=\"attachment_19829\" aria-describedby=\"caption-attachment-19829\" style=\"width: 80px\" class=\"wp-caption alignleft\"><a href=\"https:\/\/perfumessence.eu\/natos\/citrina\/\"><img decoding=\"async\" class=\"wp-image-14964\" src=\"https:\/\/perfumessence.eu\/wp-content\/uploads\/2023\/02\/Citrina.webp\" alt=\"\" width=\"80\" height=\"80\" srcset=\"https:\/\/perfumessence.eu\/wp-content\/uploads\/2023\/02\/Citrina.webp 120w, https:\/\/perfumessence.eu\/wp-content\/uploads\/2023\/02\/Citrina-100x100.webp 100w, https:\/\/perfumessence.eu\/wp-content\/uploads\/2023\/02\/Citrina-64x64.webp 64w\" sizes=\"(max-width: 80px) 100vw, 80px\" \/><\/a><figcaption id=\"caption-attachment-19829\" class=\"wp-caption-text\">Cytryna<\/figcaption><\/figure>\n<figure id=\"attachment_18508\" aria-describedby=\"caption-attachment-18508\" style=\"width: 80px\" class=\"wp-caption alignleft\"><a href=\"https:\/\/perfumessence.eu\/natos\/bergamote\/\"><img decoding=\"async\" class=\"wp-image-15072\" src=\"https:\/\/perfumessence.eu\/wp-content\/uploads\/2023\/03\/bergamote.webp\" alt=\"\" width=\"80\" height=\"80\" srcset=\"https:\/\/perfumessence.eu\/wp-content\/uploads\/2023\/03\/bergamote.webp 120w, https:\/\/perfumessence.eu\/wp-content\/uploads\/2023\/03\/bergamote-100x100.webp 100w, https:\/\/perfumessence.eu\/wp-content\/uploads\/2023\/03\/bergamote-64x64.webp 64w\" sizes=\"(max-width: 80px) 100vw, 80px\" \/><\/a><figcaption id=\"caption-attachment-18508\" class=\"wp-caption-text\">Bergamotka<\/figcaption><\/figure>\n<h6><strong>Nuty \u015brodkowe:<\/strong><\/h6>\n<figure id=\"attachment_18563\" aria-describedby=\"caption-attachment-18563\" style=\"width: 80px\" class=\"wp-caption alignleft\"><a href=\"https:\/\/perfumessence.eu\/natos\/medus\/\"><img loading=\"lazy\" decoding=\"async\" class=\"wp-image-15476\" src=\"https:\/\/perfumessence.eu\/wp-content\/uploads\/2023\/04\/medust.webp\" alt=\"\" width=\"80\" height=\"80\" srcset=\"https:\/\/perfumessence.eu\/wp-content\/uploads\/2023\/04\/medust.webp 120w, https:\/\/perfumessence.eu\/wp-content\/uploads\/2023\/04\/medust-100x100.webp 100w, https:\/\/perfumessence.eu\/wp-content\/uploads\/2023\/04\/medust-64x64.webp 64w\" sizes=\"(max-width: 80px) 100vw, 80px\" \/><\/a><figcaption id=\"caption-attachment-18563\" class=\"wp-caption-text\">Mi\u00f3d<\/figcaption><\/figure>\n<figure id=\"attachment_19921\" aria-describedby=\"caption-attachment-19921\" style=\"width: 80px\" class=\"wp-caption alignleft\"><a href=\"https:\/\/perfumessence.eu\/natos\/cinamonas\/\"><img loading=\"lazy\" decoding=\"async\" class=\"wp-image-14890\" src=\"https:\/\/perfumessence.eu\/wp-content\/uploads\/2023\/02\/cinamono-nata.jpg\" alt=\"\" width=\"80\" height=\"80\" srcset=\"https:\/\/perfumessence.eu\/wp-content\/uploads\/2023\/02\/cinamono-nata.jpg 120w, https:\/\/perfumessence.eu\/wp-content\/uploads\/2023\/02\/cinamono-nata-100x100.jpg 100w, https:\/\/perfumessence.eu\/wp-content\/uploads\/2023\/02\/cinamono-nata-64x64.jpg 64w\" sizes=\"(max-width: 80px) 100vw, 80px\" \/><\/a><figcaption id=\"caption-attachment-19921\" class=\"wp-caption-text\">Cynamon<\/figcaption><\/figure>\n<figure id=\"attachment_19858\" aria-describedby=\"caption-attachment-19858\" style=\"width: 80px\" class=\"wp-caption alignleft\"><a href=\"https:\/\/perfumessence.eu\/natos\/jazminai\/\"><img loading=\"lazy\" decoding=\"async\" class=\"wp-image-14853\" src=\"https:\/\/perfumessence.eu\/wp-content\/uploads\/2023\/02\/Jazminai.jpg\" alt=\"\" width=\"80\" height=\"80\" srcset=\"https:\/\/perfumessence.eu\/wp-content\/uploads\/2023\/02\/Jazminai.jpg 120w, https:\/\/perfumessence.eu\/wp-content\/uploads\/2023\/02\/Jazminai-100x100.jpg 100w, https:\/\/perfumessence.eu\/wp-content\/uploads\/2023\/02\/Jazminai-64x64.jpg 64w\" sizes=\"(max-width: 80px) 100vw, 80px\" \/><\/a><figcaption id=\"caption-attachment-19858\" class=\"wp-caption-text\">Jasmine<\/figcaption><\/figure>\n<figure id=\"attachment_19881\" aria-describedby=\"caption-attachment-19881\" style=\"width: 80px\" class=\"wp-caption alignleft\"><a href=\"https:\/\/perfumessence.eu\/natos\/kasmyras\/\"><img loading=\"lazy\" decoding=\"async\" class=\"wp-image-15148\" src=\"https:\/\/perfumessence.eu\/wp-content\/uploads\/2023\/03\/Kasmyras.jpg\" alt=\"\" width=\"80\" height=\"80\" srcset=\"https:\/\/perfumessence.eu\/wp-content\/uploads\/2023\/03\/Kasmyras.jpg 120w, https:\/\/perfumessence.eu\/wp-content\/uploads\/2023\/03\/Kasmyras-100x100.jpg 100w, https:\/\/perfumessence.eu\/wp-content\/uploads\/2023\/03\/Kasmyras-64x64.jpg 64w\" sizes=\"(max-width: 80px) 100vw, 80px\" \/><\/a><figcaption id=\"caption-attachment-19881\" class=\"wp-caption-text\">Kaszmir<\/figcaption><\/figure>\n<h6><strong>Nuty bazy:<\/strong><\/h6>\n<figure id=\"attachment_18518\" aria-describedby=\"caption-attachment-18518\" style=\"width: 80px\" class=\"wp-caption alignleft\"><a href=\"https:\/\/perfumessence.eu\/natos\/vanile\/\"><img loading=\"lazy\" decoding=\"async\" class=\"wp-image-15084\" src=\"https:\/\/perfumessence.eu\/wp-content\/uploads\/2023\/03\/vaniles-nata.webp\" alt=\"\" width=\"80\" height=\"80\" srcset=\"https:\/\/perfumessence.eu\/wp-content\/uploads\/2023\/03\/vaniles-nata.webp 120w, https:\/\/perfumessence.eu\/wp-content\/uploads\/2023\/03\/vaniles-nata-100x100.webp 100w, https:\/\/perfumessence.eu\/wp-content\/uploads\/2023\/03\/vaniles-nata-64x64.webp 64w\" sizes=\"(max-width: 80px) 100vw, 80px\" \/><\/a><figcaption id=\"caption-attachment-18518\" class=\"wp-caption-text\">Wanilia<\/figcaption><\/figure>\n<figure id=\"attachment_18581\" aria-describedby=\"caption-attachment-18581\" style=\"width: 80px\" class=\"wp-caption alignleft\"><a href=\"https:\/\/perfumessence.eu\/natos\/tabakas\/\"><img loading=\"lazy\" decoding=\"async\" class=\"wp-image-15494\" src=\"https:\/\/perfumessence.eu\/wp-content\/uploads\/2023\/04\/tabakas-t.webp\" alt=\"\" width=\"80\" height=\"80\" srcset=\"https:\/\/perfumessence.eu\/wp-content\/uploads\/2023\/04\/tabakas-t.webp 120w, https:\/\/perfumessence.eu\/wp-content\/uploads\/2023\/04\/tabakas-t-100x100.webp 100w, https:\/\/perfumessence.eu\/wp-content\/uploads\/2023\/04\/tabakas-t-64x64.webp 64w\" sizes=\"(max-width: 80px) 100vw, 80px\" \/><\/a><figcaption id=\"caption-attachment-18581\" class=\"wp-caption-text\">Tyto\u0144<\/figcaption><\/figure>\n<figure id=\"attachment_19833\" aria-describedby=\"caption-attachment-19833\" style=\"width: 80px\" class=\"wp-caption alignleft\"><a href=\"https:\/\/perfumessence.eu\/natos\/tonka-pupeles\/\"><img loading=\"lazy\" decoding=\"async\" class=\"wp-image-14973\" src=\"https:\/\/perfumessence.eu\/wp-content\/uploads\/2023\/02\/tonka-pupeles.webp\" alt=\"\" width=\"80\" height=\"80\" srcset=\"https:\/\/perfumessence.eu\/wp-content\/uploads\/2023\/02\/tonka-pupeles.webp 120w, https:\/\/perfumessence.eu\/wp-content\/uploads\/2023\/02\/tonka-pupeles-100x100.webp 100w, https:\/\/perfumessence.eu\/wp-content\/uploads\/2023\/02\/tonka-pupeles-64x64.webp 64w\" sizes=\"(max-width: 80px) 100vw, 80px\" \/><\/a><figcaption id=\"caption-attachment-19833\" class=\"wp-caption-text\">Fasola tonka<\/figcaption><\/figure>\n<h6><strong>Dostawa:<\/strong><\/h6>\n","protected":false},"excerpt":{"rendered":"<p><em><strong>&#8222;Naxos uciele\u015bnia zmys\u0142owo\u015b\u0107 Sycylii, z bogatym aromatem stworzonym w najstarszych tradycjach, subtelnie nasyconym duchem nowoczesno\u015bci.<\/strong><\/em><\/p>\n<p><strong>Esencja<\/strong> to aromatyczna cz\u0119\u015b\u0107 zapachu w sprayu &#8211; koncentrat.<\/p>\n<p><strong>Atomizer<\/strong> to butelka z rozpylaczem zawieraj\u0105ca wzmocnione perfumy.<\/p>\n","protected":false},"featured_media":19702,"comment_status":"open","ping_status":"closed","template":"","meta":{"site-sidebar-layout":"default","site-content-layout":"default","ast-site-content-layout":"","site-content-style":"default","site-sidebar-style":"default","ast-global-header-display":"","ast-banner-title-visibility":"","ast-main-header-display":"","ast-hfb-above-header-display":"","ast-hfb-below-header-display":"","ast-hfb-mobile-header-display":"","site-post-title":"","ast-breadcrumbs-content":"","ast-featured-img":"","footer-sml-layout":"","theme-transparent-header-meta":"default","adv-header-id-meta":"","stick-header-meta":"default","header-above-stick-meta":"","header-main-stick-meta":"","header-below-stick-meta":"","astra-migrate-meta-layouts":"default","ast-page-background-enabled":"default","ast-page-background-meta":{"desktop":{"background-color":"var(--ast-global-color-4)","background-image":"","background-repeat":"repeat","background-position":"center center","background-size":"auto","background-attachment":"scroll","background-type":"","background-media":"","overlay-type":"","overlay-color":"","overlay-gradient":""},"tablet":{"background-color":"","background-image":"","background-repeat":"repeat","background-position":"center center","background-size":"auto","background-attachment":"scroll","background-type":"","background-media":"","overlay-type":"","overlay-color":"","overlay-gradient":""},"mobile":{"background-color":"","background-image":"","background-repeat":"repeat","background-position":"center center","background-size":"auto","background-attachment":"scroll","background-type":"","background-media":"","overlay-type":"","overlay-color":"","overlay-gradient":""}},"ast-content-background-meta":{"desktop":{"background-color":"var(--ast-global-color-5)","background-image":"","background-repeat":"repeat","background-position":"center center","background-size":"auto","background-attachment":"scroll","background-type":"","background-media":"","overlay-type":"","overlay-color":"","overlay-gradient":""},"tablet":{"background-color":"var(--ast-global-color-5)","background-image":"","background-repeat":"repeat","background-position":"center center","background-size":"auto","background-attachment":"scroll","background-type":"","background-media":"","overlay-type":"","overlay-color":"","overlay-gradient":""},"mobile":{"background-color":"var(--ast-global-color-5)","background-image":"","background-repeat":"repeat","background-position":"center center","background-size":"auto","background-attachment":"scroll","background-type":"","background-media":"","overlay-type":"","overlay-color":"","overlay-gradient":""}}},"product_cat":[567],"product_tag":[496,598],"natos":[507,553,504,505,499,526,537,604,605,510],"acf":[],"yoast_head":"<!-- This site is optimized with the Yoast SEO plugin v21.7 - https:\/\/yoast.com\/wordpress\/plugins\/seo\/ -->\n<title>IK-30. Naxos - Perfumessence<\/title>\n<meta name=\"description\" content=\"Naxos uosabia zmys\u0142owo\u015b\u0107 Sycylii, z bogatym aromatem stworzonym w najstarszych tradycjach, subtelnie nasyconym duchem nowoczesno\u015bci.\" \/>\n<meta name=\"robots\" content=\"index, follow, max-snippet:-1, max-image-preview:large, max-video-preview:-1\" \/>\n<link rel=\"canonical\" href=\"https:\/\/perfumessence.eu\/pl\/produkt\/ik-30-naxos\/\" \/>\n<meta property=\"og:locale\" content=\"pl_PL\" \/>\n<meta property=\"og:type\" content=\"article\" \/>\n<meta property=\"og:title\" content=\"IK-30. Naxos - Perfumessence\" \/>\n<meta property=\"og:description\" content=\"Naxos uosabia zmys\u0142owo\u015b\u0107 Sycylii, z bogatym aromatem stworzonym w najstarszych tradycjach, subtelnie nasyconym duchem nowoczesno\u015bci.\" \/>\n<meta property=\"og:url\" content=\"https:\/\/perfumessence.eu\/pl\/produkt\/ik-30-naxos\/\" \/>\n<meta property=\"og:site_name\" content=\"Perfumessence\" \/>\n<meta property=\"article:publisher\" content=\"https:\/\/www.facebook.com\/Parfumerin%c4%97-esencija-424160218027238\/\" \/>\n<meta property=\"article:modified_time\" content=\"2024-01-23T14:16:44+00:00\" \/>\n<meta property=\"og:image\" content=\"https:\/\/perfumessence.eu\/wp-content\/uploads\/2024\/01\/template-12ml-oil-perfume-scaled.jpg\" \/>\n\t<meta property=\"og:image:width\" content=\"2560\" \/>\n\t<meta property=\"og:image:height\" content=\"2560\" \/>\n\t<meta property=\"og:image:type\" content=\"image\/jpeg\" \/>\n<meta name=\"twitter:card\" content=\"summary_large_image\" \/>\n<meta name=\"twitter:label1\" content=\"Szacowany czas czytania\" \/>\n\t<meta name=\"twitter:data1\" content=\"1 minuta\" \/>\n<script type=\"application\/ld+json\" class=\"yoast-schema-graph\">{\"@context\":\"https:\/\/schema.org\",\"@graph\":[{\"@type\":\"WebPage\",\"@id\":\"https:\/\/perfumessence.eu\/pl\/produkt\/ik-30-naxos\/\",\"url\":\"https:\/\/perfumessence.eu\/pl\/produkt\/ik-30-naxos\/\",\"name\":\"IK-30. Naxos - Perfumessence\",\"isPartOf\":{\"@id\":\"https:\/\/perfumessence.eu\/pl\/#website\"},\"datePublished\":\"2019-09-03T15:47:18+00:00\",\"dateModified\":\"2024-01-23T14:16:44+00:00\",\"description\":\"Naxos uosabia zmys\u0142owo\u015b\u0107 Sycylii, z bogatym aromatem stworzonym w najstarszych tradycjach, subtelnie nasyconym duchem nowoczesno\u015bci.\",\"breadcrumb\":{\"@id\":\"https:\/\/perfumessence.eu\/pl\/produkt\/ik-30-naxos\/#breadcrumb\"},\"inLanguage\":\"pl-PL\",\"potentialAction\":[{\"@type\":\"ReadAction\",\"target\":[\"https:\/\/perfumessence.eu\/pl\/produkt\/ik-30-naxos\/\"]}]},{\"@type\":\"BreadcrumbList\",\"@id\":\"https:\/\/perfumessence.eu\/pl\/produkt\/ik-30-naxos\/#breadcrumb\",\"itemListElement\":[{\"@type\":\"ListItem\",\"position\":1,\"name\":\"Pagrindinis\",\"item\":\"https:\/\/perfumessence.eu\/pl\/\"},{\"@type\":\"ListItem\",\"position\":2,\"name\":\"Sklep\",\"item\":\"https:\/\/perfumessence.eu\/pl\/sklep\/\"},{\"@type\":\"ListItem\",\"position\":3,\"name\":\"IK-30. Naxos\"}]},{\"@type\":\"WebSite\",\"@id\":\"https:\/\/perfumessence.eu\/pl\/#website\",\"url\":\"https:\/\/perfumessence.eu\/pl\/\",\"name\":\"Parfumerin\u0117 esencija\",\"description\":\"Perfume Oils and Sprays\",\"publisher\":{\"@id\":\"https:\/\/perfumessence.eu\/pl\/#organization\"},\"potentialAction\":[{\"@type\":\"SearchAction\",\"target\":{\"@type\":\"EntryPoint\",\"urlTemplate\":\"https:\/\/perfumessence.eu\/pl\/?s={search_term_string}\"},\"query-input\":\"required name=search_term_string\"}],\"inLanguage\":\"pl-PL\"},{\"@type\":\"Organization\",\"@id\":\"https:\/\/perfumessence.eu\/pl\/#organization\",\"name\":\"Parfumerin\u0117 esencija\",\"url\":\"https:\/\/perfumessence.eu\/pl\/\",\"logo\":{\"@type\":\"ImageObject\",\"inLanguage\":\"pl-PL\",\"@id\":\"https:\/\/perfumessence.eu\/pl\/#\/schema\/logo\/image\/\",\"url\":\"\",\"contentUrl\":\"\",\"caption\":\"Parfumerin\u0117 esencija\"},\"image\":{\"@id\":\"https:\/\/perfumessence.eu\/pl\/#\/schema\/logo\/image\/\"},\"sameAs\":[\"https:\/\/www.facebook.com\/Parfumerin\u0117-esencija-424160218027238\/\",\"https:\/\/www.youtube.com\/channel\/UC0RI-RLwg1UQwDbAF-7a-MA\"]}]}<\/script>\n<!-- \/ Yoast SEO plugin. -->","yoast_head_json":{"title":"IK-30. Naxos - Perfumessence","description":"Naxos uosabia zmys\u0142owo\u015b\u0107 Sycylii, z bogatym aromatem stworzonym w najstarszych tradycjach, subtelnie nasyconym duchem nowoczesno\u015bci.","robots":{"index":"index","follow":"follow","max-snippet":"max-snippet:-1","max-image-preview":"max-image-preview:large","max-video-preview":"max-video-preview:-1"},"canonical":"https:\/\/perfumessence.eu\/pl\/produkt\/ik-30-naxos\/","og_locale":"pl_PL","og_type":"article","og_title":"IK-30. Naxos - Perfumessence","og_description":"Naxos uosabia zmys\u0142owo\u015b\u0107 Sycylii, z bogatym aromatem stworzonym w najstarszych tradycjach, subtelnie nasyconym duchem nowoczesno\u015bci.","og_url":"https:\/\/perfumessence.eu\/pl\/produkt\/ik-30-naxos\/","og_site_name":"Perfumessence","article_publisher":"https:\/\/www.facebook.com\/Parfumerin%c4%97-esencija-424160218027238\/","article_modified_time":"2024-01-23T14:16:44+00:00","og_image":[{"width":2560,"height":2560,"url":"https:\/\/perfumessence.eu\/wp-content\/uploads\/2024\/01\/template-12ml-oil-perfume-scaled.jpg","type":"image\/jpeg"}],"twitter_card":"summary_large_image","twitter_misc":{"Szacowany czas czytania":"1 minuta"},"schema":{"@context":"https:\/\/schema.org","@graph":[{"@type":"WebPage","@id":"https:\/\/perfumessence.eu\/pl\/produkt\/ik-30-naxos\/","url":"https:\/\/perfumessence.eu\/pl\/produkt\/ik-30-naxos\/","name":"IK-30. Naxos - Perfumessence","isPartOf":{"@id":"https:\/\/perfumessence.eu\/pl\/#website"},"datePublished":"2019-09-03T15:47:18+00:00","dateModified":"2024-01-23T14:16:44+00:00","description":"Naxos uosabia zmys\u0142owo\u015b\u0107 Sycylii, z bogatym aromatem stworzonym w najstarszych tradycjach, subtelnie nasyconym duchem nowoczesno\u015bci.","breadcrumb":{"@id":"https:\/\/perfumessence.eu\/pl\/produkt\/ik-30-naxos\/#breadcrumb"},"inLanguage":"pl-PL","potentialAction":[{"@type":"ReadAction","target":["https:\/\/perfumessence.eu\/pl\/produkt\/ik-30-naxos\/"]}]},{"@type":"BreadcrumbList","@id":"https:\/\/perfumessence.eu\/pl\/produkt\/ik-30-naxos\/#breadcrumb","itemListElement":[{"@type":"ListItem","position":1,"name":"Pagrindinis","item":"https:\/\/perfumessence.eu\/pl\/"},{"@type":"ListItem","position":2,"name":"Sklep","item":"https:\/\/perfumessence.eu\/pl\/sklep\/"},{"@type":"ListItem","position":3,"name":"IK-30. Naxos"}]},{"@type":"WebSite","@id":"https:\/\/perfumessence.eu\/pl\/#website","url":"https:\/\/perfumessence.eu\/pl\/","name":"Parfumerin\u0117 esencija","description":"Perfume Oils and Sprays","publisher":{"@id":"https:\/\/perfumessence.eu\/pl\/#organization"},"potentialAction":[{"@type":"SearchAction","target":{"@type":"EntryPoint","urlTemplate":"https:\/\/perfumessence.eu\/pl\/?s={search_term_string}"},"query-input":"required name=search_term_string"}],"inLanguage":"pl-PL"},{"@type":"Organization","@id":"https:\/\/perfumessence.eu\/pl\/#organization","name":"Parfumerin\u0117 esencija","url":"https:\/\/perfumessence.eu\/pl\/","logo":{"@type":"ImageObject","inLanguage":"pl-PL","@id":"https:\/\/perfumessence.eu\/pl\/#\/schema\/logo\/image\/","url":"","contentUrl":"","caption":"Parfumerin\u0117 esencija"},"image":{"@id":"https:\/\/perfumessence.eu\/pl\/#\/schema\/logo\/image\/"},"sameAs":["https:\/\/www.facebook.com\/Parfumerin\u0117-esencija-424160218027238\/","https:\/\/www.youtube.com\/channel\/UC0RI-RLwg1UQwDbAF-7a-MA"]}]}},"_links":{"self":[{"href":"https:\/\/perfumessence.eu\/pl\/wp-json\/wp\/v2\/product\/19945"}],"collection":[{"href":"https:\/\/perfumessence.eu\/pl\/wp-json\/wp\/v2\/product"}],"about":[{"href":"https:\/\/perfumessence.eu\/pl\/wp-json\/wp\/v2\/types\/product"}],"replies":[{"embeddable":true,"href":"https:\/\/perfumessence.eu\/pl\/wp-json\/wp\/v2\/comments?post=19945"}],"wp:featuredmedia":[{"embeddable":true,"href":"https:\/\/perfumessence.eu\/pl\/wp-json\/wp\/v2\/media\/19702"}],"wp:attachment":[{"href":"https:\/\/perfumessence.eu\/pl\/wp-json\/wp\/v2\/media?parent=19945"}],"wp:term":[{"taxonomy":"product_cat","embeddable":true,"href":"https:\/\/perfumessence.eu\/pl\/wp-json\/wp\/v2\/product_cat?post=19945"},{"taxonomy":"product_tag","embeddable":true,"href":"https:\/\/perfumessence.eu\/pl\/wp-json\/wp\/v2\/product_tag?post=19945"},{"taxonomy":"natos","embeddable":true,"href":"https:\/\/perfumessence.eu\/pl\/wp-json\/wp\/v2\/natos?post=19945"}],"curies":[{"name":"wp","href":"https:\/\/api.w.org\/{rel}","templated":true}]}}