{"id":20109,"date":"2020-01-02T14:07:28","date_gmt":"2020-01-02T11:07:28","guid":{"rendered":"https:\/\/perfumessence.eu\/product\/ik-61-grac\/"},"modified":"2024-01-23T17:52:23","modified_gmt":"2024-01-23T14:52:23","slug":"ik-61-grac","status":"publish","type":"product","link":"https:\/\/perfumessence.eu\/pl\/produkt\/ik-61-grac\/","title":{"rendered":"IK-61. Gra\u0107"},"content":{"rendered":"<p>Play &#8211; Nami\u0119tne nuty balsamicznego d\u0119bu pozostawiaj\u0105 po\u0142yskuj\u0105cy \u015blad. &#8222;Play ma musuj\u0105c\u0105 kompozycj\u0119 nut, z bergamotk\u0105 w g\u00f3rnych nutach. Nuty g\u0142owy: bergamotka, mandarynka, pomara\u0144cza i grejpfrut. Nuty \u015brodkowe: smo\u0142a balsamiczna, czarny pieprz i kwiat kawowca. Nuty bazy: aromatyczna wetyweria i paczula.<\/p>\n<h6><strong>Nuty g\u0142owy:<\/strong><\/h6>\n<figure id=\"attachment_18573\" aria-describedby=\"caption-attachment-18573\" style=\"width: 80px\" class=\"wp-caption alignleft\"><a href=\"https:\/\/perfumessence.eu\/natos\/apelsinai\/\"><img decoding=\"async\" class=\"wp-image-15486\" src=\"https:\/\/perfumessence.eu\/wp-content\/uploads\/2023\/04\/apelsinai-t.webp\" alt=\"\" width=\"80\" height=\"80\" srcset=\"https:\/\/perfumessence.eu\/wp-content\/uploads\/2023\/04\/apelsinai-t.webp 120w, https:\/\/perfumessence.eu\/wp-content\/uploads\/2023\/04\/apelsinai-t-100x100.webp 100w, https:\/\/perfumessence.eu\/wp-content\/uploads\/2023\/04\/apelsinai-t-64x64.webp 64w\" sizes=\"(max-width: 80px) 100vw, 80px\" \/><\/a><figcaption id=\"caption-attachment-18573\" class=\"wp-caption-text\">Pomara\u0144cze<\/figcaption><\/figure>\n<figure id=\"attachment_18635\" aria-describedby=\"caption-attachment-18635\" style=\"width: 80px\" class=\"wp-caption alignleft\"><a href=\"https:\/\/perfumessence.eu\/natos\/mandarinai\/\"><img decoding=\"async\" class=\"wp-image-15651\" src=\"https:\/\/perfumessence.eu\/wp-content\/uploads\/2023\/04\/mandarinai-t.82.jpg\" alt=\"\" width=\"80\" height=\"80\" srcset=\"https:\/\/perfumessence.eu\/wp-content\/uploads\/2023\/04\/mandarinai-t.82.jpg 120w, https:\/\/perfumessence.eu\/wp-content\/uploads\/2023\/04\/mandarinai-t.82-100x100.jpg 100w, https:\/\/perfumessence.eu\/wp-content\/uploads\/2023\/04\/mandarinai-t.82-64x64.jpg 64w\" sizes=\"(max-width: 80px) 100vw, 80px\" \/><\/a><figcaption id=\"caption-attachment-18635\" class=\"wp-caption-text\">Mandarynki<\/figcaption><\/figure>\n<figure id=\"attachment_18693\" aria-describedby=\"caption-attachment-18693\" style=\"width: 80px\" class=\"wp-caption alignleft\"><a href=\"https:\/\/perfumessence.eu\/natos\/greipfurtas\/\"><img decoding=\"async\" class=\"wp-image-15793\" src=\"https:\/\/perfumessence.eu\/wp-content\/uploads\/2023\/05\/greipfurtas-t.webp\" alt=\"\" width=\"80\" height=\"80\" srcset=\"https:\/\/perfumessence.eu\/wp-content\/uploads\/2023\/05\/greipfurtas-t.webp 120w, https:\/\/perfumessence.eu\/wp-content\/uploads\/2023\/05\/greipfurtas-t-100x100.webp 100w, https:\/\/perfumessence.eu\/wp-content\/uploads\/2023\/05\/greipfurtas-t-64x64.webp 64w\" sizes=\"(max-width: 80px) 100vw, 80px\" \/><\/a><figcaption id=\"caption-attachment-18693\" class=\"wp-caption-text\">Greipfurt<\/figcaption><\/figure>\n<figure id=\"attachment_18508\" aria-describedby=\"caption-attachment-18508\" style=\"width: 80px\" class=\"wp-caption alignleft\"><a href=\"https:\/\/perfumessence.eu\/natos\/bergamote\/\"><img loading=\"lazy\" decoding=\"async\" class=\"wp-image-15072\" src=\"https:\/\/perfumessence.eu\/wp-content\/uploads\/2023\/03\/bergamote.webp\" alt=\"\" width=\"80\" height=\"80\" srcset=\"https:\/\/perfumessence.eu\/wp-content\/uploads\/2023\/03\/bergamote.webp 120w, https:\/\/perfumessence.eu\/wp-content\/uploads\/2023\/03\/bergamote-100x100.webp 100w, https:\/\/perfumessence.eu\/wp-content\/uploads\/2023\/03\/bergamote-64x64.webp 64w\" sizes=\"(max-width: 80px) 100vw, 80px\" \/><\/a><figcaption id=\"caption-attachment-18508\" class=\"wp-caption-text\">Bergamotka<\/figcaption><\/figure>\n<h6><strong>Nuty \u015brodkowe:<\/strong><\/h6>\n<figure id=\"attachment_19871\" aria-describedby=\"caption-attachment-19871\" style=\"width: 80px\" class=\"wp-caption alignleft\"><a href=\"https:\/\/perfumessence.eu\/natos\/kava\/\"><img loading=\"lazy\" decoding=\"async\" class=\"wp-image-15496\" src=\"https:\/\/perfumessence.eu\/wp-content\/uploads\/2023\/04\/kava-t.webp\" alt=\"\" width=\"80\" height=\"80\" srcset=\"https:\/\/perfumessence.eu\/wp-content\/uploads\/2023\/04\/kava-t.webp 120w, https:\/\/perfumessence.eu\/wp-content\/uploads\/2023\/04\/kava-t-100x100.webp 100w, https:\/\/perfumessence.eu\/wp-content\/uploads\/2023\/04\/kava-t-64x64.webp 64w\" sizes=\"(max-width: 80px) 100vw, 80px\" \/><\/a><figcaption id=\"caption-attachment-19871\" class=\"wp-caption-text\">Kawa<\/figcaption><\/figure>\n<figure id=\"attachment_19720\" aria-describedby=\"caption-attachment-19720\" style=\"width: 80px\" class=\"wp-caption alignleft\"><a href=\"https:\/\/perfumessence.eu\/natos\/juodieji-pipirai\/\"><img loading=\"lazy\" decoding=\"async\" class=\"wp-image-15889\" src=\"https:\/\/perfumessence.eu\/wp-content\/uploads\/2023\/05\/Juodieji-pipirai-t.webp\" alt=\"\" width=\"80\" height=\"80\" srcset=\"https:\/\/perfumessence.eu\/wp-content\/uploads\/2023\/05\/Juodieji-pipirai-t.webp 120w, https:\/\/perfumessence.eu\/wp-content\/uploads\/2023\/05\/Juodieji-pipirai-t-100x100.webp 100w, https:\/\/perfumessence.eu\/wp-content\/uploads\/2023\/05\/Juodieji-pipirai-t-64x64.webp 64w\" sizes=\"(max-width: 80px) 100vw, 80px\" \/><\/a><figcaption id=\"caption-attachment-19720\" class=\"wp-caption-text\">Czarny pieprz<\/figcaption><\/figure>\n<h6><strong>Nuty bazy:<\/strong><\/h6>\n<figure id=\"attachment_19922\" aria-describedby=\"caption-attachment-19922\" style=\"width: 80px\" class=\"wp-caption alignleft\"><a href=\"https:\/\/perfumessence.eu\/natos\/paciuliai\/\"><img loading=\"lazy\" decoding=\"async\" class=\"wp-image-14892\" src=\"https:\/\/perfumessence.eu\/wp-content\/uploads\/2023\/02\/Paciulio-nata.jpg\" alt=\"\" width=\"80\" height=\"80\" srcset=\"https:\/\/perfumessence.eu\/wp-content\/uploads\/2023\/02\/Paciulio-nata.jpg 120w, https:\/\/perfumessence.eu\/wp-content\/uploads\/2023\/02\/Paciulio-nata-100x100.jpg 100w, https:\/\/perfumessence.eu\/wp-content\/uploads\/2023\/02\/Paciulio-nata-64x64.jpg 64w\" sizes=\"(max-width: 80px) 100vw, 80px\" \/><\/a><figcaption id=\"caption-attachment-19922\" class=\"wp-caption-text\">Pachiouli<\/figcaption><\/figure>\n<figure id=\"attachment_18516\" aria-describedby=\"caption-attachment-18516\" style=\"width: 80px\" class=\"wp-caption alignleft\"><a href=\"https:\/\/perfumessence.eu\/natos\/vetiverijos\/\"><img loading=\"lazy\" decoding=\"async\" class=\"wp-image-15080\" src=\"https:\/\/perfumessence.eu\/wp-content\/uploads\/2023\/03\/vetiverijos-nato.webp\" alt=\"\" width=\"80\" height=\"80\" srcset=\"https:\/\/perfumessence.eu\/wp-content\/uploads\/2023\/03\/vetiverijos-nato.webp 120w, https:\/\/perfumessence.eu\/wp-content\/uploads\/2023\/03\/vetiverijos-nato-100x100.webp 100w, https:\/\/perfumessence.eu\/wp-content\/uploads\/2023\/03\/vetiverijos-nato-64x64.webp 64w\" sizes=\"(max-width: 80px) 100vw, 80px\" \/><\/a><figcaption id=\"caption-attachment-18516\" class=\"wp-caption-text\">Wetiwer<\/figcaption><\/figure>\n<h6><strong>Dostawa:<\/strong><\/h6>\n","protected":false},"excerpt":{"rendered":"<p><strong><em>Drzewny zapach dla m\u0119\u017cczyzn Naci\u015bnij przycisk play i pobud\u017a swoje zmys\u0142y. Ten elegancki, hedonistyczny zapach z drzewnymi akordami w nutach \u015brodkowych dzieli si\u0119 na dwie kompozycje, kt\u00f3re wywo\u0142uj\u0105 niezwyk\u0142e fale emocji.  <\/em><\/strong><\/p>\n<p><strong>Esencja<\/strong> to aromatyczna cz\u0119\u015b\u0107 zapachu w sprayu &#8211; koncentrat. S\u0105 to stosowane perfumy na bazie oleju.<\/p>\n<p><strong>Atomizer<\/strong> to butelka z rozpylaczem zawieraj\u0105ca wzmocnione perfumy.<\/p>\n","protected":false},"featured_media":19702,"comment_status":"open","ping_status":"closed","template":"","meta":{"site-sidebar-layout":"default","site-content-layout":"default","ast-site-content-layout":"","site-content-style":"default","site-sidebar-style":"default","ast-global-header-display":"","ast-banner-title-visibility":"","ast-main-header-display":"","ast-hfb-above-header-display":"","ast-hfb-below-header-display":"","ast-hfb-mobile-header-display":"","site-post-title":"","ast-breadcrumbs-content":"","ast-featured-img":"","footer-sml-layout":"","theme-transparent-header-meta":"default","adv-header-id-meta":"","stick-header-meta":"default","header-above-stick-meta":"","header-main-stick-meta":"","header-below-stick-meta":"","astra-migrate-meta-layouts":"default","ast-page-background-enabled":"default","ast-page-background-meta":{"desktop":{"background-color":"var(--ast-global-color-4)","background-image":"","background-repeat":"repeat","background-position":"center center","background-size":"auto","background-attachment":"scroll","background-type":"","background-media":"","overlay-type":"","overlay-color":"","overlay-gradient":""},"tablet":{"background-color":"","background-image":"","background-repeat":"repeat","background-position":"center center","background-size":"auto","background-attachment":"scroll","background-type":"","background-media":"","overlay-type":"","overlay-color":"","overlay-gradient":""},"mobile":{"background-color":"","background-image":"","background-repeat":"repeat","background-position":"center center","background-size":"auto","background-attachment":"scroll","background-type":"","background-media":"","overlay-type":"","overlay-color":"","overlay-gradient":""}},"ast-content-background-meta":{"desktop":{"background-color":"var(--ast-global-color-5)","background-image":"","background-repeat":"repeat","background-position":"center center","background-size":"auto","background-attachment":"scroll","background-type":"","background-media":"","overlay-type":"","overlay-color":"","overlay-gradient":""},"tablet":{"background-color":"var(--ast-global-color-5)","background-image":"","background-repeat":"repeat","background-position":"center center","background-size":"auto","background-attachment":"scroll","background-type":"","background-media":"","overlay-type":"","overlay-color":"","overlay-gradient":""},"mobile":{"background-color":"var(--ast-global-color-5)","background-image":"","background-repeat":"repeat","background-position":"center center","background-size":"auto","background-attachment":"scroll","background-type":"","background-media":"","overlay-type":"","overlay-color":"","overlay-gradient":""}}},"product_cat":[547],"product_tag":[495,544],"natos":[507,558,529,571,535,517,606,577],"acf":[],"yoast_head":"<!-- This site is optimized with the Yoast SEO plugin v21.7 - https:\/\/yoast.com\/wordpress\/plugins\/seo\/ -->\n<title>IK-61. Gra\u0107 - Perfumessence<\/title>\n<meta name=\"description\" content=\"\u015awie\u017cy, drzewny zapach dla m\u0119\u017cczyzn. Naci\u015bnij przycisk &quot;Play&quot;, aby obudzi\u0107 swoje zmys\u0142y.\" \/>\n<meta name=\"robots\" content=\"index, follow, max-snippet:-1, max-image-preview:large, max-video-preview:-1\" \/>\n<link rel=\"canonical\" href=\"https:\/\/perfumessence.eu\/pl\/produkt\/ik-61-grac\/\" \/>\n<meta property=\"og:locale\" content=\"pl_PL\" \/>\n<meta property=\"og:type\" content=\"article\" \/>\n<meta property=\"og:title\" content=\"IK-61. Gra\u0107 - Perfumessence\" \/>\n<meta property=\"og:description\" content=\"\u015awie\u017cy, drzewny zapach dla m\u0119\u017cczyzn. Naci\u015bnij przycisk &quot;Play&quot;, aby obudzi\u0107 swoje zmys\u0142y.\" \/>\n<meta property=\"og:url\" content=\"https:\/\/perfumessence.eu\/pl\/produkt\/ik-61-grac\/\" \/>\n<meta property=\"og:site_name\" content=\"Perfumessence\" \/>\n<meta property=\"article:publisher\" content=\"https:\/\/www.facebook.com\/Parfumerin%c4%97-esencija-424160218027238\/\" \/>\n<meta property=\"article:modified_time\" content=\"2024-01-23T14:52:23+00:00\" \/>\n<meta property=\"og:image\" content=\"https:\/\/perfumessence.eu\/wp-content\/uploads\/2024\/01\/template-12ml-oil-perfume-scaled.jpg\" \/>\n\t<meta property=\"og:image:width\" content=\"2560\" \/>\n\t<meta property=\"og:image:height\" content=\"2560\" \/>\n\t<meta property=\"og:image:type\" content=\"image\/jpeg\" \/>\n<meta name=\"twitter:card\" content=\"summary_large_image\" \/>\n<meta name=\"twitter:label1\" content=\"Szacowany czas czytania\" \/>\n\t<meta name=\"twitter:data1\" content=\"1 minuta\" \/>\n<script type=\"application\/ld+json\" class=\"yoast-schema-graph\">{\"@context\":\"https:\/\/schema.org\",\"@graph\":[{\"@type\":\"WebPage\",\"@id\":\"https:\/\/perfumessence.eu\/pl\/produkt\/ik-61-grac\/\",\"url\":\"https:\/\/perfumessence.eu\/pl\/produkt\/ik-61-grac\/\",\"name\":\"IK-61. Gra\u0107 - Perfumessence\",\"isPartOf\":{\"@id\":\"https:\/\/perfumessence.eu\/pl\/#website\"},\"datePublished\":\"2020-01-02T11:07:28+00:00\",\"dateModified\":\"2024-01-23T14:52:23+00:00\",\"description\":\"\u015awie\u017cy, drzewny zapach dla m\u0119\u017cczyzn. Naci\u015bnij przycisk \\\"Play\\\", aby obudzi\u0107 swoje zmys\u0142y.\",\"breadcrumb\":{\"@id\":\"https:\/\/perfumessence.eu\/pl\/produkt\/ik-61-grac\/#breadcrumb\"},\"inLanguage\":\"pl-PL\",\"potentialAction\":[{\"@type\":\"ReadAction\",\"target\":[\"https:\/\/perfumessence.eu\/pl\/produkt\/ik-61-grac\/\"]}]},{\"@type\":\"BreadcrumbList\",\"@id\":\"https:\/\/perfumessence.eu\/pl\/produkt\/ik-61-grac\/#breadcrumb\",\"itemListElement\":[{\"@type\":\"ListItem\",\"position\":1,\"name\":\"Pagrindinis\",\"item\":\"https:\/\/perfumessence.eu\/pl\/\"},{\"@type\":\"ListItem\",\"position\":2,\"name\":\"Sklep\",\"item\":\"https:\/\/perfumessence.eu\/pl\/sklep\/\"},{\"@type\":\"ListItem\",\"position\":3,\"name\":\"IK-61. Gra\u0107\"}]},{\"@type\":\"WebSite\",\"@id\":\"https:\/\/perfumessence.eu\/pl\/#website\",\"url\":\"https:\/\/perfumessence.eu\/pl\/\",\"name\":\"Parfumerin\u0117 esencija\",\"description\":\"Perfume Oils and Sprays\",\"publisher\":{\"@id\":\"https:\/\/perfumessence.eu\/pl\/#organization\"},\"potentialAction\":[{\"@type\":\"SearchAction\",\"target\":{\"@type\":\"EntryPoint\",\"urlTemplate\":\"https:\/\/perfumessence.eu\/pl\/?s={search_term_string}\"},\"query-input\":\"required name=search_term_string\"}],\"inLanguage\":\"pl-PL\"},{\"@type\":\"Organization\",\"@id\":\"https:\/\/perfumessence.eu\/pl\/#organization\",\"name\":\"Parfumerin\u0117 esencija\",\"url\":\"https:\/\/perfumessence.eu\/pl\/\",\"logo\":{\"@type\":\"ImageObject\",\"inLanguage\":\"pl-PL\",\"@id\":\"https:\/\/perfumessence.eu\/pl\/#\/schema\/logo\/image\/\",\"url\":\"\",\"contentUrl\":\"\",\"caption\":\"Parfumerin\u0117 esencija\"},\"image\":{\"@id\":\"https:\/\/perfumessence.eu\/pl\/#\/schema\/logo\/image\/\"},\"sameAs\":[\"https:\/\/www.facebook.com\/Parfumerin\u0117-esencija-424160218027238\/\",\"https:\/\/www.youtube.com\/channel\/UC0RI-RLwg1UQwDbAF-7a-MA\"]}]}<\/script>\n<!-- \/ Yoast SEO plugin. -->","yoast_head_json":{"title":"IK-61. Gra\u0107 - Perfumessence","description":"\u015awie\u017cy, drzewny zapach dla m\u0119\u017cczyzn. Naci\u015bnij przycisk \"Play\", aby obudzi\u0107 swoje zmys\u0142y.","robots":{"index":"index","follow":"follow","max-snippet":"max-snippet:-1","max-image-preview":"max-image-preview:large","max-video-preview":"max-video-preview:-1"},"canonical":"https:\/\/perfumessence.eu\/pl\/produkt\/ik-61-grac\/","og_locale":"pl_PL","og_type":"article","og_title":"IK-61. Gra\u0107 - Perfumessence","og_description":"\u015awie\u017cy, drzewny zapach dla m\u0119\u017cczyzn. Naci\u015bnij przycisk \"Play\", aby obudzi\u0107 swoje zmys\u0142y.","og_url":"https:\/\/perfumessence.eu\/pl\/produkt\/ik-61-grac\/","og_site_name":"Perfumessence","article_publisher":"https:\/\/www.facebook.com\/Parfumerin%c4%97-esencija-424160218027238\/","article_modified_time":"2024-01-23T14:52:23+00:00","og_image":[{"width":2560,"height":2560,"url":"https:\/\/perfumessence.eu\/wp-content\/uploads\/2024\/01\/template-12ml-oil-perfume-scaled.jpg","type":"image\/jpeg"}],"twitter_card":"summary_large_image","twitter_misc":{"Szacowany czas czytania":"1 minuta"},"schema":{"@context":"https:\/\/schema.org","@graph":[{"@type":"WebPage","@id":"https:\/\/perfumessence.eu\/pl\/produkt\/ik-61-grac\/","url":"https:\/\/perfumessence.eu\/pl\/produkt\/ik-61-grac\/","name":"IK-61. Gra\u0107 - Perfumessence","isPartOf":{"@id":"https:\/\/perfumessence.eu\/pl\/#website"},"datePublished":"2020-01-02T11:07:28+00:00","dateModified":"2024-01-23T14:52:23+00:00","description":"\u015awie\u017cy, drzewny zapach dla m\u0119\u017cczyzn. Naci\u015bnij przycisk \"Play\", aby obudzi\u0107 swoje zmys\u0142y.","breadcrumb":{"@id":"https:\/\/perfumessence.eu\/pl\/produkt\/ik-61-grac\/#breadcrumb"},"inLanguage":"pl-PL","potentialAction":[{"@type":"ReadAction","target":["https:\/\/perfumessence.eu\/pl\/produkt\/ik-61-grac\/"]}]},{"@type":"BreadcrumbList","@id":"https:\/\/perfumessence.eu\/pl\/produkt\/ik-61-grac\/#breadcrumb","itemListElement":[{"@type":"ListItem","position":1,"name":"Pagrindinis","item":"https:\/\/perfumessence.eu\/pl\/"},{"@type":"ListItem","position":2,"name":"Sklep","item":"https:\/\/perfumessence.eu\/pl\/sklep\/"},{"@type":"ListItem","position":3,"name":"IK-61. Gra\u0107"}]},{"@type":"WebSite","@id":"https:\/\/perfumessence.eu\/pl\/#website","url":"https:\/\/perfumessence.eu\/pl\/","name":"Parfumerin\u0117 esencija","description":"Perfume Oils and Sprays","publisher":{"@id":"https:\/\/perfumessence.eu\/pl\/#organization"},"potentialAction":[{"@type":"SearchAction","target":{"@type":"EntryPoint","urlTemplate":"https:\/\/perfumessence.eu\/pl\/?s={search_term_string}"},"query-input":"required name=search_term_string"}],"inLanguage":"pl-PL"},{"@type":"Organization","@id":"https:\/\/perfumessence.eu\/pl\/#organization","name":"Parfumerin\u0117 esencija","url":"https:\/\/perfumessence.eu\/pl\/","logo":{"@type":"ImageObject","inLanguage":"pl-PL","@id":"https:\/\/perfumessence.eu\/pl\/#\/schema\/logo\/image\/","url":"","contentUrl":"","caption":"Parfumerin\u0117 esencija"},"image":{"@id":"https:\/\/perfumessence.eu\/pl\/#\/schema\/logo\/image\/"},"sameAs":["https:\/\/www.facebook.com\/Parfumerin\u0117-esencija-424160218027238\/","https:\/\/www.youtube.com\/channel\/UC0RI-RLwg1UQwDbAF-7a-MA"]}]}},"_links":{"self":[{"href":"https:\/\/perfumessence.eu\/pl\/wp-json\/wp\/v2\/product\/20109"}],"collection":[{"href":"https:\/\/perfumessence.eu\/pl\/wp-json\/wp\/v2\/product"}],"about":[{"href":"https:\/\/perfumessence.eu\/pl\/wp-json\/wp\/v2\/types\/product"}],"replies":[{"embeddable":true,"href":"https:\/\/perfumessence.eu\/pl\/wp-json\/wp\/v2\/comments?post=20109"}],"wp:featuredmedia":[{"embeddable":true,"href":"https:\/\/perfumessence.eu\/pl\/wp-json\/wp\/v2\/media\/19702"}],"wp:attachment":[{"href":"https:\/\/perfumessence.eu\/pl\/wp-json\/wp\/v2\/media?parent=20109"}],"wp:term":[{"taxonomy":"product_cat","embeddable":true,"href":"https:\/\/perfumessence.eu\/pl\/wp-json\/wp\/v2\/product_cat?post=20109"},{"taxonomy":"product_tag","embeddable":true,"href":"https:\/\/perfumessence.eu\/pl\/wp-json\/wp\/v2\/product_tag?post=20109"},{"taxonomy":"natos","embeddable":true,"href":"https:\/\/perfumessence.eu\/pl\/wp-json\/wp\/v2\/natos?post=20109"}],"curies":[{"name":"wp","href":"https:\/\/api.w.org\/{rel}","templated":true}]}}