{"id":20142,"date":"2020-04-15T12:03:47","date_gmt":"2020-04-15T09:03:47","guid":{"rendered":"https:\/\/perfumessence.eu\/product\/kupon-upominkowy-o-wartosci-20\/"},"modified":"2024-01-23T17:56:36","modified_gmt":"2024-01-23T14:56:36","slug":"kupon-upominkowy-o-wartosci-20","status":"publish","type":"product","link":"https:\/\/perfumessence.eu\/pl\/produkt\/kupon-upominkowy-o-wartosci-20\/","title":{"rendered":"Kupon upominkowy o warto\u015bci 20"},"content":{"rendered":"<p><strong>Jak zrobi\u0107 zakupy z bonem podarunkowym?<\/strong><\/p>\n<p>Wybierz \u017c\u0105dane przedmioty i kliknij funkcj\u0119 &#8222;Do kasy&#8221;, kt\u00f3r\u0105 mo\u017cna znale\u017a\u0107 na pasku menu lub klikaj\u0105c obraz koszyka. Nast\u0119pnie w sekcji &#8222;Kasa&#8221;, obok pytania &#8222;Czy masz kod rabatowy?&#8221; kliknij &#8222;Kliknij tutaj, aby wprowadzi\u0107 kod&#8221; i wprowad\u017a kod na bonie podarunkowym. Po wprowadzeniu kodu kliknij przycisk &#8222;Zastosuj&#8221;. Nast\u0119pnie wybierz metod\u0119 dostawy i p\u0142atno\u015bci (je\u015bli warto\u015b\u0107 koszyka przekroczy warto\u015b\u0107 bonu podarunkowego, b\u0119dziesz musia\u0142 dop\u0142aci\u0107 r\u00f3\u017cnic\u0119, je\u015bli warto\u015b\u0107 koszyka nie przekroczy warto\u015bci bonu podarunkowego, nie b\u0119dziesz musia\u0142 dop\u0142aca\u0107 r\u00f3\u017cnicy) i kliknij &#8222;Do kasy&#8221;. Mo\u017cesz r\u00f3wnie\u017c u\u017cy\u0107 bonu podarunkowego w sekcji &#8222;Koszyk&#8221; na pasku menu.<\/p>\n<p><strong>Czy mog\u0119 wykorzysta\u0107 kwot\u0119 bonu upominkowego wielokrotnie?<\/strong><\/p>\n<p>Nie, pe\u0142na kwota musi zosta\u0107 wykorzystana podczas jednej podr\u00f3\u017cy na zakupy &#8211; niewykorzystane kwoty nie podlegaj\u0105 zwrotowi.<\/p>\n<p><strong>Czy mog\u0119 u\u017cy\u0107 wi\u0119cej ni\u017c jednego bonu upominkowego jednocze\u015bnie?<\/strong><\/p>\n<p>Tak, podczas jednego zakupu mo\u017cna wykorzysta\u0107 dowoln\u0105 liczb\u0119 kupon\u00f3w upominkowych.<\/p>\n<p><strong>Jak d\u0142ugo wa\u017cny jest bon upominkowy?<\/strong><\/p>\n<p>Bon upominkowy jest wa\u017cny przez 60 dni od daty zakupu.<\/p>\n<p><strong>Dostawa:<\/strong><\/p>\n","protected":false},"excerpt":{"rendered":"<p><strong>Kup kupon upominkowy o warto\u015bci 20 \u20ac do wykorzystania przy kasie w tym sklepie internetowym. w sklepie.<\/strong><\/p>\n<p><em>Wi\u0119cej informacji na temat bonu upominkowego i sposobu jego wykorzystania znajduje si\u0119 poni\u017cej.<\/em><\/p>\n","protected":false},"featured_media":20097,"comment_status":"open","ping_status":"closed","template":"","meta":{"site-sidebar-layout":"default","site-content-layout":"default","ast-site-content-layout":"","site-content-style":"default","site-sidebar-style":"default","ast-global-header-display":"","ast-banner-title-visibility":"","ast-main-header-display":"","ast-hfb-above-header-display":"","ast-hfb-below-header-display":"","ast-hfb-mobile-header-display":"","site-post-title":"","ast-breadcrumbs-content":"","ast-featured-img":"","footer-sml-layout":"","theme-transparent-header-meta":"default","adv-header-id-meta":"","stick-header-meta":"default","header-above-stick-meta":"","header-main-stick-meta":"","header-below-stick-meta":"","astra-migrate-meta-layouts":"default","ast-page-background-enabled":"default","ast-page-background-meta":{"desktop":{"background-color":"var(--ast-global-color-4)","background-image":"","background-repeat":"repeat","background-position":"center center","background-size":"auto","background-attachment":"scroll","background-type":"","background-media":"","overlay-type":"","overlay-color":"","overlay-gradient":""},"tablet":{"background-color":"","background-image":"","background-repeat":"repeat","background-position":"center center","background-size":"auto","background-attachment":"scroll","background-type":"","background-media":"","overlay-type":"","overlay-color":"","overlay-gradient":""},"mobile":{"background-color":"","background-image":"","background-repeat":"repeat","background-position":"center center","background-size":"auto","background-attachment":"scroll","background-type":"","background-media":"","overlay-type":"","overlay-color":"","overlay-gradient":""}},"ast-content-background-meta":{"desktop":{"background-color":"var(--ast-global-color-5)","background-image":"","background-repeat":"repeat","background-position":"center center","background-size":"auto","background-attachment":"scroll","background-type":"","background-media":"","overlay-type":"","overlay-color":"","overlay-gradient":""},"tablet":{"background-color":"var(--ast-global-color-5)","background-image":"","background-repeat":"repeat","background-position":"center center","background-size":"auto","background-attachment":"scroll","background-type":"","background-media":"","overlay-type":"","overlay-color":"","overlay-gradient":""},"mobile":{"background-color":"var(--ast-global-color-5)","background-image":"","background-repeat":"repeat","background-position":"center center","background-size":"auto","background-attachment":"scroll","background-type":"","background-media":"","overlay-type":"","overlay-color":"","overlay-gradient":""}}},"product_cat":[624],"product_tag":[],"natos":[],"acf":[],"yoast_head":"<!-- This site is optimized with the Yoast SEO plugin v21.7 - https:\/\/yoast.com\/wordpress\/plugins\/seo\/ -->\n<title>Kupon upominkowy o warto\u015bci 20 - Perfumessence<\/title>\n<meta name=\"description\" content=\"Kup kupon upominkowy o warto\u015bci 20 \u20ac do wykorzystania w sklepie stacjonarnym lub online. w sklepie.\" \/>\n<meta name=\"robots\" content=\"index, follow, max-snippet:-1, max-image-preview:large, max-video-preview:-1\" \/>\n<link rel=\"canonical\" href=\"https:\/\/perfumessence.eu\/pl\/produkt\/kupon-upominkowy-o-wartosci-20\/\" \/>\n<meta property=\"og:locale\" content=\"pl_PL\" \/>\n<meta property=\"og:type\" content=\"article\" \/>\n<meta property=\"og:title\" content=\"Kupon upominkowy o warto\u015bci 20 - Perfumessence\" \/>\n<meta property=\"og:description\" content=\"Kup kupon upominkowy o warto\u015bci 20 \u20ac do wykorzystania w sklepie stacjonarnym lub online. w sklepie.\" \/>\n<meta property=\"og:url\" content=\"https:\/\/perfumessence.eu\/pl\/produkt\/kupon-upominkowy-o-wartosci-20\/\" \/>\n<meta property=\"og:site_name\" content=\"Perfumessence\" \/>\n<meta property=\"article:publisher\" content=\"https:\/\/www.facebook.com\/Parfumerin%c4%97-esencija-424160218027238\/\" \/>\n<meta property=\"article:modified_time\" content=\"2024-01-23T14:56:36+00:00\" \/>\n<meta property=\"og:image\" content=\"https:\/\/perfumessence.eu\/wp-content\/uploads\/2019\/12\/Dovan\u0173-kuponas.jpg\" \/>\n\t<meta property=\"og:image:width\" content=\"927\" \/>\n\t<meta property=\"og:image:height\" content=\"619\" \/>\n\t<meta property=\"og:image:type\" content=\"image\/jpeg\" \/>\n<meta name=\"twitter:card\" content=\"summary_large_image\" \/>\n<meta name=\"twitter:label1\" content=\"Szacowany czas czytania\" \/>\n\t<meta name=\"twitter:data1\" content=\"1 minuta\" \/>\n<script type=\"application\/ld+json\" class=\"yoast-schema-graph\">{\"@context\":\"https:\/\/schema.org\",\"@graph\":[{\"@type\":\"WebPage\",\"@id\":\"https:\/\/perfumessence.eu\/pl\/produkt\/kupon-upominkowy-o-wartosci-20\/\",\"url\":\"https:\/\/perfumessence.eu\/pl\/produkt\/kupon-upominkowy-o-wartosci-20\/\",\"name\":\"Kupon upominkowy o warto\u015bci 20 - Perfumessence\",\"isPartOf\":{\"@id\":\"https:\/\/perfumessence.eu\/pl\/#website\"},\"datePublished\":\"2020-04-15T09:03:47+00:00\",\"dateModified\":\"2024-01-23T14:56:36+00:00\",\"description\":\"Kup kupon upominkowy o warto\u015bci 20 \u20ac do wykorzystania w sklepie stacjonarnym lub online. w sklepie.\",\"breadcrumb\":{\"@id\":\"https:\/\/perfumessence.eu\/pl\/produkt\/kupon-upominkowy-o-wartosci-20\/#breadcrumb\"},\"inLanguage\":\"pl-PL\",\"potentialAction\":[{\"@type\":\"ReadAction\",\"target\":[\"https:\/\/perfumessence.eu\/pl\/produkt\/kupon-upominkowy-o-wartosci-20\/\"]}]},{\"@type\":\"BreadcrumbList\",\"@id\":\"https:\/\/perfumessence.eu\/pl\/produkt\/kupon-upominkowy-o-wartosci-20\/#breadcrumb\",\"itemListElement\":[{\"@type\":\"ListItem\",\"position\":1,\"name\":\"Pagrindinis\",\"item\":\"https:\/\/perfumessence.eu\/pl\/\"},{\"@type\":\"ListItem\",\"position\":2,\"name\":\"Sklep\",\"item\":\"https:\/\/perfumessence.eu\/pl\/sklep\/\"},{\"@type\":\"ListItem\",\"position\":3,\"name\":\"Kupon upominkowy o warto\u015bci 20\"}]},{\"@type\":\"WebSite\",\"@id\":\"https:\/\/perfumessence.eu\/pl\/#website\",\"url\":\"https:\/\/perfumessence.eu\/pl\/\",\"name\":\"Parfumerin\u0117 esencija\",\"description\":\"Perfume Oils and Sprays\",\"publisher\":{\"@id\":\"https:\/\/perfumessence.eu\/pl\/#organization\"},\"potentialAction\":[{\"@type\":\"SearchAction\",\"target\":{\"@type\":\"EntryPoint\",\"urlTemplate\":\"https:\/\/perfumessence.eu\/pl\/?s={search_term_string}\"},\"query-input\":\"required name=search_term_string\"}],\"inLanguage\":\"pl-PL\"},{\"@type\":\"Organization\",\"@id\":\"https:\/\/perfumessence.eu\/pl\/#organization\",\"name\":\"Parfumerin\u0117 esencija\",\"url\":\"https:\/\/perfumessence.eu\/pl\/\",\"logo\":{\"@type\":\"ImageObject\",\"inLanguage\":\"pl-PL\",\"@id\":\"https:\/\/perfumessence.eu\/pl\/#\/schema\/logo\/image\/\",\"url\":\"\",\"contentUrl\":\"\",\"caption\":\"Parfumerin\u0117 esencija\"},\"image\":{\"@id\":\"https:\/\/perfumessence.eu\/pl\/#\/schema\/logo\/image\/\"},\"sameAs\":[\"https:\/\/www.facebook.com\/Parfumerin\u0117-esencija-424160218027238\/\",\"https:\/\/www.youtube.com\/channel\/UC0RI-RLwg1UQwDbAF-7a-MA\"]}]}<\/script>\n<!-- \/ Yoast SEO plugin. -->","yoast_head_json":{"title":"Kupon upominkowy o warto\u015bci 20 - Perfumessence","description":"Kup kupon upominkowy o warto\u015bci 20 \u20ac do wykorzystania w sklepie stacjonarnym lub online. w sklepie.","robots":{"index":"index","follow":"follow","max-snippet":"max-snippet:-1","max-image-preview":"max-image-preview:large","max-video-preview":"max-video-preview:-1"},"canonical":"https:\/\/perfumessence.eu\/pl\/produkt\/kupon-upominkowy-o-wartosci-20\/","og_locale":"pl_PL","og_type":"article","og_title":"Kupon upominkowy o warto\u015bci 20 - Perfumessence","og_description":"Kup kupon upominkowy o warto\u015bci 20 \u20ac do wykorzystania w sklepie stacjonarnym lub online. w sklepie.","og_url":"https:\/\/perfumessence.eu\/pl\/produkt\/kupon-upominkowy-o-wartosci-20\/","og_site_name":"Perfumessence","article_publisher":"https:\/\/www.facebook.com\/Parfumerin%c4%97-esencija-424160218027238\/","article_modified_time":"2024-01-23T14:56:36+00:00","og_image":[{"width":927,"height":619,"url":"https:\/\/perfumessence.eu\/wp-content\/uploads\/2019\/12\/Dovan\u0173-kuponas.jpg","type":"image\/jpeg"}],"twitter_card":"summary_large_image","twitter_misc":{"Szacowany czas czytania":"1 minuta"},"schema":{"@context":"https:\/\/schema.org","@graph":[{"@type":"WebPage","@id":"https:\/\/perfumessence.eu\/pl\/produkt\/kupon-upominkowy-o-wartosci-20\/","url":"https:\/\/perfumessence.eu\/pl\/produkt\/kupon-upominkowy-o-wartosci-20\/","name":"Kupon upominkowy o warto\u015bci 20 - Perfumessence","isPartOf":{"@id":"https:\/\/perfumessence.eu\/pl\/#website"},"datePublished":"2020-04-15T09:03:47+00:00","dateModified":"2024-01-23T14:56:36+00:00","description":"Kup kupon upominkowy o warto\u015bci 20 \u20ac do wykorzystania w sklepie stacjonarnym lub online. w sklepie.","breadcrumb":{"@id":"https:\/\/perfumessence.eu\/pl\/produkt\/kupon-upominkowy-o-wartosci-20\/#breadcrumb"},"inLanguage":"pl-PL","potentialAction":[{"@type":"ReadAction","target":["https:\/\/perfumessence.eu\/pl\/produkt\/kupon-upominkowy-o-wartosci-20\/"]}]},{"@type":"BreadcrumbList","@id":"https:\/\/perfumessence.eu\/pl\/produkt\/kupon-upominkowy-o-wartosci-20\/#breadcrumb","itemListElement":[{"@type":"ListItem","position":1,"name":"Pagrindinis","item":"https:\/\/perfumessence.eu\/pl\/"},{"@type":"ListItem","position":2,"name":"Sklep","item":"https:\/\/perfumessence.eu\/pl\/sklep\/"},{"@type":"ListItem","position":3,"name":"Kupon upominkowy o warto\u015bci 20"}]},{"@type":"WebSite","@id":"https:\/\/perfumessence.eu\/pl\/#website","url":"https:\/\/perfumessence.eu\/pl\/","name":"Parfumerin\u0117 esencija","description":"Perfume Oils and Sprays","publisher":{"@id":"https:\/\/perfumessence.eu\/pl\/#organization"},"potentialAction":[{"@type":"SearchAction","target":{"@type":"EntryPoint","urlTemplate":"https:\/\/perfumessence.eu\/pl\/?s={search_term_string}"},"query-input":"required name=search_term_string"}],"inLanguage":"pl-PL"},{"@type":"Organization","@id":"https:\/\/perfumessence.eu\/pl\/#organization","name":"Parfumerin\u0117 esencija","url":"https:\/\/perfumessence.eu\/pl\/","logo":{"@type":"ImageObject","inLanguage":"pl-PL","@id":"https:\/\/perfumessence.eu\/pl\/#\/schema\/logo\/image\/","url":"","contentUrl":"","caption":"Parfumerin\u0117 esencija"},"image":{"@id":"https:\/\/perfumessence.eu\/pl\/#\/schema\/logo\/image\/"},"sameAs":["https:\/\/www.facebook.com\/Parfumerin\u0117-esencija-424160218027238\/","https:\/\/www.youtube.com\/channel\/UC0RI-RLwg1UQwDbAF-7a-MA"]}]}},"_links":{"self":[{"href":"https:\/\/perfumessence.eu\/pl\/wp-json\/wp\/v2\/product\/20142"}],"collection":[{"href":"https:\/\/perfumessence.eu\/pl\/wp-json\/wp\/v2\/product"}],"about":[{"href":"https:\/\/perfumessence.eu\/pl\/wp-json\/wp\/v2\/types\/product"}],"replies":[{"embeddable":true,"href":"https:\/\/perfumessence.eu\/pl\/wp-json\/wp\/v2\/comments?post=20142"}],"wp:featuredmedia":[{"embeddable":true,"href":"https:\/\/perfumessence.eu\/pl\/wp-json\/wp\/v2\/media\/20097"}],"wp:attachment":[{"href":"https:\/\/perfumessence.eu\/pl\/wp-json\/wp\/v2\/media?parent=20142"}],"wp:term":[{"taxonomy":"product_cat","embeddable":true,"href":"https:\/\/perfumessence.eu\/pl\/wp-json\/wp\/v2\/product_cat?post=20142"},{"taxonomy":"product_tag","embeddable":true,"href":"https:\/\/perfumessence.eu\/pl\/wp-json\/wp\/v2\/product_tag?post=20142"},{"taxonomy":"natos","embeddable":true,"href":"https:\/\/perfumessence.eu\/pl\/wp-json\/wp\/v2\/natos?post=20142"}],"curies":[{"name":"wp","href":"https:\/\/api.w.org\/{rel}","templated":true}]}}