{"id":20150,"date":"2020-05-27T12:10:12","date_gmt":"2020-05-27T09:10:12","guid":{"rendered":"https:\/\/perfumessence.eu\/product\/ik-12-bombshell\/"},"modified":"2024-01-23T17:57:31","modified_gmt":"2024-01-23T14:57:31","slug":"ik-12-bombshell","status":"publish","type":"product","link":"https:\/\/perfumessence.eu\/pl\/produkt\/ik-12-bombshell\/","title":{"rendered":"IK-12. Bombshell"},"content":{"rendered":"<p>&#8222;Wybierz perfumy Bombshell, je\u015bli chcesz czego\u015b naprawd\u0119 nowego i niezwyk\u0142ego. Je\u015bli ekscytuj\u0105 Ci\u0119 zapachy, kt\u00f3rych wcze\u015bniej nie s\u0142ysza\u0142e\u015b. Je\u015bli czeka\u0142e\u015b na szans\u0119, aby poczu\u0107 si\u0119 wyj\u0105tkowo i pozosta\u0107 takim od rana do wieczora. Nuty cytryny, ananasa, truskawki i fio\u0142ka passiflory &#8211; przywo\u0142uj\u0105 wspomnienia upojnego lata. Zapach ja\u015bminu, czerwonych jag\u00f3d, konwalii, piwonii i wanilii jest idealny na chwil\u0119 relaksu i orze\u017awienia. Wreszcie, mieszanka pi\u017cma, po\u0142yskuj\u0105cego jasnego drewna i porost\u00f3w, kt\u00f3re w nim drzemi\u0105, sprawi, \u017ce Twoje dni b\u0119d\u0105 senne. \u017baden inny zapach nie ma tak wielu odcieni i \u017caden inny zapach, kt\u00f3ry znam, nie ma tak wielu mo\u017cliwo\u015bci wyboru.<\/p>\n<h6><strong>Nuty g\u0142owy:<\/strong><\/h6>\n<figure id=\"attachment_18695\" aria-describedby=\"caption-attachment-18695\" style=\"width: 80px\" class=\"wp-caption alignleft\"><a href=\"https:\/\/perfumessence.eu\/natos\/braskes\/\"><img decoding=\"async\" class=\"wp-image-15796\" src=\"https:\/\/perfumessence.eu\/wp-content\/uploads\/2023\/05\/braskes-t.webp\" alt=\"\" width=\"80\" height=\"80\" srcset=\"https:\/\/perfumessence.eu\/wp-content\/uploads\/2023\/05\/braskes-t.webp 120w, https:\/\/perfumessence.eu\/wp-content\/uploads\/2023\/05\/braskes-t-100x100.webp 100w, https:\/\/perfumessence.eu\/wp-content\/uploads\/2023\/05\/braskes-t-64x64.webp 64w\" sizes=\"(max-width: 80px) 100vw, 80px\" \/><\/a><figcaption id=\"caption-attachment-18695\" class=\"wp-caption-text\">Truskawka<\/figcaption><\/figure>\n<figure id=\"attachment_19829\" aria-describedby=\"caption-attachment-19829\" style=\"width: 80px\" class=\"wp-caption alignleft\"><a href=\"https:\/\/perfumessence.eu\/natos\/citrina\/\"><img decoding=\"async\" class=\"wp-image-14964\" src=\"https:\/\/perfumessence.eu\/wp-content\/uploads\/2023\/02\/Citrina.webp\" alt=\"\" width=\"80\" height=\"80\" srcset=\"https:\/\/perfumessence.eu\/wp-content\/uploads\/2023\/02\/Citrina.webp 120w, https:\/\/perfumessence.eu\/wp-content\/uploads\/2023\/02\/Citrina-100x100.webp 100w, https:\/\/perfumessence.eu\/wp-content\/uploads\/2023\/02\/Citrina-64x64.webp 64w\" sizes=\"(max-width: 80px) 100vw, 80px\" \/><\/a><figcaption id=\"caption-attachment-19829\" class=\"wp-caption-text\">Cytryna<\/figcaption><\/figure>\n<figure id=\"attachment_19827\" aria-describedby=\"caption-attachment-19827\" style=\"width: 80px\" class=\"wp-caption alignleft\"><a href=\"https:\/\/perfumessence.eu\/natos\/pasifloras\/\"><img decoding=\"async\" class=\"wp-image-14960\" src=\"https:\/\/perfumessence.eu\/wp-content\/uploads\/2023\/02\/Pasifloro-vaisius.jpg\" alt=\"\" width=\"80\" height=\"80\" srcset=\"https:\/\/perfumessence.eu\/wp-content\/uploads\/2023\/02\/Pasifloro-vaisius.jpg 120w, https:\/\/perfumessence.eu\/wp-content\/uploads\/2023\/02\/Pasifloro-vaisius-100x100.jpg 100w, https:\/\/perfumessence.eu\/wp-content\/uploads\/2023\/02\/Pasifloro-vaisius-64x64.jpg 64w\" sizes=\"(max-width: 80px) 100vw, 80px\" \/><\/a><figcaption id=\"caption-attachment-19827\" class=\"wp-caption-text\">Passiflora<\/figcaption><\/figure>\n<figure id=\"attachment_20080\" aria-describedby=\"caption-attachment-20080\" style=\"width: 80px\" class=\"wp-caption alignleft\"><a href=\"https:\/\/perfumessence.eu\/natos\/ananasas\/\"><img loading=\"lazy\" decoding=\"async\" class=\"wp-image-15744\" src=\"https:\/\/perfumessence.eu\/wp-content\/uploads\/2023\/05\/ananasas-t.webp\" alt=\"\" width=\"80\" height=\"80\" srcset=\"https:\/\/perfumessence.eu\/wp-content\/uploads\/2023\/05\/ananasas-t.webp 120w, https:\/\/perfumessence.eu\/wp-content\/uploads\/2023\/05\/ananasas-t-100x100.webp 100w, https:\/\/perfumessence.eu\/wp-content\/uploads\/2023\/05\/ananasas-t-64x64.webp 64w\" sizes=\"(max-width: 80px) 100vw, 80px\" \/><\/a><figcaption id=\"caption-attachment-20080\" class=\"wp-caption-text\">Ananas<\/figcaption><\/figure>\n<h6><strong>Nuty \u015brodkowe:<\/strong><\/h6>\n<figure id=\"attachment_20135\" aria-describedby=\"caption-attachment-20135\" style=\"width: 80px\" class=\"wp-caption alignleft\"><a href=\"https:\/\/perfumessence.eu\/natos\/bijunai\/\"><img loading=\"lazy\" decoding=\"async\" class=\"wp-image-15480\" src=\"https:\/\/perfumessence.eu\/wp-content\/uploads\/2023\/04\/bijunu-aromatas-t.webp\" alt=\"\" width=\"80\" height=\"80\" srcset=\"https:\/\/perfumessence.eu\/wp-content\/uploads\/2023\/04\/bijunu-aromatas-t.webp 120w, https:\/\/perfumessence.eu\/wp-content\/uploads\/2023\/04\/bijunu-aromatas-t-100x100.webp 100w, https:\/\/perfumessence.eu\/wp-content\/uploads\/2023\/04\/bijunu-aromatas-t-64x64.webp 64w\" sizes=\"(max-width: 80px) 100vw, 80px\" \/><\/a><figcaption id=\"caption-attachment-20135\" class=\"wp-caption-text\">Piwonie<\/figcaption><\/figure>\n<figure id=\"attachment_18518\" aria-describedby=\"caption-attachment-18518\" style=\"width: 80px\" class=\"wp-caption alignleft\"><a href=\"https:\/\/perfumessence.eu\/natos\/vanile\/\"><img loading=\"lazy\" decoding=\"async\" class=\"wp-image-15084\" src=\"https:\/\/perfumessence.eu\/wp-content\/uploads\/2023\/03\/vaniles-nata.webp\" alt=\"\" width=\"80\" height=\"80\" srcset=\"https:\/\/perfumessence.eu\/wp-content\/uploads\/2023\/03\/vaniles-nata.webp 120w, https:\/\/perfumessence.eu\/wp-content\/uploads\/2023\/03\/vaniles-nata-100x100.webp 100w, https:\/\/perfumessence.eu\/wp-content\/uploads\/2023\/03\/vaniles-nata-64x64.webp 64w\" sizes=\"(max-width: 80px) 100vw, 80px\" \/><\/a><figcaption id=\"caption-attachment-18518\" class=\"wp-caption-text\">Wanilia<\/figcaption><\/figure>\n<figure id=\"attachment_19832\" aria-describedby=\"caption-attachment-19832\" style=\"width: 80px\" class=\"wp-caption alignleft\"><a href=\"https:\/\/perfumessence.eu\/natos\/pakalnutes\/\"><img loading=\"lazy\" decoding=\"async\" class=\"wp-image-14971\" src=\"https:\/\/perfumessence.eu\/wp-content\/uploads\/2023\/02\/Pakalnute.webp\" alt=\"\" width=\"80\" height=\"80\" srcset=\"https:\/\/perfumessence.eu\/wp-content\/uploads\/2023\/02\/Pakalnute.webp 120w, https:\/\/perfumessence.eu\/wp-content\/uploads\/2023\/02\/Pakalnute-100x100.webp 100w, https:\/\/perfumessence.eu\/wp-content\/uploads\/2023\/02\/Pakalnute-64x64.webp 64w\" sizes=\"(max-width: 80px) 100vw, 80px\" \/><\/a><figcaption id=\"caption-attachment-19832\" class=\"wp-caption-text\">Konwalia<\/figcaption><\/figure>\n<figure id=\"attachment_19858\" aria-describedby=\"caption-attachment-19858\" style=\"width: 80px\" class=\"wp-caption alignleft\"><a href=\"https:\/\/perfumessence.eu\/natos\/jazminai\/\"><img loading=\"lazy\" decoding=\"async\" class=\"wp-image-14853\" src=\"https:\/\/perfumessence.eu\/wp-content\/uploads\/2023\/02\/Jazminai.jpg\" alt=\"\" width=\"80\" height=\"80\" srcset=\"https:\/\/perfumessence.eu\/wp-content\/uploads\/2023\/02\/Jazminai.jpg 120w, https:\/\/perfumessence.eu\/wp-content\/uploads\/2023\/02\/Jazminai-100x100.jpg 100w, https:\/\/perfumessence.eu\/wp-content\/uploads\/2023\/02\/Jazminai-64x64.jpg 64w\" sizes=\"(max-width: 80px) 100vw, 80px\" \/><\/a><figcaption id=\"caption-attachment-19858\" class=\"wp-caption-text\">Jasmine<\/figcaption><\/figure>\n<figure id=\"attachment_20079\" aria-describedby=\"caption-attachment-20079\" style=\"width: 80px\" class=\"wp-caption alignleft\"><a href=\"https:\/\/perfumessence.eu\/natos\/raudonieji-serbentai\/\"><img loading=\"lazy\" decoding=\"async\" class=\"wp-image-15742\" src=\"https:\/\/perfumessence.eu\/wp-content\/uploads\/2023\/05\/raudonieji-serbentai-t.webp\" alt=\"\" width=\"80\" height=\"80\" srcset=\"https:\/\/perfumessence.eu\/wp-content\/uploads\/2023\/05\/raudonieji-serbentai-t.webp 120w, https:\/\/perfumessence.eu\/wp-content\/uploads\/2023\/05\/raudonieji-serbentai-t-100x100.webp 100w, https:\/\/perfumessence.eu\/wp-content\/uploads\/2023\/05\/raudonieji-serbentai-t-64x64.webp 64w\" sizes=\"(max-width: 80px) 100vw, 80px\" \/><\/a><figcaption id=\"caption-attachment-20079\" class=\"wp-caption-text\">Czerwone porzeczki<\/figcaption><\/figure>\n<h6><strong>Nuty bazy:<\/strong><\/h6>\n<figure id=\"attachment_19926\" aria-describedby=\"caption-attachment-19926\" style=\"width: 80px\" class=\"wp-caption alignleft\"><a href=\"https:\/\/perfumessence.eu\/natos\/muskusas\/\"><img loading=\"lazy\" decoding=\"async\" class=\"wp-image-14941\" src=\"https:\/\/perfumessence.eu\/wp-content\/uploads\/2023\/02\/muskusas.jpg\" alt=\"\" width=\"80\" height=\"80\" srcset=\"https:\/\/perfumessence.eu\/wp-content\/uploads\/2023\/02\/muskusas.jpg 120w, https:\/\/perfumessence.eu\/wp-content\/uploads\/2023\/02\/muskusas-100x100.jpg 100w, https:\/\/perfumessence.eu\/wp-content\/uploads\/2023\/02\/muskusas-64x64.jpg 64w\" sizes=\"(max-width: 80px) 100vw, 80px\" \/><\/a><figcaption id=\"caption-attachment-19926\" class=\"wp-caption-text\">Pi\u017cmo<\/figcaption><\/figure>\n<figure id=\"attachment_18612\" aria-describedby=\"caption-attachment-18612\" style=\"width: 80px\" class=\"wp-caption alignleft\"><a href=\"https:\/\/perfumessence.eu\/natos\/medienos-nata\/\"><img loading=\"lazy\" decoding=\"async\" class=\"wp-image-15589\" src=\"https:\/\/perfumessence.eu\/wp-content\/uploads\/2023\/04\/medienos-natos-t.webp\" alt=\"\" width=\"80\" height=\"80\" srcset=\"https:\/\/perfumessence.eu\/wp-content\/uploads\/2023\/04\/medienos-natos-t.webp 120w, https:\/\/perfumessence.eu\/wp-content\/uploads\/2023\/04\/medienos-natos-t-100x100.webp 100w, https:\/\/perfumessence.eu\/wp-content\/uploads\/2023\/04\/medienos-natos-t-64x64.webp 64w\" sizes=\"(max-width: 80px) 100vw, 80px\" \/><\/a><figcaption id=\"caption-attachment-18612\" class=\"wp-caption-text\">Drewno<\/figcaption><\/figure>\n<figure id=\"attachment_19850\" aria-describedby=\"caption-attachment-19850\" style=\"width: 80px\" class=\"wp-caption alignleft\"><a href=\"https:\/\/perfumessence.eu\/natos\/azuolo-samanos\/\"><img loading=\"lazy\" decoding=\"async\" class=\"wp-image-15075\" src=\"https:\/\/perfumessence.eu\/wp-content\/uploads\/2023\/03\/azuolo-samanos-kvepalai-1.webp\" alt=\"\" width=\"80\" height=\"80\" srcset=\"https:\/\/perfumessence.eu\/wp-content\/uploads\/2023\/03\/azuolo-samanos-kvepalai-1.webp 120w, https:\/\/perfumessence.eu\/wp-content\/uploads\/2023\/03\/azuolo-samanos-kvepalai-1-100x100.webp 100w, https:\/\/perfumessence.eu\/wp-content\/uploads\/2023\/03\/azuolo-samanos-kvepalai-1-64x64.webp 64w\" sizes=\"(max-width: 80px) 100vw, 80px\" \/><\/a><figcaption id=\"caption-attachment-19850\" class=\"wp-caption-text\">Samana<\/figcaption><\/figure>\n<h6><strong>Dostawa:<\/strong><\/h6>\n","protected":false},"excerpt":{"rendered":"<p>&#8222;Wybierz Bombshell, je\u015bli chcesz czego\u015b naprawd\u0119 nowego i niezwyk\u0142ego. Je\u015bli ekscytuj\u0105 Ci\u0119 zapachy, kt\u00f3rych wcze\u015bniej nie s\u0142ysza\u0142e\u015b. Je\u015bli czeka\u0142e\u015b na szans\u0119, aby poczu\u0107 si\u0119 wyj\u0105tkowo i pozosta\u0107 takim od rana do wieczora.<\/p>\n<p><strong>Esencja<\/strong> to aromatyczna cz\u0119\u015b\u0107 zapachu w sprayu &#8211; koncentrat. S\u0105 to stosowane perfumy na bazie oleju.<\/p>\n<p><strong>Atomizer<\/strong> to butelka z rozpylaczem zawieraj\u0105ca wzmocnione perfumy.<\/p>\n","protected":false},"featured_media":19702,"comment_status":"open","ping_status":"closed","template":"","meta":{"site-sidebar-layout":"default","site-content-layout":"default","ast-site-content-layout":"","site-content-style":"default","site-sidebar-style":"default","ast-global-header-display":"","ast-banner-title-visibility":"","ast-main-header-display":"","ast-hfb-above-header-display":"","ast-hfb-below-header-display":"","ast-hfb-mobile-header-display":"","site-post-title":"","ast-breadcrumbs-content":"","ast-featured-img":"","footer-sml-layout":"","theme-transparent-header-meta":"default","adv-header-id-meta":"","stick-header-meta":"default","header-above-stick-meta":"","header-main-stick-meta":"","header-below-stick-meta":"","astra-migrate-meta-layouts":"default","ast-page-background-enabled":"default","ast-page-background-meta":{"desktop":{"background-color":"var(--ast-global-color-4)","background-image":"","background-repeat":"repeat","background-position":"center center","background-size":"auto","background-attachment":"scroll","background-type":"","background-media":"","overlay-type":"","overlay-color":"","overlay-gradient":""},"tablet":{"background-color":"","background-image":"","background-repeat":"repeat","background-position":"center center","background-size":"auto","background-attachment":"scroll","background-type":"","background-media":"","overlay-type":"","overlay-color":"","overlay-gradient":""},"mobile":{"background-color":"","background-image":"","background-repeat":"repeat","background-position":"center center","background-size":"auto","background-attachment":"scroll","background-type":"","background-media":"","overlay-type":"","overlay-color":"","overlay-gradient":""}},"ast-content-background-meta":{"desktop":{"background-color":"var(--ast-global-color-5)","background-image":"","background-repeat":"repeat","background-position":"center center","background-size":"auto","background-attachment":"scroll","background-type":"","background-media":"","overlay-type":"","overlay-color":"","overlay-gradient":""},"tablet":{"background-color":"var(--ast-global-color-5)","background-image":"","background-repeat":"repeat","background-position":"center center","background-size":"auto","background-attachment":"scroll","background-type":"","background-media":"","overlay-type":"","overlay-color":"","overlay-gradient":""},"mobile":{"background-color":"var(--ast-global-color-5)","background-image":"","background-repeat":"repeat","background-position":"center center","background-size":"auto","background-attachment":"scroll","background-type":"","background-media":"","overlay-type":"","overlay-color":"","overlay-gradient":""}}},"product_cat":[567],"product_tag":[544,521,520],"natos":[618,504,596,499,536,502,525,578,527,530,545,510],"acf":[],"yoast_head":"<!-- This site is optimized with the Yoast SEO plugin v21.7 - https:\/\/yoast.com\/wordpress\/plugins\/seo\/ -->\n<title>IK-12. Bombshell - Perfumessence<\/title>\n<meta name=\"description\" content=\"&quot;Wybierz perfumy Bombshell, je\u015bli chcesz czego\u015b naprawd\u0119 nowego i niezwyk\u0142ego. Je\u015bli ekscytuj\u0105 Ci\u0119 zapachy, kt\u00f3rych wcze\u015bniej nie s\u0142ysza\u0142e\u015b.\" \/>\n<meta name=\"robots\" content=\"index, follow, max-snippet:-1, max-image-preview:large, max-video-preview:-1\" \/>\n<link rel=\"canonical\" href=\"https:\/\/perfumessence.eu\/pl\/produkt\/ik-12-bombshell\/\" \/>\n<meta property=\"og:locale\" content=\"pl_PL\" \/>\n<meta property=\"og:type\" content=\"article\" \/>\n<meta property=\"og:title\" content=\"IK-12. Bombshell - Perfumessence\" \/>\n<meta property=\"og:description\" content=\"&quot;Wybierz perfumy Bombshell, je\u015bli chcesz czego\u015b naprawd\u0119 nowego i niezwyk\u0142ego. Je\u015bli ekscytuj\u0105 Ci\u0119 zapachy, kt\u00f3rych wcze\u015bniej nie s\u0142ysza\u0142e\u015b.\" \/>\n<meta property=\"og:url\" content=\"https:\/\/perfumessence.eu\/pl\/produkt\/ik-12-bombshell\/\" \/>\n<meta property=\"og:site_name\" content=\"Perfumessence\" \/>\n<meta property=\"article:publisher\" content=\"https:\/\/www.facebook.com\/Parfumerin%c4%97-esencija-424160218027238\/\" \/>\n<meta property=\"article:modified_time\" content=\"2024-01-23T14:57:31+00:00\" \/>\n<meta property=\"og:image\" content=\"https:\/\/perfumessence.eu\/wp-content\/uploads\/2024\/01\/template-12ml-oil-perfume-scaled.jpg\" \/>\n\t<meta property=\"og:image:width\" content=\"2560\" \/>\n\t<meta property=\"og:image:height\" content=\"2560\" \/>\n\t<meta property=\"og:image:type\" content=\"image\/jpeg\" \/>\n<meta name=\"twitter:card\" content=\"summary_large_image\" \/>\n<meta name=\"twitter:label1\" content=\"Szacowany czas czytania\" \/>\n\t<meta name=\"twitter:data1\" content=\"1 minuta\" \/>\n<script type=\"application\/ld+json\" class=\"yoast-schema-graph\">{\"@context\":\"https:\/\/schema.org\",\"@graph\":[{\"@type\":\"WebPage\",\"@id\":\"https:\/\/perfumessence.eu\/pl\/produkt\/ik-12-bombshell\/\",\"url\":\"https:\/\/perfumessence.eu\/pl\/produkt\/ik-12-bombshell\/\",\"name\":\"IK-12. Bombshell - Perfumessence\",\"isPartOf\":{\"@id\":\"https:\/\/perfumessence.eu\/pl\/#website\"},\"datePublished\":\"2020-05-27T09:10:12+00:00\",\"dateModified\":\"2024-01-23T14:57:31+00:00\",\"description\":\"\\\"Wybierz perfumy Bombshell, je\u015bli chcesz czego\u015b naprawd\u0119 nowego i niezwyk\u0142ego. Je\u015bli ekscytuj\u0105 Ci\u0119 zapachy, kt\u00f3rych wcze\u015bniej nie s\u0142ysza\u0142e\u015b.\",\"breadcrumb\":{\"@id\":\"https:\/\/perfumessence.eu\/pl\/produkt\/ik-12-bombshell\/#breadcrumb\"},\"inLanguage\":\"pl-PL\",\"potentialAction\":[{\"@type\":\"ReadAction\",\"target\":[\"https:\/\/perfumessence.eu\/pl\/produkt\/ik-12-bombshell\/\"]}]},{\"@type\":\"BreadcrumbList\",\"@id\":\"https:\/\/perfumessence.eu\/pl\/produkt\/ik-12-bombshell\/#breadcrumb\",\"itemListElement\":[{\"@type\":\"ListItem\",\"position\":1,\"name\":\"Pagrindinis\",\"item\":\"https:\/\/perfumessence.eu\/pl\/\"},{\"@type\":\"ListItem\",\"position\":2,\"name\":\"Sklep\",\"item\":\"https:\/\/perfumessence.eu\/pl\/sklep\/\"},{\"@type\":\"ListItem\",\"position\":3,\"name\":\"IK-12. Bombshell\"}]},{\"@type\":\"WebSite\",\"@id\":\"https:\/\/perfumessence.eu\/pl\/#website\",\"url\":\"https:\/\/perfumessence.eu\/pl\/\",\"name\":\"Parfumerin\u0117 esencija\",\"description\":\"Perfume Oils and Sprays\",\"publisher\":{\"@id\":\"https:\/\/perfumessence.eu\/pl\/#organization\"},\"potentialAction\":[{\"@type\":\"SearchAction\",\"target\":{\"@type\":\"EntryPoint\",\"urlTemplate\":\"https:\/\/perfumessence.eu\/pl\/?s={search_term_string}\"},\"query-input\":\"required name=search_term_string\"}],\"inLanguage\":\"pl-PL\"},{\"@type\":\"Organization\",\"@id\":\"https:\/\/perfumessence.eu\/pl\/#organization\",\"name\":\"Parfumerin\u0117 esencija\",\"url\":\"https:\/\/perfumessence.eu\/pl\/\",\"logo\":{\"@type\":\"ImageObject\",\"inLanguage\":\"pl-PL\",\"@id\":\"https:\/\/perfumessence.eu\/pl\/#\/schema\/logo\/image\/\",\"url\":\"\",\"contentUrl\":\"\",\"caption\":\"Parfumerin\u0117 esencija\"},\"image\":{\"@id\":\"https:\/\/perfumessence.eu\/pl\/#\/schema\/logo\/image\/\"},\"sameAs\":[\"https:\/\/www.facebook.com\/Parfumerin\u0117-esencija-424160218027238\/\",\"https:\/\/www.youtube.com\/channel\/UC0RI-RLwg1UQwDbAF-7a-MA\"]}]}<\/script>\n<!-- \/ Yoast SEO plugin. -->","yoast_head_json":{"title":"IK-12. Bombshell - Perfumessence","description":"\"Wybierz perfumy Bombshell, je\u015bli chcesz czego\u015b naprawd\u0119 nowego i niezwyk\u0142ego. Je\u015bli ekscytuj\u0105 Ci\u0119 zapachy, kt\u00f3rych wcze\u015bniej nie s\u0142ysza\u0142e\u015b.","robots":{"index":"index","follow":"follow","max-snippet":"max-snippet:-1","max-image-preview":"max-image-preview:large","max-video-preview":"max-video-preview:-1"},"canonical":"https:\/\/perfumessence.eu\/pl\/produkt\/ik-12-bombshell\/","og_locale":"pl_PL","og_type":"article","og_title":"IK-12. Bombshell - Perfumessence","og_description":"\"Wybierz perfumy Bombshell, je\u015bli chcesz czego\u015b naprawd\u0119 nowego i niezwyk\u0142ego. Je\u015bli ekscytuj\u0105 Ci\u0119 zapachy, kt\u00f3rych wcze\u015bniej nie s\u0142ysza\u0142e\u015b.","og_url":"https:\/\/perfumessence.eu\/pl\/produkt\/ik-12-bombshell\/","og_site_name":"Perfumessence","article_publisher":"https:\/\/www.facebook.com\/Parfumerin%c4%97-esencija-424160218027238\/","article_modified_time":"2024-01-23T14:57:31+00:00","og_image":[{"width":2560,"height":2560,"url":"https:\/\/perfumessence.eu\/wp-content\/uploads\/2024\/01\/template-12ml-oil-perfume-scaled.jpg","type":"image\/jpeg"}],"twitter_card":"summary_large_image","twitter_misc":{"Szacowany czas czytania":"1 minuta"},"schema":{"@context":"https:\/\/schema.org","@graph":[{"@type":"WebPage","@id":"https:\/\/perfumessence.eu\/pl\/produkt\/ik-12-bombshell\/","url":"https:\/\/perfumessence.eu\/pl\/produkt\/ik-12-bombshell\/","name":"IK-12. Bombshell - Perfumessence","isPartOf":{"@id":"https:\/\/perfumessence.eu\/pl\/#website"},"datePublished":"2020-05-27T09:10:12+00:00","dateModified":"2024-01-23T14:57:31+00:00","description":"\"Wybierz perfumy Bombshell, je\u015bli chcesz czego\u015b naprawd\u0119 nowego i niezwyk\u0142ego. Je\u015bli ekscytuj\u0105 Ci\u0119 zapachy, kt\u00f3rych wcze\u015bniej nie s\u0142ysza\u0142e\u015b.","breadcrumb":{"@id":"https:\/\/perfumessence.eu\/pl\/produkt\/ik-12-bombshell\/#breadcrumb"},"inLanguage":"pl-PL","potentialAction":[{"@type":"ReadAction","target":["https:\/\/perfumessence.eu\/pl\/produkt\/ik-12-bombshell\/"]}]},{"@type":"BreadcrumbList","@id":"https:\/\/perfumessence.eu\/pl\/produkt\/ik-12-bombshell\/#breadcrumb","itemListElement":[{"@type":"ListItem","position":1,"name":"Pagrindinis","item":"https:\/\/perfumessence.eu\/pl\/"},{"@type":"ListItem","position":2,"name":"Sklep","item":"https:\/\/perfumessence.eu\/pl\/sklep\/"},{"@type":"ListItem","position":3,"name":"IK-12. Bombshell"}]},{"@type":"WebSite","@id":"https:\/\/perfumessence.eu\/pl\/#website","url":"https:\/\/perfumessence.eu\/pl\/","name":"Parfumerin\u0117 esencija","description":"Perfume Oils and Sprays","publisher":{"@id":"https:\/\/perfumessence.eu\/pl\/#organization"},"potentialAction":[{"@type":"SearchAction","target":{"@type":"EntryPoint","urlTemplate":"https:\/\/perfumessence.eu\/pl\/?s={search_term_string}"},"query-input":"required name=search_term_string"}],"inLanguage":"pl-PL"},{"@type":"Organization","@id":"https:\/\/perfumessence.eu\/pl\/#organization","name":"Parfumerin\u0117 esencija","url":"https:\/\/perfumessence.eu\/pl\/","logo":{"@type":"ImageObject","inLanguage":"pl-PL","@id":"https:\/\/perfumessence.eu\/pl\/#\/schema\/logo\/image\/","url":"","contentUrl":"","caption":"Parfumerin\u0117 esencija"},"image":{"@id":"https:\/\/perfumessence.eu\/pl\/#\/schema\/logo\/image\/"},"sameAs":["https:\/\/www.facebook.com\/Parfumerin\u0117-esencija-424160218027238\/","https:\/\/www.youtube.com\/channel\/UC0RI-RLwg1UQwDbAF-7a-MA"]}]}},"_links":{"self":[{"href":"https:\/\/perfumessence.eu\/pl\/wp-json\/wp\/v2\/product\/20150"}],"collection":[{"href":"https:\/\/perfumessence.eu\/pl\/wp-json\/wp\/v2\/product"}],"about":[{"href":"https:\/\/perfumessence.eu\/pl\/wp-json\/wp\/v2\/types\/product"}],"replies":[{"embeddable":true,"href":"https:\/\/perfumessence.eu\/pl\/wp-json\/wp\/v2\/comments?post=20150"}],"wp:featuredmedia":[{"embeddable":true,"href":"https:\/\/perfumessence.eu\/pl\/wp-json\/wp\/v2\/media\/19702"}],"wp:attachment":[{"href":"https:\/\/perfumessence.eu\/pl\/wp-json\/wp\/v2\/media?parent=20150"}],"wp:term":[{"taxonomy":"product_cat","embeddable":true,"href":"https:\/\/perfumessence.eu\/pl\/wp-json\/wp\/v2\/product_cat?post=20150"},{"taxonomy":"product_tag","embeddable":true,"href":"https:\/\/perfumessence.eu\/pl\/wp-json\/wp\/v2\/product_tag?post=20150"},{"taxonomy":"natos","embeddable":true,"href":"https:\/\/perfumessence.eu\/pl\/wp-json\/wp\/v2\/natos?post=20150"}],"curies":[{"name":"wp","href":"https:\/\/api.w.org\/{rel}","templated":true}]}}