{"id":20279,"date":"2021-01-11T15:42:02","date_gmt":"2021-01-11T12:42:02","guid":{"rendered":"https:\/\/perfumessence.eu\/product\/ik-91-molecule-09\/"},"modified":"2024-01-23T18:09:45","modified_gmt":"2024-01-23T15:09:45","slug":"ik-91-molecule-09","status":"publish","type":"product","link":"https:\/\/perfumessence.eu\/pl\/produkt\/ik-91-molecule-09\/","title":{"rendered":"IK-91. Molecule 09"},"content":{"rendered":"<p>Nuty g\u0142owy s\u0105 lekkie, a nawet niewinne, zaczynaj\u0105c od synergii szampana i czarnej orchidei, ale po chwili mo\u017cna odkry\u0107 imponuj\u0105ce nuty mahoniu i hebanu <strong>os\u0142odzone kremowym akordem<\/strong>.<\/p>\n<h6><strong>Nuty g\u0142owy:<\/strong><\/h6>\n<figure id=\"attachment_20285\" aria-describedby=\"caption-attachment-20285\" style=\"width: 80px\" class=\"wp-caption alignleft\"><a href=\"https:\/\/perfumessence.eu\/natos\/sampanas\/\"><img decoding=\"async\" class=\"wp-image-15861\" src=\"https:\/\/perfumessence.eu\/wp-content\/uploads\/2023\/05\/sampanas-t.webp\" alt=\"\" width=\"80\" height=\"80\" srcset=\"https:\/\/perfumessence.eu\/wp-content\/uploads\/2023\/05\/sampanas-t.webp 120w, https:\/\/perfumessence.eu\/wp-content\/uploads\/2023\/05\/sampanas-t-100x100.webp 100w, https:\/\/perfumessence.eu\/wp-content\/uploads\/2023\/05\/sampanas-t-64x64.webp 64w\" sizes=\"(max-width: 80px) 100vw, 80px\" \/><\/a><figcaption id=\"caption-attachment-20285\" class=\"wp-caption-text\">Szampan<\/figcaption><\/figure>\n<figure id=\"attachment_18645\" aria-describedby=\"caption-attachment-18645\" style=\"width: 80px\" class=\"wp-caption alignleft\"><a href=\"https:\/\/perfumessence.eu\/natos\/orchidejos\/\"><img decoding=\"async\" class=\"wp-image-15686\" src=\"https:\/\/perfumessence.eu\/wp-content\/uploads\/2023\/04\/orchideja-t.154.jpg\" alt=\"\" width=\"80\" height=\"80\" srcset=\"https:\/\/perfumessence.eu\/wp-content\/uploads\/2023\/04\/orchideja-t.154.jpg 120w, https:\/\/perfumessence.eu\/wp-content\/uploads\/2023\/04\/orchideja-t.154-100x100.jpg 100w, https:\/\/perfumessence.eu\/wp-content\/uploads\/2023\/04\/orchideja-t.154-64x64.jpg 64w\" sizes=\"(max-width: 80px) 100vw, 80px\" \/><\/a><figcaption id=\"caption-attachment-18645\" class=\"wp-caption-text\">Orchidea<\/figcaption><\/figure>\n<figure id=\"attachment_20284\" aria-describedby=\"caption-attachment-20284\" style=\"width: 80px\" class=\"wp-caption alignleft\"><a href=\"https:\/\/perfumessence.eu\/natos\/seivamedzio-ziedai\/\"><img decoding=\"async\" class=\"wp-image-15859\" src=\"https:\/\/perfumessence.eu\/wp-content\/uploads\/2023\/05\/Seivamedzio-ziedait.webp\" alt=\"\" width=\"80\" height=\"80\" srcset=\"https:\/\/perfumessence.eu\/wp-content\/uploads\/2023\/05\/Seivamedzio-ziedait.webp 120w, https:\/\/perfumessence.eu\/wp-content\/uploads\/2023\/05\/Seivamedzio-ziedait-100x100.webp 100w, https:\/\/perfumessence.eu\/wp-content\/uploads\/2023\/05\/Seivamedzio-ziedait-64x64.webp 64w\" sizes=\"(max-width: 80px) 100vw, 80px\" \/><\/a><figcaption id=\"caption-attachment-20284\" class=\"wp-caption-text\">Kwiaty bzu<\/figcaption><\/figure>\n<h6><strong>Nuty \u015brodkowe:<\/strong><\/h6>\n<figure id=\"attachment_18673\" aria-describedby=\"caption-attachment-18673\" style=\"width: 80px\" class=\"wp-caption alignleft\"><a href=\"https:\/\/perfumessence.eu\/natos\/abrikosai\/\"><img loading=\"lazy\" decoding=\"async\" class=\"wp-image-15756\" src=\"https:\/\/perfumessence.eu\/wp-content\/uploads\/2023\/05\/abrikosai-t.webp\" alt=\"\" width=\"80\" height=\"80\" srcset=\"https:\/\/perfumessence.eu\/wp-content\/uploads\/2023\/05\/abrikosai-t.webp 120w, https:\/\/perfumessence.eu\/wp-content\/uploads\/2023\/05\/abrikosai-t-100x100.webp 100w, https:\/\/perfumessence.eu\/wp-content\/uploads\/2023\/05\/abrikosai-t-64x64.webp 64w\" sizes=\"(max-width: 80px) 100vw, 80px\" \/><\/a><figcaption id=\"caption-attachment-18673\" class=\"wp-caption-text\">Morele<\/figcaption><\/figure>\n<h6><strong>Nuty bazy:<\/strong><\/h6>\n<figure id=\"attachment_19882\" aria-describedby=\"caption-attachment-19882\" style=\"width: 80px\" class=\"wp-caption alignleft\"><a href=\"https:\/\/perfumessence.eu\/natos\/juodmedis\/\"><img loading=\"lazy\" decoding=\"async\" class=\"wp-image-15150\" src=\"https:\/\/perfumessence.eu\/wp-content\/uploads\/2023\/03\/juodmedis.jpg\" alt=\"\" width=\"80\" height=\"80\" srcset=\"https:\/\/perfumessence.eu\/wp-content\/uploads\/2023\/03\/juodmedis.jpg 120w, https:\/\/perfumessence.eu\/wp-content\/uploads\/2023\/03\/juodmedis-100x100.jpg 100w, https:\/\/perfumessence.eu\/wp-content\/uploads\/2023\/03\/juodmedis-64x64.jpg 64w\" sizes=\"(max-width: 80px) 100vw, 80px\" \/><\/a><figcaption id=\"caption-attachment-19882\" class=\"wp-caption-text\">Blackwood<\/figcaption><\/figure>\n<figure id=\"attachment_18709\" aria-describedby=\"caption-attachment-18709\" style=\"width: 80px\" class=\"wp-caption alignleft\"><a href=\"https:\/\/perfumessence.eu\/natos\/raudonmedis\/\"><img loading=\"lazy\" decoding=\"async\" class=\"wp-image-15824\" src=\"https:\/\/perfumessence.eu\/wp-content\/uploads\/2023\/05\/raudonmedis-svietenija-t.webp\" alt=\"\" width=\"80\" height=\"80\" srcset=\"https:\/\/perfumessence.eu\/wp-content\/uploads\/2023\/05\/raudonmedis-svietenija-t.webp 120w, https:\/\/perfumessence.eu\/wp-content\/uploads\/2023\/05\/raudonmedis-svietenija-t-100x100.webp 100w, https:\/\/perfumessence.eu\/wp-content\/uploads\/2023\/05\/raudonmedis-svietenija-t-64x64.webp 64w\" sizes=\"(max-width: 80px) 100vw, 80px\" \/><\/a><figcaption id=\"caption-attachment-18709\" class=\"wp-caption-text\">Maho\u0144<\/figcaption><\/figure>\n<figure id=\"attachment_20286\" aria-describedby=\"caption-attachment-20286\" style=\"width: 80px\" class=\"wp-caption alignleft\"><a href=\"https:\/\/perfumessence.eu\/natos\/plakta-grietinele\/\"><img loading=\"lazy\" decoding=\"async\" class=\"wp-image-15864\" src=\"https:\/\/perfumessence.eu\/wp-content\/uploads\/2023\/05\/Plakta-grietinele-t.webp\" alt=\"\" width=\"80\" height=\"80\" srcset=\"https:\/\/perfumessence.eu\/wp-content\/uploads\/2023\/05\/Plakta-grietinele-t.webp 120w, https:\/\/perfumessence.eu\/wp-content\/uploads\/2023\/05\/Plakta-grietinele-t-100x100.webp 100w, https:\/\/perfumessence.eu\/wp-content\/uploads\/2023\/05\/Plakta-grietinele-t-64x64.webp 64w\" sizes=\"(max-width: 80px) 100vw, 80px\" \/><\/a><figcaption id=\"caption-attachment-20286\" class=\"wp-caption-text\">Bita \u015bmietana<\/figcaption><\/figure>\n<h6>\n<strong>Dostawa:<\/strong><\/h6>\n","protected":false},"excerpt":{"rendered":"<p>S\u0142odka mieszanka kwiat\u00f3w i szampana ujawnia si\u0119 w tym figlarnym zapachu dla m\u0119\u017cczyzn i kobiet.<\/p>\n<p><strong>Esencja<\/strong> to aromatyczna cz\u0119\u015b\u0107 zapachu w sprayu &#8211; koncentrat. S\u0105 to stosowane perfumy na bazie oleju.<\/p>\n<p><strong>Atomizer<\/strong> to butelka z rozpylaczem zawieraj\u0105ca wzmocnione perfumy.<\/p>\n<p>&nbsp;<\/p>\n","protected":false},"featured_media":19702,"comment_status":"open","ping_status":"closed","template":"","meta":{"site-sidebar-layout":"default","site-content-layout":"default","ast-site-content-layout":"","site-content-style":"default","site-sidebar-style":"default","ast-global-header-display":"","ast-banner-title-visibility":"","ast-main-header-display":"","ast-hfb-above-header-display":"","ast-hfb-below-header-display":"","ast-hfb-mobile-header-display":"","site-post-title":"","ast-breadcrumbs-content":"","ast-featured-img":"","footer-sml-layout":"","theme-transparent-header-meta":"default","adv-header-id-meta":"","stick-header-meta":"default","header-above-stick-meta":"","header-main-stick-meta":"","header-below-stick-meta":"","astra-migrate-meta-layouts":"default","ast-page-background-enabled":"default","ast-page-background-meta":{"desktop":{"background-color":"var(--ast-global-color-4)","background-image":"","background-repeat":"repeat","background-position":"center center","background-size":"auto","background-attachment":"scroll","background-type":"","background-media":"","overlay-type":"","overlay-color":"","overlay-gradient":""},"tablet":{"background-color":"","background-image":"","background-repeat":"repeat","background-position":"center center","background-size":"auto","background-attachment":"scroll","background-type":"","background-media":"","overlay-type":"","overlay-color":"","overlay-gradient":""},"mobile":{"background-color":"","background-image":"","background-repeat":"repeat","background-position":"center center","background-size":"auto","background-attachment":"scroll","background-type":"","background-media":"","overlay-type":"","overlay-color":"","overlay-gradient":""}},"ast-content-background-meta":{"desktop":{"background-color":"var(--ast-global-color-5)","background-image":"","background-repeat":"repeat","background-position":"center center","background-size":"auto","background-attachment":"scroll","background-type":"","background-media":"","overlay-type":"","overlay-color":"","overlay-gradient":""},"tablet":{"background-color":"var(--ast-global-color-5)","background-image":"","background-repeat":"repeat","background-position":"center center","background-size":"auto","background-attachment":"scroll","background-type":"","background-media":"","overlay-type":"","overlay-color":"","overlay-gradient":""},"mobile":{"background-color":"var(--ast-global-color-5)","background-image":"","background-repeat":"repeat","background-position":"center center","background-size":"auto","background-attachment":"scroll","background-type":"","background-media":"","overlay-type":"","overlay-color":"","overlay-gradient":""}}},"product_cat":[567,547,573],"product_tag":[515,544],"natos":[643,588,641,597,640,595,642],"acf":[],"yoast_head":"<!-- This site is optimized with the Yoast SEO plugin v21.7 - https:\/\/yoast.com\/wordpress\/plugins\/seo\/ -->\n<title>IK-91. Molecule 09 %%page% - Perfumy niszowe - Perfumessence<\/title>\n<meta name=\"description\" content=\"S\u0142odka mieszanka kwiat\u00f3w i szampana ujawnia si\u0119 w tym figlarnym zapachu dla m\u0119\u017cczyzn i kobiet. Dostawa na Litw\u0119 1-3 dni d.\" \/>\n<meta name=\"robots\" content=\"index, follow, max-snippet:-1, max-image-preview:large, max-video-preview:-1\" \/>\n<link rel=\"canonical\" href=\"https:\/\/perfumessence.eu\/pl\/produkt\/ik-91-molecule-09\/\" \/>\n<meta property=\"og:locale\" content=\"pl_PL\" \/>\n<meta property=\"og:type\" content=\"article\" \/>\n<meta property=\"og:title\" content=\"IK-91. Molecule 09 %%page% - Perfumy niszowe - Perfumessence\" \/>\n<meta property=\"og:description\" content=\"S\u0142odka mieszanka kwiat\u00f3w i szampana ujawnia si\u0119 w tym figlarnym zapachu dla m\u0119\u017cczyzn i kobiet. Dostawa na Litw\u0119 1-3 dni d.\" \/>\n<meta property=\"og:url\" content=\"https:\/\/perfumessence.eu\/pl\/produkt\/ik-91-molecule-09\/\" \/>\n<meta property=\"og:site_name\" content=\"Perfumessence\" \/>\n<meta property=\"article:publisher\" content=\"https:\/\/www.facebook.com\/Parfumerin%c4%97-esencija-424160218027238\/\" \/>\n<meta property=\"article:modified_time\" content=\"2024-01-23T15:09:45+00:00\" \/>\n<meta property=\"og:image\" content=\"https:\/\/perfumessence.eu\/wp-content\/uploads\/2024\/01\/template-12ml-oil-perfume-scaled.jpg\" \/>\n\t<meta property=\"og:image:width\" content=\"2560\" \/>\n\t<meta property=\"og:image:height\" content=\"2560\" \/>\n\t<meta property=\"og:image:type\" content=\"image\/jpeg\" \/>\n<meta name=\"twitter:card\" content=\"summary_large_image\" \/>\n<script type=\"application\/ld+json\" class=\"yoast-schema-graph\">{\"@context\":\"https:\/\/schema.org\",\"@graph\":[{\"@type\":\"WebPage\",\"@id\":\"https:\/\/perfumessence.eu\/pl\/produkt\/ik-91-molecule-09\/\",\"url\":\"https:\/\/perfumessence.eu\/pl\/produkt\/ik-91-molecule-09\/\",\"name\":\"IK-91. Molecule 09 %%page% - Perfumy niszowe - Perfumessence\",\"isPartOf\":{\"@id\":\"https:\/\/perfumessence.eu\/pl\/#website\"},\"datePublished\":\"2021-01-11T12:42:02+00:00\",\"dateModified\":\"2024-01-23T15:09:45+00:00\",\"description\":\"S\u0142odka mieszanka kwiat\u00f3w i szampana ujawnia si\u0119 w tym figlarnym zapachu dla m\u0119\u017cczyzn i kobiet. Dostawa na Litw\u0119 1-3 dni d.\",\"breadcrumb\":{\"@id\":\"https:\/\/perfumessence.eu\/pl\/produkt\/ik-91-molecule-09\/#breadcrumb\"},\"inLanguage\":\"pl-PL\",\"potentialAction\":[{\"@type\":\"ReadAction\",\"target\":[\"https:\/\/perfumessence.eu\/pl\/produkt\/ik-91-molecule-09\/\"]}]},{\"@type\":\"BreadcrumbList\",\"@id\":\"https:\/\/perfumessence.eu\/pl\/produkt\/ik-91-molecule-09\/#breadcrumb\",\"itemListElement\":[{\"@type\":\"ListItem\",\"position\":1,\"name\":\"Pagrindinis\",\"item\":\"https:\/\/perfumessence.eu\/pl\/\"},{\"@type\":\"ListItem\",\"position\":2,\"name\":\"Sklep\",\"item\":\"https:\/\/perfumessence.eu\/pl\/sklep\/\"},{\"@type\":\"ListItem\",\"position\":3,\"name\":\"IK-91. Molecule 09\"}]},{\"@type\":\"WebSite\",\"@id\":\"https:\/\/perfumessence.eu\/pl\/#website\",\"url\":\"https:\/\/perfumessence.eu\/pl\/\",\"name\":\"Parfumerin\u0117 esencija\",\"description\":\"Perfume Oils and Sprays\",\"publisher\":{\"@id\":\"https:\/\/perfumessence.eu\/pl\/#organization\"},\"potentialAction\":[{\"@type\":\"SearchAction\",\"target\":{\"@type\":\"EntryPoint\",\"urlTemplate\":\"https:\/\/perfumessence.eu\/pl\/?s={search_term_string}\"},\"query-input\":\"required name=search_term_string\"}],\"inLanguage\":\"pl-PL\"},{\"@type\":\"Organization\",\"@id\":\"https:\/\/perfumessence.eu\/pl\/#organization\",\"name\":\"Parfumerin\u0117 esencija\",\"url\":\"https:\/\/perfumessence.eu\/pl\/\",\"logo\":{\"@type\":\"ImageObject\",\"inLanguage\":\"pl-PL\",\"@id\":\"https:\/\/perfumessence.eu\/pl\/#\/schema\/logo\/image\/\",\"url\":\"\",\"contentUrl\":\"\",\"caption\":\"Parfumerin\u0117 esencija\"},\"image\":{\"@id\":\"https:\/\/perfumessence.eu\/pl\/#\/schema\/logo\/image\/\"},\"sameAs\":[\"https:\/\/www.facebook.com\/Parfumerin\u0117-esencija-424160218027238\/\",\"https:\/\/www.youtube.com\/channel\/UC0RI-RLwg1UQwDbAF-7a-MA\"]}]}<\/script>\n<!-- \/ Yoast SEO plugin. -->","yoast_head_json":{"title":"IK-91. Molecule 09 %%page% - Perfumy niszowe - Perfumessence","description":"S\u0142odka mieszanka kwiat\u00f3w i szampana ujawnia si\u0119 w tym figlarnym zapachu dla m\u0119\u017cczyzn i kobiet. Dostawa na Litw\u0119 1-3 dni d.","robots":{"index":"index","follow":"follow","max-snippet":"max-snippet:-1","max-image-preview":"max-image-preview:large","max-video-preview":"max-video-preview:-1"},"canonical":"https:\/\/perfumessence.eu\/pl\/produkt\/ik-91-molecule-09\/","og_locale":"pl_PL","og_type":"article","og_title":"IK-91. Molecule 09 %%page% - Perfumy niszowe - Perfumessence","og_description":"S\u0142odka mieszanka kwiat\u00f3w i szampana ujawnia si\u0119 w tym figlarnym zapachu dla m\u0119\u017cczyzn i kobiet. Dostawa na Litw\u0119 1-3 dni d.","og_url":"https:\/\/perfumessence.eu\/pl\/produkt\/ik-91-molecule-09\/","og_site_name":"Perfumessence","article_publisher":"https:\/\/www.facebook.com\/Parfumerin%c4%97-esencija-424160218027238\/","article_modified_time":"2024-01-23T15:09:45+00:00","og_image":[{"width":2560,"height":2560,"url":"https:\/\/perfumessence.eu\/wp-content\/uploads\/2024\/01\/template-12ml-oil-perfume-scaled.jpg","type":"image\/jpeg"}],"twitter_card":"summary_large_image","schema":{"@context":"https:\/\/schema.org","@graph":[{"@type":"WebPage","@id":"https:\/\/perfumessence.eu\/pl\/produkt\/ik-91-molecule-09\/","url":"https:\/\/perfumessence.eu\/pl\/produkt\/ik-91-molecule-09\/","name":"IK-91. Molecule 09 %%page% - Perfumy niszowe - Perfumessence","isPartOf":{"@id":"https:\/\/perfumessence.eu\/pl\/#website"},"datePublished":"2021-01-11T12:42:02+00:00","dateModified":"2024-01-23T15:09:45+00:00","description":"S\u0142odka mieszanka kwiat\u00f3w i szampana ujawnia si\u0119 w tym figlarnym zapachu dla m\u0119\u017cczyzn i kobiet. Dostawa na Litw\u0119 1-3 dni d.","breadcrumb":{"@id":"https:\/\/perfumessence.eu\/pl\/produkt\/ik-91-molecule-09\/#breadcrumb"},"inLanguage":"pl-PL","potentialAction":[{"@type":"ReadAction","target":["https:\/\/perfumessence.eu\/pl\/produkt\/ik-91-molecule-09\/"]}]},{"@type":"BreadcrumbList","@id":"https:\/\/perfumessence.eu\/pl\/produkt\/ik-91-molecule-09\/#breadcrumb","itemListElement":[{"@type":"ListItem","position":1,"name":"Pagrindinis","item":"https:\/\/perfumessence.eu\/pl\/"},{"@type":"ListItem","position":2,"name":"Sklep","item":"https:\/\/perfumessence.eu\/pl\/sklep\/"},{"@type":"ListItem","position":3,"name":"IK-91. Molecule 09"}]},{"@type":"WebSite","@id":"https:\/\/perfumessence.eu\/pl\/#website","url":"https:\/\/perfumessence.eu\/pl\/","name":"Parfumerin\u0117 esencija","description":"Perfume Oils and Sprays","publisher":{"@id":"https:\/\/perfumessence.eu\/pl\/#organization"},"potentialAction":[{"@type":"SearchAction","target":{"@type":"EntryPoint","urlTemplate":"https:\/\/perfumessence.eu\/pl\/?s={search_term_string}"},"query-input":"required name=search_term_string"}],"inLanguage":"pl-PL"},{"@type":"Organization","@id":"https:\/\/perfumessence.eu\/pl\/#organization","name":"Parfumerin\u0117 esencija","url":"https:\/\/perfumessence.eu\/pl\/","logo":{"@type":"ImageObject","inLanguage":"pl-PL","@id":"https:\/\/perfumessence.eu\/pl\/#\/schema\/logo\/image\/","url":"","contentUrl":"","caption":"Parfumerin\u0117 esencija"},"image":{"@id":"https:\/\/perfumessence.eu\/pl\/#\/schema\/logo\/image\/"},"sameAs":["https:\/\/www.facebook.com\/Parfumerin\u0117-esencija-424160218027238\/","https:\/\/www.youtube.com\/channel\/UC0RI-RLwg1UQwDbAF-7a-MA"]}]}},"_links":{"self":[{"href":"https:\/\/perfumessence.eu\/pl\/wp-json\/wp\/v2\/product\/20279"}],"collection":[{"href":"https:\/\/perfumessence.eu\/pl\/wp-json\/wp\/v2\/product"}],"about":[{"href":"https:\/\/perfumessence.eu\/pl\/wp-json\/wp\/v2\/types\/product"}],"replies":[{"embeddable":true,"href":"https:\/\/perfumessence.eu\/pl\/wp-json\/wp\/v2\/comments?post=20279"}],"wp:featuredmedia":[{"embeddable":true,"href":"https:\/\/perfumessence.eu\/pl\/wp-json\/wp\/v2\/media\/19702"}],"wp:attachment":[{"href":"https:\/\/perfumessence.eu\/pl\/wp-json\/wp\/v2\/media?parent=20279"}],"wp:term":[{"taxonomy":"product_cat","embeddable":true,"href":"https:\/\/perfumessence.eu\/pl\/wp-json\/wp\/v2\/product_cat?post=20279"},{"taxonomy":"product_tag","embeddable":true,"href":"https:\/\/perfumessence.eu\/pl\/wp-json\/wp\/v2\/product_tag?post=20279"},{"taxonomy":"natos","embeddable":true,"href":"https:\/\/perfumessence.eu\/pl\/wp-json\/wp\/v2\/natos?post=20279"}],"curies":[{"name":"wp","href":"https:\/\/api.w.org\/{rel}","templated":true}]}}