{"id":20317,"date":"2022-02-12T13:12:04","date_gmt":"2022-02-12T10:12:04","guid":{"rendered":"https:\/\/perfumessence.eu\/product\/ik-94-b-opium-extreme\/"},"modified":"2024-01-23T18:13:25","modified_gmt":"2024-01-23T15:13:25","slug":"ik-94-b-opium-extreme","status":"publish","type":"product","link":"https:\/\/perfumessence.eu\/pl\/produkt\/ik-94-b-opium-extreme\/","title":{"rendered":"IK-94. B Opium Extreme"},"content":{"rendered":"<p>Chcesz poczu\u0107 energi\u0119 kawy na swoim ciele i do\u015bwiadczy\u0107 przyp\u0142ywu adrenaliny? IK-94 \u0142\u0105czy czarno-czarn\u0105 kaw\u0119 i bia\u0142o-bia\u0142\u0105 paczul\u0119 w jedn\u0105 niezwyk\u0142\u0105 synergi\u0119. Ta\u0144cz, \u015bpiewaj i baw si\u0119, promieniuj\u0105c niezwyk\u0142\u0105 energi\u0105, jak\u0105 mo\u017ce przynie\u015b\u0107 ten korzenno-kwiatowy zapach. Ekstaza jest w zasi\u0119gu r\u0119ki.<\/p>\n<h6><strong>Nuty g\u0142owy:<\/strong><\/h6>\n<figure id=\"attachment_19871\" aria-describedby=\"caption-attachment-19871\" style=\"width: 80px\" class=\"wp-caption alignleft\"><a href=\"https:\/\/perfumessence.eu\/natos\/kava\/\"><img decoding=\"async\" class=\"wp-image-15496\" src=\"https:\/\/perfumessence.eu\/wp-content\/uploads\/2023\/04\/kava-t.webp\" alt=\"\" width=\"80\" height=\"80\" srcset=\"https:\/\/perfumessence.eu\/wp-content\/uploads\/2023\/04\/kava-t.webp 120w, https:\/\/perfumessence.eu\/wp-content\/uploads\/2023\/04\/kava-t-100x100.webp 100w, https:\/\/perfumessence.eu\/wp-content\/uploads\/2023\/04\/kava-t-64x64.webp 64w\" sizes=\"(max-width: 80px) 100vw, 80px\" \/><\/a><figcaption id=\"caption-attachment-19871\" class=\"wp-caption-text\">Czarna kawa<\/figcaption><\/figure>\n<h6><strong>Nuty serca:<\/strong><\/h6>\n<figure id=\"attachment_19858\" aria-describedby=\"caption-attachment-19858\" style=\"width: 80px\" class=\"wp-caption alignleft\"><a href=\"https:\/\/perfumessence.eu\/natos\/jazminai\/\"><img decoding=\"async\" class=\"wp-image-14853\" src=\"https:\/\/perfumessence.eu\/wp-content\/uploads\/2023\/02\/Jazminai.jpg\" alt=\"\" width=\"80\" height=\"80\" srcset=\"https:\/\/perfumessence.eu\/wp-content\/uploads\/2023\/02\/Jazminai.jpg 120w, https:\/\/perfumessence.eu\/wp-content\/uploads\/2023\/02\/Jazminai-100x100.jpg 100w, https:\/\/perfumessence.eu\/wp-content\/uploads\/2023\/02\/Jazminai-64x64.jpg 64w\" sizes=\"(max-width: 80px) 100vw, 80px\" \/><\/a><figcaption id=\"caption-attachment-19858\" class=\"wp-caption-text\">Jasmine<\/figcaption><\/figure>\n<figure id=\"attachment_18561\" aria-describedby=\"caption-attachment-18561\" style=\"width: 80px\" class=\"wp-caption alignleft\"><a href=\"https:\/\/perfumessence.eu\/natos\/apelsinu-ziedai\/\"><img decoding=\"async\" class=\"wp-image-15474\" src=\"https:\/\/perfumessence.eu\/wp-content\/uploads\/2023\/04\/apelsinu-ziedai-t.16.jpg\" alt=\"\" width=\"80\" height=\"80\" srcset=\"https:\/\/perfumessence.eu\/wp-content\/uploads\/2023\/04\/apelsinu-ziedai-t.16.jpg 120w, https:\/\/perfumessence.eu\/wp-content\/uploads\/2023\/04\/apelsinu-ziedai-t.16-100x100.jpg 100w, https:\/\/perfumessence.eu\/wp-content\/uploads\/2023\/04\/apelsinu-ziedai-t.16-64x64.jpg 64w\" sizes=\"(max-width: 80px) 100vw, 80px\" \/><\/a><figcaption id=\"caption-attachment-18561\" class=\"wp-caption-text\">Kwiaty pomara\u0144czy<\/figcaption><\/figure>\n<h6><strong>G\u0142\u00f3wne uwagi:<\/strong><\/h6>\n<figure id=\"attachment_18518\" aria-describedby=\"caption-attachment-18518\" style=\"width: 80px\" class=\"wp-caption alignleft\"><a href=\"https:\/\/perfumessence.eu\/natos\/vanile\/\"><img loading=\"lazy\" decoding=\"async\" class=\"wp-image-15084\" src=\"https:\/\/perfumessence.eu\/wp-content\/uploads\/2023\/03\/vaniles-nata.webp\" alt=\"\" width=\"80\" height=\"80\" srcset=\"https:\/\/perfumessence.eu\/wp-content\/uploads\/2023\/03\/vaniles-nata.webp 120w, https:\/\/perfumessence.eu\/wp-content\/uploads\/2023\/03\/vaniles-nata-100x100.webp 100w, https:\/\/perfumessence.eu\/wp-content\/uploads\/2023\/03\/vaniles-nata-64x64.webp 64w\" sizes=\"(max-width: 80px) 100vw, 80px\" \/><\/a><figcaption id=\"caption-attachment-18518\" class=\"wp-caption-text\">Wanilia<\/figcaption><\/figure>\n<figure id=\"attachment_19922\" aria-describedby=\"caption-attachment-19922\" style=\"width: 80px\" class=\"wp-caption alignleft\"><a href=\"https:\/\/perfumessence.eu\/natos\/paciuliai\/\"><img loading=\"lazy\" decoding=\"async\" class=\"wp-image-14892\" src=\"https:\/\/perfumessence.eu\/wp-content\/uploads\/2023\/02\/Paciulio-nata.jpg\" alt=\"\" width=\"80\" height=\"80\" srcset=\"https:\/\/perfumessence.eu\/wp-content\/uploads\/2023\/02\/Paciulio-nata.jpg 120w, https:\/\/perfumessence.eu\/wp-content\/uploads\/2023\/02\/Paciulio-nata-100x100.jpg 100w, https:\/\/perfumessence.eu\/wp-content\/uploads\/2023\/02\/Paciulio-nata-64x64.jpg 64w\" sizes=\"(max-width: 80px) 100vw, 80px\" \/><\/a><figcaption id=\"caption-attachment-19922\" class=\"wp-caption-text\">Pachiouli<\/figcaption><\/figure>\n<h6>\n<strong>Dostawa:<\/strong><\/h6>\n<p>&#8211; Litwa (kurier Venipak lub poczta Omniva): w ci\u0105gu 1-3 dni d.;<\/p>\n<p>&#8211; inne kraje (Poczta Litewska): w ci\u0105gu 5-14 dni d.;<\/p>\n<p>&#8211; odbi\u00f3r w naszym sklepie (Ba\u017eny\u010dios g. 38, Marijampol\u0117 68309 (wewn\u0105trz supermarketu MAXIMA)): w dniu zakupu.<\/p>\n<h6><strong>P\u0142atno\u015b\u0107 za towary:<\/strong><\/h6>\n<p>&#8211; za pomoc\u0105 system\u00f3w bankowo\u015bci internetowej banku;<\/p>\n<p>&#8211; karty kredytowe i debetowe;<\/p>\n<p>&#8211; przelewem bankowym z g\u00f3ry;<\/p>\n<p>&#8211; got\u00f3wk\u0105 w naszym sklepie (Ba\u017eny\u010dios g. 38, Marijampol\u0117 68309 (wewn\u0105trz centrum handlowego MAXIMA).<\/p>\n<h6><strong>Nasze produkty:<\/strong><\/h6>\n<p>Sprzedawane przez nas zapachy s\u0105 w 99% podobne do oryginalnych zapach\u00f3w marki, ale nie powinny by\u0107 z nimi mylone.<\/p>\n<p>Wszystkie u\u017cyte nazwy s\u0105 chronione prawami autorskimi producent\u00f3w lub projektant\u00f3w.<\/p>\n<p>Pytania? Zadzwo\u0144 pod numer +370 645 17041 lub wy\u015blij wiadomo\u015b\u0107 e-mail na adres pardavimai@perfumessence.eu.<\/p>\n<p>Je\u015bli nie mo\u017cesz znale\u017a\u0107 informacji, kt\u00f3rych szukasz na stronie internetowej lub je\u015bli jeste\u015b zainteresowany niestandardowym zam\u00f3wieniem, mo\u017cesz zada\u0107 nam wszelkie pytania, a my do\u0142o\u017cymy wszelkich stara\u0144, aby odpowiedzie\u0107 na nie tak szybko, jak to mo\u017cliwe.<\/p>\n","protected":false},"excerpt":{"rendered":"<p>Odwa\u017cniejszy, odwa\u017cniejszy i bardziej seksowny ni\u017c jego poprzednik <a href=\"https:\/\/perfumessence.eu\/produktas\/black-opium\/\">, IK-25 B Opium. <\/a>Nowy wariant EXTREME ma tendencj\u0119 do popadania w skrajno\u015bci z du\u017c\u0105 ilo\u015bci\u0105 czarnej kawy i paczuli.<\/p>\n<p><strong>Esencja<\/strong> to aromatyczna cz\u0119\u015b\u0107 zapachu w sprayu &#8211; koncentrat. S\u0105 to stosowane perfumy na bazie oleju.<\/p>\n<p><strong>Atomizer<\/strong> to butelka z rozpylaczem zawieraj\u0105ca wzmocnione perfumy.<\/p>\n<p>&nbsp;<\/p>\n","protected":false},"featured_media":19702,"comment_status":"open","ping_status":"closed","template":"","meta":{"site-sidebar-layout":"default","site-content-layout":"default","ast-site-content-layout":"","site-content-style":"default","site-sidebar-style":"default","ast-global-header-display":"","ast-banner-title-visibility":"","ast-main-header-display":"","ast-hfb-above-header-display":"","ast-hfb-below-header-display":"","ast-hfb-mobile-header-display":"","site-post-title":"","ast-breadcrumbs-content":"","ast-featured-img":"","footer-sml-layout":"","theme-transparent-header-meta":"default","adv-header-id-meta":"","stick-header-meta":"default","header-above-stick-meta":"","header-main-stick-meta":"","header-below-stick-meta":"","astra-migrate-meta-layouts":"default","ast-page-background-enabled":"default","ast-page-background-meta":{"desktop":{"background-color":"var(--ast-global-color-4)","background-image":"","background-repeat":"repeat","background-position":"center center","background-size":"auto","background-attachment":"scroll","background-type":"","background-media":"","overlay-type":"","overlay-color":"","overlay-gradient":""},"tablet":{"background-color":"","background-image":"","background-repeat":"repeat","background-position":"center center","background-size":"auto","background-attachment":"scroll","background-type":"","background-media":"","overlay-type":"","overlay-color":"","overlay-gradient":""},"mobile":{"background-color":"","background-image":"","background-repeat":"repeat","background-position":"center center","background-size":"auto","background-attachment":"scroll","background-type":"","background-media":"","overlay-type":"","overlay-color":"","overlay-gradient":""}},"ast-content-background-meta":{"desktop":{"background-color":"var(--ast-global-color-5)","background-image":"","background-repeat":"repeat","background-position":"center center","background-size":"auto","background-attachment":"scroll","background-type":"","background-media":"","overlay-type":"","overlay-color":"","overlay-gradient":""},"tablet":{"background-color":"var(--ast-global-color-5)","background-image":"","background-repeat":"repeat","background-position":"center center","background-size":"auto","background-attachment":"scroll","background-type":"","background-media":"","overlay-type":"","overlay-color":"","overlay-gradient":""},"mobile":{"background-color":"var(--ast-global-color-5)","background-image":"","background-repeat":"repeat","background-position":"center center","background-size":"auto","background-attachment":"scroll","background-type":"","background-media":"","overlay-type":"","overlay-color":"","overlay-gradient":""}}},"product_cat":[567],"product_tag":[515,598],"natos":[499,571,516,535,510],"acf":[],"yoast_head":"<!-- This site is optimized with the Yoast SEO plugin v21.7 - https:\/\/yoast.com\/wordpress\/plugins\/seo\/ -->\n<title>IK-94. B Opium Extreme - Perfumessence<\/title>\n<meta name=\"description\" content=\"Nowy wariant B Opium EXTREME ma tendencj\u0119 do popadania w skrajno\u015bci dzi\u0119ki czarnej kawie i paczuli. Odkryj intensywno\u015b\u0107, kt\u00f3rej nigdy wcze\u015bniej nie czu\u0142e\u015b.\" \/>\n<meta name=\"robots\" content=\"index, follow, max-snippet:-1, max-image-preview:large, max-video-preview:-1\" \/>\n<link rel=\"canonical\" href=\"https:\/\/perfumessence.eu\/pl\/produkt\/ik-94-b-opium-extreme\/\" \/>\n<meta property=\"og:locale\" content=\"pl_PL\" \/>\n<meta property=\"og:type\" content=\"article\" \/>\n<meta property=\"og:title\" content=\"IK-94. B Opium Extreme - Perfumessence\" \/>\n<meta property=\"og:description\" content=\"Nowy wariant B Opium EXTREME ma tendencj\u0119 do popadania w skrajno\u015bci dzi\u0119ki czarnej kawie i paczuli. Odkryj intensywno\u015b\u0107, kt\u00f3rej nigdy wcze\u015bniej nie czu\u0142e\u015b.\" \/>\n<meta property=\"og:url\" content=\"https:\/\/perfumessence.eu\/pl\/produkt\/ik-94-b-opium-extreme\/\" \/>\n<meta property=\"og:site_name\" content=\"Perfumessence\" \/>\n<meta property=\"article:publisher\" content=\"https:\/\/www.facebook.com\/Parfumerin%c4%97-esencija-424160218027238\/\" \/>\n<meta property=\"article:modified_time\" content=\"2024-01-23T15:13:25+00:00\" \/>\n<meta property=\"og:image\" content=\"https:\/\/perfumessence.eu\/wp-content\/uploads\/2024\/01\/template-12ml-oil-perfume-scaled.jpg\" \/>\n\t<meta property=\"og:image:width\" content=\"2560\" \/>\n\t<meta property=\"og:image:height\" content=\"2560\" \/>\n\t<meta property=\"og:image:type\" content=\"image\/jpeg\" \/>\n<meta name=\"twitter:card\" content=\"summary_large_image\" \/>\n<meta name=\"twitter:label1\" content=\"Szacowany czas czytania\" \/>\n\t<meta name=\"twitter:data1\" content=\"1 minuta\" \/>\n<script type=\"application\/ld+json\" class=\"yoast-schema-graph\">{\"@context\":\"https:\/\/schema.org\",\"@graph\":[{\"@type\":\"WebPage\",\"@id\":\"https:\/\/perfumessence.eu\/pl\/produkt\/ik-94-b-opium-extreme\/\",\"url\":\"https:\/\/perfumessence.eu\/pl\/produkt\/ik-94-b-opium-extreme\/\",\"name\":\"IK-94. B Opium Extreme - Perfumessence\",\"isPartOf\":{\"@id\":\"https:\/\/perfumessence.eu\/pl\/#website\"},\"datePublished\":\"2022-02-12T10:12:04+00:00\",\"dateModified\":\"2024-01-23T15:13:25+00:00\",\"description\":\"Nowy wariant B Opium EXTREME ma tendencj\u0119 do popadania w skrajno\u015bci dzi\u0119ki czarnej kawie i paczuli. Odkryj intensywno\u015b\u0107, kt\u00f3rej nigdy wcze\u015bniej nie czu\u0142e\u015b.\",\"breadcrumb\":{\"@id\":\"https:\/\/perfumessence.eu\/pl\/produkt\/ik-94-b-opium-extreme\/#breadcrumb\"},\"inLanguage\":\"pl-PL\",\"potentialAction\":[{\"@type\":\"ReadAction\",\"target\":[\"https:\/\/perfumessence.eu\/pl\/produkt\/ik-94-b-opium-extreme\/\"]}]},{\"@type\":\"BreadcrumbList\",\"@id\":\"https:\/\/perfumessence.eu\/pl\/produkt\/ik-94-b-opium-extreme\/#breadcrumb\",\"itemListElement\":[{\"@type\":\"ListItem\",\"position\":1,\"name\":\"Pagrindinis\",\"item\":\"https:\/\/perfumessence.eu\/pl\/\"},{\"@type\":\"ListItem\",\"position\":2,\"name\":\"Sklep\",\"item\":\"https:\/\/perfumessence.eu\/pl\/sklep\/\"},{\"@type\":\"ListItem\",\"position\":3,\"name\":\"IK-94. B Opium Extreme\"}]},{\"@type\":\"WebSite\",\"@id\":\"https:\/\/perfumessence.eu\/pl\/#website\",\"url\":\"https:\/\/perfumessence.eu\/pl\/\",\"name\":\"Parfumerin\u0117 esencija\",\"description\":\"Perfume Oils and Sprays\",\"publisher\":{\"@id\":\"https:\/\/perfumessence.eu\/pl\/#organization\"},\"potentialAction\":[{\"@type\":\"SearchAction\",\"target\":{\"@type\":\"EntryPoint\",\"urlTemplate\":\"https:\/\/perfumessence.eu\/pl\/?s={search_term_string}\"},\"query-input\":\"required name=search_term_string\"}],\"inLanguage\":\"pl-PL\"},{\"@type\":\"Organization\",\"@id\":\"https:\/\/perfumessence.eu\/pl\/#organization\",\"name\":\"Parfumerin\u0117 esencija\",\"url\":\"https:\/\/perfumessence.eu\/pl\/\",\"logo\":{\"@type\":\"ImageObject\",\"inLanguage\":\"pl-PL\",\"@id\":\"https:\/\/perfumessence.eu\/pl\/#\/schema\/logo\/image\/\",\"url\":\"\",\"contentUrl\":\"\",\"caption\":\"Parfumerin\u0117 esencija\"},\"image\":{\"@id\":\"https:\/\/perfumessence.eu\/pl\/#\/schema\/logo\/image\/\"},\"sameAs\":[\"https:\/\/www.facebook.com\/Parfumerin\u0117-esencija-424160218027238\/\",\"https:\/\/www.youtube.com\/channel\/UC0RI-RLwg1UQwDbAF-7a-MA\"]}]}<\/script>\n<!-- \/ Yoast SEO plugin. -->","yoast_head_json":{"title":"IK-94. B Opium Extreme - Perfumessence","description":"Nowy wariant B Opium EXTREME ma tendencj\u0119 do popadania w skrajno\u015bci dzi\u0119ki czarnej kawie i paczuli. Odkryj intensywno\u015b\u0107, kt\u00f3rej nigdy wcze\u015bniej nie czu\u0142e\u015b.","robots":{"index":"index","follow":"follow","max-snippet":"max-snippet:-1","max-image-preview":"max-image-preview:large","max-video-preview":"max-video-preview:-1"},"canonical":"https:\/\/perfumessence.eu\/pl\/produkt\/ik-94-b-opium-extreme\/","og_locale":"pl_PL","og_type":"article","og_title":"IK-94. B Opium Extreme - Perfumessence","og_description":"Nowy wariant B Opium EXTREME ma tendencj\u0119 do popadania w skrajno\u015bci dzi\u0119ki czarnej kawie i paczuli. Odkryj intensywno\u015b\u0107, kt\u00f3rej nigdy wcze\u015bniej nie czu\u0142e\u015b.","og_url":"https:\/\/perfumessence.eu\/pl\/produkt\/ik-94-b-opium-extreme\/","og_site_name":"Perfumessence","article_publisher":"https:\/\/www.facebook.com\/Parfumerin%c4%97-esencija-424160218027238\/","article_modified_time":"2024-01-23T15:13:25+00:00","og_image":[{"width":2560,"height":2560,"url":"https:\/\/perfumessence.eu\/wp-content\/uploads\/2024\/01\/template-12ml-oil-perfume-scaled.jpg","type":"image\/jpeg"}],"twitter_card":"summary_large_image","twitter_misc":{"Szacowany czas czytania":"1 minuta"},"schema":{"@context":"https:\/\/schema.org","@graph":[{"@type":"WebPage","@id":"https:\/\/perfumessence.eu\/pl\/produkt\/ik-94-b-opium-extreme\/","url":"https:\/\/perfumessence.eu\/pl\/produkt\/ik-94-b-opium-extreme\/","name":"IK-94. B Opium Extreme - Perfumessence","isPartOf":{"@id":"https:\/\/perfumessence.eu\/pl\/#website"},"datePublished":"2022-02-12T10:12:04+00:00","dateModified":"2024-01-23T15:13:25+00:00","description":"Nowy wariant B Opium EXTREME ma tendencj\u0119 do popadania w skrajno\u015bci dzi\u0119ki czarnej kawie i paczuli. Odkryj intensywno\u015b\u0107, kt\u00f3rej nigdy wcze\u015bniej nie czu\u0142e\u015b.","breadcrumb":{"@id":"https:\/\/perfumessence.eu\/pl\/produkt\/ik-94-b-opium-extreme\/#breadcrumb"},"inLanguage":"pl-PL","potentialAction":[{"@type":"ReadAction","target":["https:\/\/perfumessence.eu\/pl\/produkt\/ik-94-b-opium-extreme\/"]}]},{"@type":"BreadcrumbList","@id":"https:\/\/perfumessence.eu\/pl\/produkt\/ik-94-b-opium-extreme\/#breadcrumb","itemListElement":[{"@type":"ListItem","position":1,"name":"Pagrindinis","item":"https:\/\/perfumessence.eu\/pl\/"},{"@type":"ListItem","position":2,"name":"Sklep","item":"https:\/\/perfumessence.eu\/pl\/sklep\/"},{"@type":"ListItem","position":3,"name":"IK-94. B Opium Extreme"}]},{"@type":"WebSite","@id":"https:\/\/perfumessence.eu\/pl\/#website","url":"https:\/\/perfumessence.eu\/pl\/","name":"Parfumerin\u0117 esencija","description":"Perfume Oils and Sprays","publisher":{"@id":"https:\/\/perfumessence.eu\/pl\/#organization"},"potentialAction":[{"@type":"SearchAction","target":{"@type":"EntryPoint","urlTemplate":"https:\/\/perfumessence.eu\/pl\/?s={search_term_string}"},"query-input":"required name=search_term_string"}],"inLanguage":"pl-PL"},{"@type":"Organization","@id":"https:\/\/perfumessence.eu\/pl\/#organization","name":"Parfumerin\u0117 esencija","url":"https:\/\/perfumessence.eu\/pl\/","logo":{"@type":"ImageObject","inLanguage":"pl-PL","@id":"https:\/\/perfumessence.eu\/pl\/#\/schema\/logo\/image\/","url":"","contentUrl":"","caption":"Parfumerin\u0117 esencija"},"image":{"@id":"https:\/\/perfumessence.eu\/pl\/#\/schema\/logo\/image\/"},"sameAs":["https:\/\/www.facebook.com\/Parfumerin\u0117-esencija-424160218027238\/","https:\/\/www.youtube.com\/channel\/UC0RI-RLwg1UQwDbAF-7a-MA"]}]}},"_links":{"self":[{"href":"https:\/\/perfumessence.eu\/pl\/wp-json\/wp\/v2\/product\/20317"}],"collection":[{"href":"https:\/\/perfumessence.eu\/pl\/wp-json\/wp\/v2\/product"}],"about":[{"href":"https:\/\/perfumessence.eu\/pl\/wp-json\/wp\/v2\/types\/product"}],"replies":[{"embeddable":true,"href":"https:\/\/perfumessence.eu\/pl\/wp-json\/wp\/v2\/comments?post=20317"}],"wp:featuredmedia":[{"embeddable":true,"href":"https:\/\/perfumessence.eu\/pl\/wp-json\/wp\/v2\/media\/19702"}],"wp:attachment":[{"href":"https:\/\/perfumessence.eu\/pl\/wp-json\/wp\/v2\/media?parent=20317"}],"wp:term":[{"taxonomy":"product_cat","embeddable":true,"href":"https:\/\/perfumessence.eu\/pl\/wp-json\/wp\/v2\/product_cat?post=20317"},{"taxonomy":"product_tag","embeddable":true,"href":"https:\/\/perfumessence.eu\/pl\/wp-json\/wp\/v2\/product_tag?post=20317"},{"taxonomy":"natos","embeddable":true,"href":"https:\/\/perfumessence.eu\/pl\/wp-json\/wp\/v2\/natos?post=20317"}],"curies":[{"name":"wp","href":"https:\/\/api.w.org\/{rel}","templated":true}]}}