{"id":20328,"date":"2022-05-30T16:18:52","date_gmt":"2022-05-30T13:18:52","guid":{"rendered":"https:\/\/perfumessence.eu\/product\/ik-41-grand-sor-tester\/"},"modified":"2022-05-30T16:18:52","modified_gmt":"2022-05-30T13:18:52","slug":"ik-41-grand-sor-tester","status":"publish","type":"product","link":"https:\/\/perfumessence.eu\/pl\/produkt\/ik-41-grand-sor-tester\/","title":{"rendered":"IK-41. Grand Sor Tester"},"content":{"rendered":"<p><strong>Grand Soir to orientalny zapach dla kobiet i m\u0119\u017cczyzn. Osza\u0142amiaj\u0105cy, luksusowy zapach. Po\u0142\u0105czenie ciep\u0142ego bursztynu, kremowego bobu tonka, wanilii i benzoiny w po\u0142\u0105czeniu z dymn\u0105 mirr\u0105 jest po prostu nie do odparcia. Zapach Grand Soir &#8211; emocjonalna piosenka mi\u0142osna na zim\u0119. Perfumy sprawiaj\u0105, \u017ce czujesz si\u0119 jak bezcenny diament na \u015bwiecie.<\/strong><\/p>\n<p><strong>Dostawa:<\/strong><\/p>\n<p>&#8211; Na Litwie (kurier Venipak): w ci\u0105gu 1-3 dni d.;<\/p>\n<p>&#8211; inne kraje (Poczta Litewska): w ci\u0105gu 5-14 dni d.;<\/p>\n<p>&#8211; odbi\u00f3r w naszym sklepie (Ba\u017eny\u010dios g. 38, Marijampol\u0117 68309 (wewn\u0105trz supermarketu MAXIMA)): w dniu zakupu.<\/p>\n<p><strong>P\u0142atno\u015b\u0107 za towary:<\/strong><\/p>\n<p>&#8211; za pomoc\u0105 system\u00f3w bankowo\u015bci internetowej banku;<\/p>\n<p>&#8211; karty kredytowe i debetowe;<\/p>\n<p>&#8211; przelewem bankowym z g\u00f3ry;<\/p>\n<p>&#8211; got\u00f3wk\u0105 w naszym sklepie (Ba\u017eny\u010dios g. 38, Marijampol\u0117 68309 (wewn\u0105trz centrum handlowego MAXIMA).<\/p>\n<p><strong>Nasze produkty:<\/strong><\/p>\n<p>Sprzedawane przez nas zapachy s\u0105 w 99% podobne do oryginalnych zapach\u00f3w marki, ale nie powinny by\u0107 z nimi mylone.<\/p>\n<p>Wszystkie u\u017cyte nazwy s\u0105 chronione prawami autorskimi producent\u00f3w lub projektant\u00f3w.<\/p>\n<p>Pytania? Zadzwo\u0144 pod numer +370 645 17041 lub wy\u015blij wiadomo\u015b\u0107 e-mail na adres pardavimai@perfumessence.eu.<\/p>\n<p>Je\u015bli nie mo\u017cesz znale\u017a\u0107 informacji, kt\u00f3rych szukasz na stronie internetowej lub je\u015bli jeste\u015b zainteresowany niestandardowym zam\u00f3wieniem, mo\u017cesz zada\u0107 nam wszelkie pytania, a my do\u0142o\u017cymy wszelkich stara\u0144, aby odpowiedzie\u0107 na nie tak szybko, jak to mo\u017cliwe.<\/p>\n","protected":false},"excerpt":{"rendered":"<p><em><strong>Orientalny zapach dla kobiet i m\u0119\u017cczyzn. Jest to nowy zapach wprowadzony na rynek w 2016 roku. Sk\u0142adniki: Hiszpa\u0144ska woda toaletowa, syjamski benzoes, brazylijska tongapupa, akordy wanilii i ambry.<\/strong><\/em><\/p>\n<p>Pr\u00f3bka aromatu (1,2 ml) s\u0142u\u017cy do zapoznania si\u0119 z zapachem.<\/p>\n","protected":false},"featured_media":19688,"comment_status":"open","ping_status":"closed","template":"","meta":{"site-sidebar-layout":"default","site-content-layout":"default","ast-site-content-layout":"","site-content-style":"default","site-sidebar-style":"default","ast-global-header-display":"","ast-banner-title-visibility":"","ast-main-header-display":"","ast-hfb-above-header-display":"","ast-hfb-below-header-display":"","ast-hfb-mobile-header-display":"","site-post-title":"","ast-breadcrumbs-content":"","ast-featured-img":"","footer-sml-layout":"","theme-transparent-header-meta":"default","adv-header-id-meta":"","stick-header-meta":"default","header-above-stick-meta":"","header-main-stick-meta":"","header-below-stick-meta":"","astra-migrate-meta-layouts":"default","ast-page-background-enabled":"default","ast-page-background-meta":{"desktop":{"background-color":"var(--ast-global-color-4)","background-image":"","background-repeat":"repeat","background-position":"center center","background-size":"auto","background-attachment":"scroll","background-type":"","background-media":"","overlay-type":"","overlay-color":"","overlay-gradient":""},"tablet":{"background-color":"","background-image":"","background-repeat":"repeat","background-position":"center center","background-size":"auto","background-attachment":"scroll","background-type":"","background-media":"","overlay-type":"","overlay-color":"","overlay-gradient":""},"mobile":{"background-color":"","background-image":"","background-repeat":"repeat","background-position":"center center","background-size":"auto","background-attachment":"scroll","background-type":"","background-media":"","overlay-type":"","overlay-color":"","overlay-gradient":""}},"ast-content-background-meta":{"desktop":{"background-color":"var(--ast-global-color-5)","background-image":"","background-repeat":"repeat","background-position":"center center","background-size":"auto","background-attachment":"scroll","background-type":"","background-media":"","overlay-type":"","overlay-color":"","overlay-gradient":""},"tablet":{"background-color":"var(--ast-global-color-5)","background-image":"","background-repeat":"repeat","background-position":"center center","background-size":"auto","background-attachment":"scroll","background-type":"","background-media":"","overlay-type":"","overlay-color":"","overlay-gradient":""},"mobile":{"background-color":"var(--ast-global-color-5)","background-image":"","background-repeat":"repeat","background-position":"center center","background-size":"auto","background-attachment":"scroll","background-type":"","background-media":"","overlay-type":"","overlay-color":"","overlay-gradient":""}}},"product_cat":[497],"product_tag":[498,533,496],"natos":[],"acf":[],"yoast_head":"<!-- This site is optimized with the Yoast SEO plugin v21.7 - https:\/\/yoast.com\/wordpress\/plugins\/seo\/ -->\n<title>Perfumy Grand Soir - Perfumessence<\/title>\n<meta name=\"description\" content=\"Grand Soir to orientalny zapach dla kobiet i m\u0119\u017cczyzn. To niszowe perfumy wprowadzone na rynek w 2016 roku. Osza\u0142amiaj\u0105cy, luksusowy zapach.\" \/>\n<meta name=\"robots\" content=\"index, follow, max-snippet:-1, max-image-preview:large, max-video-preview:-1\" \/>\n<link rel=\"canonical\" href=\"https:\/\/perfumessence.eu\/pl\/produkt\/ik-41-grand-sor-tester\/\" \/>\n<meta property=\"og:locale\" content=\"pl_PL\" \/>\n<meta property=\"og:type\" content=\"article\" \/>\n<meta property=\"og:title\" content=\"Perfumy Grand Soir - Perfumessence\" \/>\n<meta property=\"og:description\" content=\"Grand Soir to orientalny zapach dla kobiet i m\u0119\u017cczyzn. To niszowe perfumy wprowadzone na rynek w 2016 roku. Osza\u0142amiaj\u0105cy, luksusowy zapach.\" \/>\n<meta property=\"og:url\" content=\"https:\/\/perfumessence.eu\/pl\/produkt\/ik-41-grand-sor-tester\/\" \/>\n<meta property=\"og:site_name\" content=\"Perfumessence\" \/>\n<meta property=\"article:publisher\" content=\"https:\/\/www.facebook.com\/Parfumerin%c4%97-esencija-424160218027238\/\" \/>\n<meta property=\"og:image\" content=\"https:\/\/perfumessence.eu\/wp-content\/uploads\/2024\/01\/tester-1.jpg\" \/>\n\t<meta property=\"og:image:width\" content=\"2480\" \/>\n\t<meta property=\"og:image:height\" content=\"2480\" \/>\n\t<meta property=\"og:image:type\" content=\"image\/jpeg\" \/>\n<meta name=\"twitter:card\" content=\"summary_large_image\" \/>\n<meta name=\"twitter:label1\" content=\"Szacowany czas czytania\" \/>\n\t<meta name=\"twitter:data1\" content=\"1 minuta\" \/>\n<script type=\"application\/ld+json\" class=\"yoast-schema-graph\">{\"@context\":\"https:\/\/schema.org\",\"@graph\":[{\"@type\":\"WebPage\",\"@id\":\"https:\/\/perfumessence.eu\/pl\/produkt\/ik-41-grand-sor-tester\/\",\"url\":\"https:\/\/perfumessence.eu\/pl\/produkt\/ik-41-grand-sor-tester\/\",\"name\":\"Perfumy Grand Soir - Perfumessence\",\"isPartOf\":{\"@id\":\"https:\/\/perfumessence.eu\/pl\/#website\"},\"datePublished\":\"2022-05-30T13:18:52+00:00\",\"dateModified\":\"2022-05-30T13:18:52+00:00\",\"description\":\"Grand Soir to orientalny zapach dla kobiet i m\u0119\u017cczyzn. To niszowe perfumy wprowadzone na rynek w 2016 roku. Osza\u0142amiaj\u0105cy, luksusowy zapach.\",\"breadcrumb\":{\"@id\":\"https:\/\/perfumessence.eu\/pl\/produkt\/ik-41-grand-sor-tester\/#breadcrumb\"},\"inLanguage\":\"pl-PL\",\"potentialAction\":[{\"@type\":\"ReadAction\",\"target\":[\"https:\/\/perfumessence.eu\/pl\/produkt\/ik-41-grand-sor-tester\/\"]}]},{\"@type\":\"BreadcrumbList\",\"@id\":\"https:\/\/perfumessence.eu\/pl\/produkt\/ik-41-grand-sor-tester\/#breadcrumb\",\"itemListElement\":[{\"@type\":\"ListItem\",\"position\":1,\"name\":\"Pagrindinis\",\"item\":\"https:\/\/perfumessence.eu\/pl\/\"},{\"@type\":\"ListItem\",\"position\":2,\"name\":\"Sklep\",\"item\":\"https:\/\/perfumessence.eu\/pl\/sklep\/\"},{\"@type\":\"ListItem\",\"position\":3,\"name\":\"IK-41. Grand Sor Tester\"}]},{\"@type\":\"WebSite\",\"@id\":\"https:\/\/perfumessence.eu\/pl\/#website\",\"url\":\"https:\/\/perfumessence.eu\/pl\/\",\"name\":\"Parfumerin\u0117 esencija\",\"description\":\"Perfume Oils and Sprays\",\"publisher\":{\"@id\":\"https:\/\/perfumessence.eu\/pl\/#organization\"},\"potentialAction\":[{\"@type\":\"SearchAction\",\"target\":{\"@type\":\"EntryPoint\",\"urlTemplate\":\"https:\/\/perfumessence.eu\/pl\/?s={search_term_string}\"},\"query-input\":\"required name=search_term_string\"}],\"inLanguage\":\"pl-PL\"},{\"@type\":\"Organization\",\"@id\":\"https:\/\/perfumessence.eu\/pl\/#organization\",\"name\":\"Parfumerin\u0117 esencija\",\"url\":\"https:\/\/perfumessence.eu\/pl\/\",\"logo\":{\"@type\":\"ImageObject\",\"inLanguage\":\"pl-PL\",\"@id\":\"https:\/\/perfumessence.eu\/pl\/#\/schema\/logo\/image\/\",\"url\":\"\",\"contentUrl\":\"\",\"caption\":\"Parfumerin\u0117 esencija\"},\"image\":{\"@id\":\"https:\/\/perfumessence.eu\/pl\/#\/schema\/logo\/image\/\"},\"sameAs\":[\"https:\/\/www.facebook.com\/Parfumerin\u0117-esencija-424160218027238\/\",\"https:\/\/www.youtube.com\/channel\/UC0RI-RLwg1UQwDbAF-7a-MA\"]}]}<\/script>\n<!-- \/ Yoast SEO plugin. -->","yoast_head_json":{"title":"Perfumy Grand Soir - Perfumessence","description":"Grand Soir to orientalny zapach dla kobiet i m\u0119\u017cczyzn. To niszowe perfumy wprowadzone na rynek w 2016 roku. Osza\u0142amiaj\u0105cy, luksusowy zapach.","robots":{"index":"index","follow":"follow","max-snippet":"max-snippet:-1","max-image-preview":"max-image-preview:large","max-video-preview":"max-video-preview:-1"},"canonical":"https:\/\/perfumessence.eu\/pl\/produkt\/ik-41-grand-sor-tester\/","og_locale":"pl_PL","og_type":"article","og_title":"Perfumy Grand Soir - Perfumessence","og_description":"Grand Soir to orientalny zapach dla kobiet i m\u0119\u017cczyzn. To niszowe perfumy wprowadzone na rynek w 2016 roku. Osza\u0142amiaj\u0105cy, luksusowy zapach.","og_url":"https:\/\/perfumessence.eu\/pl\/produkt\/ik-41-grand-sor-tester\/","og_site_name":"Perfumessence","article_publisher":"https:\/\/www.facebook.com\/Parfumerin%c4%97-esencija-424160218027238\/","og_image":[{"width":2480,"height":2480,"url":"https:\/\/perfumessence.eu\/wp-content\/uploads\/2024\/01\/tester-1.jpg","type":"image\/jpeg"}],"twitter_card":"summary_large_image","twitter_misc":{"Szacowany czas czytania":"1 minuta"},"schema":{"@context":"https:\/\/schema.org","@graph":[{"@type":"WebPage","@id":"https:\/\/perfumessence.eu\/pl\/produkt\/ik-41-grand-sor-tester\/","url":"https:\/\/perfumessence.eu\/pl\/produkt\/ik-41-grand-sor-tester\/","name":"Perfumy Grand Soir - Perfumessence","isPartOf":{"@id":"https:\/\/perfumessence.eu\/pl\/#website"},"datePublished":"2022-05-30T13:18:52+00:00","dateModified":"2022-05-30T13:18:52+00:00","description":"Grand Soir to orientalny zapach dla kobiet i m\u0119\u017cczyzn. To niszowe perfumy wprowadzone na rynek w 2016 roku. Osza\u0142amiaj\u0105cy, luksusowy zapach.","breadcrumb":{"@id":"https:\/\/perfumessence.eu\/pl\/produkt\/ik-41-grand-sor-tester\/#breadcrumb"},"inLanguage":"pl-PL","potentialAction":[{"@type":"ReadAction","target":["https:\/\/perfumessence.eu\/pl\/produkt\/ik-41-grand-sor-tester\/"]}]},{"@type":"BreadcrumbList","@id":"https:\/\/perfumessence.eu\/pl\/produkt\/ik-41-grand-sor-tester\/#breadcrumb","itemListElement":[{"@type":"ListItem","position":1,"name":"Pagrindinis","item":"https:\/\/perfumessence.eu\/pl\/"},{"@type":"ListItem","position":2,"name":"Sklep","item":"https:\/\/perfumessence.eu\/pl\/sklep\/"},{"@type":"ListItem","position":3,"name":"IK-41. Grand Sor Tester"}]},{"@type":"WebSite","@id":"https:\/\/perfumessence.eu\/pl\/#website","url":"https:\/\/perfumessence.eu\/pl\/","name":"Parfumerin\u0117 esencija","description":"Perfume Oils and Sprays","publisher":{"@id":"https:\/\/perfumessence.eu\/pl\/#organization"},"potentialAction":[{"@type":"SearchAction","target":{"@type":"EntryPoint","urlTemplate":"https:\/\/perfumessence.eu\/pl\/?s={search_term_string}"},"query-input":"required name=search_term_string"}],"inLanguage":"pl-PL"},{"@type":"Organization","@id":"https:\/\/perfumessence.eu\/pl\/#organization","name":"Parfumerin\u0117 esencija","url":"https:\/\/perfumessence.eu\/pl\/","logo":{"@type":"ImageObject","inLanguage":"pl-PL","@id":"https:\/\/perfumessence.eu\/pl\/#\/schema\/logo\/image\/","url":"","contentUrl":"","caption":"Parfumerin\u0117 esencija"},"image":{"@id":"https:\/\/perfumessence.eu\/pl\/#\/schema\/logo\/image\/"},"sameAs":["https:\/\/www.facebook.com\/Parfumerin\u0117-esencija-424160218027238\/","https:\/\/www.youtube.com\/channel\/UC0RI-RLwg1UQwDbAF-7a-MA"]}]}},"_links":{"self":[{"href":"https:\/\/perfumessence.eu\/pl\/wp-json\/wp\/v2\/product\/20328"}],"collection":[{"href":"https:\/\/perfumessence.eu\/pl\/wp-json\/wp\/v2\/product"}],"about":[{"href":"https:\/\/perfumessence.eu\/pl\/wp-json\/wp\/v2\/types\/product"}],"replies":[{"embeddable":true,"href":"https:\/\/perfumessence.eu\/pl\/wp-json\/wp\/v2\/comments?post=20328"}],"wp:featuredmedia":[{"embeddable":true,"href":"https:\/\/perfumessence.eu\/pl\/wp-json\/wp\/v2\/media\/19688"}],"wp:attachment":[{"href":"https:\/\/perfumessence.eu\/pl\/wp-json\/wp\/v2\/media?parent=20328"}],"wp:term":[{"taxonomy":"product_cat","embeddable":true,"href":"https:\/\/perfumessence.eu\/pl\/wp-json\/wp\/v2\/product_cat?post=20328"},{"taxonomy":"product_tag","embeddable":true,"href":"https:\/\/perfumessence.eu\/pl\/wp-json\/wp\/v2\/product_tag?post=20328"},{"taxonomy":"natos","embeddable":true,"href":"https:\/\/perfumessence.eu\/pl\/wp-json\/wp\/v2\/natos?post=20328"}],"curies":[{"name":"wp","href":"https:\/\/api.w.org\/{rel}","templated":true}]}}