{"id":20337,"date":"2022-05-30T16:38:59","date_gmt":"2022-05-30T13:38:59","guid":{"rendered":"https:\/\/perfumessence.eu\/product\/ik-80-1-million-tester\/"},"modified":"2022-05-30T16:38:59","modified_gmt":"2022-05-30T13:38:59","slug":"ik-80-1-million-tester","status":"publish","type":"product","link":"https:\/\/perfumessence.eu\/pl\/produkt\/ik-80-1-million-tester\/","title":{"rendered":"IK-80. 1 Million Tester"},"content":{"rendered":"<p><strong>&#8222;Tresor to prawdziwy skarb w \u015bwiecie perfumerii. Nawet s\u0142owo &#8222;Tresor&#8221;, przet\u0142umaczone z francuskiego, oznacza skarb. Zapach ten wzbudza w kobietach po\u017c\u0105danie. Orientalno-kwiatowy zapach dla kobiety kochaj\u0105cej romantyzm. Ten zapach to pi\u0119kna mieszanka r\u00f3\u017cy, konwalii, kwiatu moreli, brzoskwini, bzu, drzewa sanda\u0142owego, pi\u017cma i wanilii. Aromat jest d\u0142ugotrwa\u0142y i niezapomniany.<\/strong><\/p>\n<h6><strong>Nuty g\u0142owy:<\/strong><\/h6>\n<figure id=\"attachment_18591\" aria-describedby=\"caption-attachment-18591\" style=\"width: 80px\" class=\"wp-caption alignleft\"><a href=\"https:\/\/perfumessence.eu\/natos\/rozes\/\"><img decoding=\"async\" class=\"wp-image-15507\" src=\"https:\/\/perfumessence.eu\/wp-content\/uploads\/2022\/09\/roze-t.105.jpg\" alt=\"\" width=\"80\" height=\"80\" srcset=\"https:\/\/perfumessence.eu\/wp-content\/uploads\/2022\/09\/roze-t.105.jpg 120w, https:\/\/perfumessence.eu\/wp-content\/uploads\/2022\/09\/roze-t.105-100x100.jpg 100w, https:\/\/perfumessence.eu\/wp-content\/uploads\/2022\/09\/roze-t.105-64x64.jpg 64w\" sizes=\"(max-width: 80px) 100vw, 80px\" \/><\/a><figcaption id=\"caption-attachment-18591\" class=\"wp-caption-text\">R\u00f3\u017ca<\/figcaption><\/figure>\n<figure id=\"attachment_19957\" aria-describedby=\"caption-attachment-19957\" style=\"width: 80px\" class=\"wp-caption alignleft\"><a href=\"https:\/\/perfumessence.eu\/natos\/persikas\/\"><img decoding=\"async\" class=\"wp-image-15140\" src=\"https:\/\/perfumessence.eu\/wp-content\/uploads\/2023\/03\/persikas.webp\" alt=\"\" width=\"80\" height=\"80\" srcset=\"https:\/\/perfumessence.eu\/wp-content\/uploads\/2023\/03\/persikas.webp 120w, https:\/\/perfumessence.eu\/wp-content\/uploads\/2023\/03\/persikas-100x100.webp 100w, https:\/\/perfumessence.eu\/wp-content\/uploads\/2023\/03\/persikas-64x64.webp 64w\" sizes=\"(max-width: 80px) 100vw, 80px\" \/><\/a><figcaption id=\"caption-attachment-19957\" class=\"wp-caption-text\">Brzoskwinia<\/figcaption><\/figure>\n<figure id=\"attachment_18675\" aria-describedby=\"caption-attachment-18675\" style=\"width: 80px\" class=\"wp-caption alignleft\"><a href=\"https:\/\/perfumessence.eu\/natos\/alyvos\/\"><img decoding=\"async\" class=\"wp-image-15759\" src=\"https:\/\/perfumessence.eu\/wp-content\/uploads\/2023\/05\/alyvos-t.webp\" alt=\"\" width=\"80\" height=\"80\" srcset=\"https:\/\/perfumessence.eu\/wp-content\/uploads\/2023\/05\/alyvos-t.webp 120w, https:\/\/perfumessence.eu\/wp-content\/uploads\/2023\/05\/alyvos-t-100x100.webp 100w, https:\/\/perfumessence.eu\/wp-content\/uploads\/2023\/05\/alyvos-t-64x64.webp 64w\" sizes=\"(max-width: 80px) 100vw, 80px\" \/><\/a><figcaption id=\"caption-attachment-18675\" class=\"wp-caption-text\">Oleje<\/figcaption><\/figure>\n<figure id=\"attachment_20080\" aria-describedby=\"caption-attachment-20080\" style=\"width: 80px\" class=\"wp-caption alignleft\"><a href=\"https:\/\/perfumessence.eu\/natos\/ananasas\/\"><img loading=\"lazy\" decoding=\"async\" class=\"wp-image-15744\" src=\"https:\/\/perfumessence.eu\/wp-content\/uploads\/2023\/05\/ananasas-t.webp\" alt=\"\" width=\"80\" height=\"80\" srcset=\"https:\/\/perfumessence.eu\/wp-content\/uploads\/2023\/05\/ananasas-t.webp 120w, https:\/\/perfumessence.eu\/wp-content\/uploads\/2023\/05\/ananasas-t-100x100.webp 100w, https:\/\/perfumessence.eu\/wp-content\/uploads\/2023\/05\/ananasas-t-64x64.webp 64w\" sizes=\"(max-width: 80px) 100vw, 80px\" \/><\/a><figcaption id=\"caption-attachment-20080\" class=\"wp-caption-text\">ananas<\/figcaption><\/figure>\n<figure id=\"attachment_18508\" aria-describedby=\"caption-attachment-18508\" style=\"width: 80px\" class=\"wp-caption alignleft\"><a href=\"https:\/\/perfumessence.eu\/natos\/bergamote\/\"><img loading=\"lazy\" decoding=\"async\" class=\"wp-image-15072\" src=\"https:\/\/perfumessence.eu\/wp-content\/uploads\/2023\/03\/bergamote.webp\" alt=\"\" width=\"80\" height=\"80\" srcset=\"https:\/\/perfumessence.eu\/wp-content\/uploads\/2023\/03\/bergamote.webp 120w, https:\/\/perfumessence.eu\/wp-content\/uploads\/2023\/03\/bergamote-100x100.webp 100w, https:\/\/perfumessence.eu\/wp-content\/uploads\/2023\/03\/bergamote-64x64.webp 64w\" sizes=\"(max-width: 80px) 100vw, 80px\" \/><\/a><figcaption id=\"caption-attachment-18508\" class=\"wp-caption-text\">Bergamotka<\/figcaption><\/figure>\n<figure id=\"attachment_18671\" aria-describedby=\"caption-attachment-18671\" style=\"width: 80px\" class=\"wp-caption alignleft\"><a href=\"https:\/\/perfumessence.eu\/natos\/abrikosu-ziedai\/\"><img loading=\"lazy\" decoding=\"async\" class=\"wp-image-15754\" src=\"https:\/\/perfumessence.eu\/wp-content\/uploads\/2023\/05\/abrikosu-ziedai-t.webp\" alt=\"\" width=\"80\" height=\"80\" srcset=\"https:\/\/perfumessence.eu\/wp-content\/uploads\/2023\/05\/abrikosu-ziedai-t.webp 120w, https:\/\/perfumessence.eu\/wp-content\/uploads\/2023\/05\/abrikosu-ziedai-t-100x100.webp 100w, https:\/\/perfumessence.eu\/wp-content\/uploads\/2023\/05\/abrikosu-ziedai-t-64x64.webp 64w\" sizes=\"(max-width: 80px) 100vw, 80px\" \/><\/a><figcaption id=\"caption-attachment-18671\" class=\"wp-caption-text\">Pier\u015bcienie morelowe<\/figcaption><\/figure>\n<h6><strong>Nuty \u015brodkowe: <\/strong><\/h6>\n<figure id=\"attachment_18591\" aria-describedby=\"caption-attachment-18591\" style=\"width: 80px\" class=\"wp-caption alignleft\"><a href=\"https:\/\/perfumessence.eu\/natos\/rozes\/\"><img decoding=\"async\" class=\"wp-image-15507\" src=\"https:\/\/perfumessence.eu\/wp-content\/uploads\/2022\/09\/roze-t.105.jpg\" alt=\"\" width=\"80\" height=\"80\" srcset=\"https:\/\/perfumessence.eu\/wp-content\/uploads\/2022\/09\/roze-t.105.jpg 120w, https:\/\/perfumessence.eu\/wp-content\/uploads\/2022\/09\/roze-t.105-100x100.jpg 100w, https:\/\/perfumessence.eu\/wp-content\/uploads\/2022\/09\/roze-t.105-64x64.jpg 64w\" sizes=\"(max-width: 80px) 100vw, 80px\" \/><\/a><figcaption id=\"caption-attachment-18591\" class=\"wp-caption-text\">R\u00f3\u017ca<\/figcaption><\/figure>\n<figure id=\"attachment_18502\" aria-describedby=\"caption-attachment-18502\" style=\"width: 80px\" class=\"wp-caption alignleft\"><a href=\"https:\/\/perfumessence.eu\/natos\/iriso-aromatas\/\"><img loading=\"lazy\" decoding=\"async\" class=\"wp-image-15066\" src=\"https:\/\/perfumessence.eu\/wp-content\/uploads\/2023\/03\/irisas.webp\" alt=\"\" width=\"80\" height=\"80\" srcset=\"https:\/\/perfumessence.eu\/wp-content\/uploads\/2023\/03\/irisas.webp 120w, https:\/\/perfumessence.eu\/wp-content\/uploads\/2023\/03\/irisas-100x100.webp 100w, https:\/\/perfumessence.eu\/wp-content\/uploads\/2023\/03\/irisas-64x64.webp 64w\" sizes=\"(max-width: 80px) 100vw, 80px\" \/><\/a><figcaption id=\"caption-attachment-18502\" class=\"wp-caption-text\">Iris<\/figcaption><\/figure>\n<figure id=\"attachment_19858\" aria-describedby=\"caption-attachment-19858\" style=\"width: 80px\" class=\"wp-caption alignleft\"><a href=\"https:\/\/perfumessence.eu\/natos\/jazminai\/\"><img loading=\"lazy\" decoding=\"async\" class=\"wp-image-14853\" src=\"https:\/\/perfumessence.eu\/wp-content\/uploads\/2023\/02\/Jazminai.jpg\" alt=\"\" width=\"80\" height=\"80\" srcset=\"https:\/\/perfumessence.eu\/wp-content\/uploads\/2023\/02\/Jazminai.jpg 120w, https:\/\/perfumessence.eu\/wp-content\/uploads\/2023\/02\/Jazminai-100x100.jpg 100w, https:\/\/perfumessence.eu\/wp-content\/uploads\/2023\/02\/Jazminai-64x64.jpg 64w\" sizes=\"(max-width: 80px) 100vw, 80px\" \/><\/a><figcaption id=\"caption-attachment-19858\" class=\"wp-caption-text\">Jasmine<\/figcaption><\/figure>\n<figure id=\"attachment_19959\" aria-describedby=\"caption-attachment-19959\" style=\"width: 80px\" class=\"wp-caption alignleft\"><a href=\"https:\/\/perfumessence.eu\/natos\/heliotropas\/\"><img loading=\"lazy\" decoding=\"async\" class=\"wp-image-15143\" src=\"https:\/\/perfumessence.eu\/wp-content\/uploads\/2023\/03\/heliotropas.webp\" alt=\"\" width=\"80\" height=\"80\" srcset=\"https:\/\/perfumessence.eu\/wp-content\/uploads\/2023\/03\/heliotropas.webp 120w, https:\/\/perfumessence.eu\/wp-content\/uploads\/2023\/03\/heliotropas-100x100.webp 100w, https:\/\/perfumessence.eu\/wp-content\/uploads\/2023\/03\/heliotropas-64x64.webp 64w\" sizes=\"(max-width: 80px) 100vw, 80px\" \/><\/a><figcaption id=\"caption-attachment-19959\" class=\"wp-caption-text\">Heliotrop<\/figcaption><\/figure>\n<h6><strong>Nuty bazy:<\/strong><\/h6>\n<figure id=\"attachment_19957\" aria-describedby=\"caption-attachment-19957\" style=\"width: 80px\" class=\"wp-caption alignleft\"><a href=\"https:\/\/perfumessence.eu\/natos\/persikas\/\"><img decoding=\"async\" class=\"wp-image-15140\" src=\"https:\/\/perfumessence.eu\/wp-content\/uploads\/2023\/03\/persikas.webp\" alt=\"\" width=\"80\" height=\"80\" srcset=\"https:\/\/perfumessence.eu\/wp-content\/uploads\/2023\/03\/persikas.webp 120w, https:\/\/perfumessence.eu\/wp-content\/uploads\/2023\/03\/persikas-100x100.webp 100w, https:\/\/perfumessence.eu\/wp-content\/uploads\/2023\/03\/persikas-64x64.webp 64w\" sizes=\"(max-width: 80px) 100vw, 80px\" \/><\/a><figcaption id=\"caption-attachment-19957\" class=\"wp-caption-text\">Brzoskwinia<\/figcaption><\/figure>\n<figure id=\"attachment_18673\" aria-describedby=\"caption-attachment-18673\" style=\"width: 80px\" class=\"wp-caption alignleft\"><a href=\"https:\/\/perfumessence.eu\/natos\/abrikosai\/\"><img loading=\"lazy\" decoding=\"async\" class=\"wp-image-15756\" src=\"https:\/\/perfumessence.eu\/wp-content\/uploads\/2023\/05\/abrikosai-t.webp\" alt=\"\" width=\"80\" height=\"80\" srcset=\"https:\/\/perfumessence.eu\/wp-content\/uploads\/2023\/05\/abrikosai-t.webp 120w, https:\/\/perfumessence.eu\/wp-content\/uploads\/2023\/05\/abrikosai-t-100x100.webp 100w, https:\/\/perfumessence.eu\/wp-content\/uploads\/2023\/05\/abrikosai-t-64x64.webp 64w\" sizes=\"(max-width: 80px) 100vw, 80px\" \/><\/a><figcaption id=\"caption-attachment-18673\" class=\"wp-caption-text\">Morela<\/figcaption><\/figure>\n<figure id=\"attachment_18518\" aria-describedby=\"caption-attachment-18518\" style=\"width: 80px\" class=\"wp-caption alignleft\"><a href=\"https:\/\/perfumessence.eu\/natos\/vanile\/\"><img loading=\"lazy\" decoding=\"async\" class=\"wp-image-15084\" src=\"https:\/\/perfumessence.eu\/wp-content\/uploads\/2023\/03\/vaniles-nata.webp\" alt=\"\" width=\"80\" height=\"80\" srcset=\"https:\/\/perfumessence.eu\/wp-content\/uploads\/2023\/03\/vaniles-nata.webp 120w, https:\/\/perfumessence.eu\/wp-content\/uploads\/2023\/03\/vaniles-nata-100x100.webp 100w, https:\/\/perfumessence.eu\/wp-content\/uploads\/2023\/03\/vaniles-nata-64x64.webp 64w\" sizes=\"(max-width: 80px) 100vw, 80px\" \/><\/a><figcaption id=\"caption-attachment-18518\" class=\"wp-caption-text\">Wanilia<\/figcaption><\/figure>\n<figure id=\"attachment_19928\" aria-describedby=\"caption-attachment-19928\" style=\"width: 80px\" class=\"wp-caption alignleft\"><a href=\"https:\/\/perfumessence.eu\/natos\/gintaro-nata\/\"><img loading=\"lazy\" decoding=\"async\" class=\"wp-image-14946\" src=\"https:\/\/perfumessence.eu\/wp-content\/uploads\/2023\/02\/Gintaras.webp\" alt=\"\" width=\"80\" height=\"80\" srcset=\"https:\/\/perfumessence.eu\/wp-content\/uploads\/2023\/02\/Gintaras.webp 120w, https:\/\/perfumessence.eu\/wp-content\/uploads\/2023\/02\/Gintaras-100x100.webp 100w, https:\/\/perfumessence.eu\/wp-content\/uploads\/2023\/02\/Gintaras-64x64.webp 64w\" sizes=\"(max-width: 80px) 100vw, 80px\" \/><\/a><figcaption id=\"caption-attachment-19928\" class=\"wp-caption-text\">Bursztyn<\/figcaption><\/figure>\n<figure id=\"attachment_19926\" aria-describedby=\"caption-attachment-19926\" style=\"width: 80px\" class=\"wp-caption alignleft\"><a href=\"https:\/\/perfumessence.eu\/natos\/muskusas\/\"><img loading=\"lazy\" decoding=\"async\" class=\"wp-image-14941\" src=\"https:\/\/perfumessence.eu\/wp-content\/uploads\/2023\/02\/muskusas.jpg\" alt=\"\" width=\"80\" height=\"80\" srcset=\"https:\/\/perfumessence.eu\/wp-content\/uploads\/2023\/02\/muskusas.jpg 120w, https:\/\/perfumessence.eu\/wp-content\/uploads\/2023\/02\/muskusas-100x100.jpg 100w, https:\/\/perfumessence.eu\/wp-content\/uploads\/2023\/02\/muskusas-64x64.jpg 64w\" sizes=\"(max-width: 80px) 100vw, 80px\" \/><\/a><figcaption id=\"caption-attachment-19926\" class=\"wp-caption-text\">Pi\u017cmo<\/figcaption><\/figure>\n<figure id=\"attachment_19925\" aria-describedby=\"caption-attachment-19925\" style=\"width: 80px\" class=\"wp-caption alignleft\"><a href=\"https:\/\/perfumessence.eu\/natos\/sandalmedis\/\"><img loading=\"lazy\" decoding=\"async\" class=\"wp-image-14940\" src=\"https:\/\/perfumessence.eu\/wp-content\/uploads\/2023\/02\/sandalmedis.jpg\" alt=\"\" width=\"80\" height=\"80\" srcset=\"https:\/\/perfumessence.eu\/wp-content\/uploads\/2023\/02\/sandalmedis.jpg 120w, https:\/\/perfumessence.eu\/wp-content\/uploads\/2023\/02\/sandalmedis-100x100.jpg 100w, https:\/\/perfumessence.eu\/wp-content\/uploads\/2023\/02\/sandalmedis-64x64.jpg 64w\" sizes=\"(max-width: 80px) 100vw, 80px\" \/><\/a><figcaption id=\"caption-attachment-19925\" class=\"wp-caption-text\">Drzewo sanda\u0142owe<\/figcaption><\/figure>\n<h6>\n<strong data-wp-editing=\"1\">Dostawa:<\/strong><\/h6>\n","protected":false},"excerpt":{"rendered":"<p><em><strong>Zapach, kt\u00f3ry odzwierciedla marzenia ka\u017cdego m\u0119\u017cczyzny.<\/strong><\/em><\/p>\n<p>Pr\u00f3bka aromatu (1,2 ml) s\u0142u\u017cy do zapoznania si\u0119 z zapachem.<\/p>\n","protected":false},"featured_media":19688,"comment_status":"open","ping_status":"closed","template":"","meta":{"site-sidebar-layout":"default","site-content-layout":"default","ast-site-content-layout":"","site-content-style":"default","site-sidebar-style":"default","ast-global-header-display":"","ast-banner-title-visibility":"","ast-main-header-display":"","ast-hfb-above-header-display":"","ast-hfb-below-header-display":"","ast-hfb-mobile-header-display":"","site-post-title":"","ast-breadcrumbs-content":"","ast-featured-img":"","footer-sml-layout":"","theme-transparent-header-meta":"default","adv-header-id-meta":"","stick-header-meta":"default","header-above-stick-meta":"","header-main-stick-meta":"","header-below-stick-meta":"","astra-migrate-meta-layouts":"default","ast-page-background-enabled":"default","ast-page-background-meta":{"desktop":{"background-color":"var(--ast-global-color-4)","background-image":"","background-repeat":"repeat","background-position":"center center","background-size":"auto","background-attachment":"scroll","background-type":"","background-media":"","overlay-type":"","overlay-color":"","overlay-gradient":""},"tablet":{"background-color":"","background-image":"","background-repeat":"repeat","background-position":"center center","background-size":"auto","background-attachment":"scroll","background-type":"","background-media":"","overlay-type":"","overlay-color":"","overlay-gradient":""},"mobile":{"background-color":"","background-image":"","background-repeat":"repeat","background-position":"center center","background-size":"auto","background-attachment":"scroll","background-type":"","background-media":"","overlay-type":"","overlay-color":"","overlay-gradient":""}},"ast-content-background-meta":{"desktop":{"background-color":"var(--ast-global-color-5)","background-image":"","background-repeat":"repeat","background-position":"center center","background-size":"auto","background-attachment":"scroll","background-type":"","background-media":"","overlay-type":"","overlay-color":"","overlay-gradient":""},"tablet":{"background-color":"var(--ast-global-color-5)","background-image":"","background-repeat":"repeat","background-position":"center center","background-size":"auto","background-attachment":"scroll","background-type":"","background-media":"","overlay-type":"","overlay-color":"","overlay-gradient":""},"mobile":{"background-color":"var(--ast-global-color-5)","background-image":"","background-repeat":"repeat","background-position":"center center","background-size":"auto","background-attachment":"scroll","background-type":"","background-media":"","overlay-type":"","overlay-color":"","overlay-gradient":""}}},"product_cat":[497],"product_tag":[495,533,496],"natos":[503,553,554,529,535,517,555,500,539],"acf":[],"yoast_head":"<!-- This site is optimized with the Yoast SEO plugin v21.7 - https:\/\/yoast.com\/wordpress\/plugins\/seo\/ -->\n<title>IK-80. 1 Million Tester - Perfumessence<\/title>\n<meta name=\"description\" content=\"1 milion to marzenie ka\u017cdego m\u0119\u017cczyzny. Dlatego jest to zapach wybierany przez m\u0119\u017cczyzn, kt\u00f3rzy lubi\u0105 si\u0119 stroi\u0107, popisywa\u0107 i imponowa\u0107 innym samym wygl\u0105dem.\" \/>\n<meta name=\"robots\" content=\"index, follow, max-snippet:-1, max-image-preview:large, max-video-preview:-1\" \/>\n<link rel=\"canonical\" href=\"https:\/\/perfumessence.eu\/pl\/produkt\/ik-80-1-million-tester\/\" \/>\n<meta property=\"og:locale\" content=\"pl_PL\" \/>\n<meta property=\"og:type\" content=\"article\" \/>\n<meta property=\"og:title\" content=\"IK-80. 1 Million Tester - Perfumessence\" \/>\n<meta property=\"og:description\" content=\"1 milion to marzenie ka\u017cdego m\u0119\u017cczyzny. Dlatego jest to zapach wybierany przez m\u0119\u017cczyzn, kt\u00f3rzy lubi\u0105 si\u0119 stroi\u0107, popisywa\u0107 i imponowa\u0107 innym samym wygl\u0105dem.\" \/>\n<meta property=\"og:url\" content=\"https:\/\/perfumessence.eu\/pl\/produkt\/ik-80-1-million-tester\/\" \/>\n<meta property=\"og:site_name\" content=\"Perfumessence\" \/>\n<meta property=\"article:publisher\" content=\"https:\/\/www.facebook.com\/Parfumerin%c4%97-esencija-424160218027238\/\" \/>\n<meta property=\"og:image\" content=\"https:\/\/perfumessence.eu\/wp-content\/uploads\/2024\/01\/tester-1.jpg\" \/>\n\t<meta property=\"og:image:width\" content=\"2480\" \/>\n\t<meta property=\"og:image:height\" content=\"2480\" \/>\n\t<meta property=\"og:image:type\" content=\"image\/jpeg\" \/>\n<meta name=\"twitter:card\" content=\"summary_large_image\" \/>\n<meta name=\"twitter:label1\" content=\"Szacowany czas czytania\" \/>\n\t<meta name=\"twitter:data1\" content=\"1 minuta\" \/>\n<script type=\"application\/ld+json\" class=\"yoast-schema-graph\">{\"@context\":\"https:\/\/schema.org\",\"@graph\":[{\"@type\":\"WebPage\",\"@id\":\"https:\/\/perfumessence.eu\/pl\/produkt\/ik-80-1-million-tester\/\",\"url\":\"https:\/\/perfumessence.eu\/pl\/produkt\/ik-80-1-million-tester\/\",\"name\":\"IK-80. 1 Million Tester - Perfumessence\",\"isPartOf\":{\"@id\":\"https:\/\/perfumessence.eu\/pl\/#website\"},\"datePublished\":\"2022-05-30T13:38:59+00:00\",\"dateModified\":\"2022-05-30T13:38:59+00:00\",\"description\":\"1 milion to marzenie ka\u017cdego m\u0119\u017cczyzny. Dlatego jest to zapach wybierany przez m\u0119\u017cczyzn, kt\u00f3rzy lubi\u0105 si\u0119 stroi\u0107, popisywa\u0107 i imponowa\u0107 innym samym wygl\u0105dem.\",\"breadcrumb\":{\"@id\":\"https:\/\/perfumessence.eu\/pl\/produkt\/ik-80-1-million-tester\/#breadcrumb\"},\"inLanguage\":\"pl-PL\",\"potentialAction\":[{\"@type\":\"ReadAction\",\"target\":[\"https:\/\/perfumessence.eu\/pl\/produkt\/ik-80-1-million-tester\/\"]}]},{\"@type\":\"BreadcrumbList\",\"@id\":\"https:\/\/perfumessence.eu\/pl\/produkt\/ik-80-1-million-tester\/#breadcrumb\",\"itemListElement\":[{\"@type\":\"ListItem\",\"position\":1,\"name\":\"Pagrindinis\",\"item\":\"https:\/\/perfumessence.eu\/pl\/\"},{\"@type\":\"ListItem\",\"position\":2,\"name\":\"Sklep\",\"item\":\"https:\/\/perfumessence.eu\/pl\/sklep\/\"},{\"@type\":\"ListItem\",\"position\":3,\"name\":\"IK-80. 1 Million Tester\"}]},{\"@type\":\"WebSite\",\"@id\":\"https:\/\/perfumessence.eu\/pl\/#website\",\"url\":\"https:\/\/perfumessence.eu\/pl\/\",\"name\":\"Parfumerin\u0117 esencija\",\"description\":\"Perfume Oils and Sprays\",\"publisher\":{\"@id\":\"https:\/\/perfumessence.eu\/pl\/#organization\"},\"potentialAction\":[{\"@type\":\"SearchAction\",\"target\":{\"@type\":\"EntryPoint\",\"urlTemplate\":\"https:\/\/perfumessence.eu\/pl\/?s={search_term_string}\"},\"query-input\":\"required name=search_term_string\"}],\"inLanguage\":\"pl-PL\"},{\"@type\":\"Organization\",\"@id\":\"https:\/\/perfumessence.eu\/pl\/#organization\",\"name\":\"Parfumerin\u0117 esencija\",\"url\":\"https:\/\/perfumessence.eu\/pl\/\",\"logo\":{\"@type\":\"ImageObject\",\"inLanguage\":\"pl-PL\",\"@id\":\"https:\/\/perfumessence.eu\/pl\/#\/schema\/logo\/image\/\",\"url\":\"\",\"contentUrl\":\"\",\"caption\":\"Parfumerin\u0117 esencija\"},\"image\":{\"@id\":\"https:\/\/perfumessence.eu\/pl\/#\/schema\/logo\/image\/\"},\"sameAs\":[\"https:\/\/www.facebook.com\/Parfumerin\u0117-esencija-424160218027238\/\",\"https:\/\/www.youtube.com\/channel\/UC0RI-RLwg1UQwDbAF-7a-MA\"]}]}<\/script>\n<!-- \/ Yoast SEO plugin. -->","yoast_head_json":{"title":"IK-80. 1 Million Tester - Perfumessence","description":"1 milion to marzenie ka\u017cdego m\u0119\u017cczyzny. Dlatego jest to zapach wybierany przez m\u0119\u017cczyzn, kt\u00f3rzy lubi\u0105 si\u0119 stroi\u0107, popisywa\u0107 i imponowa\u0107 innym samym wygl\u0105dem.","robots":{"index":"index","follow":"follow","max-snippet":"max-snippet:-1","max-image-preview":"max-image-preview:large","max-video-preview":"max-video-preview:-1"},"canonical":"https:\/\/perfumessence.eu\/pl\/produkt\/ik-80-1-million-tester\/","og_locale":"pl_PL","og_type":"article","og_title":"IK-80. 1 Million Tester - Perfumessence","og_description":"1 milion to marzenie ka\u017cdego m\u0119\u017cczyzny. Dlatego jest to zapach wybierany przez m\u0119\u017cczyzn, kt\u00f3rzy lubi\u0105 si\u0119 stroi\u0107, popisywa\u0107 i imponowa\u0107 innym samym wygl\u0105dem.","og_url":"https:\/\/perfumessence.eu\/pl\/produkt\/ik-80-1-million-tester\/","og_site_name":"Perfumessence","article_publisher":"https:\/\/www.facebook.com\/Parfumerin%c4%97-esencija-424160218027238\/","og_image":[{"width":2480,"height":2480,"url":"https:\/\/perfumessence.eu\/wp-content\/uploads\/2024\/01\/tester-1.jpg","type":"image\/jpeg"}],"twitter_card":"summary_large_image","twitter_misc":{"Szacowany czas czytania":"1 minuta"},"schema":{"@context":"https:\/\/schema.org","@graph":[{"@type":"WebPage","@id":"https:\/\/perfumessence.eu\/pl\/produkt\/ik-80-1-million-tester\/","url":"https:\/\/perfumessence.eu\/pl\/produkt\/ik-80-1-million-tester\/","name":"IK-80. 1 Million Tester - Perfumessence","isPartOf":{"@id":"https:\/\/perfumessence.eu\/pl\/#website"},"datePublished":"2022-05-30T13:38:59+00:00","dateModified":"2022-05-30T13:38:59+00:00","description":"1 milion to marzenie ka\u017cdego m\u0119\u017cczyzny. Dlatego jest to zapach wybierany przez m\u0119\u017cczyzn, kt\u00f3rzy lubi\u0105 si\u0119 stroi\u0107, popisywa\u0107 i imponowa\u0107 innym samym wygl\u0105dem.","breadcrumb":{"@id":"https:\/\/perfumessence.eu\/pl\/produkt\/ik-80-1-million-tester\/#breadcrumb"},"inLanguage":"pl-PL","potentialAction":[{"@type":"ReadAction","target":["https:\/\/perfumessence.eu\/pl\/produkt\/ik-80-1-million-tester\/"]}]},{"@type":"BreadcrumbList","@id":"https:\/\/perfumessence.eu\/pl\/produkt\/ik-80-1-million-tester\/#breadcrumb","itemListElement":[{"@type":"ListItem","position":1,"name":"Pagrindinis","item":"https:\/\/perfumessence.eu\/pl\/"},{"@type":"ListItem","position":2,"name":"Sklep","item":"https:\/\/perfumessence.eu\/pl\/sklep\/"},{"@type":"ListItem","position":3,"name":"IK-80. 1 Million Tester"}]},{"@type":"WebSite","@id":"https:\/\/perfumessence.eu\/pl\/#website","url":"https:\/\/perfumessence.eu\/pl\/","name":"Parfumerin\u0117 esencija","description":"Perfume Oils and Sprays","publisher":{"@id":"https:\/\/perfumessence.eu\/pl\/#organization"},"potentialAction":[{"@type":"SearchAction","target":{"@type":"EntryPoint","urlTemplate":"https:\/\/perfumessence.eu\/pl\/?s={search_term_string}"},"query-input":"required name=search_term_string"}],"inLanguage":"pl-PL"},{"@type":"Organization","@id":"https:\/\/perfumessence.eu\/pl\/#organization","name":"Parfumerin\u0117 esencija","url":"https:\/\/perfumessence.eu\/pl\/","logo":{"@type":"ImageObject","inLanguage":"pl-PL","@id":"https:\/\/perfumessence.eu\/pl\/#\/schema\/logo\/image\/","url":"","contentUrl":"","caption":"Parfumerin\u0117 esencija"},"image":{"@id":"https:\/\/perfumessence.eu\/pl\/#\/schema\/logo\/image\/"},"sameAs":["https:\/\/www.facebook.com\/Parfumerin\u0117-esencija-424160218027238\/","https:\/\/www.youtube.com\/channel\/UC0RI-RLwg1UQwDbAF-7a-MA"]}]}},"_links":{"self":[{"href":"https:\/\/perfumessence.eu\/pl\/wp-json\/wp\/v2\/product\/20337"}],"collection":[{"href":"https:\/\/perfumessence.eu\/pl\/wp-json\/wp\/v2\/product"}],"about":[{"href":"https:\/\/perfumessence.eu\/pl\/wp-json\/wp\/v2\/types\/product"}],"replies":[{"embeddable":true,"href":"https:\/\/perfumessence.eu\/pl\/wp-json\/wp\/v2\/comments?post=20337"}],"wp:featuredmedia":[{"embeddable":true,"href":"https:\/\/perfumessence.eu\/pl\/wp-json\/wp\/v2\/media\/19688"}],"wp:attachment":[{"href":"https:\/\/perfumessence.eu\/pl\/wp-json\/wp\/v2\/media?parent=20337"}],"wp:term":[{"taxonomy":"product_cat","embeddable":true,"href":"https:\/\/perfumessence.eu\/pl\/wp-json\/wp\/v2\/product_cat?post=20337"},{"taxonomy":"product_tag","embeddable":true,"href":"https:\/\/perfumessence.eu\/pl\/wp-json\/wp\/v2\/product_tag?post=20337"},{"taxonomy":"natos","embeddable":true,"href":"https:\/\/perfumessence.eu\/pl\/wp-json\/wp\/v2\/natos?post=20337"}],"curies":[{"name":"wp","href":"https:\/\/api.w.org\/{rel}","templated":true}]}}