{"id":20355,"date":"2020-10-26T13:15:07","date_gmt":"2020-10-26T10:15:07","guid":{"rendered":"https:\/\/perfumessence.eu\/product\/zapach-do-domu-cafe-latte\/"},"modified":"2020-10-26T13:15:07","modified_gmt":"2020-10-26T10:15:07","slug":"zapach-do-domu-cafe-latte","status":"publish","type":"product","link":"https:\/\/perfumessence.eu\/pl\/produkt\/zapach-do-domu-cafe-latte\/","title":{"rendered":"Zapach do domu Cafe Latte"},"content":{"rendered":"<p><strong>ZAPACH DO DOMU W SZTYFCIE &#8211; \u0141ATWY I ELEGANCKI SPOS\u00d3B NA ODDYCHANIE DOMEM!<\/strong><\/p>\n<p><strong>Aromatyczny olejek<\/strong> do stosowania w domu lub w innych pomieszczeniach. Przyjemny aromat, mocno skoncentrowany. Dobrze wyczuwalny i \u0142atwo rozpraszaj\u0105cy si\u0119 w otoczeniu.<\/p>\n<p><strong>R\u00f3\u017cd\u017cki.<\/strong>  Czarne wielow\u0142\u00f3kniste patyczki posiadaj\u0105 unikaln\u0105 technologi\u0119 produkcji &#8211; pory wzd\u0142u\u017c patyczka s\u0105 regularne i pozwalaj\u0105 olejkowi aromatycznemu porusza\u0107 si\u0119 z t\u0105 sam\u0105 pr\u0119dko\u015bci\u0105, dzi\u0119ki czemu s\u0105 o 50% bardziej wydajne ni\u017c patyczki drewniane. Wielow\u0142\u00f3kniste patyczki zapewniaj\u0105 lepsze rozproszenie aromatu ODORO i lepsz\u0105 konsystencj\u0119 zapachu w pomieszczeniu, w kt\u00f3rym oddychasz.<\/p>\n<p><strong>Trwa\u0142o\u015b\u0107<\/strong>. Zapach utrzymuje si\u0119 do 6 miesi\u0119cy, je\u015bli jest stosowany zgodnie z zaleceniami. Zaleca si\u0119 stosowanie 3-5 pa\u0142eczek jednocze\u015bnie, obracaj\u0105c je co kilka dni.<\/p>\n<p><b>Wszystkie nuty zdominowane s\u0105 przez akord kawy latte<\/b><\/p>\n<p>&nbsp;<\/p>\n<p><strong>Dostawa:<\/strong><\/p>\n","protected":false},"excerpt":{"rendered":"<p><strong>&#8222;Cafe Latte<\/strong> ma ciep\u0142y i intensywny aromat \u015bwie\u017co parzonej kawy. Jest idealny dla os\u00f3b, kt\u00f3re kochaj\u0105 aromat kawy i lubi\u0105 otacza\u0107 si\u0119 przytulno\u015bci\u0105 i ciep\u0142em.<\/p>\n<p>Nadszed\u0142 czas, aby nada\u0107 swojemu domowi nowe \u017cycie dzi\u0119ki najnowszym zapachom do domu od <strong> Parfumerie Essences<\/strong>.<\/p>\n<p>Wspania\u0142y element poprawiaj\u0105cy atmosfer\u0119 w domu i wyr\u00f3\u017cniaj\u0105cy si\u0119 detal wn\u0119trza.<\/p>\n","protected":false},"featured_media":20356,"comment_status":"open","ping_status":"closed","template":"","meta":{"site-sidebar-layout":"default","site-content-layout":"default","ast-site-content-layout":"","site-content-style":"default","site-sidebar-style":"default","ast-global-header-display":"","ast-banner-title-visibility":"","ast-main-header-display":"","ast-hfb-above-header-display":"","ast-hfb-below-header-display":"","ast-hfb-mobile-header-display":"","site-post-title":"","ast-breadcrumbs-content":"","ast-featured-img":"","footer-sml-layout":"","theme-transparent-header-meta":"default","adv-header-id-meta":"","stick-header-meta":"default","header-above-stick-meta":"","header-main-stick-meta":"","header-below-stick-meta":"","astra-migrate-meta-layouts":"default","ast-page-background-enabled":"default","ast-page-background-meta":{"desktop":{"background-color":"var(--ast-global-color-4)","background-image":"","background-repeat":"repeat","background-position":"center center","background-size":"auto","background-attachment":"scroll","background-type":"","background-media":"","overlay-type":"","overlay-color":"","overlay-gradient":""},"tablet":{"background-color":"","background-image":"","background-repeat":"repeat","background-position":"center center","background-size":"auto","background-attachment":"scroll","background-type":"","background-media":"","overlay-type":"","overlay-color":"","overlay-gradient":""},"mobile":{"background-color":"","background-image":"","background-repeat":"repeat","background-position":"center center","background-size":"auto","background-attachment":"scroll","background-type":"","background-media":"","overlay-type":"","overlay-color":"","overlay-gradient":""}},"ast-content-background-meta":{"desktop":{"background-color":"var(--ast-global-color-5)","background-image":"","background-repeat":"repeat","background-position":"center center","background-size":"auto","background-attachment":"scroll","background-type":"","background-media":"","overlay-type":"","overlay-color":"","overlay-gradient":""},"tablet":{"background-color":"var(--ast-global-color-5)","background-image":"","background-repeat":"repeat","background-position":"center center","background-size":"auto","background-attachment":"scroll","background-type":"","background-media":"","overlay-type":"","overlay-color":"","overlay-gradient":""},"mobile":{"background-color":"var(--ast-global-color-5)","background-image":"","background-repeat":"repeat","background-position":"center center","background-size":"auto","background-attachment":"scroll","background-type":"","background-media":"","overlay-type":"","overlay-color":"","overlay-gradient":""}}},"product_cat":[556,639],"product_tag":[],"natos":[],"acf":[],"yoast_head":"<!-- This site is optimized with the Yoast SEO plugin v21.7 - https:\/\/yoast.com\/wordpress\/plugins\/seo\/ -->\n<title>Zapach do domu Cafe Latte - Perfumessence<\/title>\n<meta name=\"description\" content=\"&quot;Zapach do domu Cafe Latte z patyczkami to ciep\u0142y i intymny zapach \u015bwie\u017co parzonej kawy, otulaj\u0105cy dom przytulno\u015bci\u0105 i ciep\u0142em.\" \/>\n<meta name=\"robots\" content=\"index, follow, max-snippet:-1, max-image-preview:large, max-video-preview:-1\" \/>\n<link rel=\"canonical\" href=\"https:\/\/perfumessence.eu\/pl\/produkt\/zapach-do-domu-cafe-latte\/\" \/>\n<meta property=\"og:locale\" content=\"pl_PL\" \/>\n<meta property=\"og:type\" content=\"article\" \/>\n<meta property=\"og:title\" content=\"Zapach do domu Cafe Latte - Perfumessence\" \/>\n<meta property=\"og:description\" content=\"&quot;Zapach do domu Cafe Latte z patyczkami to ciep\u0142y i intymny zapach \u015bwie\u017co parzonej kawy, otulaj\u0105cy dom przytulno\u015bci\u0105 i ciep\u0142em.\" \/>\n<meta property=\"og:url\" content=\"https:\/\/perfumessence.eu\/pl\/produkt\/zapach-do-domu-cafe-latte\/\" \/>\n<meta property=\"og:site_name\" content=\"Perfumessence\" \/>\n<meta property=\"article:publisher\" content=\"https:\/\/www.facebook.com\/Parfumerin%c4%97-esencija-424160218027238\/\" \/>\n<meta property=\"og:image\" content=\"https:\/\/perfumessence.eu\/wp-content\/uploads\/2020\/11\/cafe-latte-namu-kvapas-su-pagaliukais.jpg\" \/>\n\t<meta property=\"og:image:width\" content=\"700\" \/>\n\t<meta property=\"og:image:height\" content=\"667\" \/>\n\t<meta property=\"og:image:type\" content=\"image\/jpeg\" \/>\n<meta name=\"twitter:card\" content=\"summary_large_image\" \/>\n<meta name=\"twitter:label1\" content=\"Szacowany czas czytania\" \/>\n\t<meta name=\"twitter:data1\" content=\"1 minuta\" \/>\n<script type=\"application\/ld+json\" class=\"yoast-schema-graph\">{\"@context\":\"https:\/\/schema.org\",\"@graph\":[{\"@type\":\"WebPage\",\"@id\":\"https:\/\/perfumessence.eu\/pl\/produkt\/zapach-do-domu-cafe-latte\/\",\"url\":\"https:\/\/perfumessence.eu\/pl\/produkt\/zapach-do-domu-cafe-latte\/\",\"name\":\"Zapach do domu Cafe Latte - Perfumessence\",\"isPartOf\":{\"@id\":\"https:\/\/perfumessence.eu\/pl\/#website\"},\"datePublished\":\"2020-10-26T10:15:07+00:00\",\"dateModified\":\"2020-10-26T10:15:07+00:00\",\"description\":\"\\\"Zapach do domu Cafe Latte z patyczkami to ciep\u0142y i intymny zapach \u015bwie\u017co parzonej kawy, otulaj\u0105cy dom przytulno\u015bci\u0105 i ciep\u0142em.\",\"breadcrumb\":{\"@id\":\"https:\/\/perfumessence.eu\/pl\/produkt\/zapach-do-domu-cafe-latte\/#breadcrumb\"},\"inLanguage\":\"pl-PL\",\"potentialAction\":[{\"@type\":\"ReadAction\",\"target\":[\"https:\/\/perfumessence.eu\/pl\/produkt\/zapach-do-domu-cafe-latte\/\"]}]},{\"@type\":\"BreadcrumbList\",\"@id\":\"https:\/\/perfumessence.eu\/pl\/produkt\/zapach-do-domu-cafe-latte\/#breadcrumb\",\"itemListElement\":[{\"@type\":\"ListItem\",\"position\":1,\"name\":\"Pagrindinis\",\"item\":\"https:\/\/perfumessence.eu\/pl\/\"},{\"@type\":\"ListItem\",\"position\":2,\"name\":\"Sklep\",\"item\":\"https:\/\/perfumessence.eu\/pl\/sklep\/\"},{\"@type\":\"ListItem\",\"position\":3,\"name\":\"Zapach do domu Cafe Latte\"}]},{\"@type\":\"WebSite\",\"@id\":\"https:\/\/perfumessence.eu\/pl\/#website\",\"url\":\"https:\/\/perfumessence.eu\/pl\/\",\"name\":\"Parfumerin\u0117 esencija\",\"description\":\"Perfume Oils and Sprays\",\"publisher\":{\"@id\":\"https:\/\/perfumessence.eu\/pl\/#organization\"},\"potentialAction\":[{\"@type\":\"SearchAction\",\"target\":{\"@type\":\"EntryPoint\",\"urlTemplate\":\"https:\/\/perfumessence.eu\/pl\/?s={search_term_string}\"},\"query-input\":\"required name=search_term_string\"}],\"inLanguage\":\"pl-PL\"},{\"@type\":\"Organization\",\"@id\":\"https:\/\/perfumessence.eu\/pl\/#organization\",\"name\":\"Parfumerin\u0117 esencija\",\"url\":\"https:\/\/perfumessence.eu\/pl\/\",\"logo\":{\"@type\":\"ImageObject\",\"inLanguage\":\"pl-PL\",\"@id\":\"https:\/\/perfumessence.eu\/pl\/#\/schema\/logo\/image\/\",\"url\":\"\",\"contentUrl\":\"\",\"caption\":\"Parfumerin\u0117 esencija\"},\"image\":{\"@id\":\"https:\/\/perfumessence.eu\/pl\/#\/schema\/logo\/image\/\"},\"sameAs\":[\"https:\/\/www.facebook.com\/Parfumerin\u0117-esencija-424160218027238\/\",\"https:\/\/www.youtube.com\/channel\/UC0RI-RLwg1UQwDbAF-7a-MA\"]}]}<\/script>\n<!-- \/ Yoast SEO plugin. -->","yoast_head_json":{"title":"Zapach do domu Cafe Latte - Perfumessence","description":"\"Zapach do domu Cafe Latte z patyczkami to ciep\u0142y i intymny zapach \u015bwie\u017co parzonej kawy, otulaj\u0105cy dom przytulno\u015bci\u0105 i ciep\u0142em.","robots":{"index":"index","follow":"follow","max-snippet":"max-snippet:-1","max-image-preview":"max-image-preview:large","max-video-preview":"max-video-preview:-1"},"canonical":"https:\/\/perfumessence.eu\/pl\/produkt\/zapach-do-domu-cafe-latte\/","og_locale":"pl_PL","og_type":"article","og_title":"Zapach do domu Cafe Latte - Perfumessence","og_description":"\"Zapach do domu Cafe Latte z patyczkami to ciep\u0142y i intymny zapach \u015bwie\u017co parzonej kawy, otulaj\u0105cy dom przytulno\u015bci\u0105 i ciep\u0142em.","og_url":"https:\/\/perfumessence.eu\/pl\/produkt\/zapach-do-domu-cafe-latte\/","og_site_name":"Perfumessence","article_publisher":"https:\/\/www.facebook.com\/Parfumerin%c4%97-esencija-424160218027238\/","og_image":[{"width":700,"height":667,"url":"https:\/\/perfumessence.eu\/wp-content\/uploads\/2020\/11\/cafe-latte-namu-kvapas-su-pagaliukais.jpg","type":"image\/jpeg"}],"twitter_card":"summary_large_image","twitter_misc":{"Szacowany czas czytania":"1 minuta"},"schema":{"@context":"https:\/\/schema.org","@graph":[{"@type":"WebPage","@id":"https:\/\/perfumessence.eu\/pl\/produkt\/zapach-do-domu-cafe-latte\/","url":"https:\/\/perfumessence.eu\/pl\/produkt\/zapach-do-domu-cafe-latte\/","name":"Zapach do domu Cafe Latte - Perfumessence","isPartOf":{"@id":"https:\/\/perfumessence.eu\/pl\/#website"},"datePublished":"2020-10-26T10:15:07+00:00","dateModified":"2020-10-26T10:15:07+00:00","description":"\"Zapach do domu Cafe Latte z patyczkami to ciep\u0142y i intymny zapach \u015bwie\u017co parzonej kawy, otulaj\u0105cy dom przytulno\u015bci\u0105 i ciep\u0142em.","breadcrumb":{"@id":"https:\/\/perfumessence.eu\/pl\/produkt\/zapach-do-domu-cafe-latte\/#breadcrumb"},"inLanguage":"pl-PL","potentialAction":[{"@type":"ReadAction","target":["https:\/\/perfumessence.eu\/pl\/produkt\/zapach-do-domu-cafe-latte\/"]}]},{"@type":"BreadcrumbList","@id":"https:\/\/perfumessence.eu\/pl\/produkt\/zapach-do-domu-cafe-latte\/#breadcrumb","itemListElement":[{"@type":"ListItem","position":1,"name":"Pagrindinis","item":"https:\/\/perfumessence.eu\/pl\/"},{"@type":"ListItem","position":2,"name":"Sklep","item":"https:\/\/perfumessence.eu\/pl\/sklep\/"},{"@type":"ListItem","position":3,"name":"Zapach do domu Cafe Latte"}]},{"@type":"WebSite","@id":"https:\/\/perfumessence.eu\/pl\/#website","url":"https:\/\/perfumessence.eu\/pl\/","name":"Parfumerin\u0117 esencija","description":"Perfume Oils and Sprays","publisher":{"@id":"https:\/\/perfumessence.eu\/pl\/#organization"},"potentialAction":[{"@type":"SearchAction","target":{"@type":"EntryPoint","urlTemplate":"https:\/\/perfumessence.eu\/pl\/?s={search_term_string}"},"query-input":"required name=search_term_string"}],"inLanguage":"pl-PL"},{"@type":"Organization","@id":"https:\/\/perfumessence.eu\/pl\/#organization","name":"Parfumerin\u0117 esencija","url":"https:\/\/perfumessence.eu\/pl\/","logo":{"@type":"ImageObject","inLanguage":"pl-PL","@id":"https:\/\/perfumessence.eu\/pl\/#\/schema\/logo\/image\/","url":"","contentUrl":"","caption":"Parfumerin\u0117 esencija"},"image":{"@id":"https:\/\/perfumessence.eu\/pl\/#\/schema\/logo\/image\/"},"sameAs":["https:\/\/www.facebook.com\/Parfumerin\u0117-esencija-424160218027238\/","https:\/\/www.youtube.com\/channel\/UC0RI-RLwg1UQwDbAF-7a-MA"]}]}},"_links":{"self":[{"href":"https:\/\/perfumessence.eu\/pl\/wp-json\/wp\/v2\/product\/20355"}],"collection":[{"href":"https:\/\/perfumessence.eu\/pl\/wp-json\/wp\/v2\/product"}],"about":[{"href":"https:\/\/perfumessence.eu\/pl\/wp-json\/wp\/v2\/types\/product"}],"replies":[{"embeddable":true,"href":"https:\/\/perfumessence.eu\/pl\/wp-json\/wp\/v2\/comments?post=20355"}],"wp:featuredmedia":[{"embeddable":true,"href":"https:\/\/perfumessence.eu\/pl\/wp-json\/wp\/v2\/media\/20356"}],"wp:attachment":[{"href":"https:\/\/perfumessence.eu\/pl\/wp-json\/wp\/v2\/media?parent=20355"}],"wp:term":[{"taxonomy":"product_cat","embeddable":true,"href":"https:\/\/perfumessence.eu\/pl\/wp-json\/wp\/v2\/product_cat?post=20355"},{"taxonomy":"product_tag","embeddable":true,"href":"https:\/\/perfumessence.eu\/pl\/wp-json\/wp\/v2\/product_tag?post=20355"},{"taxonomy":"natos","embeddable":true,"href":"https:\/\/perfumessence.eu\/pl\/wp-json\/wp\/v2\/natos?post=20355"}],"curies":[{"name":"wp","href":"https:\/\/api.w.org\/{rel}","templated":true}]}}