{"id":20392,"date":"2021-11-30T19:09:22","date_gmt":"2021-11-30T16:09:22","guid":{"rendered":"https:\/\/perfumessence.eu\/product\/zapach-do-domu-orchidea-i-lotos\/"},"modified":"2021-11-30T19:09:22","modified_gmt":"2021-11-30T16:09:22","slug":"zapach-do-domu-orchidea-i-lotos","status":"publish","type":"product","link":"https:\/\/perfumessence.eu\/pl\/produkt\/zapach-do-domu-orchidea-i-lotos\/","title":{"rendered":"Zapach do domu Orchidea i Lotos"},"content":{"rendered":"<p><strong>ZAPACH DO DOMU W SZTYFCIE &#8211; \u0141ATWY I ELEGANCKI SPOS\u00d3B NA ODDYCHANIE DOMEM!<\/strong><\/p>\n<p><strong>Aromatyczny olejek<\/strong> do stosowania w domu lub w innych pomieszczeniach. Przyjemny aromat, mocno skoncentrowany. Dobrze wyczuwalny i \u0142atwo rozpraszaj\u0105cy si\u0119 w otoczeniu.<\/p>\n<p><strong>R\u00f3\u017cd\u017cki.<\/strong>  Czarne wielow\u0142\u00f3kniste patyczki posiadaj\u0105 unikaln\u0105 technologi\u0119 produkcji &#8211; pory wzd\u0142u\u017c patyczka s\u0105 regularne i pozwalaj\u0105 olejkowi aromatycznemu porusza\u0107 si\u0119 z t\u0105 sam\u0105 pr\u0119dko\u015bci\u0105, dzi\u0119ki czemu s\u0105 o 50% bardziej wydajne ni\u017c patyczki drewniane.<\/p>\n<p><strong>Trwa\u0142o\u015b\u0107<\/strong>. Zapach utrzymuje si\u0119 do sze\u015bciu miesi\u0119cy, je\u015bli jest stosowany zgodnie z zaleceniami. Zaleca si\u0119 stosowanie 4 pa\u0142eczek jednocze\u015bnie, obracaj\u0105c je co najmniej raz w tygodniu.<\/p>\n<p>Do szklanej butelki wype\u0142nionej 100 ml aromatycznego olejku do\u0142\u0105czono 8 czarnych i d\u0142u\u017cszych ni\u017c zwykle wielow\u0142\u00f3knistych patyczk\u00f3w nowej technologii dla jeszcze lepszej dyfuzji zapachu.<\/p>\n<p>Nuty <strong>g\u0142owy<\/strong>: orchidea;<\/p>\n<p><strong>Nuty \u015brodkowe:<\/strong> lotos;<\/p>\n<p><strong>Nuty bazy: <\/strong>pi\u017cmo.<\/p>\n<p>&nbsp;<\/p>\n<p><strong>Dostawa:<\/strong><\/p>\n","protected":false},"excerpt":{"rendered":"<p><strong>&#8222;Orchid &amp; Lotus<\/strong> home fragrance to wyrafinowany zapach, kt\u00f3ry rozpoczyna si\u0119 fuzj\u0105 nut kwiatowych i orientalnych, z przyjemn\u0105 orchide\u0105 prowadz\u0105c\u0105 do serca tropikalnego kwiatu lotosu, z baz\u0105 bogatego bursztynu i pi\u017cma. Niezb\u0119dny dla ka\u017cdego, kto chce mie\u0107 w domu przyjemny kwiatowy zapach.<\/p>\n<p>Nadszed\u0142 czas, aby nada\u0107 swojemu domowi nowe \u017cycie dzi\u0119ki najnowszym zapachom do domu od <strong> Parfumerie Essences<\/strong>.<\/p>\n<p>Nie przegap okazji, aby doda\u0107 wspania\u0142y akcent do atmosfery swojego domu i nada\u0107 wn\u0119trzu niepowtarzalny charakter.<\/p>\n<p>&nbsp;<\/p>\n<p>Wspania\u0142y element poprawiaj\u0105cy atmosfer\u0119 w domu i wyr\u00f3\u017cniaj\u0105cy si\u0119 detal wn\u0119trza.<\/p>\n","protected":false},"featured_media":20393,"comment_status":"open","ping_status":"closed","template":"","meta":{"site-sidebar-layout":"default","site-content-layout":"default","ast-site-content-layout":"","site-content-style":"default","site-sidebar-style":"default","ast-global-header-display":"","ast-banner-title-visibility":"","ast-main-header-display":"","ast-hfb-above-header-display":"","ast-hfb-below-header-display":"","ast-hfb-mobile-header-display":"","site-post-title":"","ast-breadcrumbs-content":"","ast-featured-img":"","footer-sml-layout":"","theme-transparent-header-meta":"default","adv-header-id-meta":"","stick-header-meta":"default","header-above-stick-meta":"","header-main-stick-meta":"","header-below-stick-meta":"","astra-migrate-meta-layouts":"default","ast-page-background-enabled":"default","ast-page-background-meta":{"desktop":{"background-color":"var(--ast-global-color-4)","background-image":"","background-repeat":"repeat","background-position":"center center","background-size":"auto","background-attachment":"scroll","background-type":"","background-media":"","overlay-type":"","overlay-color":"","overlay-gradient":""},"tablet":{"background-color":"","background-image":"","background-repeat":"repeat","background-position":"center center","background-size":"auto","background-attachment":"scroll","background-type":"","background-media":"","overlay-type":"","overlay-color":"","overlay-gradient":""},"mobile":{"background-color":"","background-image":"","background-repeat":"repeat","background-position":"center center","background-size":"auto","background-attachment":"scroll","background-type":"","background-media":"","overlay-type":"","overlay-color":"","overlay-gradient":""}},"ast-content-background-meta":{"desktop":{"background-color":"var(--ast-global-color-5)","background-image":"","background-repeat":"repeat","background-position":"center center","background-size":"auto","background-attachment":"scroll","background-type":"","background-media":"","overlay-type":"","overlay-color":"","overlay-gradient":""},"tablet":{"background-color":"var(--ast-global-color-5)","background-image":"","background-repeat":"repeat","background-position":"center center","background-size":"auto","background-attachment":"scroll","background-type":"","background-media":"","overlay-type":"","overlay-color":"","overlay-gradient":""},"mobile":{"background-color":"var(--ast-global-color-5)","background-image":"","background-repeat":"repeat","background-position":"center center","background-size":"auto","background-attachment":"scroll","background-type":"","background-media":"","overlay-type":"","overlay-color":"","overlay-gradient":""}}},"product_cat":[639],"product_tag":[],"natos":[],"acf":[],"yoast_head":"<!-- This site is optimized with the Yoast SEO plugin v21.7 - https:\/\/yoast.com\/wordpress\/plugins\/seo\/ -->\n<title>Domowy zapach &quot;Orchid &amp; Lotus&quot; - Perfumessence<\/title>\n<meta name=\"description\" content=\"&quot;Zapach do domu Orchid &amp; Lotus to wyrafinowany zapach dla ka\u017cdego, kto chce, aby jego dom zawsze pachnia\u0142 \u015bwie\u017co i kwiatowo.\" \/>\n<meta name=\"robots\" content=\"index, follow, max-snippet:-1, max-image-preview:large, max-video-preview:-1\" \/>\n<link rel=\"canonical\" href=\"https:\/\/perfumessence.eu\/pl\/produkt\/zapach-do-domu-orchidea-i-lotos\/\" \/>\n<meta property=\"og:locale\" content=\"pl_PL\" \/>\n<meta property=\"og:type\" content=\"article\" \/>\n<meta property=\"og:title\" content=\"Domowy zapach &quot;Orchid &amp; Lotus&quot; - Perfumessence\" \/>\n<meta property=\"og:description\" content=\"&quot;Zapach do domu Orchid &amp; Lotus to wyrafinowany zapach dla ka\u017cdego, kto chce, aby jego dom zawsze pachnia\u0142 \u015bwie\u017co i kwiatowo.\" \/>\n<meta property=\"og:url\" content=\"https:\/\/perfumessence.eu\/pl\/produkt\/zapach-do-domu-orchidea-i-lotos\/\" \/>\n<meta property=\"og:site_name\" content=\"Perfumessence\" \/>\n<meta property=\"article:publisher\" content=\"https:\/\/www.facebook.com\/Parfumerin%c4%97-esencija-424160218027238\/\" \/>\n<meta property=\"og:image\" content=\"https:\/\/perfumessence.eu\/wp-content\/uploads\/2021\/11\/orchid-and-lotus-namu-kvapai-su-pagaliukais.jpg\" \/>\n\t<meta property=\"og:image:width\" content=\"600\" \/>\n\t<meta property=\"og:image:height\" content=\"571\" \/>\n\t<meta property=\"og:image:type\" content=\"image\/jpeg\" \/>\n<meta name=\"twitter:card\" content=\"summary_large_image\" \/>\n<meta name=\"twitter:label1\" content=\"Szacowany czas czytania\" \/>\n\t<meta name=\"twitter:data1\" content=\"1 minuta\" \/>\n<script type=\"application\/ld+json\" class=\"yoast-schema-graph\">{\"@context\":\"https:\/\/schema.org\",\"@graph\":[{\"@type\":\"WebPage\",\"@id\":\"https:\/\/perfumessence.eu\/pl\/produkt\/zapach-do-domu-orchidea-i-lotos\/\",\"url\":\"https:\/\/perfumessence.eu\/pl\/produkt\/zapach-do-domu-orchidea-i-lotos\/\",\"name\":\"Domowy zapach \\\"Orchid & Lotus\\\" - Perfumessence\",\"isPartOf\":{\"@id\":\"https:\/\/perfumessence.eu\/pl\/#website\"},\"datePublished\":\"2021-11-30T16:09:22+00:00\",\"dateModified\":\"2021-11-30T16:09:22+00:00\",\"description\":\"\\\"Zapach do domu Orchid & Lotus to wyrafinowany zapach dla ka\u017cdego, kto chce, aby jego dom zawsze pachnia\u0142 \u015bwie\u017co i kwiatowo.\",\"breadcrumb\":{\"@id\":\"https:\/\/perfumessence.eu\/pl\/produkt\/zapach-do-domu-orchidea-i-lotos\/#breadcrumb\"},\"inLanguage\":\"pl-PL\",\"potentialAction\":[{\"@type\":\"ReadAction\",\"target\":[\"https:\/\/perfumessence.eu\/pl\/produkt\/zapach-do-domu-orchidea-i-lotos\/\"]}]},{\"@type\":\"BreadcrumbList\",\"@id\":\"https:\/\/perfumessence.eu\/pl\/produkt\/zapach-do-domu-orchidea-i-lotos\/#breadcrumb\",\"itemListElement\":[{\"@type\":\"ListItem\",\"position\":1,\"name\":\"Pagrindinis\",\"item\":\"https:\/\/perfumessence.eu\/pl\/\"},{\"@type\":\"ListItem\",\"position\":2,\"name\":\"Sklep\",\"item\":\"https:\/\/perfumessence.eu\/pl\/sklep\/\"},{\"@type\":\"ListItem\",\"position\":3,\"name\":\"Zapach do domu Orchidea i Lotos\"}]},{\"@type\":\"WebSite\",\"@id\":\"https:\/\/perfumessence.eu\/pl\/#website\",\"url\":\"https:\/\/perfumessence.eu\/pl\/\",\"name\":\"Parfumerin\u0117 esencija\",\"description\":\"Perfume Oils and Sprays\",\"publisher\":{\"@id\":\"https:\/\/perfumessence.eu\/pl\/#organization\"},\"potentialAction\":[{\"@type\":\"SearchAction\",\"target\":{\"@type\":\"EntryPoint\",\"urlTemplate\":\"https:\/\/perfumessence.eu\/pl\/?s={search_term_string}\"},\"query-input\":\"required name=search_term_string\"}],\"inLanguage\":\"pl-PL\"},{\"@type\":\"Organization\",\"@id\":\"https:\/\/perfumessence.eu\/pl\/#organization\",\"name\":\"Parfumerin\u0117 esencija\",\"url\":\"https:\/\/perfumessence.eu\/pl\/\",\"logo\":{\"@type\":\"ImageObject\",\"inLanguage\":\"pl-PL\",\"@id\":\"https:\/\/perfumessence.eu\/pl\/#\/schema\/logo\/image\/\",\"url\":\"\",\"contentUrl\":\"\",\"caption\":\"Parfumerin\u0117 esencija\"},\"image\":{\"@id\":\"https:\/\/perfumessence.eu\/pl\/#\/schema\/logo\/image\/\"},\"sameAs\":[\"https:\/\/www.facebook.com\/Parfumerin\u0117-esencija-424160218027238\/\",\"https:\/\/www.youtube.com\/channel\/UC0RI-RLwg1UQwDbAF-7a-MA\"]}]}<\/script>\n<!-- \/ Yoast SEO plugin. -->","yoast_head_json":{"title":"Domowy zapach \"Orchid & Lotus\" - Perfumessence","description":"\"Zapach do domu Orchid & Lotus to wyrafinowany zapach dla ka\u017cdego, kto chce, aby jego dom zawsze pachnia\u0142 \u015bwie\u017co i kwiatowo.","robots":{"index":"index","follow":"follow","max-snippet":"max-snippet:-1","max-image-preview":"max-image-preview:large","max-video-preview":"max-video-preview:-1"},"canonical":"https:\/\/perfumessence.eu\/pl\/produkt\/zapach-do-domu-orchidea-i-lotos\/","og_locale":"pl_PL","og_type":"article","og_title":"Domowy zapach \"Orchid & Lotus\" - Perfumessence","og_description":"\"Zapach do domu Orchid & Lotus to wyrafinowany zapach dla ka\u017cdego, kto chce, aby jego dom zawsze pachnia\u0142 \u015bwie\u017co i kwiatowo.","og_url":"https:\/\/perfumessence.eu\/pl\/produkt\/zapach-do-domu-orchidea-i-lotos\/","og_site_name":"Perfumessence","article_publisher":"https:\/\/www.facebook.com\/Parfumerin%c4%97-esencija-424160218027238\/","og_image":[{"width":600,"height":571,"url":"https:\/\/perfumessence.eu\/wp-content\/uploads\/2021\/11\/orchid-and-lotus-namu-kvapai-su-pagaliukais.jpg","type":"image\/jpeg"}],"twitter_card":"summary_large_image","twitter_misc":{"Szacowany czas czytania":"1 minuta"},"schema":{"@context":"https:\/\/schema.org","@graph":[{"@type":"WebPage","@id":"https:\/\/perfumessence.eu\/pl\/produkt\/zapach-do-domu-orchidea-i-lotos\/","url":"https:\/\/perfumessence.eu\/pl\/produkt\/zapach-do-domu-orchidea-i-lotos\/","name":"Domowy zapach \"Orchid & Lotus\" - Perfumessence","isPartOf":{"@id":"https:\/\/perfumessence.eu\/pl\/#website"},"datePublished":"2021-11-30T16:09:22+00:00","dateModified":"2021-11-30T16:09:22+00:00","description":"\"Zapach do domu Orchid & Lotus to wyrafinowany zapach dla ka\u017cdego, kto chce, aby jego dom zawsze pachnia\u0142 \u015bwie\u017co i kwiatowo.","breadcrumb":{"@id":"https:\/\/perfumessence.eu\/pl\/produkt\/zapach-do-domu-orchidea-i-lotos\/#breadcrumb"},"inLanguage":"pl-PL","potentialAction":[{"@type":"ReadAction","target":["https:\/\/perfumessence.eu\/pl\/produkt\/zapach-do-domu-orchidea-i-lotos\/"]}]},{"@type":"BreadcrumbList","@id":"https:\/\/perfumessence.eu\/pl\/produkt\/zapach-do-domu-orchidea-i-lotos\/#breadcrumb","itemListElement":[{"@type":"ListItem","position":1,"name":"Pagrindinis","item":"https:\/\/perfumessence.eu\/pl\/"},{"@type":"ListItem","position":2,"name":"Sklep","item":"https:\/\/perfumessence.eu\/pl\/sklep\/"},{"@type":"ListItem","position":3,"name":"Zapach do domu Orchidea i Lotos"}]},{"@type":"WebSite","@id":"https:\/\/perfumessence.eu\/pl\/#website","url":"https:\/\/perfumessence.eu\/pl\/","name":"Parfumerin\u0117 esencija","description":"Perfume Oils and Sprays","publisher":{"@id":"https:\/\/perfumessence.eu\/pl\/#organization"},"potentialAction":[{"@type":"SearchAction","target":{"@type":"EntryPoint","urlTemplate":"https:\/\/perfumessence.eu\/pl\/?s={search_term_string}"},"query-input":"required name=search_term_string"}],"inLanguage":"pl-PL"},{"@type":"Organization","@id":"https:\/\/perfumessence.eu\/pl\/#organization","name":"Parfumerin\u0117 esencija","url":"https:\/\/perfumessence.eu\/pl\/","logo":{"@type":"ImageObject","inLanguage":"pl-PL","@id":"https:\/\/perfumessence.eu\/pl\/#\/schema\/logo\/image\/","url":"","contentUrl":"","caption":"Parfumerin\u0117 esencija"},"image":{"@id":"https:\/\/perfumessence.eu\/pl\/#\/schema\/logo\/image\/"},"sameAs":["https:\/\/www.facebook.com\/Parfumerin\u0117-esencija-424160218027238\/","https:\/\/www.youtube.com\/channel\/UC0RI-RLwg1UQwDbAF-7a-MA"]}]}},"_links":{"self":[{"href":"https:\/\/perfumessence.eu\/pl\/wp-json\/wp\/v2\/product\/20392"}],"collection":[{"href":"https:\/\/perfumessence.eu\/pl\/wp-json\/wp\/v2\/product"}],"about":[{"href":"https:\/\/perfumessence.eu\/pl\/wp-json\/wp\/v2\/types\/product"}],"replies":[{"embeddable":true,"href":"https:\/\/perfumessence.eu\/pl\/wp-json\/wp\/v2\/comments?post=20392"}],"wp:featuredmedia":[{"embeddable":true,"href":"https:\/\/perfumessence.eu\/pl\/wp-json\/wp\/v2\/media\/20393"}],"wp:attachment":[{"href":"https:\/\/perfumessence.eu\/pl\/wp-json\/wp\/v2\/media?parent=20392"}],"wp:term":[{"taxonomy":"product_cat","embeddable":true,"href":"https:\/\/perfumessence.eu\/pl\/wp-json\/wp\/v2\/product_cat?post=20392"},{"taxonomy":"product_tag","embeddable":true,"href":"https:\/\/perfumessence.eu\/pl\/wp-json\/wp\/v2\/product_tag?post=20392"},{"taxonomy":"natos","embeddable":true,"href":"https:\/\/perfumessence.eu\/pl\/wp-json\/wp\/v2\/natos?post=20392"}],"curies":[{"name":"wp","href":"https:\/\/api.w.org\/{rel}","templated":true}]}}