{"id":20419,"date":"2022-06-02T18:20:22","date_gmt":"2022-06-02T15:20:22","guid":{"rendered":"https:\/\/perfumessence.eu\/product\/ik-86-champs-elysees-tester\/"},"modified":"2022-06-02T18:20:22","modified_gmt":"2022-06-02T15:20:22","slug":"ik-86-champs-elysees-tester","status":"publish","type":"product","link":"https:\/\/perfumessence.eu\/pl\/produkt\/ik-86-champs-elysees-tester\/","title":{"rendered":"IK-86. Champs Elysees Tester"},"content":{"rendered":"<p>&#8222;Mistrzowie<strong>  Elysees to propozycja dla kobiety, kt\u00f3ra ufa swoim instynktom i spontanicznie im ulega. Ten zapach jest ponadczasowy, tworz\u0105c wra\u017cenie magii i tajemniczo\u015bci. Jest to r\u00f3wnie\u017c symbol presti\u017cu. Transparentne nuty otwieraj\u0105 si\u0119 p\u0142atkami r\u00f3\u017cy i li\u015b\u0107mi mimozy, czarn\u0105 porzeczk\u0105, drewnem i wanili\u0105.<\/strong><\/p>\n<h6><strong>Nuty g\u0142owy:<\/strong><\/h6>\n<figure id=\"attachment_18591\" aria-describedby=\"caption-attachment-18591\" style=\"width: 80px\" class=\"wp-caption alignleft\"><a href=\"https:\/\/perfumessence.eu\/natos\/rozes\/\"><img decoding=\"async\" class=\"wp-image-15507\" src=\"https:\/\/perfumessence.eu\/wp-content\/uploads\/2022\/09\/roze-t.105.jpg\" alt=\"\" width=\"80\" height=\"80\" srcset=\"https:\/\/perfumessence.eu\/wp-content\/uploads\/2022\/09\/roze-t.105.jpg 120w, https:\/\/perfumessence.eu\/wp-content\/uploads\/2022\/09\/roze-t.105-100x100.jpg 100w, https:\/\/perfumessence.eu\/wp-content\/uploads\/2022\/09\/roze-t.105-64x64.jpg 64w\" sizes=\"(max-width: 80px) 100vw, 80px\" \/><\/a><figcaption id=\"caption-attachment-18591\" class=\"wp-caption-text\">R\u00f3\u017ce<\/figcaption><\/figure>\n<figure id=\"attachment_18633\" aria-describedby=\"caption-attachment-18633\" style=\"width: 80px\" class=\"wp-caption alignleft\"><a href=\"https:\/\/perfumessence.eu\/natos\/mimoza\/\"><img decoding=\"async\" class=\"wp-image-15649\" src=\"https:\/\/perfumessence.eu\/wp-content\/uploads\/2023\/04\/mimozat.webp\" alt=\"\" width=\"80\" height=\"80\" srcset=\"https:\/\/perfumessence.eu\/wp-content\/uploads\/2023\/04\/mimozat.webp 120w, https:\/\/perfumessence.eu\/wp-content\/uploads\/2023\/04\/mimozat-100x100.webp 100w, https:\/\/perfumessence.eu\/wp-content\/uploads\/2023\/04\/mimozat-64x64.webp 64w\" sizes=\"(max-width: 80px) 100vw, 80px\" \/><\/a><figcaption id=\"caption-attachment-18633\" class=\"wp-caption-text\">Mimoza<\/figcaption><\/figure>\n<figure id=\"attachment_18542\" aria-describedby=\"caption-attachment-18542\" style=\"width: 80px\" class=\"wp-caption alignleft\"><a href=\"https:\/\/perfumessence.eu\/natos\/migdolai\/\"><img decoding=\"async\" class=\"wp-image-15338\" src=\"https:\/\/perfumessence.eu\/wp-content\/uploads\/2023\/04\/almonds.webp\" alt=\"\" width=\"80\" height=\"79\" srcset=\"https:\/\/perfumessence.eu\/wp-content\/uploads\/2023\/04\/almonds.webp 120w, https:\/\/perfumessence.eu\/wp-content\/uploads\/2023\/04\/almonds-100x100.webp 100w, https:\/\/perfumessence.eu\/wp-content\/uploads\/2023\/04\/almonds-64x63.webp 64w\" sizes=\"(max-width: 80px) 100vw, 80px\" \/><\/a><figcaption id=\"caption-attachment-18542\" class=\"wp-caption-text\">Migda\u0142y<\/figcaption><\/figure>\n<h6><strong>Nuty \u015brodkowe:<\/strong><\/h6>\n<figure id=\"attachment_19957\" aria-describedby=\"caption-attachment-19957\" style=\"width: 80px\" class=\"wp-caption alignleft\"><a href=\"https:\/\/perfumessence.eu\/natos\/persikas\/\"><img loading=\"lazy\" decoding=\"async\" class=\"wp-image-15140\" src=\"https:\/\/perfumessence.eu\/wp-content\/uploads\/2023\/03\/persikas.webp\" alt=\"\" width=\"80\" height=\"80\" srcset=\"https:\/\/perfumessence.eu\/wp-content\/uploads\/2023\/03\/persikas.webp 120w, https:\/\/perfumessence.eu\/wp-content\/uploads\/2023\/03\/persikas-100x100.webp 100w, https:\/\/perfumessence.eu\/wp-content\/uploads\/2023\/03\/persikas-64x64.webp 64w\" sizes=\"(max-width: 80px) 100vw, 80px\" \/><\/a><figcaption id=\"caption-attachment-19957\" class=\"wp-caption-text\">Brzoskwinia<\/figcaption><\/figure>\n<figure id=\"attachment_19920\" aria-describedby=\"caption-attachment-19920\" style=\"width: 80px\" class=\"wp-caption alignleft\"><a href=\"https:\/\/perfumessence.eu\/natos\/juodieji-serbentai\/\"><img loading=\"lazy\" decoding=\"async\" class=\"wp-image-14888\" src=\"https:\/\/perfumessence.eu\/wp-content\/uploads\/2023\/02\/Juodieji-serbentai.webp\" alt=\"\" width=\"80\" height=\"80\" srcset=\"https:\/\/perfumessence.eu\/wp-content\/uploads\/2023\/02\/Juodieji-serbentai.webp 120w, https:\/\/perfumessence.eu\/wp-content\/uploads\/2023\/02\/Juodieji-serbentai-100x100.webp 100w, https:\/\/perfumessence.eu\/wp-content\/uploads\/2023\/02\/Juodieji-serbentai-64x64.webp 64w\" sizes=\"(max-width: 80px) 100vw, 80px\" \/><\/a><figcaption id=\"caption-attachment-19920\" class=\"wp-caption-text\">Czarne porzeczki<\/figcaption><\/figure>\n<h6><strong>Nuty bazy:<\/strong><\/h6>\n<figure id=\"attachment_18518\" aria-describedby=\"caption-attachment-18518\" style=\"width: 80px\" class=\"wp-caption alignleft\"><a href=\"https:\/\/perfumessence.eu\/natos\/vanile\/\"><img loading=\"lazy\" decoding=\"async\" class=\"wp-image-15084\" src=\"https:\/\/perfumessence.eu\/wp-content\/uploads\/2023\/03\/vaniles-nata.webp\" alt=\"\" width=\"80\" height=\"80\" srcset=\"https:\/\/perfumessence.eu\/wp-content\/uploads\/2023\/03\/vaniles-nata.webp 120w, https:\/\/perfumessence.eu\/wp-content\/uploads\/2023\/03\/vaniles-nata-100x100.webp 100w, https:\/\/perfumessence.eu\/wp-content\/uploads\/2023\/03\/vaniles-nata-64x64.webp 64w\" sizes=\"(max-width: 80px) 100vw, 80px\" \/><\/a><figcaption id=\"caption-attachment-18518\" class=\"wp-caption-text\">Wanilia<\/figcaption><\/figure>\n<figure id=\"attachment_18589\" aria-describedby=\"caption-attachment-18589\" style=\"width: 80px\" class=\"wp-caption alignleft\"><a href=\"https:\/\/perfumessence.eu\/natos\/mediena\/\"><img loading=\"lazy\" decoding=\"async\" class=\"wp-image-15504\" src=\"https:\/\/perfumessence.eu\/wp-content\/uploads\/2023\/04\/mediena-t.1437.jpg\" alt=\"\" width=\"80\" height=\"80\" srcset=\"https:\/\/perfumessence.eu\/wp-content\/uploads\/2023\/04\/mediena-t.1437.jpg 120w, https:\/\/perfumessence.eu\/wp-content\/uploads\/2023\/04\/mediena-t.1437-100x100.jpg 100w, https:\/\/perfumessence.eu\/wp-content\/uploads\/2023\/04\/mediena-t.1437-64x64.jpg 64w\" sizes=\"(max-width: 80px) 100vw, 80px\" \/><\/a><figcaption id=\"caption-attachment-18589\" class=\"wp-caption-text\">Drewno<\/figcaption><\/figure>\n<figure id=\"attachment_19925\" aria-describedby=\"caption-attachment-19925\" style=\"width: 80px\" class=\"wp-caption alignleft\"><a href=\"https:\/\/perfumessence.eu\/natos\/sandalmedis\/\"><img loading=\"lazy\" decoding=\"async\" class=\"wp-image-14940\" src=\"https:\/\/perfumessence.eu\/wp-content\/uploads\/2023\/02\/sandalmedis.jpg\" alt=\"\" width=\"80\" height=\"80\" srcset=\"https:\/\/perfumessence.eu\/wp-content\/uploads\/2023\/02\/sandalmedis.jpg 120w, https:\/\/perfumessence.eu\/wp-content\/uploads\/2023\/02\/sandalmedis-100x100.jpg 100w, https:\/\/perfumessence.eu\/wp-content\/uploads\/2023\/02\/sandalmedis-64x64.jpg 64w\" sizes=\"(max-width: 80px) 100vw, 80px\" \/><\/a><figcaption id=\"caption-attachment-19925\" class=\"wp-caption-text\">Drzewo sanda\u0142owe<\/figcaption><\/figure>\n<p>  Fikcyjny tekst<\/p>\n","protected":false},"excerpt":{"rendered":"<p><em><strong>Zapach dla p\u0142ci pi\u0119knej, kt\u00f3ra ufa swoim instynktom i spontanicznie si\u0119 im poddaje.  <\/strong><\/em><\/p>\n<p>Pr\u00f3bka zapachu o pojemno\u015bci 1 <strong>,2 ml<\/strong>, aby pozna\u0107 zapach Champs Elysees.<\/p>\n","protected":false},"featured_media":19688,"comment_status":"open","ping_status":"closed","template":"","meta":{"site-sidebar-layout":"default","site-content-layout":"default","ast-site-content-layout":"","site-content-style":"default","site-sidebar-style":"default","ast-global-header-display":"","ast-banner-title-visibility":"","ast-main-header-display":"","ast-hfb-above-header-display":"","ast-hfb-below-header-display":"","ast-hfb-mobile-header-display":"","site-post-title":"","ast-breadcrumbs-content":"","ast-featured-img":"","footer-sml-layout":"","theme-transparent-header-meta":"default","adv-header-id-meta":"","stick-header-meta":"default","header-above-stick-meta":"","header-main-stick-meta":"","header-below-stick-meta":"","astra-migrate-meta-layouts":"default","ast-page-background-enabled":"default","ast-page-background-meta":{"desktop":{"background-color":"var(--ast-global-color-4)","background-image":"","background-repeat":"repeat","background-position":"center center","background-size":"auto","background-attachment":"scroll","background-type":"","background-media":"","overlay-type":"","overlay-color":"","overlay-gradient":""},"tablet":{"background-color":"","background-image":"","background-repeat":"repeat","background-position":"center center","background-size":"auto","background-attachment":"scroll","background-type":"","background-media":"","overlay-type":"","overlay-color":"","overlay-gradient":""},"mobile":{"background-color":"","background-image":"","background-repeat":"repeat","background-position":"center center","background-size":"auto","background-attachment":"scroll","background-type":"","background-media":"","overlay-type":"","overlay-color":"","overlay-gradient":""}},"ast-content-background-meta":{"desktop":{"background-color":"var(--ast-global-color-5)","background-image":"","background-repeat":"repeat","background-position":"center center","background-size":"auto","background-attachment":"scroll","background-type":"","background-media":"","overlay-type":"","overlay-color":"","overlay-gradient":""},"tablet":{"background-color":"var(--ast-global-color-5)","background-image":"","background-repeat":"repeat","background-position":"center center","background-size":"auto","background-attachment":"scroll","background-type":"","background-media":"","overlay-type":"","overlay-color":"","overlay-gradient":""},"mobile":{"background-color":"var(--ast-global-color-5)","background-image":"","background-repeat":"repeat","background-position":"center center","background-size":"auto","background-attachment":"scroll","background-type":"","background-media":"","overlay-type":"","overlay-color":"","overlay-gradient":""}}},"product_cat":[497],"product_tag":[498,515,544,521],"natos":[511,523,554,501,664,659,500,510],"acf":[],"yoast_head":"<!-- This site is optimized with the Yoast SEO plugin v21.7 - https:\/\/yoast.com\/wordpress\/plugins\/seo\/ -->\n<title>IK-86. Champs Elysees Tester - Perfumessence<\/title>\n<meta name=\"description\" content=\"Pola Elizejskie s\u0105 ponadczasowe, magiczne i tajemnicze. Wersja testowa.\" \/>\n<meta name=\"robots\" content=\"noindex, follow\" \/>\n<meta property=\"og:locale\" content=\"pl_PL\" \/>\n<meta property=\"og:type\" content=\"article\" \/>\n<meta property=\"og:title\" content=\"IK-86. Champs Elysees Tester - Perfumessence\" \/>\n<meta property=\"og:description\" content=\"Pola Elizejskie s\u0105 ponadczasowe, magiczne i tajemnicze. Wersja testowa.\" \/>\n<meta property=\"og:url\" content=\"https:\/\/perfumessence.eu\/pl\/produkt\/ik-86-champs-elysees-tester\/\" \/>\n<meta property=\"og:site_name\" content=\"Perfumessence\" \/>\n<meta property=\"article:publisher\" content=\"https:\/\/www.facebook.com\/Parfumerin%c4%97-esencija-424160218027238\/\" \/>\n<meta property=\"og:image\" content=\"https:\/\/perfumessence.eu\/wp-content\/uploads\/2024\/01\/tester-1.jpg\" \/>\n\t<meta property=\"og:image:width\" content=\"2480\" \/>\n\t<meta property=\"og:image:height\" content=\"2480\" \/>\n\t<meta property=\"og:image:type\" content=\"image\/jpeg\" \/>\n<meta name=\"twitter:card\" content=\"summary_large_image\" \/>\n<meta name=\"twitter:label1\" content=\"Szacowany czas czytania\" \/>\n\t<meta name=\"twitter:data1\" content=\"1 minuta\" \/>\n<script type=\"application\/ld+json\" class=\"yoast-schema-graph\">{\"@context\":\"https:\/\/schema.org\",\"@graph\":[{\"@type\":\"WebPage\",\"@id\":\"https:\/\/perfumessence.eu\/pl\/produkt\/ik-86-champs-elysees-tester\/\",\"url\":\"https:\/\/perfumessence.eu\/pl\/produkt\/ik-86-champs-elysees-tester\/\",\"name\":\"IK-86. Champs Elysees Tester - Perfumessence\",\"isPartOf\":{\"@id\":\"https:\/\/perfumessence.eu\/pl\/#website\"},\"datePublished\":\"2022-06-02T15:20:22+00:00\",\"dateModified\":\"2022-06-02T15:20:22+00:00\",\"description\":\"Pola Elizejskie s\u0105 ponadczasowe, magiczne i tajemnicze. Wersja testowa.\",\"breadcrumb\":{\"@id\":\"https:\/\/perfumessence.eu\/pl\/produkt\/ik-86-champs-elysees-tester\/#breadcrumb\"},\"inLanguage\":\"pl-PL\",\"potentialAction\":[{\"@type\":\"ReadAction\",\"target\":[\"https:\/\/perfumessence.eu\/pl\/produkt\/ik-86-champs-elysees-tester\/\"]}]},{\"@type\":\"BreadcrumbList\",\"@id\":\"https:\/\/perfumessence.eu\/pl\/produkt\/ik-86-champs-elysees-tester\/#breadcrumb\",\"itemListElement\":[{\"@type\":\"ListItem\",\"position\":1,\"name\":\"Pagrindinis\",\"item\":\"https:\/\/perfumessence.eu\/pl\/\"},{\"@type\":\"ListItem\",\"position\":2,\"name\":\"Sklep\",\"item\":\"https:\/\/perfumessence.eu\/pl\/sklep\/\"},{\"@type\":\"ListItem\",\"position\":3,\"name\":\"IK-86. Champs Elysees Tester\"}]},{\"@type\":\"WebSite\",\"@id\":\"https:\/\/perfumessence.eu\/pl\/#website\",\"url\":\"https:\/\/perfumessence.eu\/pl\/\",\"name\":\"Parfumerin\u0117 esencija\",\"description\":\"Perfume Oils and Sprays\",\"publisher\":{\"@id\":\"https:\/\/perfumessence.eu\/pl\/#organization\"},\"potentialAction\":[{\"@type\":\"SearchAction\",\"target\":{\"@type\":\"EntryPoint\",\"urlTemplate\":\"https:\/\/perfumessence.eu\/pl\/?s={search_term_string}\"},\"query-input\":\"required name=search_term_string\"}],\"inLanguage\":\"pl-PL\"},{\"@type\":\"Organization\",\"@id\":\"https:\/\/perfumessence.eu\/pl\/#organization\",\"name\":\"Parfumerin\u0117 esencija\",\"url\":\"https:\/\/perfumessence.eu\/pl\/\",\"logo\":{\"@type\":\"ImageObject\",\"inLanguage\":\"pl-PL\",\"@id\":\"https:\/\/perfumessence.eu\/pl\/#\/schema\/logo\/image\/\",\"url\":\"\",\"contentUrl\":\"\",\"caption\":\"Parfumerin\u0117 esencija\"},\"image\":{\"@id\":\"https:\/\/perfumessence.eu\/pl\/#\/schema\/logo\/image\/\"},\"sameAs\":[\"https:\/\/www.facebook.com\/Parfumerin\u0117-esencija-424160218027238\/\",\"https:\/\/www.youtube.com\/channel\/UC0RI-RLwg1UQwDbAF-7a-MA\"]}]}<\/script>\n<!-- \/ Yoast SEO plugin. -->","yoast_head_json":{"title":"IK-86. Champs Elysees Tester - Perfumessence","description":"Pola Elizejskie s\u0105 ponadczasowe, magiczne i tajemnicze. Wersja testowa.","robots":{"index":"noindex","follow":"follow"},"og_locale":"pl_PL","og_type":"article","og_title":"IK-86. Champs Elysees Tester - Perfumessence","og_description":"Pola Elizejskie s\u0105 ponadczasowe, magiczne i tajemnicze. Wersja testowa.","og_url":"https:\/\/perfumessence.eu\/pl\/produkt\/ik-86-champs-elysees-tester\/","og_site_name":"Perfumessence","article_publisher":"https:\/\/www.facebook.com\/Parfumerin%c4%97-esencija-424160218027238\/","og_image":[{"width":2480,"height":2480,"url":"https:\/\/perfumessence.eu\/wp-content\/uploads\/2024\/01\/tester-1.jpg","type":"image\/jpeg"}],"twitter_card":"summary_large_image","twitter_misc":{"Szacowany czas czytania":"1 minuta"},"schema":{"@context":"https:\/\/schema.org","@graph":[{"@type":"WebPage","@id":"https:\/\/perfumessence.eu\/pl\/produkt\/ik-86-champs-elysees-tester\/","url":"https:\/\/perfumessence.eu\/pl\/produkt\/ik-86-champs-elysees-tester\/","name":"IK-86. Champs Elysees Tester - Perfumessence","isPartOf":{"@id":"https:\/\/perfumessence.eu\/pl\/#website"},"datePublished":"2022-06-02T15:20:22+00:00","dateModified":"2022-06-02T15:20:22+00:00","description":"Pola Elizejskie s\u0105 ponadczasowe, magiczne i tajemnicze. Wersja testowa.","breadcrumb":{"@id":"https:\/\/perfumessence.eu\/pl\/produkt\/ik-86-champs-elysees-tester\/#breadcrumb"},"inLanguage":"pl-PL","potentialAction":[{"@type":"ReadAction","target":["https:\/\/perfumessence.eu\/pl\/produkt\/ik-86-champs-elysees-tester\/"]}]},{"@type":"BreadcrumbList","@id":"https:\/\/perfumessence.eu\/pl\/produkt\/ik-86-champs-elysees-tester\/#breadcrumb","itemListElement":[{"@type":"ListItem","position":1,"name":"Pagrindinis","item":"https:\/\/perfumessence.eu\/pl\/"},{"@type":"ListItem","position":2,"name":"Sklep","item":"https:\/\/perfumessence.eu\/pl\/sklep\/"},{"@type":"ListItem","position":3,"name":"IK-86. Champs Elysees Tester"}]},{"@type":"WebSite","@id":"https:\/\/perfumessence.eu\/pl\/#website","url":"https:\/\/perfumessence.eu\/pl\/","name":"Parfumerin\u0117 esencija","description":"Perfume Oils and Sprays","publisher":{"@id":"https:\/\/perfumessence.eu\/pl\/#organization"},"potentialAction":[{"@type":"SearchAction","target":{"@type":"EntryPoint","urlTemplate":"https:\/\/perfumessence.eu\/pl\/?s={search_term_string}"},"query-input":"required name=search_term_string"}],"inLanguage":"pl-PL"},{"@type":"Organization","@id":"https:\/\/perfumessence.eu\/pl\/#organization","name":"Parfumerin\u0117 esencija","url":"https:\/\/perfumessence.eu\/pl\/","logo":{"@type":"ImageObject","inLanguage":"pl-PL","@id":"https:\/\/perfumessence.eu\/pl\/#\/schema\/logo\/image\/","url":"","contentUrl":"","caption":"Parfumerin\u0117 esencija"},"image":{"@id":"https:\/\/perfumessence.eu\/pl\/#\/schema\/logo\/image\/"},"sameAs":["https:\/\/www.facebook.com\/Parfumerin\u0117-esencija-424160218027238\/","https:\/\/www.youtube.com\/channel\/UC0RI-RLwg1UQwDbAF-7a-MA"]}]}},"_links":{"self":[{"href":"https:\/\/perfumessence.eu\/pl\/wp-json\/wp\/v2\/product\/20419"}],"collection":[{"href":"https:\/\/perfumessence.eu\/pl\/wp-json\/wp\/v2\/product"}],"about":[{"href":"https:\/\/perfumessence.eu\/pl\/wp-json\/wp\/v2\/types\/product"}],"replies":[{"embeddable":true,"href":"https:\/\/perfumessence.eu\/pl\/wp-json\/wp\/v2\/comments?post=20419"}],"wp:featuredmedia":[{"embeddable":true,"href":"https:\/\/perfumessence.eu\/pl\/wp-json\/wp\/v2\/media\/19688"}],"wp:attachment":[{"href":"https:\/\/perfumessence.eu\/pl\/wp-json\/wp\/v2\/media?parent=20419"}],"wp:term":[{"taxonomy":"product_cat","embeddable":true,"href":"https:\/\/perfumessence.eu\/pl\/wp-json\/wp\/v2\/product_cat?post=20419"},{"taxonomy":"product_tag","embeddable":true,"href":"https:\/\/perfumessence.eu\/pl\/wp-json\/wp\/v2\/product_tag?post=20419"},{"taxonomy":"natos","embeddable":true,"href":"https:\/\/perfumessence.eu\/pl\/wp-json\/wp\/v2\/natos?post=20419"}],"curies":[{"name":"wp","href":"https:\/\/api.w.org\/{rel}","templated":true}]}}