{"id":20429,"date":"2022-06-02T20:26:55","date_gmt":"2022-06-02T17:26:55","guid":{"rendered":"https:\/\/perfumessence.eu\/product\/ik-68-addict-2-tester\/"},"modified":"2022-06-02T20:26:55","modified_gmt":"2022-06-02T17:26:55","slug":"ik-68-addict-2-tester","status":"publish","type":"product","link":"https:\/\/perfumessence.eu\/pl\/produkt\/ik-68-addict-2-tester\/","title":{"rendered":"IK-68. Addict 2 Tester"},"content":{"rendered":"<p><strong>Dla kobiet, kt\u00f3re uwielbiaj\u0105 t\u0119 mark\u0119, te perfumy to pozycja obowi\u0105zkowa. To czaruj\u0105cy, \u015bwie\u017cy i owocowy zapach. Z kwiatowo-owocowym zapachem i nut\u0105 pi\u017cma, Addict 2 jest dla seksownej m\u0142odej kobiety szukaj\u0105cej czaruj\u0105cego, przyjemnego i \u015bwie\u017cego zapachu.<\/strong><\/p>\n<p><strong>Ten zapach emanuje optymizmem i energi\u0105, jest owocowy, \u015bwie\u017cy i uwodzicielski, podkre\u015blaj\u0105c kobieco\u015b\u0107. Ca\u0142o\u015b\u0107 tworz\u0105 bergamotka, grejpfrut, pomara\u0144cza, frezja, konwalia, kwiat lotosu, ananas, arbuz, syrop z granatu, cedr, drzewo sanda\u0142owe i bia\u0142e pi\u017cmo.<\/strong><\/p>\n<p>&nbsp;<\/p>\n<h6><strong>Nuty g\u0142owy:<\/strong><\/h6>\n<figure id=\"attachment_18693\" aria-describedby=\"caption-attachment-18693\" style=\"width: 80px\" class=\"wp-caption alignleft\"><a href=\"https:\/\/perfumessence.eu\/natos\/greipfurtas\/\"><img decoding=\"async\" class=\"wp-image-15793\" src=\"https:\/\/perfumessence.eu\/wp-content\/uploads\/2023\/05\/greipfurtas-t.webp\" alt=\"\" width=\"80\" height=\"80\" srcset=\"https:\/\/perfumessence.eu\/wp-content\/uploads\/2023\/05\/greipfurtas-t.webp 120w, https:\/\/perfumessence.eu\/wp-content\/uploads\/2023\/05\/greipfurtas-t-100x100.webp 100w, https:\/\/perfumessence.eu\/wp-content\/uploads\/2023\/05\/greipfurtas-t-64x64.webp 64w\" sizes=\"(max-width: 80px) 100vw, 80px\" \/><\/a><figcaption id=\"caption-attachment-18693\" class=\"wp-caption-text\">Greipfurt<\/figcaption><\/figure>\n<figure id=\"attachment_18610\" aria-describedby=\"caption-attachment-18610\" style=\"width: 80px\" class=\"wp-caption alignleft\"><a href=\"https:\/\/perfumessence.eu\/natos\/frezijos\/\"><img decoding=\"async\" class=\"wp-image-15587\" src=\"https:\/\/perfumessence.eu\/wp-content\/uploads\/2023\/04\/Frezija-t.webp\" alt=\"\" width=\"80\" height=\"80\" srcset=\"https:\/\/perfumessence.eu\/wp-content\/uploads\/2023\/04\/Frezija-t.webp 120w, https:\/\/perfumessence.eu\/wp-content\/uploads\/2023\/04\/Frezija-t-100x100.webp 100w, https:\/\/perfumessence.eu\/wp-content\/uploads\/2023\/04\/Frezija-t-64x64.webp 64w\" sizes=\"(max-width: 80px) 100vw, 80px\" \/><\/a><figcaption id=\"caption-attachment-18610\" class=\"wp-caption-text\">Frezja<\/figcaption><\/figure>\n<figure id=\"attachment_18573\" aria-describedby=\"caption-attachment-18573\" style=\"width: 80px\" class=\"wp-caption alignleft\"><a href=\"https:\/\/perfumessence.eu\/natos\/apelsinai\/\"><img decoding=\"async\" class=\"wp-image-15486\" src=\"https:\/\/perfumessence.eu\/wp-content\/uploads\/2023\/04\/apelsinai-t.webp\" alt=\"\" width=\"80\" height=\"80\" srcset=\"https:\/\/perfumessence.eu\/wp-content\/uploads\/2023\/04\/apelsinai-t.webp 120w, https:\/\/perfumessence.eu\/wp-content\/uploads\/2023\/04\/apelsinai-t-100x100.webp 100w, https:\/\/perfumessence.eu\/wp-content\/uploads\/2023\/04\/apelsinai-t-64x64.webp 64w\" sizes=\"(max-width: 80px) 100vw, 80px\" \/><\/a><figcaption id=\"caption-attachment-18573\" class=\"wp-caption-text\">Pomara\u0144cze<\/figcaption><\/figure>\n<figure id=\"attachment_18508\" aria-describedby=\"caption-attachment-18508\" style=\"width: 80px\" class=\"wp-caption alignleft\"><a href=\"https:\/\/perfumessence.eu\/natos\/bergamote\/\"><img loading=\"lazy\" decoding=\"async\" class=\"wp-image-15072\" src=\"https:\/\/perfumessence.eu\/wp-content\/uploads\/2023\/03\/bergamote.webp\" alt=\"\" width=\"80\" height=\"80\" srcset=\"https:\/\/perfumessence.eu\/wp-content\/uploads\/2023\/03\/bergamote.webp 120w, https:\/\/perfumessence.eu\/wp-content\/uploads\/2023\/03\/bergamote-100x100.webp 100w, https:\/\/perfumessence.eu\/wp-content\/uploads\/2023\/03\/bergamote-64x64.webp 64w\" sizes=\"(max-width: 80px) 100vw, 80px\" \/><\/a><figcaption id=\"caption-attachment-18508\" class=\"wp-caption-text\">Bergamotka<\/figcaption><\/figure>\n<h6><strong>Nuty \u015brodkowe:<\/strong><\/h6>\n<figure id=\"attachment_18689\" aria-describedby=\"caption-attachment-18689\" style=\"width: 80px\" class=\"wp-caption alignleft\"><a href=\"https:\/\/perfumessence.eu\/natos\/lotosas\/\"><img loading=\"lazy\" decoding=\"async\" class=\"wp-image-15789\" src=\"https:\/\/perfumessence.eu\/wp-content\/uploads\/2023\/05\/lotosas-t.webp\" alt=\"\" width=\"80\" height=\"80\" srcset=\"https:\/\/perfumessence.eu\/wp-content\/uploads\/2023\/05\/lotosas-t.webp 120w, https:\/\/perfumessence.eu\/wp-content\/uploads\/2023\/05\/lotosas-t-100x100.webp 100w, https:\/\/perfumessence.eu\/wp-content\/uploads\/2023\/05\/lotosas-t-64x64.webp 64w\" sizes=\"(max-width: 80px) 100vw, 80px\" \/><\/a><figcaption id=\"caption-attachment-18689\" class=\"wp-caption-text\">Lotos<\/figcaption><\/figure>\n<figure id=\"attachment_18687\" aria-describedby=\"caption-attachment-18687\" style=\"width: 80px\" class=\"wp-caption alignleft\"><a href=\"https:\/\/perfumessence.eu\/natos\/arbuzas\/\"><img loading=\"lazy\" decoding=\"async\" class=\"wp-image-15786\" src=\"https:\/\/perfumessence.eu\/wp-content\/uploads\/2023\/05\/arbuzas-t.webp\" alt=\"\" width=\"80\" height=\"80\" srcset=\"https:\/\/perfumessence.eu\/wp-content\/uploads\/2023\/05\/arbuzas-t.webp 120w, https:\/\/perfumessence.eu\/wp-content\/uploads\/2023\/05\/arbuzas-t-100x100.webp 100w, https:\/\/perfumessence.eu\/wp-content\/uploads\/2023\/05\/arbuzas-t-64x64.webp 64w\" sizes=\"(max-width: 80px) 100vw, 80px\" \/><\/a><figcaption id=\"caption-attachment-18687\" class=\"wp-caption-text\">Arbuzy<\/figcaption><\/figure>\n<figure id=\"attachment_18691\" aria-describedby=\"caption-attachment-18691\" style=\"width: 80px\" class=\"wp-caption alignleft\"><a href=\"https:\/\/perfumessence.eu\/natos\/granatas\/\"><img loading=\"lazy\" decoding=\"async\" class=\"wp-image-15791\" src=\"https:\/\/perfumessence.eu\/wp-content\/uploads\/2023\/05\/Granatast.webp\" alt=\"\" width=\"80\" height=\"80\" srcset=\"https:\/\/perfumessence.eu\/wp-content\/uploads\/2023\/05\/Granatast.webp 120w, https:\/\/perfumessence.eu\/wp-content\/uploads\/2023\/05\/Granatast-100x100.webp 100w, https:\/\/perfumessence.eu\/wp-content\/uploads\/2023\/05\/Granatast-64x64.webp 64w\" sizes=\"(max-width: 80px) 100vw, 80px\" \/><\/a><figcaption id=\"caption-attachment-18691\" class=\"wp-caption-text\">Granat<\/figcaption><\/figure>\n<figure id=\"attachment_20080\" aria-describedby=\"caption-attachment-20080\" style=\"width: 80px\" class=\"wp-caption alignleft\"><a href=\"https:\/\/perfumessence.eu\/natos\/ananasas\/\"><img loading=\"lazy\" decoding=\"async\" class=\"wp-image-15744\" src=\"https:\/\/perfumessence.eu\/wp-content\/uploads\/2023\/05\/ananasas-t.webp\" alt=\"\" width=\"80\" height=\"80\" srcset=\"https:\/\/perfumessence.eu\/wp-content\/uploads\/2023\/05\/ananasas-t.webp 120w, https:\/\/perfumessence.eu\/wp-content\/uploads\/2023\/05\/ananasas-t-100x100.webp 100w, https:\/\/perfumessence.eu\/wp-content\/uploads\/2023\/05\/ananasas-t-64x64.webp 64w\" sizes=\"(max-width: 80px) 100vw, 80px\" \/><\/a><figcaption id=\"caption-attachment-20080\" class=\"wp-caption-text\">Ananas<\/figcaption><\/figure>\n<h6><strong>Nuty bazy:<\/strong><\/h6>\n<figure id=\"attachment_19860\" aria-describedby=\"caption-attachment-19860\" style=\"width: 80px\" class=\"wp-caption alignleft\"><a href=\"https:\/\/perfumessence.eu\/natos\/kedras\/\"><img loading=\"lazy\" decoding=\"async\" class=\"wp-image-14877\" src=\"https:\/\/perfumessence.eu\/wp-content\/uploads\/2023\/02\/kedro-aromatas.webp\" alt=\"\" width=\"80\" height=\"80\" srcset=\"https:\/\/perfumessence.eu\/wp-content\/uploads\/2023\/02\/kedro-aromatas.webp 120w, https:\/\/perfumessence.eu\/wp-content\/uploads\/2023\/02\/kedro-aromatas-100x100.webp 100w, https:\/\/perfumessence.eu\/wp-content\/uploads\/2023\/02\/kedro-aromatas-64x64.webp 64w\" sizes=\"(max-width: 80px) 100vw, 80px\" \/><\/a><figcaption id=\"caption-attachment-19860\" class=\"wp-caption-text\">Cedr<\/figcaption><\/figure>\n<figure id=\"attachment_19926\" aria-describedby=\"caption-attachment-19926\" style=\"width: 80px\" class=\"wp-caption alignleft\"><a href=\"https:\/\/perfumessence.eu\/natos\/muskusas\/\"><img loading=\"lazy\" decoding=\"async\" class=\"wp-image-14941\" src=\"https:\/\/perfumessence.eu\/wp-content\/uploads\/2023\/02\/muskusas.jpg\" alt=\"\" width=\"80\" height=\"80\" srcset=\"https:\/\/perfumessence.eu\/wp-content\/uploads\/2023\/02\/muskusas.jpg 120w, https:\/\/perfumessence.eu\/wp-content\/uploads\/2023\/02\/muskusas-100x100.jpg 100w, https:\/\/perfumessence.eu\/wp-content\/uploads\/2023\/02\/muskusas-64x64.jpg 64w\" sizes=\"(max-width: 80px) 100vw, 80px\" \/><\/a><figcaption id=\"caption-attachment-19926\" class=\"wp-caption-text\">Pi\u017cmo<\/figcaption><\/figure>\n<figure id=\"attachment_19925\" aria-describedby=\"caption-attachment-19925\" style=\"width: 80px\" class=\"wp-caption alignleft\"><a href=\"https:\/\/perfumessence.eu\/natos\/sandalmedis\/\"><img loading=\"lazy\" decoding=\"async\" class=\"wp-image-14940\" src=\"https:\/\/perfumessence.eu\/wp-content\/uploads\/2023\/02\/sandalmedis.jpg\" alt=\"\" width=\"80\" height=\"80\" srcset=\"https:\/\/perfumessence.eu\/wp-content\/uploads\/2023\/02\/sandalmedis.jpg 120w, https:\/\/perfumessence.eu\/wp-content\/uploads\/2023\/02\/sandalmedis-100x100.jpg 100w, https:\/\/perfumessence.eu\/wp-content\/uploads\/2023\/02\/sandalmedis-64x64.jpg 64w\" sizes=\"(max-width: 80px) 100vw, 80px\" \/><\/a><figcaption id=\"caption-attachment-19925\" class=\"wp-caption-text\">Drzewo sanda\u0142owe<\/figcaption><\/figure>\n<h6>\n<strong>Dostawa:<\/strong><\/h6>\n<p>&#8211; Litwa (Venipak kurier\/Omniva urz\u0119dy pocztowe): w ci\u0105gu 1-3 dni d.;<\/p>\n<p>&#8211; inne kraje (Poczta Litewska): w ci\u0105gu 5-14 dni d.;<\/p>\n<p>&#8211; odbi\u00f3r w naszym sklepie (Ba\u017eny\u010dios g. 38, Marijampol\u0117 68309 (wewn\u0105trz supermarketu MAXIMA)): w dniu zakupu.<\/p>\n<h6><strong>P\u0142atno\u015b\u0107 za towary:<\/strong><\/h6>\n<p>&#8211; za pomoc\u0105 system\u00f3w bankowo\u015bci internetowej banku;<\/p>\n<p>&#8211; Got\u00f3wk\u0105 lub kart\u0105 bankow\u0105 bezpo\u015brednio u kuriera lub w plac\u00f3wkach pocztowych Omniva;<\/p>\n<p>&#8211; karty kredytowe i debetowe;<\/p>\n<p>&#8211; got\u00f3wk\u0105 w naszym sklepie (Ba\u017eny\u010dios g. 38, Marijampol\u0117 68309 (wewn\u0105trz centrum handlowego MAXIMA).<\/p>\n<h6><strong>Nasze produkty:<\/strong><\/h6>\n<p>Sprzedawane przez nas zapachy s\u0105 w 99% podobne do oryginalnych zapach\u00f3w marki, ale nie powinny by\u0107 z nimi mylone.<\/p>\n<p>Wszystkie u\u017cyte nazwy s\u0105 chronione prawami autorskimi producent\u00f3w lub projektant\u00f3w.<\/p>\n<p>Pytania? Zadzwo\u0144 pod numer +370 645 17041 lub wy\u015blij wiadomo\u015b\u0107 e-mail na adres pardavimai@perfumessence.eu.<\/p>\n<p>Je\u015bli nie mo\u017cesz znale\u017a\u0107 informacji, kt\u00f3rych szukasz na stronie internetowej lub je\u015bli jeste\u015b zainteresowany niestandardowym zam\u00f3wieniem, mo\u017cesz zada\u0107 nam wszelkie pytania, a my do\u0142o\u017cymy wszelkich stara\u0144, aby odpowiedzie\u0107 na nie tak szybko, jak to mo\u017cliwe.<\/p>\n","protected":false},"excerpt":{"rendered":"<p><strong><em>Optymistyczny zapach, kt\u00f3ry emanuje energi\u0105, jest owocowy, \u015bwie\u017cy i uwodzicielski, podkre\u015blaj\u0105c kobieco\u015b\u0107.<\/em><\/strong><\/p>\n<p>Pr\u00f3bka zapachu o pojemno\u015bci 1 <strong>,2<\/strong> ml s\u0142u\u017cy do zapoznania si\u0119 z zapachem Addict 2.<\/p>\n","protected":false},"featured_media":19688,"comment_status":"open","ping_status":"closed","template":"","meta":{"site-sidebar-layout":"default","site-content-layout":"default","ast-site-content-layout":"","site-content-style":"default","site-sidebar-style":"default","ast-global-header-display":"","ast-banner-title-visibility":"","ast-main-header-display":"","ast-hfb-above-header-display":"","ast-hfb-below-header-display":"","ast-hfb-mobile-header-display":"","site-post-title":"","ast-breadcrumbs-content":"","ast-featured-img":"","footer-sml-layout":"","theme-transparent-header-meta":"default","adv-header-id-meta":"","stick-header-meta":"default","header-above-stick-meta":"","header-main-stick-meta":"","header-below-stick-meta":"","astra-migrate-meta-layouts":"default","ast-page-background-enabled":"default","ast-page-background-meta":{"desktop":{"background-color":"var(--ast-global-color-4)","background-image":"","background-repeat":"repeat","background-position":"center center","background-size":"auto","background-attachment":"scroll","background-type":"","background-media":"","overlay-type":"","overlay-color":"","overlay-gradient":""},"tablet":{"background-color":"","background-image":"","background-repeat":"repeat","background-position":"center center","background-size":"auto","background-attachment":"scroll","background-type":"","background-media":"","overlay-type":"","overlay-color":"","overlay-gradient":""},"mobile":{"background-color":"","background-image":"","background-repeat":"repeat","background-position":"center center","background-size":"auto","background-attachment":"scroll","background-type":"","background-media":"","overlay-type":"","overlay-color":"","overlay-gradient":""}},"ast-content-background-meta":{"desktop":{"background-color":"var(--ast-global-color-5)","background-image":"","background-repeat":"repeat","background-position":"center center","background-size":"auto","background-attachment":"scroll","background-type":"","background-media":"","overlay-type":"","overlay-color":"","overlay-gradient":""},"tablet":{"background-color":"var(--ast-global-color-5)","background-image":"","background-repeat":"repeat","background-position":"center center","background-size":"auto","background-attachment":"scroll","background-type":"","background-media":"","overlay-type":"","overlay-color":"","overlay-gradient":""},"mobile":{"background-color":"var(--ast-global-color-5)","background-image":"","background-repeat":"repeat","background-position":"center center","background-size":"auto","background-attachment":"scroll","background-type":"","background-media":"","overlay-type":"","overlay-color":"","overlay-gradient":""}}},"product_cat":[497],"product_tag":[532,498,515,544],"natos":[618,674,507,534,501,594,672,529,671,502,606],"acf":[],"yoast_head":"<!-- This site is optimized with the Yoast SEO plugin v21.7 - https:\/\/yoast.com\/wordpress\/plugins\/seo\/ -->\n<title>IK-68. Addict 2 Tester - Perfumessence<\/title>\n<meta name=\"description\" content=\"Dla kobiet, kt\u00f3re uwielbiaj\u0105 t\u0119 mark\u0119, te perfumy to pozycja obowi\u0105zkowa. Wypr\u00f3buj wersj\u0119 testow\u0105 o pojemno\u015bci 1,2 ml.\" \/>\n<meta name=\"robots\" content=\"index, follow, max-snippet:-1, max-image-preview:large, max-video-preview:-1\" \/>\n<link rel=\"canonical\" href=\"https:\/\/perfumessence.eu\/pl\/produkt\/ik-68-addict-2-tester\/\" \/>\n<meta property=\"og:locale\" content=\"pl_PL\" \/>\n<meta property=\"og:type\" content=\"article\" \/>\n<meta property=\"og:title\" content=\"IK-68. Addict 2 Tester - Perfumessence\" \/>\n<meta property=\"og:description\" content=\"Dla kobiet, kt\u00f3re uwielbiaj\u0105 t\u0119 mark\u0119, te perfumy to pozycja obowi\u0105zkowa. Wypr\u00f3buj wersj\u0119 testow\u0105 o pojemno\u015bci 1,2 ml.\" \/>\n<meta property=\"og:url\" content=\"https:\/\/perfumessence.eu\/pl\/produkt\/ik-68-addict-2-tester\/\" \/>\n<meta property=\"og:site_name\" content=\"Perfumessence\" \/>\n<meta property=\"article:publisher\" content=\"https:\/\/www.facebook.com\/Parfumerin%c4%97-esencija-424160218027238\/\" \/>\n<meta property=\"og:image\" content=\"https:\/\/perfumessence.eu\/wp-content\/uploads\/2024\/01\/tester-1.jpg\" \/>\n\t<meta property=\"og:image:width\" content=\"2480\" \/>\n\t<meta property=\"og:image:height\" content=\"2480\" \/>\n\t<meta property=\"og:image:type\" content=\"image\/jpeg\" \/>\n<meta name=\"twitter:card\" content=\"summary_large_image\" \/>\n<meta name=\"twitter:label1\" content=\"Szacowany czas czytania\" \/>\n\t<meta name=\"twitter:data1\" content=\"2 minuty\" \/>\n<script type=\"application\/ld+json\" class=\"yoast-schema-graph\">{\"@context\":\"https:\/\/schema.org\",\"@graph\":[{\"@type\":\"WebPage\",\"@id\":\"https:\/\/perfumessence.eu\/pl\/produkt\/ik-68-addict-2-tester\/\",\"url\":\"https:\/\/perfumessence.eu\/pl\/produkt\/ik-68-addict-2-tester\/\",\"name\":\"IK-68. Addict 2 Tester - Perfumessence\",\"isPartOf\":{\"@id\":\"https:\/\/perfumessence.eu\/pl\/#website\"},\"datePublished\":\"2022-06-02T17:26:55+00:00\",\"dateModified\":\"2022-06-02T17:26:55+00:00\",\"description\":\"Dla kobiet, kt\u00f3re uwielbiaj\u0105 t\u0119 mark\u0119, te perfumy to pozycja obowi\u0105zkowa. Wypr\u00f3buj wersj\u0119 testow\u0105 o pojemno\u015bci 1,2 ml.\",\"breadcrumb\":{\"@id\":\"https:\/\/perfumessence.eu\/pl\/produkt\/ik-68-addict-2-tester\/#breadcrumb\"},\"inLanguage\":\"pl-PL\",\"potentialAction\":[{\"@type\":\"ReadAction\",\"target\":[\"https:\/\/perfumessence.eu\/pl\/produkt\/ik-68-addict-2-tester\/\"]}]},{\"@type\":\"BreadcrumbList\",\"@id\":\"https:\/\/perfumessence.eu\/pl\/produkt\/ik-68-addict-2-tester\/#breadcrumb\",\"itemListElement\":[{\"@type\":\"ListItem\",\"position\":1,\"name\":\"Pagrindinis\",\"item\":\"https:\/\/perfumessence.eu\/pl\/\"},{\"@type\":\"ListItem\",\"position\":2,\"name\":\"Sklep\",\"item\":\"https:\/\/perfumessence.eu\/pl\/sklep\/\"},{\"@type\":\"ListItem\",\"position\":3,\"name\":\"IK-68. Addict 2 Tester\"}]},{\"@type\":\"WebSite\",\"@id\":\"https:\/\/perfumessence.eu\/pl\/#website\",\"url\":\"https:\/\/perfumessence.eu\/pl\/\",\"name\":\"Parfumerin\u0117 esencija\",\"description\":\"Perfume Oils and Sprays\",\"publisher\":{\"@id\":\"https:\/\/perfumessence.eu\/pl\/#organization\"},\"potentialAction\":[{\"@type\":\"SearchAction\",\"target\":{\"@type\":\"EntryPoint\",\"urlTemplate\":\"https:\/\/perfumessence.eu\/pl\/?s={search_term_string}\"},\"query-input\":\"required name=search_term_string\"}],\"inLanguage\":\"pl-PL\"},{\"@type\":\"Organization\",\"@id\":\"https:\/\/perfumessence.eu\/pl\/#organization\",\"name\":\"Parfumerin\u0117 esencija\",\"url\":\"https:\/\/perfumessence.eu\/pl\/\",\"logo\":{\"@type\":\"ImageObject\",\"inLanguage\":\"pl-PL\",\"@id\":\"https:\/\/perfumessence.eu\/pl\/#\/schema\/logo\/image\/\",\"url\":\"\",\"contentUrl\":\"\",\"caption\":\"Parfumerin\u0117 esencija\"},\"image\":{\"@id\":\"https:\/\/perfumessence.eu\/pl\/#\/schema\/logo\/image\/\"},\"sameAs\":[\"https:\/\/www.facebook.com\/Parfumerin\u0117-esencija-424160218027238\/\",\"https:\/\/www.youtube.com\/channel\/UC0RI-RLwg1UQwDbAF-7a-MA\"]}]}<\/script>\n<!-- \/ Yoast SEO plugin. -->","yoast_head_json":{"title":"IK-68. Addict 2 Tester - Perfumessence","description":"Dla kobiet, kt\u00f3re uwielbiaj\u0105 t\u0119 mark\u0119, te perfumy to pozycja obowi\u0105zkowa. Wypr\u00f3buj wersj\u0119 testow\u0105 o pojemno\u015bci 1,2 ml.","robots":{"index":"index","follow":"follow","max-snippet":"max-snippet:-1","max-image-preview":"max-image-preview:large","max-video-preview":"max-video-preview:-1"},"canonical":"https:\/\/perfumessence.eu\/pl\/produkt\/ik-68-addict-2-tester\/","og_locale":"pl_PL","og_type":"article","og_title":"IK-68. Addict 2 Tester - Perfumessence","og_description":"Dla kobiet, kt\u00f3re uwielbiaj\u0105 t\u0119 mark\u0119, te perfumy to pozycja obowi\u0105zkowa. Wypr\u00f3buj wersj\u0119 testow\u0105 o pojemno\u015bci 1,2 ml.","og_url":"https:\/\/perfumessence.eu\/pl\/produkt\/ik-68-addict-2-tester\/","og_site_name":"Perfumessence","article_publisher":"https:\/\/www.facebook.com\/Parfumerin%c4%97-esencija-424160218027238\/","og_image":[{"width":2480,"height":2480,"url":"https:\/\/perfumessence.eu\/wp-content\/uploads\/2024\/01\/tester-1.jpg","type":"image\/jpeg"}],"twitter_card":"summary_large_image","twitter_misc":{"Szacowany czas czytania":"2 minuty"},"schema":{"@context":"https:\/\/schema.org","@graph":[{"@type":"WebPage","@id":"https:\/\/perfumessence.eu\/pl\/produkt\/ik-68-addict-2-tester\/","url":"https:\/\/perfumessence.eu\/pl\/produkt\/ik-68-addict-2-tester\/","name":"IK-68. Addict 2 Tester - Perfumessence","isPartOf":{"@id":"https:\/\/perfumessence.eu\/pl\/#website"},"datePublished":"2022-06-02T17:26:55+00:00","dateModified":"2022-06-02T17:26:55+00:00","description":"Dla kobiet, kt\u00f3re uwielbiaj\u0105 t\u0119 mark\u0119, te perfumy to pozycja obowi\u0105zkowa. Wypr\u00f3buj wersj\u0119 testow\u0105 o pojemno\u015bci 1,2 ml.","breadcrumb":{"@id":"https:\/\/perfumessence.eu\/pl\/produkt\/ik-68-addict-2-tester\/#breadcrumb"},"inLanguage":"pl-PL","potentialAction":[{"@type":"ReadAction","target":["https:\/\/perfumessence.eu\/pl\/produkt\/ik-68-addict-2-tester\/"]}]},{"@type":"BreadcrumbList","@id":"https:\/\/perfumessence.eu\/pl\/produkt\/ik-68-addict-2-tester\/#breadcrumb","itemListElement":[{"@type":"ListItem","position":1,"name":"Pagrindinis","item":"https:\/\/perfumessence.eu\/pl\/"},{"@type":"ListItem","position":2,"name":"Sklep","item":"https:\/\/perfumessence.eu\/pl\/sklep\/"},{"@type":"ListItem","position":3,"name":"IK-68. Addict 2 Tester"}]},{"@type":"WebSite","@id":"https:\/\/perfumessence.eu\/pl\/#website","url":"https:\/\/perfumessence.eu\/pl\/","name":"Parfumerin\u0117 esencija","description":"Perfume Oils and Sprays","publisher":{"@id":"https:\/\/perfumessence.eu\/pl\/#organization"},"potentialAction":[{"@type":"SearchAction","target":{"@type":"EntryPoint","urlTemplate":"https:\/\/perfumessence.eu\/pl\/?s={search_term_string}"},"query-input":"required name=search_term_string"}],"inLanguage":"pl-PL"},{"@type":"Organization","@id":"https:\/\/perfumessence.eu\/pl\/#organization","name":"Parfumerin\u0117 esencija","url":"https:\/\/perfumessence.eu\/pl\/","logo":{"@type":"ImageObject","inLanguage":"pl-PL","@id":"https:\/\/perfumessence.eu\/pl\/#\/schema\/logo\/image\/","url":"","contentUrl":"","caption":"Parfumerin\u0117 esencija"},"image":{"@id":"https:\/\/perfumessence.eu\/pl\/#\/schema\/logo\/image\/"},"sameAs":["https:\/\/www.facebook.com\/Parfumerin\u0117-esencija-424160218027238\/","https:\/\/www.youtube.com\/channel\/UC0RI-RLwg1UQwDbAF-7a-MA"]}]}},"_links":{"self":[{"href":"https:\/\/perfumessence.eu\/pl\/wp-json\/wp\/v2\/product\/20429"}],"collection":[{"href":"https:\/\/perfumessence.eu\/pl\/wp-json\/wp\/v2\/product"}],"about":[{"href":"https:\/\/perfumessence.eu\/pl\/wp-json\/wp\/v2\/types\/product"}],"replies":[{"embeddable":true,"href":"https:\/\/perfumessence.eu\/pl\/wp-json\/wp\/v2\/comments?post=20429"}],"wp:featuredmedia":[{"embeddable":true,"href":"https:\/\/perfumessence.eu\/pl\/wp-json\/wp\/v2\/media\/19688"}],"wp:attachment":[{"href":"https:\/\/perfumessence.eu\/pl\/wp-json\/wp\/v2\/media?parent=20429"}],"wp:term":[{"taxonomy":"product_cat","embeddable":true,"href":"https:\/\/perfumessence.eu\/pl\/wp-json\/wp\/v2\/product_cat?post=20429"},{"taxonomy":"product_tag","embeddable":true,"href":"https:\/\/perfumessence.eu\/pl\/wp-json\/wp\/v2\/product_tag?post=20429"},{"taxonomy":"natos","embeddable":true,"href":"https:\/\/perfumessence.eu\/pl\/wp-json\/wp\/v2\/natos?post=20429"}],"curies":[{"name":"wp","href":"https:\/\/api.w.org\/{rel}","templated":true}]}}