{"id":20430,"date":"2022-06-02T18:29:22","date_gmt":"2022-06-02T15:29:22","guid":{"rendered":"https:\/\/perfumessence.eu\/product\/ik-60-tester-gry-born-in-paradise\/"},"modified":"2022-06-02T18:29:22","modified_gmt":"2022-06-02T15:29:22","slug":"ik-60-tester-gry-born-in-paradise","status":"publish","type":"product","link":"https:\/\/perfumessence.eu\/pl\/produkt\/ik-60-tester-gry-born-in-paradise\/","title":{"rendered":"IK-60. Tester gry Born in Paradise"},"content":{"rendered":"<p><strong>Zapach ten \u0142\u0105czy w sobie ananasa, kokosa, zielone jab\u0142ko, pi\u017cmo, arbuza, drewno i cedr. M\u00f3wi si\u0119, \u017ce jest inspirowany s\u0142ynnym koktajlem Pina Colada. Nie bez powodu jego harmonia zapach\u00f3w egzotycznych owoc\u00f3w tworzy przyjemne i ciep\u0142e uczucie. Kobieta nosz\u0105ca ten zapach emanuje radosn\u0105 energi\u0105 i przyjemn\u0105 \u015bwie\u017co\u015bci\u0105. Zapach jest idealny do wzbudzania romantycznych uczu\u0107.<\/strong><\/p>\n<h6><strong>Nuty g\u0142owy:<\/strong><\/h6>\n<figure id=\"attachment_18687\" aria-describedby=\"caption-attachment-18687\" style=\"width: 80px\" class=\"wp-caption alignleft\"><a href=\"https:\/\/perfumessence.eu\/natos\/arbuzas\/\"><img decoding=\"async\" class=\"wp-image-15786\" src=\"https:\/\/perfumessence.eu\/wp-content\/uploads\/2023\/05\/arbuzas-t.webp\" alt=\"\" width=\"80\" height=\"80\" srcset=\"https:\/\/perfumessence.eu\/wp-content\/uploads\/2023\/05\/arbuzas-t.webp 120w, https:\/\/perfumessence.eu\/wp-content\/uploads\/2023\/05\/arbuzas-t-100x100.webp 100w, https:\/\/perfumessence.eu\/wp-content\/uploads\/2023\/05\/arbuzas-t-64x64.webp 64w\" sizes=\"(max-width: 80px) 100vw, 80px\" \/><\/a><figcaption id=\"caption-attachment-18687\" class=\"wp-caption-text\">Arbuzy<\/figcaption><\/figure>\n<figure id=\"attachment_18653\" aria-describedby=\"caption-attachment-18653\" style=\"width: 80px\" class=\"wp-caption alignleft\"><a href=\"https:\/\/perfumessence.eu\/natos\/obuoliai\/\"><img decoding=\"async\" class=\"wp-image-15694\" src=\"https:\/\/perfumessence.eu\/wp-content\/uploads\/2023\/04\/obuoliai-t.webp\" alt=\"\" width=\"80\" height=\"80\" srcset=\"https:\/\/perfumessence.eu\/wp-content\/uploads\/2023\/04\/obuoliai-t.webp 120w, https:\/\/perfumessence.eu\/wp-content\/uploads\/2023\/04\/obuoliai-t-100x100.webp 100w, https:\/\/perfumessence.eu\/wp-content\/uploads\/2023\/04\/obuoliai-t-64x64.webp 64w\" sizes=\"(max-width: 80px) 100vw, 80px\" \/><\/a><figcaption id=\"caption-attachment-18653\" class=\"wp-caption-text\">Jab\u0142ka<\/figcaption><\/figure>\n<h6><strong>Nuty \u015brodkowe:<\/strong><\/h6>\n<figure id=\"attachment_19883\" aria-describedby=\"caption-attachment-19883\" style=\"width: 80px\" class=\"wp-caption alignleft\"><a href=\"https:\/\/perfumessence.eu\/natos\/kokosas\/\"><img decoding=\"async\" class=\"wp-image-15152\" src=\"https:\/\/perfumessence.eu\/wp-content\/uploads\/2023\/03\/kokosas.webp\" alt=\"\" width=\"80\" height=\"80\" srcset=\"https:\/\/perfumessence.eu\/wp-content\/uploads\/2023\/03\/kokosas.webp 120w, https:\/\/perfumessence.eu\/wp-content\/uploads\/2023\/03\/kokosas-100x100.webp 100w, https:\/\/perfumessence.eu\/wp-content\/uploads\/2023\/03\/kokosas-64x64.webp 64w\" sizes=\"(max-width: 80px) 100vw, 80px\" \/><\/a><figcaption id=\"caption-attachment-19883\" class=\"wp-caption-text\">Kokos<\/figcaption><\/figure>\n<figure id=\"attachment_20080\" aria-describedby=\"caption-attachment-20080\" style=\"width: 80px\" class=\"wp-caption alignleft\"><a href=\"https:\/\/perfumessence.eu\/natos\/ananasas\/\"><img loading=\"lazy\" decoding=\"async\" class=\"wp-image-15744\" src=\"https:\/\/perfumessence.eu\/wp-content\/uploads\/2023\/05\/ananasas-t.webp\" alt=\"\" width=\"80\" height=\"80\" srcset=\"https:\/\/perfumessence.eu\/wp-content\/uploads\/2023\/05\/ananasas-t.webp 120w, https:\/\/perfumessence.eu\/wp-content\/uploads\/2023\/05\/ananasas-t-100x100.webp 100w, https:\/\/perfumessence.eu\/wp-content\/uploads\/2023\/05\/ananasas-t-64x64.webp 64w\" sizes=\"(max-width: 80px) 100vw, 80px\" \/><\/a><figcaption id=\"caption-attachment-20080\" class=\"wp-caption-text\">Ananas<\/figcaption><\/figure>\n<h6><strong>Nuty bazy:<\/strong><\/h6>\n<figure id=\"attachment_19860\" aria-describedby=\"caption-attachment-19860\" style=\"width: 80px\" class=\"wp-caption alignleft\"><a href=\"https:\/\/perfumessence.eu\/natos\/kedras\/\"><img loading=\"lazy\" decoding=\"async\" class=\"wp-image-14877\" src=\"https:\/\/perfumessence.eu\/wp-content\/uploads\/2023\/02\/kedro-aromatas.webp\" alt=\"\" width=\"80\" height=\"80\" srcset=\"https:\/\/perfumessence.eu\/wp-content\/uploads\/2023\/02\/kedro-aromatas.webp 120w, https:\/\/perfumessence.eu\/wp-content\/uploads\/2023\/02\/kedro-aromatas-100x100.webp 100w, https:\/\/perfumessence.eu\/wp-content\/uploads\/2023\/02\/kedro-aromatas-64x64.webp 64w\" sizes=\"(max-width: 80px) 100vw, 80px\" \/><\/a><figcaption id=\"caption-attachment-19860\" class=\"wp-caption-text\">Cedr<\/figcaption><\/figure>\n<figure id=\"attachment_19926\" aria-describedby=\"caption-attachment-19926\" style=\"width: 80px\" class=\"wp-caption alignleft\"><a href=\"https:\/\/perfumessence.eu\/natos\/muskusas\/\"><img loading=\"lazy\" decoding=\"async\" class=\"wp-image-14941\" src=\"https:\/\/perfumessence.eu\/wp-content\/uploads\/2023\/02\/muskusas.jpg\" alt=\"\" width=\"80\" height=\"80\" srcset=\"https:\/\/perfumessence.eu\/wp-content\/uploads\/2023\/02\/muskusas.jpg 120w, https:\/\/perfumessence.eu\/wp-content\/uploads\/2023\/02\/muskusas-100x100.jpg 100w, https:\/\/perfumessence.eu\/wp-content\/uploads\/2023\/02\/muskusas-64x64.jpg 64w\" sizes=\"(max-width: 80px) 100vw, 80px\" \/><\/a><figcaption id=\"caption-attachment-19926\" class=\"wp-caption-text\">Pi\u017cmo<\/figcaption><\/figure>\n<figure id=\"attachment_18612\" aria-describedby=\"caption-attachment-18612\" style=\"width: 80px\" class=\"wp-caption alignleft\"><a href=\"https:\/\/perfumessence.eu\/natos\/medienos-nata\/\"><img loading=\"lazy\" decoding=\"async\" class=\"wp-image-15589\" src=\"https:\/\/perfumessence.eu\/wp-content\/uploads\/2023\/04\/medienos-natos-t.webp\" alt=\"\" width=\"80\" height=\"80\" srcset=\"https:\/\/perfumessence.eu\/wp-content\/uploads\/2023\/04\/medienos-natos-t.webp 120w, https:\/\/perfumessence.eu\/wp-content\/uploads\/2023\/04\/medienos-natos-t-100x100.webp 100w, https:\/\/perfumessence.eu\/wp-content\/uploads\/2023\/04\/medienos-natos-t-64x64.webp 64w\" sizes=\"(max-width: 80px) 100vw, 80px\" \/><\/a><figcaption id=\"caption-attachment-18612\" class=\"wp-caption-text\">Drewno<\/figcaption><\/figure>\n<h6><strong>Dostawa:<\/strong><\/h6>\n<p>&#8211; Na Litwie (kurier Venipak): w ci\u0105gu 1-3 dni d.;<\/p>\n<p>&#8211; inne kraje (Poczta Litewska): w ci\u0105gu 5-14 dni d.;<\/p>\n<p>&#8211; odbi\u00f3r w naszym sklepie (Ba\u017eny\u010dios g. 38, Marijampol\u0117 68309 (wewn\u0105trz supermarketu MAXIMA)): w dniu zakupu.<\/p>\n<h6><strong>P\u0142atno\u015b\u0107 za towary:<\/strong><\/h6>\n<p>&#8211; za pomoc\u0105 system\u00f3w bankowo\u015bci internetowej banku;<\/p>\n<p>&#8211; karty kredytowe i debetowe;<\/p>\n<p>&#8211; przelewem bankowym z g\u00f3ry;<\/p>\n<p>&#8211; got\u00f3wk\u0105 w naszym sklepie (Ba\u017eny\u010dios g. 38, Marijampol\u0117 68309 (wewn\u0105trz centrum handlowego MAXIMA).<\/p>\n<h6><strong>Nasze produkty:<\/strong><\/h6>\n<p>Sprzedawane przez nas zapachy s\u0105 w 99% podobne do oryginalnych zapach\u00f3w marki, ale nie powinny by\u0107 z nimi mylone.<\/p>\n<p>Wszystkie u\u017cyte nazwy s\u0105 chronione prawami autorskimi producent\u00f3w lub projektant\u00f3w.<\/p>\n<p>Pytania? Zadzwo\u0144 pod numer +370 645 17041 lub wy\u015blij wiadomo\u015b\u0107 e-mail na adres pardavimai@perfumessence.eu.<\/p>\n<p>Je\u015bli nie mo\u017cesz znale\u017a\u0107 informacji, kt\u00f3rych szukasz na stronie internetowej lub je\u015bli jeste\u015b zainteresowany niestandardowym zam\u00f3wieniem, mo\u017cesz zada\u0107 nam wszelkie pytania, a my do\u0142o\u017cymy wszelkich stara\u0144, aby odpowiedzie\u0107 na nie tak szybko, jak to mo\u017cliwe.<\/p>\n","protected":false},"excerpt":{"rendered":"<p><strong><em>Przyjemny i ciep\u0142y zapach, idealny dla kobiet, kt\u00f3re chc\u0105 wywo\u0142a\u0107 romantyczne uczucia.<\/em><\/strong><\/p>\n<p>Pr\u00f3bka zapachu<strong> (1,2 ml<\/strong> ) jest przeznaczona do zapoznania si\u0119 z zapachem Born in Paradise.<\/p>\n","protected":false},"featured_media":19688,"comment_status":"open","ping_status":"closed","template":"","meta":{"site-sidebar-layout":"default","site-content-layout":"default","ast-site-content-layout":"","site-content-style":"default","site-sidebar-style":"default","ast-global-header-display":"","ast-banner-title-visibility":"","ast-main-header-display":"","ast-hfb-above-header-display":"","ast-hfb-below-header-display":"","ast-hfb-mobile-header-display":"","site-post-title":"","ast-breadcrumbs-content":"","ast-featured-img":"","footer-sml-layout":"","theme-transparent-header-meta":"default","adv-header-id-meta":"","stick-header-meta":"default","header-above-stick-meta":"","header-main-stick-meta":"","header-below-stick-meta":"","astra-migrate-meta-layouts":"default","ast-page-background-enabled":"default","ast-page-background-meta":{"desktop":{"background-color":"var(--ast-global-color-4)","background-image":"","background-repeat":"repeat","background-position":"center center","background-size":"auto","background-attachment":"scroll","background-type":"","background-media":"","overlay-type":"","overlay-color":"","overlay-gradient":""},"tablet":{"background-color":"","background-image":"","background-repeat":"repeat","background-position":"center center","background-size":"auto","background-attachment":"scroll","background-type":"","background-media":"","overlay-type":"","overlay-color":"","overlay-gradient":""},"mobile":{"background-color":"","background-image":"","background-repeat":"repeat","background-position":"center center","background-size":"auto","background-attachment":"scroll","background-type":"","background-media":"","overlay-type":"","overlay-color":"","overlay-gradient":""}},"ast-content-background-meta":{"desktop":{"background-color":"var(--ast-global-color-5)","background-image":"","background-repeat":"repeat","background-position":"center center","background-size":"auto","background-attachment":"scroll","background-type":"","background-media":"","overlay-type":"","overlay-color":"","overlay-gradient":""},"tablet":{"background-color":"var(--ast-global-color-5)","background-image":"","background-repeat":"repeat","background-position":"center center","background-size":"auto","background-attachment":"scroll","background-type":"","background-media":"","overlay-type":"","overlay-color":"","overlay-gradient":""},"mobile":{"background-color":"var(--ast-global-color-5)","background-image":"","background-repeat":"repeat","background-position":"center center","background-size":"auto","background-attachment":"scroll","background-type":"","background-media":"","overlay-type":"","overlay-color":"","overlay-gradient":""}}},"product_cat":[497],"product_tag":[498,521,520],"natos":[618,674,534,540,538,502,545],"acf":[],"yoast_head":"<!-- This site is optimized with the Yoast SEO plugin v21.7 - https:\/\/yoast.com\/wordpress\/plugins\/seo\/ -->\n<title>IK-60. Tester gry Born in Paradise - Perfumessence<\/title>\n<meta name=\"description\" content=\"Kobieta nosz\u0105ca ten zapach emanuje radosn\u0105 energi\u0105 i przyjemn\u0105 \u015bwie\u017co\u015bci\u0105. Pr\u00f3bka o obj\u0119to\u015bci 1,2 ml s\u0142u\u017cy do zapoznania si\u0119 z aromatem.\" \/>\n<meta name=\"robots\" content=\"index, follow, max-snippet:-1, max-image-preview:large, max-video-preview:-1\" \/>\n<link rel=\"canonical\" href=\"https:\/\/perfumessence.eu\/pl\/produkt\/ik-60-tester-gry-born-in-paradise\/\" \/>\n<meta property=\"og:locale\" content=\"pl_PL\" \/>\n<meta property=\"og:type\" content=\"article\" \/>\n<meta property=\"og:title\" content=\"IK-60. Tester gry Born in Paradise - Perfumessence\" \/>\n<meta property=\"og:description\" content=\"Kobieta nosz\u0105ca ten zapach emanuje radosn\u0105 energi\u0105 i przyjemn\u0105 \u015bwie\u017co\u015bci\u0105. Pr\u00f3bka o obj\u0119to\u015bci 1,2 ml s\u0142u\u017cy do zapoznania si\u0119 z aromatem.\" \/>\n<meta property=\"og:url\" content=\"https:\/\/perfumessence.eu\/pl\/produkt\/ik-60-tester-gry-born-in-paradise\/\" \/>\n<meta property=\"og:site_name\" content=\"Perfumessence\" \/>\n<meta property=\"article:publisher\" content=\"https:\/\/www.facebook.com\/Parfumerin%c4%97-esencija-424160218027238\/\" \/>\n<meta property=\"og:image\" content=\"https:\/\/perfumessence.eu\/wp-content\/uploads\/2024\/01\/tester-1.jpg\" \/>\n\t<meta property=\"og:image:width\" content=\"2480\" \/>\n\t<meta property=\"og:image:height\" content=\"2480\" \/>\n\t<meta property=\"og:image:type\" content=\"image\/jpeg\" \/>\n<meta name=\"twitter:card\" content=\"summary_large_image\" \/>\n<meta name=\"twitter:label1\" content=\"Szacowany czas czytania\" \/>\n\t<meta name=\"twitter:data1\" content=\"2 minuty\" \/>\n<script type=\"application\/ld+json\" class=\"yoast-schema-graph\">{\"@context\":\"https:\/\/schema.org\",\"@graph\":[{\"@type\":\"WebPage\",\"@id\":\"https:\/\/perfumessence.eu\/pl\/produkt\/ik-60-tester-gry-born-in-paradise\/\",\"url\":\"https:\/\/perfumessence.eu\/pl\/produkt\/ik-60-tester-gry-born-in-paradise\/\",\"name\":\"IK-60. Tester gry Born in Paradise - Perfumessence\",\"isPartOf\":{\"@id\":\"https:\/\/perfumessence.eu\/pl\/#website\"},\"datePublished\":\"2022-06-02T15:29:22+00:00\",\"dateModified\":\"2022-06-02T15:29:22+00:00\",\"description\":\"Kobieta nosz\u0105ca ten zapach emanuje radosn\u0105 energi\u0105 i przyjemn\u0105 \u015bwie\u017co\u015bci\u0105. Pr\u00f3bka o obj\u0119to\u015bci 1,2 ml s\u0142u\u017cy do zapoznania si\u0119 z aromatem.\",\"breadcrumb\":{\"@id\":\"https:\/\/perfumessence.eu\/pl\/produkt\/ik-60-tester-gry-born-in-paradise\/#breadcrumb\"},\"inLanguage\":\"pl-PL\",\"potentialAction\":[{\"@type\":\"ReadAction\",\"target\":[\"https:\/\/perfumessence.eu\/pl\/produkt\/ik-60-tester-gry-born-in-paradise\/\"]}]},{\"@type\":\"BreadcrumbList\",\"@id\":\"https:\/\/perfumessence.eu\/pl\/produkt\/ik-60-tester-gry-born-in-paradise\/#breadcrumb\",\"itemListElement\":[{\"@type\":\"ListItem\",\"position\":1,\"name\":\"Pagrindinis\",\"item\":\"https:\/\/perfumessence.eu\/pl\/\"},{\"@type\":\"ListItem\",\"position\":2,\"name\":\"Sklep\",\"item\":\"https:\/\/perfumessence.eu\/pl\/sklep\/\"},{\"@type\":\"ListItem\",\"position\":3,\"name\":\"IK-60. Tester gry Born in Paradise\"}]},{\"@type\":\"WebSite\",\"@id\":\"https:\/\/perfumessence.eu\/pl\/#website\",\"url\":\"https:\/\/perfumessence.eu\/pl\/\",\"name\":\"Parfumerin\u0117 esencija\",\"description\":\"Perfume Oils and Sprays\",\"publisher\":{\"@id\":\"https:\/\/perfumessence.eu\/pl\/#organization\"},\"potentialAction\":[{\"@type\":\"SearchAction\",\"target\":{\"@type\":\"EntryPoint\",\"urlTemplate\":\"https:\/\/perfumessence.eu\/pl\/?s={search_term_string}\"},\"query-input\":\"required name=search_term_string\"}],\"inLanguage\":\"pl-PL\"},{\"@type\":\"Organization\",\"@id\":\"https:\/\/perfumessence.eu\/pl\/#organization\",\"name\":\"Parfumerin\u0117 esencija\",\"url\":\"https:\/\/perfumessence.eu\/pl\/\",\"logo\":{\"@type\":\"ImageObject\",\"inLanguage\":\"pl-PL\",\"@id\":\"https:\/\/perfumessence.eu\/pl\/#\/schema\/logo\/image\/\",\"url\":\"\",\"contentUrl\":\"\",\"caption\":\"Parfumerin\u0117 esencija\"},\"image\":{\"@id\":\"https:\/\/perfumessence.eu\/pl\/#\/schema\/logo\/image\/\"},\"sameAs\":[\"https:\/\/www.facebook.com\/Parfumerin\u0117-esencija-424160218027238\/\",\"https:\/\/www.youtube.com\/channel\/UC0RI-RLwg1UQwDbAF-7a-MA\"]}]}<\/script>\n<!-- \/ Yoast SEO plugin. -->","yoast_head_json":{"title":"IK-60. Tester gry Born in Paradise - Perfumessence","description":"Kobieta nosz\u0105ca ten zapach emanuje radosn\u0105 energi\u0105 i przyjemn\u0105 \u015bwie\u017co\u015bci\u0105. Pr\u00f3bka o obj\u0119to\u015bci 1,2 ml s\u0142u\u017cy do zapoznania si\u0119 z aromatem.","robots":{"index":"index","follow":"follow","max-snippet":"max-snippet:-1","max-image-preview":"max-image-preview:large","max-video-preview":"max-video-preview:-1"},"canonical":"https:\/\/perfumessence.eu\/pl\/produkt\/ik-60-tester-gry-born-in-paradise\/","og_locale":"pl_PL","og_type":"article","og_title":"IK-60. Tester gry Born in Paradise - Perfumessence","og_description":"Kobieta nosz\u0105ca ten zapach emanuje radosn\u0105 energi\u0105 i przyjemn\u0105 \u015bwie\u017co\u015bci\u0105. Pr\u00f3bka o obj\u0119to\u015bci 1,2 ml s\u0142u\u017cy do zapoznania si\u0119 z aromatem.","og_url":"https:\/\/perfumessence.eu\/pl\/produkt\/ik-60-tester-gry-born-in-paradise\/","og_site_name":"Perfumessence","article_publisher":"https:\/\/www.facebook.com\/Parfumerin%c4%97-esencija-424160218027238\/","og_image":[{"width":2480,"height":2480,"url":"https:\/\/perfumessence.eu\/wp-content\/uploads\/2024\/01\/tester-1.jpg","type":"image\/jpeg"}],"twitter_card":"summary_large_image","twitter_misc":{"Szacowany czas czytania":"2 minuty"},"schema":{"@context":"https:\/\/schema.org","@graph":[{"@type":"WebPage","@id":"https:\/\/perfumessence.eu\/pl\/produkt\/ik-60-tester-gry-born-in-paradise\/","url":"https:\/\/perfumessence.eu\/pl\/produkt\/ik-60-tester-gry-born-in-paradise\/","name":"IK-60. Tester gry Born in Paradise - Perfumessence","isPartOf":{"@id":"https:\/\/perfumessence.eu\/pl\/#website"},"datePublished":"2022-06-02T15:29:22+00:00","dateModified":"2022-06-02T15:29:22+00:00","description":"Kobieta nosz\u0105ca ten zapach emanuje radosn\u0105 energi\u0105 i przyjemn\u0105 \u015bwie\u017co\u015bci\u0105. Pr\u00f3bka o obj\u0119to\u015bci 1,2 ml s\u0142u\u017cy do zapoznania si\u0119 z aromatem.","breadcrumb":{"@id":"https:\/\/perfumessence.eu\/pl\/produkt\/ik-60-tester-gry-born-in-paradise\/#breadcrumb"},"inLanguage":"pl-PL","potentialAction":[{"@type":"ReadAction","target":["https:\/\/perfumessence.eu\/pl\/produkt\/ik-60-tester-gry-born-in-paradise\/"]}]},{"@type":"BreadcrumbList","@id":"https:\/\/perfumessence.eu\/pl\/produkt\/ik-60-tester-gry-born-in-paradise\/#breadcrumb","itemListElement":[{"@type":"ListItem","position":1,"name":"Pagrindinis","item":"https:\/\/perfumessence.eu\/pl\/"},{"@type":"ListItem","position":2,"name":"Sklep","item":"https:\/\/perfumessence.eu\/pl\/sklep\/"},{"@type":"ListItem","position":3,"name":"IK-60. Tester gry Born in Paradise"}]},{"@type":"WebSite","@id":"https:\/\/perfumessence.eu\/pl\/#website","url":"https:\/\/perfumessence.eu\/pl\/","name":"Parfumerin\u0117 esencija","description":"Perfume Oils and Sprays","publisher":{"@id":"https:\/\/perfumessence.eu\/pl\/#organization"},"potentialAction":[{"@type":"SearchAction","target":{"@type":"EntryPoint","urlTemplate":"https:\/\/perfumessence.eu\/pl\/?s={search_term_string}"},"query-input":"required name=search_term_string"}],"inLanguage":"pl-PL"},{"@type":"Organization","@id":"https:\/\/perfumessence.eu\/pl\/#organization","name":"Parfumerin\u0117 esencija","url":"https:\/\/perfumessence.eu\/pl\/","logo":{"@type":"ImageObject","inLanguage":"pl-PL","@id":"https:\/\/perfumessence.eu\/pl\/#\/schema\/logo\/image\/","url":"","contentUrl":"","caption":"Parfumerin\u0117 esencija"},"image":{"@id":"https:\/\/perfumessence.eu\/pl\/#\/schema\/logo\/image\/"},"sameAs":["https:\/\/www.facebook.com\/Parfumerin\u0117-esencija-424160218027238\/","https:\/\/www.youtube.com\/channel\/UC0RI-RLwg1UQwDbAF-7a-MA"]}]}},"_links":{"self":[{"href":"https:\/\/perfumessence.eu\/pl\/wp-json\/wp\/v2\/product\/20430"}],"collection":[{"href":"https:\/\/perfumessence.eu\/pl\/wp-json\/wp\/v2\/product"}],"about":[{"href":"https:\/\/perfumessence.eu\/pl\/wp-json\/wp\/v2\/types\/product"}],"replies":[{"embeddable":true,"href":"https:\/\/perfumessence.eu\/pl\/wp-json\/wp\/v2\/comments?post=20430"}],"wp:featuredmedia":[{"embeddable":true,"href":"https:\/\/perfumessence.eu\/pl\/wp-json\/wp\/v2\/media\/19688"}],"wp:attachment":[{"href":"https:\/\/perfumessence.eu\/pl\/wp-json\/wp\/v2\/media?parent=20430"}],"wp:term":[{"taxonomy":"product_cat","embeddable":true,"href":"https:\/\/perfumessence.eu\/pl\/wp-json\/wp\/v2\/product_cat?post=20430"},{"taxonomy":"product_tag","embeddable":true,"href":"https:\/\/perfumessence.eu\/pl\/wp-json\/wp\/v2\/product_tag?post=20430"},{"taxonomy":"natos","embeddable":true,"href":"https:\/\/perfumessence.eu\/pl\/wp-json\/wp\/v2\/natos?post=20430"}],"curies":[{"name":"wp","href":"https:\/\/api.w.org\/{rel}","templated":true}]}}