{"id":20432,"date":"2022-09-25T13:26:24","date_gmt":"2022-09-25T10:26:24","guid":{"rendered":"https:\/\/perfumessence.eu\/product\/ik-96-baraonda\/"},"modified":"2024-01-23T18:43:12","modified_gmt":"2024-01-23T15:43:12","slug":"ik-96-baraonda","status":"publish","type":"product","link":"https:\/\/perfumessence.eu\/pl\/produkt\/ik-96-baraonda\/","title":{"rendered":"IK-96. Baraonda"},"content":{"rendered":"<p>Solidny, wyrazisty, ekskluzywny zapach zaprasza do do\u015bwiadczenia przyjemnego aromatu pi\u017cma, whisky, r\u00f3\u017cy i drewna i zanurzenia si\u0119 w prawdziwej b\u0142ogo\u015bci!<\/p>\n<h6><strong>Nuty g\u0142owy:<\/strong><\/h6>\n<figure id=\"attachment_18587\" aria-describedby=\"caption-attachment-18587\" style=\"width: 80px\" class=\"wp-caption alignleft\"><a href=\"https:\/\/perfumessence.eu\/natos\/viskis\/\"><img decoding=\"async\" class=\"wp-image-15500\" src=\"https:\/\/perfumessence.eu\/wp-content\/uploads\/2023\/04\/Viskis-t.939.jpg\" alt=\"\" width=\"80\" height=\"80\" srcset=\"https:\/\/perfumessence.eu\/wp-content\/uploads\/2023\/04\/Viskis-t.939.jpg 120w, https:\/\/perfumessence.eu\/wp-content\/uploads\/2023\/04\/Viskis-t.939-100x100.jpg 100w, https:\/\/perfumessence.eu\/wp-content\/uploads\/2023\/04\/Viskis-t.939-64x64.jpg 64w\" sizes=\"(max-width: 80px) 100vw, 80px\" \/><\/a><figcaption id=\"caption-attachment-18587\" class=\"wp-caption-text\">Whisky<\/figcaption><\/figure>\n<figure id=\"attachment_19928\" aria-describedby=\"caption-attachment-19928\" style=\"width: 80px\" class=\"wp-caption alignleft\"><a href=\"https:\/\/perfumessence.eu\/natos\/gintaras\/\"><img decoding=\"async\" class=\"wp-image-14946\" src=\"https:\/\/perfumessence.eu\/wp-content\/uploads\/2023\/02\/Gintaras.webp\" alt=\"\" width=\"80\" height=\"80\" srcset=\"https:\/\/perfumessence.eu\/wp-content\/uploads\/2023\/02\/Gintaras.webp 120w, https:\/\/perfumessence.eu\/wp-content\/uploads\/2023\/02\/Gintaras-100x100.webp 100w, https:\/\/perfumessence.eu\/wp-content\/uploads\/2023\/02\/Gintaras-64x64.webp 64w\" sizes=\"(max-width: 80px) 100vw, 80px\" \/><\/a><figcaption id=\"caption-attachment-19928\" class=\"wp-caption-text\">Bursztyn<\/figcaption><\/figure>\n<h6 style=\"text-align: left;\"><strong>Nuty \u015brodkowe:<\/strong><\/h6>\n<figure id=\"attachment_19926\" aria-describedby=\"caption-attachment-19926\" style=\"width: 80px\" class=\"wp-caption alignleft\"><a href=\"https:\/\/perfumessence.eu\/natos\/muskusas\/\"><img decoding=\"async\" class=\"wp-image-14941\" src=\"https:\/\/perfumessence.eu\/wp-content\/uploads\/2023\/02\/muskusas.jpg\" alt=\"\" width=\"80\" height=\"80\" srcset=\"https:\/\/perfumessence.eu\/wp-content\/uploads\/2023\/02\/muskusas.jpg 120w, https:\/\/perfumessence.eu\/wp-content\/uploads\/2023\/02\/muskusas-100x100.jpg 100w, https:\/\/perfumessence.eu\/wp-content\/uploads\/2023\/02\/muskusas-64x64.jpg 64w\" sizes=\"(max-width: 80px) 100vw, 80px\" \/><\/a><figcaption id=\"caption-attachment-19926\" class=\"wp-caption-text\">Pi\u017cmo<\/figcaption><\/figure>\n<figure id=\"attachment_18453\" aria-describedby=\"caption-attachment-18453\" style=\"width: 80px\" class=\"wp-caption alignleft\"><a href=\"https:\/\/perfumessence.eu\/natos\/ambra\/\"><img loading=\"lazy\" decoding=\"async\" class=\"wp-image-14870\" src=\"https:\/\/perfumessence.eu\/wp-content\/uploads\/2023\/02\/Ambra.webp\" alt=\"\" width=\"80\" height=\"80\" srcset=\"https:\/\/perfumessence.eu\/wp-content\/uploads\/2023\/02\/Ambra.webp 120w, https:\/\/perfumessence.eu\/wp-content\/uploads\/2023\/02\/Ambra-100x100.webp 100w, https:\/\/perfumessence.eu\/wp-content\/uploads\/2023\/02\/Ambra-64x64.webp 64w\" sizes=\"(max-width: 80px) 100vw, 80px\" \/><\/a><figcaption id=\"caption-attachment-18453\" class=\"wp-caption-text\">Ambra<\/figcaption><\/figure>\n<p>&nbsp;<\/p>\n<p>&nbsp;<\/p>\n<p>&nbsp;<\/p>\n<p>&nbsp;<\/p>\n<h6 style=\"text-align: left;\"><strong>Uwagi ko\u0144cowe:<\/strong><\/h6>\n<figure id=\"attachment_18589\" aria-describedby=\"caption-attachment-18589\" style=\"width: 80px\" class=\"wp-caption alignleft\"><a href=\"https:\/\/perfumessence.eu\/natos\/mediena\/\"><img loading=\"lazy\" decoding=\"async\" class=\"wp-image-15504\" src=\"https:\/\/perfumessence.eu\/wp-content\/uploads\/2023\/04\/mediena-t.1437.jpg\" alt=\"\" width=\"80\" height=\"80\" srcset=\"https:\/\/perfumessence.eu\/wp-content\/uploads\/2023\/04\/mediena-t.1437.jpg 120w, https:\/\/perfumessence.eu\/wp-content\/uploads\/2023\/04\/mediena-t.1437-100x100.jpg 100w, https:\/\/perfumessence.eu\/wp-content\/uploads\/2023\/04\/mediena-t.1437-64x64.jpg 64w\" sizes=\"(max-width: 80px) 100vw, 80px\" \/><\/a><figcaption id=\"caption-attachment-18589\" class=\"wp-caption-text\">Drewno<\/figcaption><\/figure>\n<figure id=\"attachment_18591\" aria-describedby=\"caption-attachment-18591\" style=\"width: 80px\" class=\"wp-caption alignleft\"><a href=\"https:\/\/perfumessence.eu\/natos\/rozes\/\"><img loading=\"lazy\" decoding=\"async\" class=\"wp-image-15507\" src=\"https:\/\/perfumessence.eu\/wp-content\/uploads\/2022\/09\/roze-t.105.jpg\" alt=\"\" width=\"80\" height=\"80\" srcset=\"https:\/\/perfumessence.eu\/wp-content\/uploads\/2022\/09\/roze-t.105.jpg 120w, https:\/\/perfumessence.eu\/wp-content\/uploads\/2022\/09\/roze-t.105-100x100.jpg 100w, https:\/\/perfumessence.eu\/wp-content\/uploads\/2022\/09\/roze-t.105-64x64.jpg 64w\" sizes=\"(max-width: 80px) 100vw, 80px\" \/><\/a><figcaption id=\"caption-attachment-18591\" class=\"wp-caption-text\">R\u00f3\u017ca<\/figcaption><\/figure>\n<h6><strong>Dostawa:<\/strong><\/h6>\n<p>&#8211; Litwa (kurier Venipak lub poczta Omniva): w ci\u0105gu 1-3 dni d.;<\/p>\n<p>&#8211; inne kraje (Poczta Litewska): w ci\u0105gu 5-14 dni d.;<\/p>\n<p>&#8211; odbi\u00f3r w naszym sklepie (Ba\u017eny\u010dios g. 38, Marijampol\u0117 68309 (wewn\u0105trz supermarketu MAXIMA)): w dniu zakupu.<\/p>\n<h6><strong>P\u0142atno\u015b\u0107 za towary:<\/strong><\/h6>\n<p>&#8211; za pomoc\u0105 system\u00f3w bankowo\u015bci internetowej banku;<\/p>\n<p>&#8211; karty kredytowe i debetowe;<\/p>\n<p>&#8211; przelewem bankowym z g\u00f3ry;<\/p>\n<p>&#8211; got\u00f3wk\u0105 w naszym sklepie (Ba\u017eny\u010dios g. 38, Marijampol\u0117 68309 (wewn\u0105trz centrum handlowego MAXIMA).<\/p>\n<h6><strong>Nasze produkty:<\/strong><\/h6>\n<p>Sprzedawane przez nas zapachy s\u0105 w 99% podobne do oryginalnych zapach\u00f3w marki, ale nie powinny by\u0107 z nimi mylone.<\/p>\n<p>Wszystkie u\u017cyte nazwy s\u0105 chronione prawami autorskimi producent\u00f3w lub projektant\u00f3w.<\/p>\n<p>Pytania? Zadzwo\u0144 pod numer +370 645 17041 lub wy\u015blij wiadomo\u015b\u0107 e-mail na adres pardavimai@perfumessence.eu.<\/p>\n<p>Je\u015bli nie mo\u017cesz znale\u017a\u0107 informacji, kt\u00f3rych szukasz na stronie internetowej lub je\u015bli jeste\u015b zainteresowany niestandardowym zam\u00f3wieniem, mo\u017cesz zada\u0107 nam wszelkie pytania, a my do\u0142o\u017cymy wszelkich stara\u0144, aby odpowiedzie\u0107 na nie tak szybko, jak to mo\u017cliwe.<\/p>\n","protected":false},"excerpt":{"rendered":"<p><strong>Esencja<\/strong> to aromatyczna cz\u0119\u015b\u0107 zapachu w sprayu &#8211; koncentrat. S\u0105 to stosowane perfumy na bazie oleju.<\/p>\n<p><strong>Atomizer<\/strong> to butelka z rozpylaczem zawieraj\u0105ca wzmocnione perfumy.<\/p>\n<p>&nbsp;<\/p>\n","protected":false},"featured_media":19702,"comment_status":"open","ping_status":"closed","template":"","meta":{"site-sidebar-layout":"default","site-content-layout":"default","ast-site-content-layout":"","site-content-style":"default","site-sidebar-style":"default","ast-global-header-display":"","ast-banner-title-visibility":"","ast-main-header-display":"","ast-hfb-above-header-display":"","ast-hfb-below-header-display":"","ast-hfb-mobile-header-display":"","site-post-title":"","ast-breadcrumbs-content":"","ast-featured-img":"","footer-sml-layout":"","theme-transparent-header-meta":"default","adv-header-id-meta":"","stick-header-meta":"default","header-above-stick-meta":"","header-main-stick-meta":"","header-below-stick-meta":"","astra-migrate-meta-layouts":"default","ast-page-background-enabled":"default","ast-page-background-meta":{"desktop":{"background-color":"var(--ast-global-color-4)","background-image":"","background-repeat":"repeat","background-position":"center center","background-size":"auto","background-attachment":"scroll","background-type":"","background-media":"","overlay-type":"","overlay-color":"","overlay-gradient":""},"tablet":{"background-color":"","background-image":"","background-repeat":"repeat","background-position":"center center","background-size":"auto","background-attachment":"scroll","background-type":"","background-media":"","overlay-type":"","overlay-color":"","overlay-gradient":""},"mobile":{"background-color":"","background-image":"","background-repeat":"repeat","background-position":"center center","background-size":"auto","background-attachment":"scroll","background-type":"","background-media":"","overlay-type":"","overlay-color":"","overlay-gradient":""}},"ast-content-background-meta":{"desktop":{"background-color":"var(--ast-global-color-5)","background-image":"","background-repeat":"repeat","background-position":"center center","background-size":"auto","background-attachment":"scroll","background-type":"","background-media":"","overlay-type":"","overlay-color":"","overlay-gradient":""},"tablet":{"background-color":"var(--ast-global-color-5)","background-image":"","background-repeat":"repeat","background-position":"center center","background-size":"auto","background-attachment":"scroll","background-type":"","background-media":"","overlay-type":"","overlay-color":"","overlay-gradient":""},"mobile":{"background-color":"var(--ast-global-color-5)","background-image":"","background-repeat":"repeat","background-position":"center center","background-size":"auto","background-attachment":"scroll","background-type":"","background-media":"","overlay-type":"","overlay-color":"","overlay-gradient":""}}},"product_cat":[567,547],"product_tag":[495,515],"natos":[562,548,554,502,500,675],"acf":[],"yoast_head":"<!-- This site is optimized with the Yoast SEO plugin v21.7 - https:\/\/yoast.com\/wordpress\/plugins\/seo\/ -->\n<title>IK-96. Baraonda %%page% - Perfumy unisex - Perfumessence.<\/title>\n<meta name=\"description\" content=\"Solidny, wyrazisty, ekskluzywny zapach zaprasza do do\u015bwiadczenia przyjemnego aromatu pi\u017cma, whisky, r\u00f3\u017cy i drewna i zanurzenia si\u0119 w prawdziwej b\u0142ogo\u015bci!\" \/>\n<meta name=\"robots\" content=\"index, follow, max-snippet:-1, max-image-preview:large, max-video-preview:-1\" \/>\n<link rel=\"canonical\" href=\"https:\/\/perfumessence.eu\/pl\/produkt\/ik-96-baraonda\/\" \/>\n<meta property=\"og:locale\" content=\"pl_PL\" \/>\n<meta property=\"og:type\" content=\"article\" \/>\n<meta property=\"og:title\" content=\"IK-96. Baraonda %%page% - Perfumy unisex - Perfumessence.\" \/>\n<meta property=\"og:description\" content=\"Solidny, wyrazisty, ekskluzywny zapach zaprasza do do\u015bwiadczenia przyjemnego aromatu pi\u017cma, whisky, r\u00f3\u017cy i drewna i zanurzenia si\u0119 w prawdziwej b\u0142ogo\u015bci!\" \/>\n<meta property=\"og:url\" content=\"https:\/\/perfumessence.eu\/pl\/produkt\/ik-96-baraonda\/\" \/>\n<meta property=\"og:site_name\" content=\"Perfumessence\" \/>\n<meta property=\"article:publisher\" content=\"https:\/\/www.facebook.com\/Parfumerin%c4%97-esencija-424160218027238\/\" \/>\n<meta property=\"article:modified_time\" content=\"2024-01-23T15:43:12+00:00\" \/>\n<meta property=\"og:image\" content=\"https:\/\/perfumessence.eu\/wp-content\/uploads\/2024\/01\/template-12ml-oil-perfume-scaled.jpg\" \/>\n\t<meta property=\"og:image:width\" content=\"2560\" \/>\n\t<meta property=\"og:image:height\" content=\"2560\" \/>\n\t<meta property=\"og:image:type\" content=\"image\/jpeg\" \/>\n<meta name=\"twitter:card\" content=\"summary_large_image\" \/>\n<meta name=\"twitter:label1\" content=\"Szacowany czas czytania\" \/>\n\t<meta name=\"twitter:data1\" content=\"1 minuta\" \/>\n<script type=\"application\/ld+json\" class=\"yoast-schema-graph\">{\"@context\":\"https:\/\/schema.org\",\"@graph\":[{\"@type\":\"WebPage\",\"@id\":\"https:\/\/perfumessence.eu\/pl\/produkt\/ik-96-baraonda\/\",\"url\":\"https:\/\/perfumessence.eu\/pl\/produkt\/ik-96-baraonda\/\",\"name\":\"IK-96. Baraonda %%page% - Perfumy unisex - Perfumessence.\",\"isPartOf\":{\"@id\":\"https:\/\/perfumessence.eu\/pl\/#website\"},\"datePublished\":\"2022-09-25T10:26:24+00:00\",\"dateModified\":\"2024-01-23T15:43:12+00:00\",\"description\":\"Solidny, wyrazisty, ekskluzywny zapach zaprasza do do\u015bwiadczenia przyjemnego aromatu pi\u017cma, whisky, r\u00f3\u017cy i drewna i zanurzenia si\u0119 w prawdziwej b\u0142ogo\u015bci!\",\"breadcrumb\":{\"@id\":\"https:\/\/perfumessence.eu\/pl\/produkt\/ik-96-baraonda\/#breadcrumb\"},\"inLanguage\":\"pl-PL\",\"potentialAction\":[{\"@type\":\"ReadAction\",\"target\":[\"https:\/\/perfumessence.eu\/pl\/produkt\/ik-96-baraonda\/\"]}]},{\"@type\":\"BreadcrumbList\",\"@id\":\"https:\/\/perfumessence.eu\/pl\/produkt\/ik-96-baraonda\/#breadcrumb\",\"itemListElement\":[{\"@type\":\"ListItem\",\"position\":1,\"name\":\"Pagrindinis\",\"item\":\"https:\/\/perfumessence.eu\/pl\/\"},{\"@type\":\"ListItem\",\"position\":2,\"name\":\"Sklep\",\"item\":\"https:\/\/perfumessence.eu\/pl\/sklep\/\"},{\"@type\":\"ListItem\",\"position\":3,\"name\":\"IK-96. Baraonda\"}]},{\"@type\":\"WebSite\",\"@id\":\"https:\/\/perfumessence.eu\/pl\/#website\",\"url\":\"https:\/\/perfumessence.eu\/pl\/\",\"name\":\"Parfumerin\u0117 esencija\",\"description\":\"Perfume Oils and Sprays\",\"publisher\":{\"@id\":\"https:\/\/perfumessence.eu\/pl\/#organization\"},\"potentialAction\":[{\"@type\":\"SearchAction\",\"target\":{\"@type\":\"EntryPoint\",\"urlTemplate\":\"https:\/\/perfumessence.eu\/pl\/?s={search_term_string}\"},\"query-input\":\"required name=search_term_string\"}],\"inLanguage\":\"pl-PL\"},{\"@type\":\"Organization\",\"@id\":\"https:\/\/perfumessence.eu\/pl\/#organization\",\"name\":\"Parfumerin\u0117 esencija\",\"url\":\"https:\/\/perfumessence.eu\/pl\/\",\"logo\":{\"@type\":\"ImageObject\",\"inLanguage\":\"pl-PL\",\"@id\":\"https:\/\/perfumessence.eu\/pl\/#\/schema\/logo\/image\/\",\"url\":\"\",\"contentUrl\":\"\",\"caption\":\"Parfumerin\u0117 esencija\"},\"image\":{\"@id\":\"https:\/\/perfumessence.eu\/pl\/#\/schema\/logo\/image\/\"},\"sameAs\":[\"https:\/\/www.facebook.com\/Parfumerin\u0117-esencija-424160218027238\/\",\"https:\/\/www.youtube.com\/channel\/UC0RI-RLwg1UQwDbAF-7a-MA\"]}]}<\/script>\n<!-- \/ Yoast SEO plugin. -->","yoast_head_json":{"title":"IK-96. Baraonda %%page% - Perfumy unisex - Perfumessence.","description":"Solidny, wyrazisty, ekskluzywny zapach zaprasza do do\u015bwiadczenia przyjemnego aromatu pi\u017cma, whisky, r\u00f3\u017cy i drewna i zanurzenia si\u0119 w prawdziwej b\u0142ogo\u015bci!","robots":{"index":"index","follow":"follow","max-snippet":"max-snippet:-1","max-image-preview":"max-image-preview:large","max-video-preview":"max-video-preview:-1"},"canonical":"https:\/\/perfumessence.eu\/pl\/produkt\/ik-96-baraonda\/","og_locale":"pl_PL","og_type":"article","og_title":"IK-96. Baraonda %%page% - Perfumy unisex - Perfumessence.","og_description":"Solidny, wyrazisty, ekskluzywny zapach zaprasza do do\u015bwiadczenia przyjemnego aromatu pi\u017cma, whisky, r\u00f3\u017cy i drewna i zanurzenia si\u0119 w prawdziwej b\u0142ogo\u015bci!","og_url":"https:\/\/perfumessence.eu\/pl\/produkt\/ik-96-baraonda\/","og_site_name":"Perfumessence","article_publisher":"https:\/\/www.facebook.com\/Parfumerin%c4%97-esencija-424160218027238\/","article_modified_time":"2024-01-23T15:43:12+00:00","og_image":[{"width":2560,"height":2560,"url":"https:\/\/perfumessence.eu\/wp-content\/uploads\/2024\/01\/template-12ml-oil-perfume-scaled.jpg","type":"image\/jpeg"}],"twitter_card":"summary_large_image","twitter_misc":{"Szacowany czas czytania":"1 minuta"},"schema":{"@context":"https:\/\/schema.org","@graph":[{"@type":"WebPage","@id":"https:\/\/perfumessence.eu\/pl\/produkt\/ik-96-baraonda\/","url":"https:\/\/perfumessence.eu\/pl\/produkt\/ik-96-baraonda\/","name":"IK-96. Baraonda %%page% - Perfumy unisex - Perfumessence.","isPartOf":{"@id":"https:\/\/perfumessence.eu\/pl\/#website"},"datePublished":"2022-09-25T10:26:24+00:00","dateModified":"2024-01-23T15:43:12+00:00","description":"Solidny, wyrazisty, ekskluzywny zapach zaprasza do do\u015bwiadczenia przyjemnego aromatu pi\u017cma, whisky, r\u00f3\u017cy i drewna i zanurzenia si\u0119 w prawdziwej b\u0142ogo\u015bci!","breadcrumb":{"@id":"https:\/\/perfumessence.eu\/pl\/produkt\/ik-96-baraonda\/#breadcrumb"},"inLanguage":"pl-PL","potentialAction":[{"@type":"ReadAction","target":["https:\/\/perfumessence.eu\/pl\/produkt\/ik-96-baraonda\/"]}]},{"@type":"BreadcrumbList","@id":"https:\/\/perfumessence.eu\/pl\/produkt\/ik-96-baraonda\/#breadcrumb","itemListElement":[{"@type":"ListItem","position":1,"name":"Pagrindinis","item":"https:\/\/perfumessence.eu\/pl\/"},{"@type":"ListItem","position":2,"name":"Sklep","item":"https:\/\/perfumessence.eu\/pl\/sklep\/"},{"@type":"ListItem","position":3,"name":"IK-96. Baraonda"}]},{"@type":"WebSite","@id":"https:\/\/perfumessence.eu\/pl\/#website","url":"https:\/\/perfumessence.eu\/pl\/","name":"Parfumerin\u0117 esencija","description":"Perfume Oils and Sprays","publisher":{"@id":"https:\/\/perfumessence.eu\/pl\/#organization"},"potentialAction":[{"@type":"SearchAction","target":{"@type":"EntryPoint","urlTemplate":"https:\/\/perfumessence.eu\/pl\/?s={search_term_string}"},"query-input":"required name=search_term_string"}],"inLanguage":"pl-PL"},{"@type":"Organization","@id":"https:\/\/perfumessence.eu\/pl\/#organization","name":"Parfumerin\u0117 esencija","url":"https:\/\/perfumessence.eu\/pl\/","logo":{"@type":"ImageObject","inLanguage":"pl-PL","@id":"https:\/\/perfumessence.eu\/pl\/#\/schema\/logo\/image\/","url":"","contentUrl":"","caption":"Parfumerin\u0117 esencija"},"image":{"@id":"https:\/\/perfumessence.eu\/pl\/#\/schema\/logo\/image\/"},"sameAs":["https:\/\/www.facebook.com\/Parfumerin\u0117-esencija-424160218027238\/","https:\/\/www.youtube.com\/channel\/UC0RI-RLwg1UQwDbAF-7a-MA"]}]}},"_links":{"self":[{"href":"https:\/\/perfumessence.eu\/pl\/wp-json\/wp\/v2\/product\/20432"}],"collection":[{"href":"https:\/\/perfumessence.eu\/pl\/wp-json\/wp\/v2\/product"}],"about":[{"href":"https:\/\/perfumessence.eu\/pl\/wp-json\/wp\/v2\/types\/product"}],"replies":[{"embeddable":true,"href":"https:\/\/perfumessence.eu\/pl\/wp-json\/wp\/v2\/comments?post=20432"}],"wp:featuredmedia":[{"embeddable":true,"href":"https:\/\/perfumessence.eu\/pl\/wp-json\/wp\/v2\/media\/19702"}],"wp:attachment":[{"href":"https:\/\/perfumessence.eu\/pl\/wp-json\/wp\/v2\/media?parent=20432"}],"wp:term":[{"taxonomy":"product_cat","embeddable":true,"href":"https:\/\/perfumessence.eu\/pl\/wp-json\/wp\/v2\/product_cat?post=20432"},{"taxonomy":"product_tag","embeddable":true,"href":"https:\/\/perfumessence.eu\/pl\/wp-json\/wp\/v2\/product_tag?post=20432"},{"taxonomy":"natos","embeddable":true,"href":"https:\/\/perfumessence.eu\/pl\/wp-json\/wp\/v2\/natos?post=20432"}],"curies":[{"name":"wp","href":"https:\/\/api.w.org\/{rel}","templated":true}]}}